{"id":10195,"date":"2021-06-25T06:46:24","date_gmt":"2021-06-25T06:46:24","guid":{"rendered":"https:\/\/daprsth.com\/?page_id=9372"},"modified":"2025-12-30T20:51:54","modified_gmt":"2025-12-30T11:51:54","slug":"service","status":"publish","type":"page","link":"https:\/\/vn.daprs.com\/m\/service\/","title":{"rendered":"D\u1ecbch v\u1ee5 kh\u00e1ch qu\u1ed1c t\u1ebf"},"content":{"rendered":"<p><div id='av_section_1' class='avia-section main_color avia-section-default avia-no-border-styling avia-bg-style-scroll  avia-builder-el-0  el_before_av_section  avia-builder-el-first    av-minimum-height av-minimum-height-custom  container_wrap fullsize' style='background-repeat: no-repeat; background-image: url(https:\/\/vn.daprs.com\/m\/wp-content\/uploads\/2021\/06\/105in_0101_01.jpg);background-attachment: scroll; background-position: center center;  '  data-section-bg-repeat='no-repeat'><div class='container' style='height:668px'><main  role=\"main\" itemprop=\"mainContentOfPage\"  class='template-page content  av-content-full alpha units'><div class='post-entry post-entry-type-page post-entry-10195'><div class='entry-content-wrapper clearfix'>\n<div class=\"flex_column av_three_fifth  flex_column_div av-zero-column-padding first  avia-builder-el-1  avia-builder-el-no-sibling   \" style='margin-top:150px; border-radius:0px; '><div style='padding-bottom:10px; color:#ffffff;font-size:65px;' class='av-special-heading av-special-heading-h3 custom-color-heading blockquote modern-quote  avia-builder-el-2  avia-builder-el-no-sibling   av-inherit-size '><h3 class='av-special-heading-tag '  itemprop=\"headline\"  >D\u1ecbch V\u1ee5 Kh\u00e1ch Qu\u1ed1c T\u1ebf <\/h3><div class ='av-subheading av-subheading_below av_custom_color ' style='font-size:23px;'><p>#Xe \u0111\u01b0a \u0111\u00f3n s\u00e2n bay<br \/>\n#Qu\u1ea7y th\u1ee7 t\u1ee5c cho kh\u00e1ch n\u01b0\u1edbc ngo\u00e0i<br \/>\n#D\u1ecbch v\u1ee5 ch\u0103m s\u00f3c h\u1eadu ph\u1eabu<\/p>\n<\/div><div class='special-heading-border'><div class='special-heading-inner-border' style='border-color:#ffffff'><\/div><\/div><\/div><\/div><\/div><\/div><\/main><!-- close content main element --><\/div><\/div><div id='av_section_2' class='avia-section main_color avia-section-default avia-no-border-styling avia-bg-style-scroll  avia-builder-el-3  el_after_av_section  el_before_av_one_full   container_wrap fullsize' style=' '  ><div class='container' ><div class='template-page content  av-content-full alpha units'><div class='post-entry post-entry-type-page post-entry-10195'><div class='entry-content-wrapper clearfix'>\n<div class=\"flex_column av_one_full  flex_column_div av-zero-column-padding first  avia-builder-el-4  avia-builder-el-no-sibling   \" style='margin-top:30px; margin-bottom:0px; border-radius:0px; '><div style='padding-bottom:10px; color:#252525;font-size:40px;' class='av-special-heading av-special-heading-h3 custom-color-heading blockquote modern-quote modern-centered  avia-builder-el-5  avia-builder-el-no-sibling   av-inherit-size '><h3 class='av-special-heading-tag '  itemprop=\"headline\"  ><span class=\"font-w700\">D\u1ecbch V\u1ee5 Kh\u00e1ch Qu\u1ed1c t\u1ebf <\/span><\/h3><div class='special-heading-border'><div class='special-heading-inner-border' style='border-color:#252525'><\/div><\/div><\/div><\/div><\/div><\/div><\/div><!-- close content main div --><\/div><\/div><div id='after_section_2' class='main_color av_default_container_wrap container_wrap fullsize' style=' '  ><div class='container' ><div class='template-page content  av-content-full alpha units'><div class='post-entry post-entry-type-page post-entry-10195'><div class='entry-content-wrapper clearfix'><div class=\"flex_column av_one_full  flex_column_div av-zero-column-padding first  avia-builder-el-6  el_after_av_section  el_before_av_one_full  avia-builder-el-first  \" style='border-radius:0px; '><\/div><div class=\"flex_column av_one_full  flex_column_div av-zero-column-padding first  avia-builder-el-8  el_after_av_one_full  el_before_av_one_full  column-top-margin\" style='border-radius:0px; '><\/div><div class=\"flex_column av_one_full  flex_column_div av-zero-column-padding first  avia-builder-el-10  el_after_av_one_full  el_before_av_one_full  column-top-margin\" style='border-radius:0px; '><\/div><div class=\"flex_column av_one_full  flex_column_div av-zero-column-padding first  avia-builder-el-12  el_after_av_one_full  el_before_av_one_full  column-top-margin\" style='border-radius:0px; '><\/div><div class=\"flex_column av_one_full  flex_column_div av-zero-column-padding first  avia-builder-el-14  el_after_av_one_full  el_before_av_section  avia-builder-el-last  column-top-margin\" style='border-radius:0px; '><\/div><\/div><\/div><\/div><!-- close content main div --><\/div><\/div><div id='av_section_3' class='avia-section main_color avia-section-default avia-no-border-styling avia-bg-style-scroll  avia-builder-el-16  el_after_av_one_full  el_before_av_one_full   container_wrap fullsize' style=' '  ><div class='container' ><div class='template-page content  av-content-full alpha units'><div class='post-entry post-entry-type-page post-entry-10195'><div class='entry-content-wrapper clearfix'>\n<div class=\"flex_column av_one_full  flex_column_div first  avia-builder-el-17  el_before_av_one_full  avia-builder-el-first   \" style='padding:20px 0 20px 0 ; border-radius:0px; '><p><div style='padding-bottom:10px; color:#252525;font-size:26px;' class='av-special-heading av-special-heading-h3 custom-color-heading blockquote modern-quote modern-centered  avia-builder-el-18  el_before_av_image  avia-builder-el-first   av-inherit-size '><h3 class='av-special-heading-tag '  itemprop=\"headline\"  ><span class=\"font-w700\">D\u1ecbch v\u1ee5 ho\u00e0n thu\u1ebf <\/span><br \/>(C\u1ea7n h\u1ed9 chi\u1ebfu) <span class=\"font-w700\">t\u1ea1i s\u00e2n bay<\/span><\/h3><div class='special-heading-border'><div class='special-heading-inner-border' style='border-color:#252525'><\/div><\/div><\/div><br \/>\n<div class='avia-image-container  av-styling-    avia-builder-el-19  el_after_av_heading  avia-builder-el-last   avia-align-center '  itemprop=\"image\" itemscope=\"itemscope\" itemtype=\"https:\/\/schema.org\/ImageObject\"  ><div class='avia-image-container-inner'><div class='avia-image-overlay-wrap'><img class='avia_image' src='https:\/\/vn.daprs.com\/wp-content\/uploads\/2021\/06\/105in_0505_01.jpg' alt='' title=''   itemprop=\"thumbnailUrl\"  \/><\/div><\/div><\/div><\/p><\/div><div class=\"flex_column av_one_full  flex_column_div first  avia-builder-el-20  el_after_av_one_full  el_before_av_one_half   column-top-margin\" style='padding:20px 0 20px 0 ; border-radius:0px; '><p><div style='padding-bottom:10px; color:#252525;font-size:26px;' class='av-special-heading av-special-heading-h3 custom-color-heading blockquote modern-quote modern-centered  avia-builder-el-21  avia-builder-el-no-sibling   av-inherit-size '><h3 class='av-special-heading-tag '  itemprop=\"headline\"  ><span class=\"font-w700\">Ph\u01b0\u01a1ng ti\u1ec7n \u0111i l\u1ea1i: D\u1ecbch v\u1ee5 <\/span> Limousine \u2013 <br \/> <span class=\"font-w700\">\u0111\u01b0a \u0111\u00f3n  s\u00e2n bay <\/span><\/h3><div class='special-heading-border'><div class='special-heading-inner-border' style='border-color:#252525'><\/div><\/div><\/div><br \/>\n<div class='avia-image-container  av-styling-     avia-align-center '  itemprop=\"image\" itemscope=\"itemscope\" itemtype=\"https:\/\/schema.org\/ImageObject\"  ><div class='avia-image-container-inner'><div class='avia-image-overlay-wrap'><img class='avia_image' src='https:\/\/vn.daprs.com\/wp-content\/uploads\/2021\/06\/105in_0505_02.jpg' alt='' title=''   itemprop=\"thumbnailUrl\"  \/><\/div><\/div><\/div><\/p><\/div><div class=\"flex_column av_one_full  flex_column_div av-zero-column-padding first   \" style='margin-top:20px; margin-bottom:0px; border-radius:0px; '><div style='padding-bottom:10px; color:#252525;font-size:26px;' class='av-special-heading av-special-heading-h3 custom-color-heading blockquote modern-quote modern-centered   av-inherit-size '><h3 class='av-special-heading-tag '  itemprop=\"headline\"  ><span class=\"font-w700\">Qu\u1ea7y h\u01b0\u1edbng d\u1eabn d\u00e0nh ri\u00eang cho kh\u00e1ch qu\u1ed1c t\u1ebf <\/span><\/h3><div class='special-heading-border'><div class='special-heading-inner-border' style='border-color:#252525'><\/div><\/div><\/div><\/div><div class=\"flex_column av_one_half  flex_column_div first  avia-builder-el-22  el_after_av_one_full  el_before_av_one_half   column-top-margin\" style='padding:20px 0 20px 0 ; border-radius:0px; '><div class='avia-image-container  av-styling-    avia-builder-el-23  avia-builder-el-no-sibling   avia-align-center '  itemprop=\"image\" itemscope=\"itemscope\" itemtype=\"https:\/\/schema.org\/ImageObject\"  ><div class='avia-image-container-inner'><div class='avia-image-overlay-wrap'><a href='\/inquiry\/' class='avia_image'  ><img class='avia_image ' src='https:\/\/vn.daprs.com\/m\/wp-content\/uploads\/2021\/06\/105in_0606_01.jpg' alt='' title='105in_0606_01'  itemprop=\"thumbnailUrl\"  \/><\/a><\/div><\/div><\/div><\/div><div class=\"flex_column av_one_half  flex_column_div   avia-builder-el-24  el_after_av_one_half  avia-builder-el-last   column-top-margin\" style='padding:20px 0 20px 0 ; border-radius:0px; '><div class='avia-image-container  av-styling-    avia-builder-el-25  avia-builder-el-no-sibling   avia-align-center '  itemprop=\"image\" itemscope=\"itemscope\" itemtype=\"https:\/\/schema.org\/ImageObject\"  ><div class='avia-image-container-inner'><div class='avia-image-overlay-wrap'><a href='\/inquiry\/' class='avia_image'  ><img class='avia_image ' src='https:\/\/vn.daprs.com\/m\/wp-content\/uploads\/2021\/06\/105in_0606_02.jpg' alt='' title='105in_0606_02'  itemprop=\"thumbnailUrl\"  \/><\/a><\/div><\/div><\/div><\/div><\/div><\/div><\/div><!-- close content main div --><\/div><\/div><div id='after_section_3' class='main_color av_default_container_wrap container_wrap fullsize' style=' '  ><div class='container' ><div class='template-page content  av-content-full alpha units'><div class='post-entry post-entry-type-page post-entry-10195'><div class='entry-content-wrapper clearfix'><div class=\"flex_column av_one_full  flex_column_div first  avia-builder-el-26  el_after_av_section  el_before_av_section  avia-builder-el-no-sibling   \" style='padding:20px 0 20px 0 ; border-radius:0px; '><div class='avia-image-container  av-styling-    avia-builder-el-27  avia-builder-el-no-sibling   avia-align-center '  itemprop=\"image\" itemscope=\"itemscope\" itemtype=\"https:\/\/schema.org\/ImageObject\"  ><div class='avia-image-container-inner'><div class='avia-image-overlay-wrap'><a href='\/bna\/' class='avia_image'  ><img class='avia_image ' src='https:\/\/vn.daprs.com\/m\/wp-content\/uploads\/2021\/06\/105in_0404.jpg' alt='' title='105in_0404'  itemprop=\"thumbnailUrl\"  \/><\/a><\/div><\/div><\/div><\/div><br \/>\n<\/div><\/div><\/div><!-- close content main div --><\/div><\/div><div id='av_section_4' class='avia-section main_color avia-section-no-padding avia-no-border-styling avia-bg-style-scroll  avia-builder-el-28  el_after_av_one_full  avia-builder-el-last    av-minimum-height av-minimum-height-custom  container_wrap fullsize' style='background-repeat: no-repeat; background-image: url(https:\/\/vn.daprs.com\/m\/wp-content\/uploads\/2021\/06\/105in_0606n.jpg);background-attachment: scroll; background-position: center center;  '  data-section-bg-repeat='no-repeat'><div class='container' style='height:700px'><div class='template-page content  av-content-full alpha units'><div class='post-entry post-entry-type-page post-entry-10195'><div class='entry-content-wrapper clearfix'>\n<div class=\"flex_column av_two_fifth  flex_column_div av-zero-column-padding first  avia-builder-el-29  avia-builder-el-no-sibling   \" style='margin-top:250px; margin-bottom:0px; background: rgba(255,255,255,0.8); background-color:rgba(255,255,255,0.8); border-radius:0px; '><section class=\"av_textblock_section \"  itemscope=\"itemscope\" itemtype=\"https:\/\/schema.org\/CreativeWork\" ><div class='avia_textblock  '   itemprop=\"text\" ><div class=\"daprs-clinic-items\">\n<div class=\"daprs-clinic-items-title\">\n<h3>Vi\u1ec7n th\u1ea9m m\u1ef9 <span class=\"point\">DA<\/span><\/h3>\n<\/div>\n<div class=\"daprs-clinic-items-desc\">\n<h4 class=\"daprs-clinic-items-desc-title\">\u0110\u1ecba ch\u1ec9:<\/h4>\n<p class=\"daprs-clinic-items-desc-address\">Seoul, Gangnam-gu, Teheran-ro 125,<br \/>\nDA Plastic Surgery Building\n<\/div>\n<div class=\"daprs-clinic-items-phone\">\n<h4 class=\"daprs-clinic-items-phone-title\">DA CENTER<\/h4>\n<p><span class=\"daprs-clinic-items-phone-numbers\">82-10-3455-7111(ti\u1ebfng Vi\u1ec7t)<br \/>\n<\/span><\/div>\n<\/div>\n<\/div><\/section><\/div><\/p>\n","protected":false},"excerpt":{"rendered":"<p>\t\t\t\t<![CDATA[\n\t\t\t\t\t\t]]>\t\t<\/p>\n","protected":false},"author":1,"featured_media":0,"parent":0,"menu_order":0,"comment_status":"closed","ping_status":"closed","template":"","meta":[],"_links":{"self":[{"href":"https:\/\/vn.daprs.com\/m\/wp-json\/wp\/v2\/pages\/10195"}],"collection":[{"href":"https:\/\/vn.daprs.com\/m\/wp-json\/wp\/v2\/pages"}],"about":[{"href":"https:\/\/vn.daprs.com\/m\/wp-json\/wp\/v2\/types\/page"}],"author":[{"embeddable":true,"href":"https:\/\/vn.daprs.com\/m\/wp-json\/wp\/v2\/users\/1"}],"replies":[{"embeddable":true,"href":"https:\/\/vn.daprs.com\/m\/wp-json\/wp\/v2\/comments?post=10195"}],"version-history":[{"count":3,"href":"https:\/\/vn.daprs.com\/m\/wp-json\/wp\/v2\/pages\/10195\/revisions"}],"predecessor-version":[{"id":17559,"href":"https:\/\/vn.daprs.com\/m\/wp-json\/wp\/v2\/pages\/10195\/revisions\/17559"}],"wp:attachment":[{"href":"https:\/\/vn.daprs.com\/m\/wp-json\/wp\/v2\/media?parent=10195"}],"curies":[{"name":"wp","href":"https:\/\/api.w.org\/{rel}","templated":true}]}}