{"id":6768,"date":"2021-05-27T17:47:48","date_gmt":"2021-05-27T17:47:48","guid":{"rendered":"https:\/\/vn.daprs.com\/?page_id=6768"},"modified":"2026-02-02T19:00:41","modified_gmt":"2026-02-02T10:00:41","slug":"inquiry","status":"publish","type":"page","link":"https:\/\/vn.daprs.com\/m\/inquiry\/","title":{"rendered":"Inquiry"},"content":{"rendered":"<section class=\"av_textblock_section \"  itemscope=\"itemscope\" itemtype=\"https:\/\/schema.org\/CreativeWork\" ><div class='avia_textblock  '   itemprop=\"text\" >\t<div class=\"da-inquiry-form\">\n\t\t<p class=\"inquiry-title\" style=\"text-align:center;\">Bi\u1ec3u m\u1eabu y\u00eau c\u1ea7u<\/p>\n\t\t\n\t\t<form class=\"avia_ajax_form avia-disable-default-ajax da-inquiry-form__form\" method=\"post\" action=\"https:\/\/vn.daprs.com\/m\/wp-admin\/admin-post.php\">\n\t\t\t<fieldset>\n\t\t\t\t<input type=\"hidden\" name=\"action\" value=\"da_inquiry_submit\" \/>\n\t\t\t\t<input type=\"hidden\" name=\"da_inquiry_redirect_to\" value=\"https:\/\/vn.daprs.com\/m\/\" \/>\n\t\t\t\t<input type=\"hidden\" id=\"da_inquiry_nonce\" name=\"da_inquiry_nonce\" value=\"879403365d\" \/><input type=\"hidden\" name=\"_wp_http_referer\" value=\"\/m\/wp-json\/wp\/v2\/pages\/6768\" \/>\n\t\t\t\t<div class=\"da-inquiry-form__hp\" aria-hidden=\"true\">\n\t\t\t\t\t<label for=\"da_inquiry_hp\">\uc774 \ud544\ub4dc\ub294 \ube44\uc6cc\ub450\uc138\uc694<\/label>\n\t\t\t\t\t<input type=\"text\" id=\"da_inquiry_hp\" name=\"da_inquiry_hp\" value=\"\" autocomplete=\"off\" tabindex=\"-1\" \/>\n\t\t\t\t<\/div>\n\n\t\t\t\t<p class=\"form_element form_element_half first_form\">\n\t\t\t\t\t<label for=\"da_inquiry_country\">\n\t\t\t\t\t\tQu\u1ed1c t\u1ecbch <span class=\"da-required\">*<\/span>\n\t\t\t\t\t<\/label>\n\t\t\t\t\t<select id=\"da_inquiry_country\" class=\"select da-select2\" name=\"da_inquiry[country]\" required data-placeholder=\"Vui l\u00f2ng ch\u1ecdn qu\u1ed1c gia\">\n\t\t\t\t\t\t<option value=\"\"><\/option>\n\t\t\t\t\t\t<option value=\"AF\">Afghanistan<\/option><option value=\"AL\">Albania<\/option><option value=\"DZ\">Algeria<\/option><option value=\"AS\">American Samoa<\/option><option value=\"AD\">Andorra<\/option><option value=\"AO\">Angola<\/option><option value=\"AI\">Anguilla<\/option><option value=\"AQ\">Antarctica<\/option><option value=\"AG\">Antigua and Barbuda<\/option><option value=\"AR\">Argentina<\/option><option value=\"AM\">Armenia<\/option><option value=\"AW\">Aruba<\/option><option value=\"AU\">Australia<\/option><option value=\"AT\">Austria<\/option><option value=\"AZ\">Azerbaijan<\/option><option value=\"BS\">Bahamas<\/option><option value=\"BH\">Bahrain<\/option><option value=\"BD\">Bangladesh<\/option><option value=\"BB\">Barbados<\/option><option value=\"BY\">Belarus<\/option><option value=\"BE\">Belgium<\/option><option value=\"BZ\">Belize<\/option><option value=\"BJ\">Benin<\/option><option value=\"BM\">Bermuda<\/option><option value=\"BT\">Bhutan<\/option><option value=\"BO\">Bolivia<\/option><option value=\"BA\">Bosnia and Herzegovina<\/option><option value=\"BW\">Botswana<\/option><option value=\"BV\">Bouvet Island<\/option><option value=\"BR\">Brazil<\/option><option value=\"IO\">British Indian Ocean Territory<\/option><option value=\"BN\">Brunei Darussalam<\/option><option value=\"BG\">Bulgaria<\/option><option value=\"BF\">Burkina Faso<\/option><option value=\"BI\">Burundi<\/option><option value=\"KH\">Cambodia<\/option><option value=\"CM\">Cameroon<\/option><option value=\"CA\">Canada<\/option><option value=\"CV\">Cape Verde<\/option><option value=\"KY\">Cayman Islands<\/option><option value=\"CF\">Central African Republic<\/option><option value=\"TD\">Chad<\/option><option value=\"CL\">Chile<\/option><option value=\"CN\">China<\/option><option value=\"CX\">Christmas Island<\/option><option value=\"CC\">Cocos (Keeling) Islands<\/option><option value=\"CO\">Colombia<\/option><option value=\"KM\">Comoros<\/option><option value=\"CG\">Congo<\/option><option value=\"CD\">Congo, the Democratic Republic of the<\/option><option value=\"CK\">Cook Islands<\/option><option value=\"CR\">Costa Rica<\/option><option value=\"CI\">Cote D&#039;Ivoire<\/option><option value=\"HR\">Croatia<\/option><option value=\"CU\">Cuba<\/option><option value=\"CY\">Cyprus<\/option><option value=\"CZ\">Czech Republic<\/option><option value=\"DK\">Denmark<\/option><option value=\"DJ\">Djibouti<\/option><option value=\"DM\">Dominica<\/option><option value=\"DO\">Dominican Republic<\/option><option value=\"EC\">Ecuador<\/option><option value=\"EG\">Egypt<\/option><option value=\"SV\">El Salvador<\/option><option value=\"GQ\">Equatorial Guinea<\/option><option value=\"ER\">Eritrea<\/option><option value=\"EE\">Estonia<\/option><option value=\"ET\">Ethiopia<\/option><option value=\"FK\">Falkland Islands (Malvinas)<\/option><option value=\"FO\">Faroe Islands<\/option><option value=\"FJ\">Fiji<\/option><option value=\"FI\">Finland<\/option><option value=\"FR\">France<\/option><option value=\"GF\">French Guiana<\/option><option value=\"PF\">French Polynesia<\/option><option value=\"TF\">French Southern Territories<\/option><option value=\"GA\">Gabon<\/option><option value=\"GM\">Gambia<\/option><option value=\"GE\">Georgia<\/option><option value=\"DE\">Germany<\/option><option value=\"GH\">Ghana<\/option><option value=\"GI\">Gibraltar<\/option><option value=\"GR\">Greece<\/option><option value=\"GL\">Greenland<\/option><option value=\"GD\">Grenada<\/option><option value=\"GP\">Guadeloupe<\/option><option value=\"GU\">Guam<\/option><option value=\"GT\">Guatemala<\/option><option value=\"GG\">Guernsey<\/option><option value=\"GN\">Guinea<\/option><option value=\"GW\">Guinea-Bissau<\/option><option value=\"GY\">Guyana<\/option><option value=\"HT\">Haiti<\/option><option value=\"HM\">Heard Island and Mcdonald Islands<\/option><option value=\"VA\">Holy See (Vatican City State)<\/option><option value=\"HN\">Honduras<\/option><option value=\"HK\">Hong Kong<\/option><option value=\"HU\">Hungary<\/option><option value=\"IS\">Iceland<\/option><option value=\"IN\">India<\/option><option value=\"ID\">Indonesia<\/option><option value=\"IR\">Iran, Islamic Republic of<\/option><option value=\"IQ\">Iraq<\/option><option value=\"IE\">Ireland<\/option><option value=\"IM\">Isle of Man<\/option><option value=\"IL\">Israel<\/option><option value=\"IT\">Italy<\/option><option value=\"JM\">Jamaica<\/option><option value=\"JP\">Japan<\/option><option value=\"JE\">Jersey<\/option><option value=\"JO\">Jordan<\/option><option value=\"KZ\">Kazakhstan<\/option><option value=\"KE\">Kenya<\/option><option value=\"KI\">Kiribati<\/option><option value=\"KP\">Korea, Democratic People&#039;s Republic of<\/option><option value=\"KR\">Korea, Republic of<\/option><option value=\"KW\">Kuwait<\/option><option value=\"KG\">Kyrgyzstan<\/option><option value=\"LA\">Lao People&#039;s Democratic Republic<\/option><option value=\"LV\">Latvia<\/option><option value=\"LB\">Lebanon<\/option><option value=\"LS\">Lesotho<\/option><option value=\"LR\">Liberia<\/option><option value=\"LY\">Libyan Arab Jamahiriya<\/option><option value=\"LI\">Liechtenstein<\/option><option value=\"LT\">Lithuania<\/option><option value=\"LU\">Luxembourg<\/option><option value=\"MO\">Macao<\/option><option value=\"MK\">Macedonia, the Former Yugoslav Republic of<\/option><option value=\"MG\">Madagascar<\/option><option value=\"MW\">Malawi<\/option><option value=\"MY\">Malaysia<\/option><option value=\"MV\">Maldives<\/option><option value=\"ML\">Mali<\/option><option value=\"MT\">Malta<\/option><option value=\"MH\">Marshall Islands<\/option><option value=\"MQ\">Martinique<\/option><option value=\"MR\">Mauritania<\/option><option value=\"MU\">Mauritius<\/option><option value=\"YT\">Mayotte<\/option><option value=\"MX\">Mexico<\/option><option value=\"FM\">Micronesia, Federated States of<\/option><option value=\"MD\">Moldova, Republic of<\/option><option value=\"MC\">Monaco<\/option><option value=\"MN\">Mongolia<\/option><option value=\"ME\">Montenegro<\/option><option value=\"MS\">Montserrat<\/option><option value=\"MA\">Morocco<\/option><option value=\"MZ\">Mozambique<\/option><option value=\"MM\">Myanmar<\/option><option value=\"NA\">Namibia<\/option><option value=\"NR\">Nauru<\/option><option value=\"NP\">Nepal<\/option><option value=\"NL\">Netherlands<\/option><option value=\"AN\">Netherlands Antilles<\/option><option value=\"NC\">New Caledonia<\/option><option value=\"NZ\">New Zealand<\/option><option value=\"NI\">Nicaragua<\/option><option value=\"NE\">Niger<\/option><option value=\"NG\">Nigeria<\/option><option value=\"NU\">Niue<\/option><option value=\"NF\">Norfolk Island<\/option><option value=\"MP\">Northern Mariana Islands<\/option><option value=\"NO\">Norway<\/option><option value=\"OM\">Oman<\/option><option value=\"PK\">Pakistan<\/option><option value=\"PW\">Palau<\/option><option value=\"PS\">Palestinian Territory, Occupied<\/option><option value=\"PA\">Panama<\/option><option value=\"PG\">Papua New Guinea<\/option><option value=\"PY\">Paraguay<\/option><option value=\"PE\">Peru<\/option><option value=\"PH\">Philippines<\/option><option value=\"PN\">Pitcairn<\/option><option value=\"PL\">Poland<\/option><option value=\"PT\">Portugal<\/option><option value=\"PR\">Puerto Rico<\/option><option value=\"QA\">Qatar<\/option><option value=\"RE\">Reunion<\/option><option value=\"RO\">Romania<\/option><option value=\"RU\">Russian Federation<\/option><option value=\"RW\">Rwanda<\/option><option value=\"BL\">Saint Barthelemy<\/option><option value=\"SH\">Saint Helena<\/option><option value=\"KN\">Saint Kitts and Nevis<\/option><option value=\"LC\">Saint Lucia<\/option><option value=\"MF\">Saint Martin<\/option><option value=\"PM\">Saint Pierre and Miquelon<\/option><option value=\"VC\">Saint Vincent and the Grenadines<\/option><option value=\"WS\">Samoa<\/option><option value=\"SM\">San Marino<\/option><option value=\"ST\">Sao Tome and Principe<\/option><option value=\"SA\">Saudi Arabia<\/option><option value=\"SN\">Senegal<\/option><option value=\"RS\">Serbia<\/option><option value=\"SC\">Seychelles<\/option><option value=\"SL\">Sierra Leone<\/option><option value=\"SG\">Singapore<\/option><option value=\"SK\">Slovakia<\/option><option value=\"SI\">Slovenia<\/option><option value=\"SB\">Solomon Islands<\/option><option value=\"SO\">Somalia<\/option><option value=\"ZA\">South Africa<\/option><option value=\"GS\">South Georgia and the South Sandwich Islands<\/option><option value=\"ES\">Spain<\/option><option value=\"LK\">Sri Lanka<\/option><option value=\"SD\">Sudan<\/option><option value=\"SR\">Suriname<\/option><option value=\"SJ\">Svalbard and Jan Mayen<\/option><option value=\"SZ\">Swaziland<\/option><option value=\"SE\">Sweden<\/option><option value=\"CH\">Switzerland<\/option><option value=\"SY\">Syrian Arab Republic<\/option><option value=\"TW\">Taiwan, Province of China<\/option><option value=\"TJ\">Tajikistan<\/option><option value=\"TZ\">Tanzania, United Republic of<\/option><option value=\"TH\">Thailand<\/option><option value=\"TL\">Timor-Leste<\/option><option value=\"TG\">Togo<\/option><option value=\"TK\">Tokelau<\/option><option value=\"TO\">Tonga<\/option><option value=\"TT\">Trinidad and Tobago<\/option><option value=\"TN\">Tunisia<\/option><option value=\"TR\">Turkey<\/option><option value=\"TM\">Turkmenistan<\/option><option value=\"TC\">Turks and Caicos Islands<\/option><option value=\"TV\">Tuvalu<\/option><option value=\"UG\">Uganda<\/option><option value=\"UA\">Ukraine<\/option><option value=\"AE\">United Arab Emirates<\/option><option value=\"GB\">United Kingdom<\/option><option value=\"US\">United States<\/option><option value=\"UM\">United States Minor Outlying Islands<\/option><option value=\"UY\">Uruguay<\/option><option value=\"UZ\">Uzbekistan<\/option><option value=\"VU\">Vanuatu<\/option><option value=\"VE\">Venezuela<\/option><option value=\"VN\" selected='selected'>Viet Nam<\/option><option value=\"VG\">Virgin Islands, British<\/option><option value=\"VI\">Virgin Islands, U.S.<\/option><option value=\"WF\">Wallis and Futuna<\/option><option value=\"EH\">Western Sahara<\/option><option value=\"YE\">Yemen<\/option><option value=\"ZM\">Zambia<\/option><option value=\"ZW\">Zimbabwe<\/option>\t\t\t\t\t<\/select>\n\t\t\t\t<\/p>\n\n\t\t\t\t<p class=\"form_element form_element_half\">\n\t\t\t\t\t<label for=\"da_inquiry_name\">\n\t\t\t\t\t\tH\u1ecd t\u00ean <span class=\"da-required\">*<\/span>\n\t\t\t\t\t<\/label>\n\t\t\t\t\t<input type=\"text\" id=\"da_inquiry_name\" class=\"text_input\" name=\"da_inquiry[name]\" value=\"\" required placeholder=\"Vui l\u00f2ng nh\u1eadp h\u1ecd v\u00e0 t\u00ean\" \/>\n\t\t\t\t<\/p>\n\n\t\t\t\t<p class=\"form_element form_element_half first_form\">\n\t\t\t\t\t<label for=\"da_inquiry_password\">\n\t\t\t\t\t\tPassword <span class=\"da-required\">*<\/span>\n\t\t\t\t\t<\/label>\n\t\t\t\t\t<input type=\"password\" id=\"da_inquiry_password\" class=\"text_input\" name=\"da_inquiry[password]\" value=\"\" required autocomplete=\"new-password\" placeholder=\"Vui l\u00f2ng nh\u1eadp m\u1eadt kh\u1ea9u\" \/>\n\t\t\t\t<\/p>\n\n\t\t\t\t<p class=\"form_element form_element_half\">\n\t\t\t\t\t<label for=\"da_inquiry_dob\">\n\t\t\t\t\t\tNg\u00e0y sinh <span class=\"da-required\">*<\/span>\n\t\t\t\t\t<\/label>\n\t\t\t\t\t<input type=\"text\" id=\"da_inquiry_dob\" class=\"text_input\" name=\"da_inquiry[dob]\" value=\"\" required placeholder=\"YYYY-MM-DD\" \/>\n\t\t\t\t<\/p>\n\n\t\t\t\t<p class=\"form_element form_element_half first_form\">\n\t\t\t\t\t<label for=\"da_inquiry_email\">\n\t\t\t\t\t\tEmail <span class=\"da-required\">*<\/span>\n\t\t\t\t\t<\/label>\n\t\t\t\t\t<input type=\"email\" id=\"da_inquiry_email\" class=\"text_input\" name=\"da_inquiry[email]\" value=\"\" required placeholder=\"example@email.com\" \/>\n\t\t\t\t<\/p>\n\n\t\t\t\t<p class=\"form_element form_element_half\">\n\t\t\t\t\t<label for=\"da_inquiry_phone\">\n\t\t\t\t\t\tS\u1ed1 \u0111i\u1ec7n tho\u1ea1i <span class=\"da-required\">*<\/span>\n\t\t\t\t\t<\/label>\n\t\t\t\t\t<input type=\"tel\" id=\"da_inquiry_phone\" class=\"text_input\" name=\"da_inquiry[phone]\" value=\"\" required placeholder=\"Vui l\u00f2ng nh\u1eadp s\u1ed1 \u0111i\u1ec7n tho\u1ea1i\" \/>\n\t\t\t\t<\/p>\n\n\t\t\t\t<p class=\"form_element form_fullwidth first_form\">\n\t\t\t\t\t<label for=\"da_inquiry_message\">\n\t\t\t\t\t\tPh\u1ea7n mu\u1ed1n t\u01b0 v\u1ea5n <span class=\"da-required\">*<\/span>\n\t\t\t\t\t<\/label>\n\t\t\t\t\t<textarea id=\"da_inquiry_message\" class=\"text_area\" name=\"da_inquiry[message]\" rows=\"8\" required placeholder=\"C\u00e1c y\u00eau c\u1ea7u g\u1eedi trong cu\u1ed1i tu\u1ea7n s\u1ebd \u0111\u01b0\u1ee3c ph\u1ea3n h\u1ed3i v\u00e0o ng\u00e0y l\u00e0m vi\u1ec7c. Tr\u01b0\u1eddng h\u1ee3p kh\u1ea9n c\u1ea5p, vui l\u00f2ng li\u00ean h\u1ec7 qua Zalo(+82 10-3688-7111) ho\u1eb7c Facebook Messenger. Xin c\u00e1m \u01a1n!\"><\/textarea>\n\t\t\t\t<\/p>\n\n\t\t\t\t<div class=\"da-inquiry-form__recaptcha first_form\">\n\t\t\t\t\t<div class=\"g-recaptcha\" data-sitekey=\"6LfoyF0sAAAAAGAewAMVAmz7RBtIwlAv0FjbUD51\"><\/div>\n\t\t\t\t<\/div>\n\n\t\t\t\t<p class=\"form_element form_fullwidth first_form da-inquiry-form__submit-row\">\n\t\t\t\t\t<input type=\"submit\" class=\"button da-inquiry-form__submit-button\" value=\"G\u1eedi\" \/>\n\t\t\t\t\t<span class=\"da-inquiry-form__submit-spinner\" aria-hidden=\"true\"><\/span>\n\t\t\t\t<\/p>\n\t\t\t<\/fieldset>\n\t\t<\/form>\n\t<\/div>\n\t\n<\/div><\/section>\n","protected":false},"excerpt":{"rendered":"<p>\t\t\t\t<![CDATA[]]>\t\t<\/p>\n","protected":false},"author":1,"featured_media":0,"parent":0,"menu_order":0,"comment_status":"closed","ping_status":"closed","template":"","meta":[],"_links":{"self":[{"href":"https:\/\/vn.daprs.com\/m\/wp-json\/wp\/v2\/pages\/6768"}],"collection":[{"href":"https:\/\/vn.daprs.com\/m\/wp-json\/wp\/v2\/pages"}],"about":[{"href":"https:\/\/vn.daprs.com\/m\/wp-json\/wp\/v2\/types\/page"}],"author":[{"embeddable":true,"href":"https:\/\/vn.daprs.com\/m\/wp-json\/wp\/v2\/users\/1"}],"replies":[{"embeddable":true,"href":"https:\/\/vn.daprs.com\/m\/wp-json\/wp\/v2\/comments?post=6768"}],"version-history":[{"count":4,"href":"https:\/\/vn.daprs.com\/m\/wp-json\/wp\/v2\/pages\/6768\/revisions"}],"predecessor-version":[{"id":21568,"href":"https:\/\/vn.daprs.com\/m\/wp-json\/wp\/v2\/pages\/6768\/revisions\/21568"}],"wp:attachment":[{"href":"https:\/\/vn.daprs.com\/m\/wp-json\/wp\/v2\/media?parent=6768"}],"curies":[{"name":"wp","href":"https:\/\/api.w.org\/{rel}","templated":true}]}}