{"id":7660,"date":"2021-03-29T04:58:59","date_gmt":"2021-03-29T04:58:59","guid":{"rendered":"https:\/\/jp.daprs.com\/m\/?page_id=297"},"modified":"2024-03-26T05:10:46","modified_gmt":"2024-03-26T05:10:46","slug":"intro","status":"publish","type":"page","link":"https:\/\/vn.daprs.com\/m\/intro\/","title":{"rendered":"Gi\u1edbi thi\u1ec7u v\u1ec1 vi\u1ec7n DA"},"content":{"rendered":"<p><div id='ulthermage_wrap01' class='avia-section main_color avia-section-default avia-no-border-styling avia-bg-style-scroll  avia-builder-el-0  el_before_av_section  avia-builder-el-first    container_wrap fullsize' style='background-color: #c5c4c0;  '  ><div class='container' ><main  role=\"main\" itemprop=\"mainContentOfPage\"  class='template-page content  av-content-full alpha units'><div class='post-entry post-entry-type-page post-entry-7660'><div class='entry-content-wrapper clearfix'>\n<div class=\"flex_column av_one_full  flex_column_div first  avia-builder-el-1  avia-builder-el-no-sibling   \" style='padding:50px 0px 0px 0px ; border-radius:0px; '><div style='padding-bottom:10px; font-size:40px;' class='av-special-heading av-special-heading-h3  blockquote modern-quote modern-centered  avia-builder-el-2  avia-builder-el-no-sibling   av-inherit-size '><h3 class='av-special-heading-tag '  itemprop=\"headline\"  ><span class=\"font-w100\">\u0110\u1ecbnh ngh\u0129a<\/span><br \/><span class=\"sh_title_green\">gi\u00e1 tr\u1ecb th\u1ea9m m\u1ef9<\/span><br \/>th\u1eadt s\u1ef1<\/h3><div class ='av-subheading av-subheading_below  ' style='font-size:12px;'><p class=\"sh_title_sub_text\">\n<p><span class=\"desc_green\">Ch\u0103m s\u00f3c y t\u1ebf, nghi\u00ean c\u1ee9u kh\u00f4ng ng\u1eebng, kinh nghi\u1ec7m nhi\u1ec1u n\u0103m, T\u1ea1o ra gi\u00e1 tr\u1ecb k\u1ebft qu\u1ea3<br \/>\n<\/span><br \/>\nh\u1ec7 th\u1ed1ng trang thi\u1ebft b\u1ecb an to\u00e0n h\u00e0ng \u0111\u1ea7u<br \/>\nHi\u1ec3u r\u00f5 t\u00e2m l\u00fd c\u1ee7a b\u1ec7nh nh\u00e2n ch\u00fang t\u00f4i kh\u00f4ng ng\u1eebng mang l\u1ea1i c\u00e1c gi\u00e1 tr\u1ecb n\u00e0y<br \/>\n<span class=\"desc_green\">ch\u1ec9 \u1edf H\u00e0n Qu\u1ed1c m\u00e0 c\u00f2n v\u01b0\u01a1n ra qu\u1ed1c t\u1ebf<\/span><\/p>\n<\/div><div class='special-heading-border'><div class='special-heading-inner-border' ><\/div><\/div><\/div><\/div><div class=\"flex_column av_one_full  flex_column_div av-zero-column-padding first  \" style='border-radius:0px; '><div class='avia-image-container  av-styling-     avia-align-center '  itemprop=\"image\" itemscope=\"itemscope\" itemtype=\"https:\/\/schema.org\/ImageObject\"  ><div class='avia-image-container-inner'><div class='avia-image-overlay-wrap'><img class='avia_image' src='https:\/\/vn.daprs.com\/m\/wp-content\/uploads\/2021\/06\/01_01da-introduction-01.jpg' alt='' title=''   itemprop=\"thumbnailUrl\"  \/><\/div><\/div><\/div><\/div>\n<br \/>\n<\/div><\/div><\/main><!-- close content main element --><\/div><\/div><div id='ulthermage_wrap01' class='avia-section main_color avia-section-no-padding avia-no-border-styling avia-bg-style-scroll  avia-builder-el-3  el_after_av_section  el_before_av_section    av-minimum-height av-minimum-height-custom  container_wrap fullsize' style='background-color: #f2efef;  '  ><div class='container' ><div class='template-page content  av-content-full alpha units'><div class='post-entry post-entry-type-page post-entry-7660'><div class='entry-content-wrapper clearfix'>\n<div class=\"flex_column av_one_full  flex_column_div first  avia-builder-el-4  el_before_av_one_full  avia-builder-el-first   \" style='padding:50px 0px 0px 0px ; border-radius:0px; '><div class='avia-image-container  av-styling-    avia-builder-el-5  avia-builder-el-no-sibling   avia-align-center '  itemprop=\"image\" itemscope=\"itemscope\" itemtype=\"https:\/\/schema.org\/ImageObject\"  ><div class='avia-image-container-inner'><div class='avia-image-overlay-wrap'><img class='avia_image' src='https:\/\/vn.daprs.com\/m\/wp-content\/uploads\/2021\/03\/logo_brown-80x80.png' alt='' title='logo_brown' height=\"80\" width=\"80\"  itemprop=\"thumbnailUrl\"  \/><\/div><\/div><\/div><\/div><div class=\"flex_column av_one_full  flex_column_div first  avia-builder-el-6  el_after_av_one_full  el_before_av_one_full   column-top-margin\" style='padding:0px 0px 0px 0px ; border-radius:0px; '><div style='padding-bottom:10px; font-size:50px;' class='av-special-heading av-special-heading-h3  blockquote modern-quote modern-centered  avia-builder-el-7  el_before_av_codeblock  avia-builder-el-first   av-inherit-size '><h3 class='av-special-heading-tag '  itemprop=\"headline\"  ><span style=\"border-top:1px solid #333333; border-bottom:1px solid #333333;\">\u0110\u1ecbnh ngh\u0129a gi\u00e1 tr\u1ecb y h\u1ecdc<\/span><\/h3><div class ='av-subheading av-subheading_below  ' style='font-size:18px;'><p style=\"margin:20px 0 0 0;\">\n<p>\u0110\u1ec3 b\u1ec7nh nh\u00e2n lu\u00f4n lu\u00f4n c\u00f3 k\u1ebft qu\u1ea3 h\u00e0i l\u00f2ng B\u1ec7nh vi\u1ec7n th\u1ea9m m\u1ef9 DA lu\u00f4n lu\u00f4n nghi\u00ean c\u1ee9u c\u00e1c ph\u01b0\u01a1ng ph\u00e1p ph\u1eabu thu\u1eadt t\u1ed1t nh\u1ea5t<\/span><\/p>\n<\/div><div class='special-heading-border'><div class='special-heading-inner-border' ><\/div><\/div><\/div><br \/>\n<div class='avia-image-container  av-styling-     avia-align-center '  itemprop=\"image\" itemscope=\"itemscope\" itemtype=\"https:\/\/schema.org\/ImageObject\"  ><div class='avia-image-container-inner'><div class='avia-image-overlay-wrap'><img class='avia_image' src='https:\/\/vn.daprs.com\/m\/wp-content\/uploads\/2021\/06\/01_01da-introduction-02.jpg' alt='' title=''   itemprop=\"thumbnailUrl\"  \/><\/div><\/div><\/div><\/p><\/div><div class=\"flex_column av_one_full  flex_column_div first   \" style='margin-top:-100px; margin-bottom:0px; padding:0 0px 40px 0px ; border-radius:0px; '><section class=\"av_textblock_section \"  itemscope=\"itemscope\" itemtype=\"https:\/\/schema.org\/CreativeWork\" ><div class='avia_textblock  '   itemprop=\"text\" ><div class=\"circle101_blue_wrap\">\n<div class=\"circle101_blue_text\" style=\"text-align: center;\">Gi\u00e1 tr\u1ecb y t\u1ebf th\u1eadt s\u1ef1<\/div>\n<div class=\"circle101_blue_text\" style=\"text-align: center;\">An to\u00e0n<\/div>\n<div class=\"circle101_blue_text\" style=\"text-align: center;\">\u0110\u1eb9p<\/div>\n<div class=\"circle101_blue_text\" style=\"text-align: center;\">\u0110\u00e1ng tin c\u1eady<\/div>\n<div class=\"circle101_blue_text\" style=\"text-align: center;\">V\u01b0\u01a1ng t\u1ea7m qu\u1ed1c t\u1ebf<\/div>\n<\/div>\n<\/div><\/section><\/div>\n<br \/>\n<\/div><\/div><\/div><!-- close content main div --><\/div><\/div><div id='ulthermage_wrap01' class='avia-section main_color avia-section-default avia-no-border-styling avia-bg-style-scroll    av-minimum-height av-minimum-height-custom  container_wrap fullsize' style='background-repeat: no-repeat; background-image: url(https:\/\/vn.daprs.com\/m\/wp-content\/uploads\/2021\/03\/101_bg_02.jpg);background-attachment: scroll; background-position: top center;  margin-top:0; margin-bottom:0px; '  data-section-bg-repeat='no-repeat'><div class='container' ><div class='template-page content  av-content-full alpha units'><div class='post-entry post-entry-type-page post-entry-7660'><div class='entry-content-wrapper clearfix'>\n<div class=\"flex_column av_one_full  flex_column_div first   \" style='margin-top:50px; margin-bottom:50px; background: rgba(255,255,255,0.7); border-width:1px; border-color:#bdbebf; border-style:solid; padding:50px 0px 50px 0px ; background-color:rgba(255,255,255,0.7); border-radius:0; '><p><div class='avia-image-container  av-styling-     avia-align-center '  itemprop=\"image\" itemscope=\"itemscope\" itemtype=\"https:\/\/schema.org\/ImageObject\"  ><div class='avia-image-container-inner'><div class='avia-image-overlay-wrap'><img class='avia_image' src='https:\/\/vn.daprs.com\/m\/wp-content\/uploads\/2021\/03\/logo_black-80x80.png' alt='da-logo' title='logo_black' height=\"80\" width=\"80\"  itemprop=\"thumbnailUrl\"  \/><\/div><\/div><\/div><br \/>\n<br \/>\n<div style='padding-bottom:10px; font-size:50px;' class='av-special-heading av-special-heading-h3  blockquote modern-quote modern-centered   av-inherit-size '><h3 class='av-special-heading-tag '  itemprop=\"headline\"  >D\u1ecbch v\u1ee5 y t\u1ebf<span style=\"color:#e38d2d\"> th\u1eadt s\u1ef1 <\/span>t\u1ea1i vi\u1ec7n DA<\/h3><div class ='av-subheading av-subheading_below  ' style='font-size:18px;'><p>Ch\u1ea9n \u0111o\u00e1n \u0111i\u1ec1u tr\u1ecbij ch\u00ednh x\u00e1c \u0111em l\u1ea1i cho b\u1ec7nh nh\u00e2n k\u1ebft qu\u1ea3<br \/>\nh\u00e0i m\u1ef9 m\u00e3n, Vi\u1ec7n DA sau khi th\u0103m kh\u00e1m ki\u1ec3m tra s\u1ebd ch\u1ec9 ti\u1ebfn h\u00e0nh<br \/>\nnh\u1eefng ph\u1eabu thu\u1eadt c\u1ea7n thi\u1ebft<\/p>\n<\/div><div class='special-heading-border'><div class='special-heading-inner-border' ><\/div><\/div><\/div><\/p><\/div><\/div><\/div><\/div><!-- close content main div --><\/div><\/div><div id='ulthermage_wrap01' class='avia-section main_color avia-section-default avia-no-border-styling avia-bg-style-scroll    av-minimum-height av-minimum-height-custom  container_wrap fullsize' style='background-color: #d2cec8; background-repeat: no-repeat; background-image: url(https:\/\/vn.daprs.com\/m\/wp-content\/uploads\/2021\/03\/101_bg_03.jpg);background-attachment: scroll; background-position: top center;  margin-top:0; margin-bottom:0px; '  data-section-bg-repeat='no-repeat'><div class='container' ><div class='template-page content  av-content-full alpha units'><div class='post-entry post-entry-type-page post-entry-7660'><div class='entry-content-wrapper clearfix'>\n<div class=\"flex_column av_one_full  flex_column_div first  avia-builder-el-9  el_after_av_one_full  avia-builder-el-last   column-top-margin\" style='margin-top:80px; margin-bottom:80px; background: rgba(255,255,255,0.7); border-width:1px; border-color:#bdbebf; border-style:solid; padding:50px 0px 50px 0px ; background-color:rgba(255,255,255,0.7); border-radius:0; '><p><div class='avia-image-container  av-styling-     avia-align-center '  itemprop=\"image\" itemscope=\"itemscope\" itemtype=\"https:\/\/schema.org\/ImageObject\"  ><div class='avia-image-container-inner'><div class='avia-image-overlay-wrap'><img class='avia_image' src='https:\/\/vn.daprs.com\/m\/wp-content\/uploads\/2021\/03\/logo_black-80x80.png' alt='da-logo' title='logo_black' height=\"80\" width=\"80\"  itemprop=\"thumbnailUrl\"  \/><\/div><\/div><\/div><br \/>\n<br \/>\n<div style='padding-bottom:10px; font-size:50px;' class='av-special-heading av-special-heading-h3  blockquote modern-quote modern-centered   av-inherit-size '><h3 class='av-special-heading-tag '  itemprop=\"headline\"  ><span style=\"color:#e38d2d\">Nghi\u00ean c\u1ee9u <\/span>c\u1ee7a vi\u1ec7n DA<\/h3><div class ='av-subheading av-subheading_below  ' style='font-size:18px;'><p>\u0110\u1ec3 b\u1ec7nh nh\u00e2n lu\u00f4n lu\u00f4n c\u00f3 k\u1ebft qu\u1ea3 h\u00e0i l\u00f2ng B\u1ec7nh vi\u1ec7n th\u1ea9m m\u1ef9<br \/>\nDA lu\u00f4n lu\u00f4n nghi\u00ean c\u1ee9u c\u00e1c ph\u01b0\u01a1ng ph\u00e1p ph\u1eabu thu\u1eadt t\u1ed1t nh\u1ea5t<\/p>\n<\/div><div class='special-heading-border'><div class='special-heading-inner-border' ><\/div><\/div><\/div><\/p><\/div><\/div><\/div><\/div><!-- close content main div --><\/div><\/div><div id='ulthermage_wrap01' class='avia-section main_color avia-section-default avia-no-border-styling avia-bg-style-scroll    av-minimum-height av-minimum-height-custom  container_wrap fullsize' style='background-color: #fafafa;  '  ><div class='container' style='height:610px'><div class='template-page content  av-content-full alpha units'><div class='post-entry post-entry-type-page post-entry-7660'><div class='entry-content-wrapper clearfix'>\n<div class=\"flex_column av_one_full  flex_column_div first   \" style='padding:50px 0px 0px 0px ; border-radius:0px; '><p><div class='avia-image-container  av-styling-     avia-align-center '  itemprop=\"image\" itemscope=\"itemscope\" itemtype=\"https:\/\/schema.org\/ImageObject\"  ><div class='avia-image-container-inner'><div class='avia-image-overlay-wrap'><img class='avia_image' src='https:\/\/vn.daprs.com\/m\/wp-content\/uploads\/2021\/03\/logo_black-80x80.png' alt='da-logo' title='logo_black' height=\"80\" width=\"80\"  itemprop=\"thumbnailUrl\"  \/><\/div><\/div><\/div><br \/>\n<div style='padding-bottom:10px; font-size:40px;' class='av-special-heading av-special-heading-h3  blockquote modern-quote modern-centered   av-inherit-size '><h3 class='av-special-heading-tag '  itemprop=\"headline\"  >\u0110\u1ed9 an to\u00e0n <span style=\"color:#e38d2d\">c\u1ee7a vi\u1ec7n DA<\/span><\/h3><div class='special-heading-border'><div class='special-heading-inner-border' ><\/div><\/div><\/div><br \/>\n<\/p><\/div><div class=\"flex_column av_one_full  flex_column_div first   \" style='padding:20px; border-radius:0px; '><section class=\"av_textblock_section \"  itemscope=\"itemscope\" itemtype=\"https:\/\/schema.org\/CreativeWork\" ><div class='avia_textblock  '   itemprop=\"text\" ><p class=\"da_stafety_text\" style=\"text-align: center;\">Trang b\u1ecb c\u00e1c thi\u1ebft b\u1ecb hi\u1ec7n \u0111\u1ea1i, t\u00e2n ti\u1ebfn v\u1edbi h\u1ec7 th\u1ed1ng an to\u00e0n v\u00e0 tr\u00e1ch nhi\u1ec7m ,<br \/>\nuy t\u00edn B\u1ec7nh vi\u1ec7n ph\u1eabu thu\u1eadt th\u1ea9m m\u1ef9 DA \/ chuy\u00ean khoa g\u00e2y m\u00ea\/ chuy\u00ean khoa da<\/p>\n<\/div><\/section><\/div><div class=\"flex_column av_one_fourth  flex_column_div av-zero-column-padding first   \" style='border-radius:0px; '><div class='avia-image-container  av-styling-  noHover  av-overlay-hover-deactivate    avia-align-center '  itemprop=\"image\" itemscope=\"itemscope\" itemtype=\"https:\/\/schema.org\/ImageObject\"  ><div class='avia-image-container-inner'><div class='avia-image-overlay-wrap'><div class='av-image-caption-overlay'><div class='av-caption-image-overlay-bg' style='opacity:0.2; background-color:#000000; '><\/div><div class='av-image-caption-overlay-position'><div class='av-image-caption-overlay-center' style='color:#ffffff; font-size:18px; '><div class=\"img-cap-bottom\" style=\"font-size:14px\">M\u00e1y x\u00e9t nghi\u1ec7m m\u00e1u\n<\/div>\n<\/div><\/div><\/div><img class='avia_image' src='https:\/\/vn.daprs.com\/m\/wp-content\/uploads\/2021\/03\/101_img_01.jpg' alt='asdfasdf' title='\u8840\u6db2\u691c\u67fb' height=\"331\" width=\"263\"  itemprop=\"thumbnailUrl\"  \/><\/div><\/div><\/div><\/div><div class=\"flex_column av_one_fourth  flex_column_div av-zero-column-padding   \" style='border-radius:0px; '><div class='avia-image-container  av-styling-  noHover  av-overlay-hover-deactivate    avia-align-center '  itemprop=\"image\" itemscope=\"itemscope\" itemtype=\"https:\/\/schema.org\/ImageObject\"  ><div class='avia-image-container-inner'><div class='avia-image-overlay-wrap'><div class='av-image-caption-overlay'><div class='av-caption-image-overlay-bg' style='opacity:0.4; background-color:#000000; '><\/div><div class='av-image-caption-overlay-position'><div class='av-image-caption-overlay-center' style='color:#ffffff; '><div class=\"img-cap-bottom\" style=\"font-size:14px\">M\u00e1y CD-CT\n<\/div>\n<\/div><\/div><\/div><img class='avia_image' src='https:\/\/vn.daprs.com\/m\/wp-content\/uploads\/2021\/03\/101_img_02.jpg' alt='' title='101_img_02' height=\"331\" width=\"263\"  itemprop=\"thumbnailUrl\"  \/><\/div><\/div><\/div><\/div><div class=\"flex_column av_one_fourth  flex_column_div av-zero-column-padding   \" style='border-radius:0px; '><div class='avia-image-container  av-styling-  noHover  av-overlay-hover-deactivate    avia-align-center '  itemprop=\"image\" itemscope=\"itemscope\" itemtype=\"https:\/\/schema.org\/ImageObject\"  ><div class='avia-image-container-inner'><div class='avia-image-overlay-wrap'><div class='av-image-caption-overlay'><div class='av-caption-image-overlay-bg' style='opacity:0.4; background-color:#000000; '><\/div><div class='av-image-caption-overlay-position'><div class='av-image-caption-overlay-center' style='color:#ffffff; '><div class=\"img-cap-bottom\" style=\"font-size:14px\">M\u00e1y ch\u1ee5p ph\u1ed5i\n<\/div>\n<\/div><\/div><\/div><img class='avia_image' src='https:\/\/vn.daprs.com\/m\/wp-content\/uploads\/2021\/03\/101_img_03.jpg' alt='' title='101_img_03' height=\"331\" width=\"263\"  itemprop=\"thumbnailUrl\"  \/><\/div><\/div><\/div><\/div><div class=\"flex_column av_one_fourth  flex_column_div av-zero-column-padding   \" style='border-radius:0px; '><div class='avia-image-container  av-styling-  noHover  av-overlay-hover-deactivate    avia-align-center '  itemprop=\"image\" itemscope=\"itemscope\" itemtype=\"https:\/\/schema.org\/ImageObject\"  ><div class='avia-image-container-inner'><div class='avia-image-overlay-wrap'><div class='av-image-caption-overlay'><div class='av-caption-image-overlay-bg' style='opacity:0.4; background-color:#000000; '><\/div><div class='av-image-caption-overlay-position'><div class='av-image-caption-overlay-center' style='color:#ffffff; '><div class=\"img-cap-bottom\" style=\"font-size:14px\">M\u00e1y \u0111o \u0111i\u1ec7n tim \u2013 \u0111i\u1ec7n t\u00e2m \u0111\u1ed3\n<\/div>\n<\/div><\/div><\/div><img class='avia_image' src='https:\/\/vn.daprs.com\/m\/wp-content\/uploads\/2021\/03\/101_img_04.jpg' alt='' title='101_img_04' height=\"331\" width=\"263\"  itemprop=\"thumbnailUrl\"  \/><\/div><\/div><\/div><\/div><\/div><\/div><\/div><!-- close content main div --><\/div><\/div><div id='ulthermage_wrap01' class='avia-section main_color avia-section-default avia-no-border-styling avia-bg-style-scroll  avia-builder-el-11  el_after_av_section  el_before_av_section    av-minimum-height av-minimum-height-custom  container_wrap fullsize' style='background-repeat: no-repeat; background-image: url(https:\/\/vn.daprs.com\/m\/wp-content\/uploads\/2021\/03\/101_bg_05.jpg);background-attachment: scroll; background-position: top center;  '  data-section-bg-repeat='no-repeat'><div class='container' ><div class='template-page content  av-content-full alpha units'><div class='post-entry post-entry-type-page post-entry-7660'><div class='entry-content-wrapper clearfix'>\n<div class=\"flex_column av_one_full  flex_column_div first  avia-builder-el-12  avia-builder-el-no-sibling   \" style='margin-top:80px; margin-bottom:80px; background: rgba(255,255,255,0.7); border-width:1px; border-color:#bdbebf; border-style:solid; padding:50px 0px 50px 0px ; background-color:rgba(255,255,255,0.7); border-radius:0; '><p><div class='avia-image-container  av-styling-    avia-builder-el-13  el_before_av_codeblock  avia-builder-el-first   avia-align-center '  itemprop=\"image\" itemscope=\"itemscope\" itemtype=\"https:\/\/schema.org\/ImageObject\"  ><div class='avia-image-container-inner'><div class='avia-image-overlay-wrap'><img class='avia_image' src='https:\/\/vn.daprs.com\/m\/wp-content\/uploads\/2021\/03\/logo_black.png' alt='da-logo' title='logo_black' height=\"81\" width=\"80\"  itemprop=\"thumbnailUrl\"  \/><\/div><\/div><\/div><br \/>\n<div style='padding-bottom:10px; font-size:50px;' class='av-special-heading av-special-heading-h3  blockquote modern-quote modern-centered   av-inherit-size '><h3 class='av-special-heading-tag '  itemprop=\"headline\"  >Xinh \u0111\u1eb9p <span style=\"color:#e38d2d\">ch\u1ec9 c\u00f3 th\u1ec3 l\u00e0 DA<\/span><\/h3><div class ='av-subheading av-subheading_below  ' style='font-size:18px;'><p>B\u1ea5t k\u1ec3 ai c\u0169ng c\u00f3 th\u1ec3 \u0111\u1eb9p<br \/>\nVi\u1ec7n DA n\u01a1i t\u1ea1o n\u00ean s\u1eafc \u0111\u1eb9p v\u00e0 \u0111\u1ed3ng h\u00e0nh c\u00f9ng v\u1ebb \u0111\u1eb9p c\u1ee7a b\u1ea1n<\/p>\n<\/div><div class='special-heading-border'><div class='special-heading-inner-border' ><\/div><\/div><\/div><\/p><\/div><\/div><\/div><\/div><!-- close content main div --><\/div><\/div><div id='ulthermage_wrap01' class='avia-section main_color avia-section-default avia-no-border-styling avia-bg-style-scroll    av-minimum-height av-minimum-height-custom  container_wrap fullsize' style='background-repeat: no-repeat; background-image: url(https:\/\/vn.daprs.com\/m\/wp-content\/uploads\/2021\/03\/101_bg_06.jpg);background-attachment: scroll; background-position: top center;  '  data-section-bg-repeat='no-repeat'><div class='container' ><div class='template-page content  av-content-full alpha units'><div class='post-entry post-entry-type-page post-entry-7660'><div class='entry-content-wrapper clearfix'>\n<div class=\"flex_column av_one_full  flex_column_div first   \" style='margin-top:80px; margin-bottom:80px; background: rgba(255,255,255,0.7); border-width:1px; border-color:#bdbebf; border-style:solid; padding:50px 0px 50px 0px ; background-color:rgba(255,255,255,0.7); border-radius:0; '><p><div class='avia-image-container  av-styling-     avia-align-center '  itemprop=\"image\" itemscope=\"itemscope\" itemtype=\"https:\/\/schema.org\/ImageObject\"  ><div class='avia-image-container-inner'><div class='avia-image-overlay-wrap'><img class='avia_image' src='https:\/\/vn.daprs.com\/m\/wp-content\/uploads\/2021\/03\/logo_black-80x80.png' alt='da-logo' title='logo_black' height=\"80\" width=\"80\"  itemprop=\"thumbnailUrl\"  \/><\/div><\/div><\/div><br \/>\n<div style='padding-bottom:10px; font-size:50px;' class='av-special-heading av-special-heading-h3  blockquote modern-quote modern-centered   av-inherit-size '><h3 class='av-special-heading-tag '  itemprop=\"headline\"  >Vi\u1ec7n DA <span style=\"color:#e38d2d\">uy t\u00edn<\/span><\/h3><div class ='av-subheading av-subheading_below  ' style='font-size:18px;'><p>Lu\u00f4n \u0111\u1eb7t uy t\u00edn l\u00ean h\u00e0ng \u0111\u1ea7u.<br \/>\nDA lu\u00f4n c\u1ed1 g\u1eafng mang \u0111\u1ebfn s\u1ef1 h\u00e0i l\u00f2ng \u0111\u1ebfn qu\u00fd kh\u00e1ch h\u00e0ng<\/p>\n<\/div><div class='special-heading-border'><div class='special-heading-inner-border' ><\/div><\/div><\/div><\/p><\/div><\/div><\/div><\/div><!-- close content main div --><\/div><\/div><div id='ulthermage_wrap01' class='avia-section main_color avia-section-default avia-no-border-styling avia-bg-style-scroll    av-minimum-height av-minimum-height-custom  container_wrap fullsize' style='background-repeat: no-repeat; background-image: url(https:\/\/vn.daprs.com\/m\/wp-content\/uploads\/2021\/06\/101-m-footer-bild.jpg);background-attachment: scroll; background-position: top center;  '  data-section-bg-repeat='no-repeat'><div class='container' ><div class='template-page content  av-content-full alpha units'><div class='post-entry post-entry-type-page post-entry-7660'><div class='entry-content-wrapper clearfix'>\n<div class=\"flex_column av_one_full  flex_column_div first   \" style='padding:50px 0px 0px 0px ; border-radius:0px; '><p><div class='avia-image-container  av-styling-     avia-align-center '  itemprop=\"image\" itemscope=\"itemscope\" itemtype=\"https:\/\/schema.org\/ImageObject\"  ><div class='avia-image-container-inner'><div class='avia-image-overlay-wrap'><img class='avia_image' src='https:\/\/vn.daprs.com\/m\/wp-content\/uploads\/2021\/03\/logo_black-80x80.png' alt='da-logo' title='logo_black' height=\"80\" width=\"80\"  itemprop=\"thumbnailUrl\"  \/><\/div><\/div><\/div><br \/>\n<div style='padding-bottom:10px; color:#ffffff;font-size:40px;' class='av-special-heading av-special-heading-h3 custom-color-heading blockquote modern-quote modern-centered   av-inherit-size '><h3 class='av-special-heading-tag '  itemprop=\"headline\"  ><span style=\"color:#d1bfab\">Vi\u1ec7n th\u1ea9m m\u1ef9 <\/span>DA<\/h3><div class ='av-subheading av-subheading_below av_custom_color ' style='font-size:15px;'><p class=\"sub_heading\" >DA SAFETY<\/p>\n<\/div><div class='special-heading-border'><div class='special-heading-inner-border' style='border-color:#ffffff'><\/div><\/div><\/div><br \/>\n<section class=\"av_textblock_section \"  itemscope=\"itemscope\" itemtype=\"https:\/\/schema.org\/CreativeWork\" ><div class='avia_textblock  av_inherit_color '  style='color:#ffffff; '  itemprop=\"text\" ><p style=\"text-align: center;\">Trang b\u1ecb c\u00e1c thi\u1ebft b\u1ecb hi\u1ec7n \u0111\u1ea1i, t\u00e2n ti\u1ebfn v\u1edbi h\u1ec7 th\u1ed1ng an to\u00e0n. B\u1ec7nh vi\u1ec7n ph\u1eabu thu\u1eadt th\u1ea9m m\u1ef9 DA c\u00f3 nhi\u1ec1u chuy\u00ean khoa nh\u01b0 ph\u1eabu thu\u1eadt th\u1ea9m m\u1ef9 chuy\u00ean khoa g\u00e2y m\u00ea\/ chuy\u00ean khoa da<\/p>\n<\/div><\/section><br \/>\n<\/p><\/div><div class=\"flex_column av_one_full  flex_column_div av-zero-column-padding first  \" style='border-radius:0px; '><\/div><div class=\"flex_column av_one_full  flex_column_div first   \" style='padding:100px 0px 40px 0px ; border-radius:0px; '><\/div>\n<\/p>\n","protected":false},"excerpt":{"rendered":"<p>\t\t\t\t<![CDATA[\n\t\t\t\t<![CDATA[]]]]><![CDATA[>\t\t]]>\t\t<\/p>\n","protected":false},"author":1,"featured_media":0,"parent":0,"menu_order":101,"comment_status":"closed","ping_status":"closed","template":"","meta":[],"_links":{"self":[{"href":"https:\/\/vn.daprs.com\/m\/wp-json\/wp\/v2\/pages\/7660"}],"collection":[{"href":"https:\/\/vn.daprs.com\/m\/wp-json\/wp\/v2\/pages"}],"about":[{"href":"https:\/\/vn.daprs.com\/m\/wp-json\/wp\/v2\/types\/page"}],"author":[{"embeddable":true,"href":"https:\/\/vn.daprs.com\/m\/wp-json\/wp\/v2\/users\/1"}],"replies":[{"embeddable":true,"href":"https:\/\/vn.daprs.com\/m\/wp-json\/wp\/v2\/comments?post=7660"}],"version-history":[{"count":4,"href":"https:\/\/vn.daprs.com\/m\/wp-json\/wp\/v2\/pages\/7660\/revisions"}],"predecessor-version":[{"id":21331,"href":"https:\/\/vn.daprs.com\/m\/wp-json\/wp\/v2\/pages\/7660\/revisions\/21331"}],"wp:attachment":[{"href":"https:\/\/vn.daprs.com\/m\/wp-json\/wp\/v2\/media?parent=7660"}],"curies":[{"name":"wp","href":"https:\/\/api.w.org\/{rel}","templated":true}]}}