{"id":7664,"date":"2021-03-30T06:17:34","date_gmt":"2021-03-30T06:17:34","guid":{"rendered":"https:\/\/jp.daprs.com\/m\/?page_id=866"},"modified":"2023-01-27T09:00:56","modified_gmt":"2023-01-27T09:00:56","slug":"eyebrow","status":"publish","type":"page","link":"https:\/\/vn.daprs.com\/m\/eyebrow\/","title":{"rendered":"N\u00e2ng cung ch\u00e2n m\u00e0y"},"content":{"rendered":"<p><div id='ulthermage_wrap01' class='avia-section main_color avia-section-default avia-no-border-styling avia-bg-style-scroll  avia-builder-el-0  el_before_av_section  avia-builder-el-first    av-minimum-height av-minimum-height-custom  container_wrap fullsize' style='background-repeat: no-repeat; background-image: url(https:\/\/vn.daprs.com\/m\/wp-content\/uploads\/2021\/04\/807_bg_01.jpg);background-attachment: scroll; background-position: bottom center;  '  data-section-bg-repeat='no-repeat'><div class='container' style='height:731px'><main  role=\"main\" itemprop=\"mainContentOfPage\"  class='template-page content  av-content-full alpha units'><div class='post-entry post-entry-type-page post-entry-7664'><div class='entry-content-wrapper clearfix'>\n<div class=\"flex_column av_one_half  flex_column_div first   \" style='margin-top:205px; margin-bottom:0px; padding:0px 110px 0px 0px ; border-radius:0px; '><div style='padding-bottom:10px; color:#fa0698;font-size:50px;' class='av-special-heading av-special-heading-h3 custom-color-heading blockquote modern-quote modern-centered   av-inherit-size '><h3 class='av-special-heading-tag '  itemprop=\"headline\"  >\u7709\u6bdb\u6319\u4e0a\u8853<\/h3><div class ='av-subheading av-subheading_below av_custom_color ' style='font-size:18px;'><p class=\"sh_title_sub_text\">\n<div style=\"margin-top:30px;\">\u30ca\u30c1\u30e5\u30e9\u30eb\u306b\u5f15\u3063\u5f35\u308a\u4e0a\u3052\u6ed1\u3089\u304b\u306b\uff01<br \/>\n\u3057\u308f\u6539\u5584\u3068\u7ae5\u9854\u76ee\u5143\u3092\u3044\u3063\u304d\u306b\uff01<\/div>\n<\/div><div class='special-heading-border'><div class='special-heading-inner-border' style='border-color:#fa0698'><\/div><\/div><\/div><\/div><div class=\"flex_column av_one_half  flex_column_div av-zero-column-padding   \" style='margin-top:205px; margin-bottom:0px; border-radius:0px; '><\/div><div class=\"flex_column av_three_fifth  flex_column_div av-zero-column-padding first   \" style='margin-top:0; margin-bottom:0px; border-radius:0px; '><\/div>\n<br \/>\n<\/div><\/div><\/main><!-- close content main element --><\/div><\/div><div id='ulthermage_wrap01' class='avia-section main_color avia-section-default avia-no-border-styling avia-bg-style-scroll    av-minimum-height av-minimum-height-custom  container_wrap fullsize' style='background-repeat: no-repeat; background-image: url(https:\/\/vn.daprs.com\/m\/wp-content\/uploads\/2021\/04\/807_bg_02.jpg);background-attachment: scroll; background-position: bottom center;  '  data-section-bg-repeat='no-repeat'><div class='container' style='height:968px'><div class='template-page content  av-content-full alpha units'><div class='post-entry post-entry-type-page post-entry-7664'><div class='entry-content-wrapper clearfix'>\n<div class=\"flex_column av_one_full  flex_column_div first   \" style='margin-top:0; margin-bottom:0px; padding:0px 0 0px 0px ; border-radius:0px; '><div style='padding-bottom:10px; color:#000000;font-size:50px;' class='av-special-heading av-special-heading-h3 custom-color-heading blockquote modern-quote modern-centered   av-inherit-size '><h3 class='av-special-heading-tag '  itemprop=\"headline\"  >\u7709\u30ea\u30d5\u30c8\u30a2\u30c3\u30d7\u304c\u5fc5\u8981\u306a\u30b1\u30fc\u30b9<\/h3><div class='special-heading-border'><div class='special-heading-inner-border' style='border-color:#000000'><\/div><\/div><\/div><\/div><div class=\"flex_column av_one_full  flex_column_div av-zero-column-padding first  \" style='border-radius:0px; '><\/div><\/div><\/div><\/div><!-- close content main div --><\/div><\/div><div id='ulthermage_wrap01' class='avia-section main_color avia-section-default avia-no-border-styling avia-bg-style-scroll    av-minimum-height av-minimum-height-custom  container_wrap fullsize' style='background-color: #e2b0cb;  '  ><div class='container' style='height:550px'><div class='template-page content  av-content-full alpha units'><div class='post-entry post-entry-type-page post-entry-7664'><div class='entry-content-wrapper clearfix'>\n<div class=\"flex_column av_one_full  flex_column_div first   \" style='margin-top:50px; margin-bottom:0px; padding:0px 0 0px 0px ; border-radius:0px; '><div style='padding-bottom:10px; color:#ffffff;font-size:50px;' class='av-special-heading av-special-heading-h3 custom-color-heading blockquote modern-quote modern-centered   av-inherit-size '><h3 class='av-special-heading-tag '  itemprop=\"headline\"  >DA\u7709\u30ea\u30d5\u30c8\u30a2\u30c3\u30d7\u3068\u306f\uff1f<\/h3><div class='special-heading-border'><div class='special-heading-inner-border' style='border-color:#ffffff'><\/div><\/div><\/div><\/div><div class=\"flex_column av_one_full  flex_column_div av-zero-column-padding first  \" style='border-radius:0px; '><section class=\"av_textblock_section \"  itemscope=\"itemscope\" itemtype=\"https:\/\/schema.org\/CreativeWork\" ><div class='avia_textblock  av_inherit_color '  style='color:#000000; '  itemprop=\"text\" ><p style=\"text-align: center; margin-top: 30px;\">\u6b73\u3092\u3068\u308c\u3070\u4f38\u3073\u3066\u3057\u307e\u3046\u77bc\u306e\u76ae\u819a\u304c\u4e0b\u306b\u305f\u308c\u306a\u304c\u3089\u8996\u91ce\u3092\u96a0\u3057\u3001\u3059\u3063\u304d\u308a\u3057\u306a\u3044\u5370\u8c61\u3092\u4e0e\u3048\u307e\u3059\u3002<\/p>\n<p style=\"text-align: center; font-weight: bold;\">DA\u7709\u30ea\u30d5\u30c8\u30a2\u30c3\u30d7\u306f\u4e8c\u91cd\u624b\u8853\u306a\u3057\u306b\u7709\u6bdb\u4e0b\u306e\u4f38\u3073\u305f\u76ae\u819a\u3092\u5207\u9664\u3057\u3001<br \/>\n\u3059\u3063\u304d\u308a\u3068\u30ca\u30c1\u30e5\u30e9\u30eb\u306a\u76ee\u5143\u306b\u5909\u3048\u307e\u3059\u3002<\/p>\n<p style=\"text-align: center;\">\u7c21\u5358\u3067\u3042\u308a\u306a\u304c\u3089\u52b9\u679c\u3082\u3042\u308a\u3001\u4e8c\u91cd\u306e\u5909\u5316\u306a\u3057\u306b\u7ae5\u9854\u76ee\u5143\u306b\u306a\u308a\u3001\u75d5\u3082\u307e\u305f\u7709\u6bdb\u306b\u96a0\u308c\u3066<br \/>\n\u76ee\u7acb\u305f\u306a\u3044\u306e\u3067\u30ca\u30c1\u30e5\u30e9\u306b\u306a\u308a\u591a\u304f\u306e\u65b9\u304b\u3089\u597d\u307e\u308c\u308b\u624b\u8853\u6cd5\u3067\u3059\u3002<\/p>\n<\/div><\/section><\/div><\/div><\/div><\/div><!-- close content main div --><\/div><\/div><div id='ulthermage_wrap01' class='avia-section main_color avia-section-default avia-no-border-styling avia-bg-style-scroll    av-minimum-height av-minimum-height-custom  container_wrap fullsize' style='background-color: #e2b0cb; background-repeat: no-repeat; background-image: url(https:\/\/vn.daprs.com\/m\/wp-content\/uploads\/2021\/04\/807_bg_03.jpg);background-attachment: scroll; background-position: bottom center;  '  data-section-bg-repeat='no-repeat'><div class='container' style='height:716px'><div class='template-page content  av-content-full alpha units'><div class='post-entry post-entry-type-page post-entry-7664'><div class='entry-content-wrapper clearfix'>\n<div class=\"flex_column av_one_full  flex_column_div first   \" style='margin-top:50px; margin-bottom:0px; padding:0px 0 0px 0px ; border-radius:0px; '><div style='padding-bottom:10px; color:#000000;font-size:50px;' class='av-special-heading av-special-heading-h3 custom-color-heading blockquote modern-quote modern-centered   av-inherit-size '><h3 class='av-special-heading-tag '  itemprop=\"headline\"  >\u7709\u30ea\u30d5\u30c8\u30a2\u30c3\u30d7\u624b\u8853\u65b9\u6cd5<\/h3><div class='special-heading-border'><div class='special-heading-inner-border' style='border-color:#000000'><\/div><\/div><\/div><\/div><div class=\"flex_column av_one_full  flex_column_div av-zero-column-padding first  \" style='border-radius:0px; '><section class=\"av_textblock_section \"  itemscope=\"itemscope\" itemtype=\"https:\/\/schema.org\/CreativeWork\" ><div class='avia_textblock  av_inherit_color '  style='color:#000000; '  itemprop=\"text\" ><p style=\"text-align: center; margin-top: 30px;\">\u6b73\u3092\u3068\u308c\u3070\u4f38\u3073\u3066\u3057\u307e\u3046\u77bc\u306e\u76ae\u819a\u304c\u4e0b\u306b\u305f\u308c\u306a\u304c\u3089\u8996\u91ce\u3092\u96a0\u3057\u3001\u3059\u3063\u304d\u308a\u3057\u306a\u3044\u5370\u8c61\u3092\u4e0e\u3048\u307e\u3059\u3002<\/p>\n<p style=\"text-align: center; font-weight: bold;\">DA\u7709\u30ea\u30d5\u30c8\u30a2\u30c3\u30d7\u306f\u4e8c\u91cd\u624b\u8853\u306a\u3057\u306b\u7709\u6bdb\u4e0b\u306e\u4f38\u3073\u305f\u76ae\u819a\u3092\u5207\u9664\u3057\u3001<br \/>\n\u3059\u3063\u304d\u308a\u3068\u30ca\u30c1\u30e5\u30e9\u30eb\u306a\u76ee\u5143\u306b\u5909\u3048\u307e\u3059\u3002<\/p>\n<p style=\"text-align: center;\">\u7c21\u5358\u3067\u3042\u308a\u306a\u304c\u3089\u52b9\u679c\u3082\u3042\u308a\u3001\u4e8c\u91cd\u306e\u5909\u5316\u306a\u3057\u306b\u7ae5\u9854\u76ee\u5143\u306b\u306a\u308a\u3001\u75d5\u3082\u307e\u305f\u7709\u6bdb\u306b\u96a0\u308c\u3066<br \/>\n\u76ee\u7acb\u305f\u306a\u3044\u306e\u3067\u30ca\u30c1\u30e5\u30e9\u306b\u306a\u308a\u591a\u304f\u306e\u65b9\u304b\u3089\u597d\u307e\u308c\u308b\u624b\u8853\u6cd5\u3067\u3059\u3002<\/p>\n<\/div><\/section><\/div><\/p>\n","protected":false},"excerpt":{"rendered":"<p>\t\t\t\t<![CDATA[\n\t\t\t\t<![CDATA[]]]]><![CDATA[>\t\t]]>\t\t<\/p>\n","protected":false},"author":1,"featured_media":0,"parent":0,"menu_order":807,"comment_status":"closed","ping_status":"closed","template":"","meta":[],"_links":{"self":[{"href":"https:\/\/vn.daprs.com\/m\/wp-json\/wp\/v2\/pages\/7664"}],"collection":[{"href":"https:\/\/vn.daprs.com\/m\/wp-json\/wp\/v2\/pages"}],"about":[{"href":"https:\/\/vn.daprs.com\/m\/wp-json\/wp\/v2\/types\/page"}],"author":[{"embeddable":true,"href":"https:\/\/vn.daprs.com\/m\/wp-json\/wp\/v2\/users\/1"}],"replies":[{"embeddable":true,"href":"https:\/\/vn.daprs.com\/m\/wp-json\/wp\/v2\/comments?post=7664"}],"version-history":[{"count":2,"href":"https:\/\/vn.daprs.com\/m\/wp-json\/wp\/v2\/pages\/7664\/revisions"}],"predecessor-version":[{"id":17491,"href":"https:\/\/vn.daprs.com\/m\/wp-json\/wp\/v2\/pages\/7664\/revisions\/17491"}],"wp:attachment":[{"href":"https:\/\/vn.daprs.com\/m\/wp-json\/wp\/v2\/media?parent=7664"}],"curies":[{"name":"wp","href":"https:\/\/api.w.org\/{rel}","templated":true}]}}