{"id":7671,"date":"2021-03-31T06:58:30","date_gmt":"2021-03-31T06:58:30","guid":{"rendered":"https:\/\/jp.daprs.com\/m\/?page_id=1379"},"modified":"2024-05-24T08:15:57","modified_gmt":"2024-05-24T08:15:57","slug":"anesthesia","status":"publish","type":"page","link":"https:\/\/vn.daprs.com\/m\/anesthesia\/","title":{"rendered":"H\u1ec7 th\u1ed1ng g\u00e2y m\u00ea h\u1ed3i s\u1ee9c-anesthesia"},"content":{"rendered":"<p><div id='ulthermage_wrap01' class='avia-section main_color avia-section-default avia-no-border-styling avia-full-stretch avia-bg-style-scroll  avia-builder-el-0  el_before_av_section  avia-builder-el-first    av-minimum-height av-minimum-height-custom  container_wrap fullsize' style='background-repeat: no-repeat; background-image: url(https:\/\/vn.daprs.com\/m\/wp-content\/uploads\/2021\/06\/203_m_main_bg.jpg);background-attachment: scroll; background-position: top center;  '  data-section-bg-repeat='stretch'><div class='container' style='height:550px'><main  role=\"main\" itemprop=\"mainContentOfPage\"  class='template-page content  av-content-full alpha units'><div class='post-entry post-entry-type-page post-entry-7671'><div class='entry-content-wrapper clearfix'>\n<div class=\"flex_column av_one_full  flex_column_div first  avia-builder-el-1  el_before_av_one_full  avia-builder-el-first   \" style='margin-top:0px; margin-bottom:0px; padding:150px 0px 0px 0px ; border-radius:0px; '><div style='padding-bottom:10px; color:#ffffff;font-size:33px;' class='av-special-heading av-special-heading-h3 custom-color-heading blockquote modern-quote modern-centered  avia-builder-el-2  avia-builder-el-no-sibling   av-inherit-size '><div class ='av-subheading av-subheading_above av_custom_color ' style='font-size:30px;'><p>G\u00e2y m\u00ea an to\u00e0n trong l\u00fac ph\u1eabu thu\u1eadt<\/p>\n<\/div><h3 class='av-special-heading-tag '  itemprop=\"headline\"  >Ch\u0103m s\u00f3c an to\u00e0n DA <br \/>H\u1ec7 th\u1ed1ng ch\u0103m s\u00f3c an to\u00e0n DA!<\/h3><div class='special-heading-border'><div class='special-heading-inner-border' style='border-color:#ffffff'><\/div><\/div><\/div><\/div><div class=\"flex_column av_one_full  flex_column_div first  avia-builder-el-3  el_after_av_one_full  avia-builder-el-last   column-top-margin\" style='margin-top:50px; margin-bottom:0px; padding:40px 0px 0px 0px ; border-radius:0px; '><section class=\"av_textblock_section \"  itemscope=\"itemscope\" itemtype=\"https:\/\/schema.org\/CreativeWork\" ><div class='avia_textblock  av_inherit_color '  style='font-size:25px; color:#ffffff; '  itemprop=\"text\" ><p style=\"text-align: center;\"><span style=\"background: linear-gradient(to right, #4d96fe, #6172fe);\">Th\u01b0\u1eddng tr\u1ef1c 9 <\/span> b\u00e1c s\u0129 g\u00e2y m\u00ea h\u1ed3i s\u1ee9c<\/p>\n<\/div><\/section><\/div><\/div><\/div><\/main><!-- close content main element --><\/div><\/div><div id='ulthermage_wrap01' class='avia-section main_color avia-section-default avia-no-border-styling avia-bg-style-scroll  avia-builder-el-5  el_after_av_section  el_before_av_section    av-minimum-height av-minimum-height-custom  container_wrap fullsize' style='background-color: #f9f9f9;  '  ><div class='container' ><div class='template-page content  av-content-full alpha units'><div class='post-entry post-entry-type-page post-entry-7671'><div class='entry-content-wrapper clearfix'>\n<div class=\"flex_column av_one_full  flex_column_div first  avia-builder-el-6  el_before_av_one_full  avia-builder-el-first   \" style='margin-top:-80px; margin-bottom:0px; background: #161f4a; padding:50px 0 50px 0 ; background-color:#161f4a; border-radius:0px; '><div style='padding-bottom:10px; color:#ffffff;font-size:35px;' class='av-special-heading av-special-heading-h3 custom-color-heading blockquote modern-quote modern-centered  avia-builder-el-7  avia-builder-el-no-sibling   av-inherit-size '><div class ='av-subheading av-subheading_above av_custom_color ' style='font-size:40px;'><p>B\u1ea1n lo l\u1eafng v\u1ec1 g\u00e2y m\u00ea tr\u01b0\u1edbc ph\u1eabu thu\u1eadt?<\/p>\n<\/div><h3 class='av-special-heading-tag '  itemprop=\"headline\"  > <span style=\"color:#fff774;\">H\u00e3y g\u00e2y m\u00ea an to\u00e0n t\u1ea1i DA<\/span ><\/h3><div class='special-heading-border'><div class='special-heading-inner-border' style='border-color:#ffffff'><\/div><\/div><\/div><\/div><div class=\"flex_column av_one_full  flex_column_div first  avia-builder-el-8  el_after_av_one_full  avia-builder-el-last   column-top-margin\" style='margin-bottom:0px; padding:0 0 40px 0 ; border-radius:0px; '><p><div class='avia-image-container  av-styling-    avia-builder-el-9  el_before_av_heading  avia-builder-el-first   avia-align-center '  itemprop=\"image\" itemscope=\"itemscope\" itemtype=\"https:\/\/schema.org\/ImageObject\"  ><div class='avia-image-container-inner'><div class='avia-image-overlay-wrap'><img class='avia_image' src='https:\/\/jp.daprs.com\/m\/wp-content\/uploads\/2021\/06\/203-m-img01.jpg' alt='' title=''   itemprop=\"thumbnailUrl\"  \/><\/div><\/div><\/div><br \/>\n<div style='padding-bottom:10px; color:#000000;font-size:30px;' class='av-special-heading av-special-heading-h3 custom-color-heading blockquote modern-quote modern-centered  avia-builder-el-10  el_after_av_image  avia-builder-el-last   av-inherit-size '><div class ='av-subheading av-subheading_above av_custom_color ' style='font-size:18px;'><p>Th\u01b0\u1eddng tr\u1ef1c 9 b\u00e1c s\u0129 g\u00e2y m\u00ea h\u1ed3i s\u1ee9c<\/p>\n<\/div><h3 class='av-special-heading-tag '  itemprop=\"headline\"  >Theo d\u00f5i 24\/7 t\u00ecnh tr\u1ea1ng b\u1ec7nh nh\u00e2n trong qu\u00e1 tr\u00ecnh ph\u1eabu thu\u1eadt<\/h3><div class='special-heading-border'><div class='special-heading-inner-border' style='border-color:#000000'><\/div><\/div><\/div><\/p><\/div><\/div><\/div><\/div><!-- close content main div --><\/div><\/div><div id='ulthermage_wrap01' class='avia-section main_color avia-section-default avia-no-border-styling avia-bg-style-scroll  avia-builder-el-11  el_after_av_section  el_before_av_section    av-minimum-height av-minimum-height-custom  container_wrap fullsize' style='background-color: #d6dfff;  '  ><div class='container' ><div class='template-page content  av-content-full alpha units'><div class='post-entry post-entry-type-page post-entry-7671'><div class='entry-content-wrapper clearfix'>\n<div class=\"flex_column av_one_full  flex_column_div first  avia-builder-el-12  el_before_av_one_full  avia-builder-el-first   \" style='margin-top:0; margin-bottom:0px; padding:50px 0 0 0 ; border-radius:0px; '><p><div style='padding-bottom:10px; color:#000000;font-size:25px;' class='av-special-heading av-special-heading-h3 custom-color-heading blockquote modern-quote modern-centered  avia-builder-el-13  el_before_av_codeblock  avia-builder-el-first   av-inherit-size '><h3 class='av-special-heading-tag '  itemprop=\"headline\"  >B\u00e1c s\u0129 g\u00e2y m\u00ea h\u1ed3i s\u1ee9c th\u01b0\u1eddng tr\u1ef1c<\/h3><div class ='av-subheading av-subheading_below av_custom_color ' style='font-size:27px;'><p>Th\u01b0\u1eddng tr\u1ef1c 9 b\u00e1c s\u0129 g\u00e2y m\u00ea h\u1ed3i s\u1ee9c<br \/>\nT\u1eebng b\u1ec7nh nh\u00e2n s\u1ebd \u0111\u01b0\u1ee3c theo d\u00f5i theo ch\u1ebf \u0111\u1ed9 1:1 \u0111\u1ea3m b\u1ea3o \u0111\u1ed9 ch\u00ednh x\u00e1c v\u00e0 an to\u00e0n<\/p>\n<\/div><div class='special-heading-border'><div class='special-heading-inner-border' style='border-color:#000000'><\/div><\/div><\/div><br \/>\n<div class='avia-image-container  av-styling-     avia-align-center '  itemprop=\"image\" itemscope=\"itemscope\" itemtype=\"https:\/\/schema.org\/ImageObject\"  ><div class='avia-image-container-inner'><div class='avia-image-overlay-wrap'><img class='avia_image' src='https:\/\/jp.daprs.com\/m\/wp-content\/uploads\/2021\/06\/203-m-img02.jpg' alt='' title=''   itemprop=\"thumbnailUrl\"  \/><\/div><\/div><\/div><\/p><\/div><div class=\"flex_column av_one_full  flex_column_div first   \" style='margin-bottom:0px; background-color:#799eff; background:linear-gradient(45deg,#799eff,#394ae5); padding:0 50px 0 50px ; border-radius:0px; '><div style='padding-bottom:10px; color:#ffffff;font-size:20px;' class='av-special-heading av-special-heading-h3 custom-color-heading blockquote modern-quote modern-centered   av-inherit-size av-linked-heading '><h3 class='av-special-heading-tag '  itemprop=\"headline\"  ><a href=\"https:\/\/vn.daprs.com\/m\/doctors\/\"><\/p>\n<div style=\"padding:20px 0 10px 0;\" class=\"font-w100\">Xem chi ti\u1ebft th\u00f4ng tin b\u00e1c s\u0129 g\u00e2y m\u00ea h\u1ed3i s\u1ee9c <\/div>\n<p><\/a><\/h3><div class='special-heading-border'><div class='special-heading-inner-border' style='border-color:#ffffff'><\/div><\/div><\/div><\/div><\/div><\/div><\/div><!-- close content main div --><\/div><\/div><div id='ulthermage_wrap01' class='avia-section main_color avia-section-default avia-no-border-styling avia-bg-style-scroll    av-minimum-height av-minimum-height-custom  container_wrap fullsize' style='background-repeat: no-repeat; background-image: url(https:\/\/vn.daprs.com\/m\/wp-content\/uploads\/2021\/03\/203_bg_03.jpg);background-attachment: scroll; background-position: bottom center;  '  data-section-bg-repeat='no-repeat'><div class='container' ><div class='template-page content  av-content-full alpha units'><div class='post-entry post-entry-type-page post-entry-7671'><div class='entry-content-wrapper clearfix'>\n<div class=\"flex_column av_one_full  flex_column_div first   \" style='margin-top:0; margin-bottom:0px; padding:50px 0 0 0 ; border-radius:0px; '><div style='padding-bottom:10px; color:#000000;font-size:30px;' class='av-special-heading av-special-heading-h3 custom-color-heading blockquote modern-quote modern-centered   av-inherit-size '><h3 class='av-special-heading-tag '  itemprop=\"headline\"  ><span class=\"font-w100\">Vi\u1ec7c b\u00e1c s\u0129 g\u00e2y m\u00ea h\u1ed3i s\u1ee9c lu\u00f4n th\u01b0\u1eddng tr\u1ef1c<\/span><br \/> <span style=\"color:#799eff\">c\u00f3 quan tr\u1ecdng kh\u00f4ng?<\/span><\/h3><div class='special-heading-border'><div class='special-heading-inner-border' style='border-color:#000000'><\/div><\/div><\/div><\/div><div class=\"flex_column av_one_fourth  flex_column_div av-zero-column-padding first  \" style='border-radius:0px; '><\/div><div class=\"flex_column av_one_half  flex_column_div av-zero-column-padding   \" style='border-radius:0px; '><div class='avia-image-container  av-styling-     avia-align-center '  itemprop=\"image\" itemscope=\"itemscope\" itemtype=\"https:\/\/schema.org\/ImageObject\"  ><div class='avia-image-container-inner'><div class='avia-image-overlay-wrap'><img class='avia_image' src='https:\/\/vn.daprs.com\/m\/wp-content\/uploads\/2021\/03\/203_img_writing.jpg' alt='' title='203_img_writing' height=\"301\" width=\"602\"  itemprop=\"thumbnailUrl\"  \/><\/div><\/div><\/div><\/div><div class=\"flex_column av_one_fourth  flex_column_div av-zero-column-padding   \" style='border-radius:0px; '><\/div><div class=\"flex_column av_one_full  flex_column_div av-zero-column-padding first  \" style='border-radius:0px; '><section class=\"av_textblock_section \"  itemscope=\"itemscope\" itemtype=\"https:\/\/schema.org\/CreativeWork\" ><div class='avia_textblock  '  style='font-size:16px; '  itemprop=\"text\" ><p style=\"text-align: center;\">T\u00f9y theo th\u1ec3 tr\u1ea1ng t\u1eebng ng\u01b0\u1eddi m\u00e0 ph\u01b0\u01a1ng ph\u00e1p g\u00e2y m\u00ea v\u00e0 l\u01b0\u1ee3ng thu\u1ed1c m\u00ea c\u0169ng kh\u00e1c nhau, v\u00ec th\u1ebf <span class=\"font-bold\" style=\"background-color: #5b7eff; color: #fff;\">c\u1ea7n ph\u1ea3i c\u00f3 b\u00e1c s\u0129 g\u00e2y m\u00ea h\u1ed3i s\u1ee9c <\/span>th\u01b0\u1eddng tr\u1ef1c \u0111\u1ec3 \u0111\u1ea3m b\u1ea3o an to\u00e0n<\/p>\n<\/div><\/section><\/div>\n<br \/>\n<\/div><\/div><\/div><!-- close content main div --><\/div><\/div><div id='ulthermage_wrap01' class='avia-section main_color avia-section-default avia-no-border-styling avia-bg-style-scroll    av-minimum-height av-minimum-height-custom  container_wrap fullsize' style='background-repeat: no-repeat; background-image: url(https:\/\/vn.daprs.com\/m\/wp-content\/uploads\/2021\/06\/203-m-img05.jpg);background-attachment: scroll; background-position: bottom center;  '  data-section-bg-repeat='no-repeat'><div class='container' style='height:480px'><div class='template-page content  av-content-full alpha units'><div class='post-entry post-entry-type-page post-entry-7671'><div class='entry-content-wrapper clearfix'>\n<div class=\"flex_column av_one_full  flex_column_div first   \" style='margin-top:80px; margin-bottom:0px; padding:50px 0 50px 0 ; border-radius:0px; '><p><div style='padding-bottom:10px; color:#ffffff;font-size:30px;' class='av-special-heading av-special-heading-h3 custom-color-heading blockquote modern-quote modern-centered   av-inherit-size '><h3 class='av-special-heading-tag '  itemprop=\"headline\"  >Ch\u1ec9 c\u1ea7n g\u00e2y m\u00ea l\u00e0 ho\u00e0n t\u1ea5t?<\/h3><div class='special-heading-border'><div class='special-heading-inner-border' style='border-color:#ffffff'><\/div><\/div><\/div><br \/>\n<div class='avia-image-container  av-styling-     avia-align-center '  itemprop=\"image\" itemscope=\"itemscope\" itemtype=\"https:\/\/schema.org\/ImageObject\"  ><div class='avia-image-container-inner'><div class='avia-image-overlay-wrap'><img class='avia_image' src='https:\/\/vn.daprs.com\/m\/wp-content\/uploads\/2021\/06\/203-m-img06.png' alt='' title='203-m-img06' height=\"109\" width=\"109\"  itemprop=\"thumbnailUrl\"  \/><\/div><\/div><\/div><br \/>\n<section class=\"av_textblock_section \"  itemscope=\"itemscope\" itemtype=\"https:\/\/schema.org\/CreativeWork\" ><div class='avia_textblock  av_inherit_color '  style='font-size:24px; color:#ffffff; '  itemprop=\"text\" ><p style=\"text-align: center;\">C\u1ea7n ph\u1ea3i theo d\u00f5i t\u00ecnh tr\u1ea1ng b\u1ec7nh nh\u00e2n<br \/>\ntrong su\u1ed1t qu\u00e1 tr\u00ecnh g\u00e2y m\u00ea \u0111\u1ec3 \u0111\u1ea3m b\u1ea3o an to\u00e0n<\/p>\n<\/div><\/section><\/p><\/div>\n<br \/>\n<\/div><\/div><\/div><!-- close content main div --><\/div><\/div><div id='ulthermage_wrap01' class='avia-section main_color avia-section-default avia-no-border-styling avia-bg-style-scroll    av-minimum-height av-minimum-height-custom  container_wrap fullsize' style='background-color: #ecf0f3;  '  ><div class='container' ><div class='template-page content  av-content-full alpha units'><div class='post-entry post-entry-type-page post-entry-7671'><div class='entry-content-wrapper clearfix'>\n<div class=\"flex_column av_one_full  flex_column_div first   \" style='padding:50px 0 0 0 ; border-radius:0px; '><div style='padding-bottom:10px; color:#000000;font-size:30px;' class='av-special-heading av-special-heading-h3 custom-color-heading blockquote modern-quote modern-centered   av-inherit-size '><h3 class='av-special-heading-tag '  itemprop=\"headline\"  ><span class=\"font_bold\">H\u1ec7 th\u1ed1ng theo d\u00f5i t\u00ecnh tr\u1ea1ng t\u1eebng c\u00e1 nh\u00e2n trong su\u1ed1t qu\u00e1 tr\u00ecnh g\u00e2y m\u00ea<\/span><\/h3><div class ='av-subheading av-subheading_below av_custom_color ' style='font-size:35px;'><p style=\"margin:30px 0 0 0; color:#90a4fc;\">Ph\u1ea3i ki\u1ec3m tra li\u00ean t\u1ee5c t\u00ecnh tr\u1ea1ng b\u1ec7nh nh\u00e2n!<\/p>\n<\/div><div class='special-heading-border'><div class='special-heading-inner-border' style='border-color:#000000'><\/div><\/div><\/div><br \/>\n<section class=\"av_textblock_section \"  itemscope=\"itemscope\" itemtype=\"https:\/\/schema.org\/CreativeWork\" ><div class='avia_textblock  '  style='font-size:24px; '  itemprop=\"text\" ><p style=\"text-align: center;\">Theo d\u00f5i t\u00ecnh tr\u1ea1ng huy\u1ebft \u00e1p, nh\u1ecbp tim v\u00e0 nh\u1ecbp th\u1edf c\u1ee7a t\u1eebng b\u1ec7nh nh\u00e2n trong su\u1ed1t qu\u00e1 tr\u00ecnh ph\u1eabu thu\u1eadt \u0111\u1ec3<br \/>\n<span style=\"color: #fff; background: linear-gradient(to right, #4e59ff, #6174ff);\">\u0111\u1ea3m b\u1ea3o an to\u00e0n v\u00e0 c\u00f3 th\u1ec3 ph\u1ea3n \u1ee9ng k\u1ecbp th\u1eddi v\u1edbi c\u00e1c t\u00ecnh hu\u1ed1ng kh\u1ea9n c\u1ea5p<br \/>\n<\/span><\/p>\n<p style=\"text-align: center;\"><span style=\"color: #4e59ff;\">*K\u1ebft qu\u1ea3 x\u00e9t nghi\u1ec7m*<br \/>\n<\/span><\/p>\n<\/div><\/section><\/p><\/div><div class=\"flex_column av_one_full  flex_column_div av-zero-column-padding first   \" style='border-radius:0px; '><div class='avia-image-container  av-styling-     avia-align-center '  itemprop=\"image\" itemscope=\"itemscope\" itemtype=\"https:\/\/schema.org\/ImageObject\"  ><div class='avia-image-container-inner'><div class='avia-image-overlay-wrap'><img class='avia_image' src='https:\/\/vn.daprs.com\/m\/wp-content\/uploads\/2021\/03\/203_gif_img_01.gif' alt='' title='203_gif_img_01' height=\"800\" width=\"560\"  itemprop=\"thumbnailUrl\"  \/><\/div><\/div><\/div><\/div>\n<br \/>\n<\/div><\/div><\/div><!-- close content main div --><\/div><\/div><div id='ulthermage_wrap01' class='avia-section main_color avia-section-default avia-no-border-styling avia-bg-style-scroll    av-minimum-height av-minimum-height-custom  container_wrap fullsize' style='background-repeat: no-repeat; background-image: url(https:\/\/vn.daprs.com\/m\/wp-content\/uploads\/2021\/06\/203-m-img07.jpg);background-attachment: scroll; background-position: bottom center;  '  data-section-bg-repeat='no-repeat'><div class='container' style='height:430px'><div class='template-page content  av-content-full alpha units'><div class='post-entry post-entry-type-page post-entry-7671'><div class='entry-content-wrapper clearfix'>\n<div class=\"flex_column av_one_full  flex_column_div first   \" style='margin-top:100px; margin-bottom:0px; padding:50px 0 50px 0 ; border-radius:0px; '><div style='padding-bottom:10px; color:#ffffff;font-size:30px;' class='av-special-heading av-special-heading-h3 custom-color-heading blockquote modern-quote modern-centered   av-inherit-size '><h3 class='av-special-heading-tag '  itemprop=\"headline\"  ><span class=\"font-w100\">An to\u00e0n h\u01a1nv\u1edbi c\u00e1c b\u00e1c s\u0129 chuy\u00ean khoa tr\u1ef1c ti\u1ebfp ph\u1ee5 tr\u00e1ch t\u1eeb l\u00fac<br \/><span class=\"font_bold\"> T\u01b0 v\u1ea5n \u25b7 Ph\u1eabu thu\u1eadt \/ H\u1eadu ph\u1eabu<\/span><\/h3><div class ='av-subheading av-subheading_below av_custom_color ' style='font-size:40px;'><p><span class=\"font-bold\">AN T\u00c2M H\u01a0N V\u00cc B\u1ea0N C\u00d3 TH\u1ec2 KI\u1ec2M TRA TH\u00d4NG TIN C\u00c1C B\u00c1C S\u0128 CHUY\u00caN KHOA B\u1ea4T K\u00cc L\u00daC N\u00c0O!<br \/>\n<\/span><\/p>\n<\/div><div class='special-heading-border'><div class='special-heading-inner-border' style='border-color:#ffffff'><\/div><\/div><\/div><\/div>\n<br \/>\n<\/div><\/div><\/div><!-- close content main div --><\/div><\/div><div id='ulthermage_wrap01' class='avia-section main_color avia-section-default avia-no-border-styling avia-bg-style-scroll    av-minimum-height av-minimum-height-custom  container_wrap fullsize' style='background-color: #dfe4e8;  '  ><div class='container' ><div class='template-page content  av-content-full alpha units'><div class='post-entry post-entry-type-page post-entry-7671'><div class='entry-content-wrapper clearfix'>\n<div class=\"flex_column av_one_full  flex_column_div first   \" style='margin-top:40px; margin-bottom:0px; padding:50px 0 50px 0 ; border-radius:0px; '><p><div style='padding-bottom:10px; color:#000000;font-size:30px;' class='av-special-heading av-special-heading-h3 custom-color-heading blockquote modern-quote modern-centered   av-inherit-size '><div class ='av-subheading av-subheading_above av_custom_color ' style='font-size:40px;'><p>C\u1ea7n ph\u1ea3i theo d\u00f5i t\u00ecnh tr\u1ea1ng b\u1ec7nh nh\u00e2n<br \/>\ntrong su\u1ed1t qu\u00e1 tr\u00ecnh g\u00e2y m\u00ea \u0111\u1ec3 \u0111\u1ea3m b\u1ea3o an to\u00e0n<\/p>\n<\/div><h3 class='av-special-heading-tag '  itemprop=\"headline\"  >B\u1ea0N C\u00d3 TH\u1ec2 Y\u00caN T\u00c2M H\u01a0N V\u1ec0 AN TO\u00c0N<\/h3><div class='special-heading-border'><div class='special-heading-inner-border' style='border-color:#000000'><\/div><\/div><\/div><br \/>\n<div class='avia-image-container  av-styling-     avia-align-center '  itemprop=\"image\" itemscope=\"itemscope\" itemtype=\"https:\/\/schema.org\/ImageObject\"  ><div class='avia-image-container-inner'><div class='avia-image-overlay-wrap'><img class='avia_image' src='https:\/\/jp.daprs.com\/m\/wp-content\/uploads\/2021\/06\/203-m-img08.jpg' alt='' title=''   itemprop=\"thumbnailUrl\"  \/><\/div><\/div><\/div><br \/>\n<section class=\"av_textblock_section \"  itemscope=\"itemscope\" itemtype=\"https:\/\/schema.org\/CreativeWork\" ><div class='avia_textblock  '  style='font-size:25px; '  itemprop=\"text\" ><p style=\"text-align: center;\">C\u1ea7n ph\u1ea3i theo d\u00f5i t\u00ecnh tr\u1ea1ng b\u1ec7nh nh\u00e2n trong su\u1ed1t qu\u00e1 tr\u00ecnh g\u00e2y m\u00ea \u0111\u1ec3 \u0111\u1ea3m b\u1ea3o an to\u00e0n<\/p>\n<\/div><\/section><\/p><\/div>\n<\/p>\n","protected":false},"excerpt":{"rendered":"<p>\t\t\t\t<![CDATA[\n\t\t\t\t<![CDATA[]]]]><![CDATA[>\t\t]]>\t\t<\/p>\n","protected":false},"author":1,"featured_media":0,"parent":0,"menu_order":203,"comment_status":"closed","ping_status":"closed","template":"","meta":[],"_links":{"self":[{"href":"https:\/\/vn.daprs.com\/m\/wp-json\/wp\/v2\/pages\/7671"}],"collection":[{"href":"https:\/\/vn.daprs.com\/m\/wp-json\/wp\/v2\/pages"}],"about":[{"href":"https:\/\/vn.daprs.com\/m\/wp-json\/wp\/v2\/types\/page"}],"author":[{"embeddable":true,"href":"https:\/\/vn.daprs.com\/m\/wp-json\/wp\/v2\/users\/1"}],"replies":[{"embeddable":true,"href":"https:\/\/vn.daprs.com\/m\/wp-json\/wp\/v2\/comments?post=7671"}],"version-history":[{"count":10,"href":"https:\/\/vn.daprs.com\/m\/wp-json\/wp\/v2\/pages\/7671\/revisions"}],"predecessor-version":[{"id":20769,"href":"https:\/\/vn.daprs.com\/m\/wp-json\/wp\/v2\/pages\/7671\/revisions\/20769"}],"wp:attachment":[{"href":"https:\/\/vn.daprs.com\/m\/wp-json\/wp\/v2\/media?parent=7671"}],"curies":[{"name":"wp","href":"https:\/\/api.w.org\/{rel}","templated":true}]}}