{"id":7672,"date":"2021-03-31T08:18:41","date_gmt":"2021-03-31T08:18:41","guid":{"rendered":"https:\/\/jp.daprs.com\/m\/?page_id=1437"},"modified":"2023-01-16T06:14:52","modified_gmt":"2023-01-16T06:14:52","slug":"faq","status":"publish","type":"page","link":"https:\/\/vn.daprs.com\/m\/faq\/","title":{"rendered":"H\u1ecfi \u0111\u00e1p v\u1ec1 g\u00e2y m\u00ea"},"content":{"rendered":"<div id='fullwidth_contact_test' class='avia-section main_color avia-section-default avia-no-border-styling avia-bg-style-scroll  avia-builder-el-0  el_before_av_section  avia-builder-el-first    av-minimum-height av-minimum-height-custom  container_wrap fullsize' style=' '  ><div class='container' ><main  role=\"main\" itemprop=\"mainContentOfPage\"  class='template-page content  av-content-full alpha units'><div class='post-entry post-entry-type-page post-entry-7672'><div class='entry-content-wrapper clearfix'>\n<div class='avia-image-container  av-styling-no-styling    avia-builder-el-1  avia-builder-el-no-sibling   avia-align-center '  itemprop=\"image\" itemscope=\"itemscope\" itemtype=\"https:\/\/schema.org\/ImageObject\"  ><div class='avia-image-container-inner'><div class='avia-image-overlay-wrap'><img class='avia_image' src='https:\/\/vn.daprs.com\/m\/wp-content\/uploads\/2021\/09\/204-m-img01-1.jpg' alt='' title='204-m-img01-1' height=\"629\" width=\"640\"  itemprop=\"thumbnailUrl\"  \/><\/div><\/div><\/div>\n<\/div><\/div><\/main><!-- close content main element --><\/div><\/div><div id='ulthermage_wrap01' class='avia-section main_color avia-section-default avia-no-border-styling avia-bg-style-scroll  avia-builder-el-2  el_after_av_section  el_before_av_section    av-minimum-height av-minimum-height-custom  container_wrap fullsize' style='background-repeat: no-repeat; background-image: url(https:\/\/vn.daprs.com\/m\/wp-content\/uploads\/2021\/06\/204-m-img02.jpg);background-attachment: scroll; background-position: bottom center;  '  data-section-bg-repeat='no-repeat'><div class='container' ><div class='template-page content  av-content-full alpha units'><div class='post-entry post-entry-type-page post-entry-7672'><div class='entry-content-wrapper clearfix'>\n<div class=\"flex_column av_one_full  flex_column_div first  avia-builder-el-3  avia-builder-el-no-sibling   \" style='padding:90px 0px 50px 0px ; border-radius:0px; '><div style='padding-bottom:10px; color:#ffffff;font-size:30px;' class='av-special-heading av-special-heading-h3 custom-color-heading blockquote modern-quote modern-centered  avia-builder-el-4  avia-builder-el-no-sibling   av-inherit-size '><h3 class='av-special-heading-tag '  itemprop=\"headline\"  ><span class=\"font-w100\">PLASTIC DA SURGERY <br \/>Gi\u1ea3i \u0111\u00e1p th\u1eafc m\u1eafc v\u1ec1 c\u00e1c ph\u01b0\u01a1ng ph\u00e1p g\u00e2y m\u00ea<\/span><\/h3><div class='special-heading-border'><div class='special-heading-inner-border' style='border-color:#ffffff'><\/div><\/div><\/div><\/div>\n<\/p>\n<\/div><\/div><\/div><!-- close content main div --><\/div><\/div><div id='ulthermage_wrap01' class='avia-section main_color avia-section-default avia-no-border-styling avia-bg-style-scroll  avia-builder-el-5  el_after_av_section  el_before_av_section    av-minimum-height av-minimum-height-custom  container_wrap fullsize' style=' '  ><div class='container' ><div class='template-page content  av-content-full alpha units'><div class='post-entry post-entry-type-page post-entry-7672'><div class='entry-content-wrapper clearfix'>\n<div class=\"flex_column av_one_full  flex_column_div av-zero-column-padding first  avia-builder-el-6  el_before_av_one_full  avia-builder-el-first   \" style='margin-top:50px; margin-bottom:0px; border-radius:0px; '><p><div class='avia-image-container  av-styling-    avia-builder-el-7  el_before_av_heading  avia-builder-el-first   avia-align-center '  itemprop=\"image\" itemscope=\"itemscope\" itemtype=\"https:\/\/schema.org\/ImageObject\"  ><div class='avia-image-container-inner'><div class='avia-image-overlay-wrap'><img class='avia_image' src='https:\/\/vn.daprs.com\/m\/wp-content\/uploads\/2021\/06\/204-m-img03.jpg' alt='' title=''   itemprop=\"thumbnailUrl\"  \/><\/div><\/div><\/div><br \/>\n<div style='padding-bottom:10px; color:#000000;font-size:18px;' class='av-special-heading av-special-heading-h3 custom-color-heading blockquote modern-quote modern-centered  avia-builder-el-8  el_after_av_image  avia-builder-el-last   av-inherit-size '><h3 class='av-special-heading-tag '  itemprop=\"headline\"  ><span class=\"font-w100\"><span style=\"color:#fff; background-color:#000\">S\u1ef1 kh\u00e1c bi\u1ec7t l\u1edbn nh\u1ea5t gi\u1eefa g\u00e2y m\u00ea to\u00e0n th\u00e2n v\u00e0 g\u00e2y m\u00ea ng\u1ee7 l\u00e0 g\u00ec?<\/span><\/span><\/h3><div class ='av-subheading av-subheading_below av_custom_color ' style='font-size:18px;'><p style=\"margin:30px 0;\">\n<p>G\u00e2y m\u00ea to\u00e0n th\u00e2n v\u00e0 g\u00e2y m\u00ea ng\u1ee7 s\u00e2u \u0111\u1ec1u l\u00e0 ph\u01b0\u01a1ng ph\u00e1p g\u00e2y m\u00ea l\u00e0m cho b\u1ea1n ng\u1ee7 v\u00e0 kh\u00f4ng ph\u1ea3n \u1ee9ng v\u1edbi c\u00e1c k\u00edch th\u00edch xung quanh. G\u00e2y m\u00ea to\u00e0n th\u00e2n l\u00e0 ph\u01b0\u01a1ng ph\u00e1p l\u00e2m s\u00e0n l\u00e0m b\u1ea1n t\u1ea1m th\u1eddi ng\u01b0ng ph\u1ea3n x\u1ea1 ho\u00e0n to\u00e0n d\u00f9 c\u00f3 b\u1ea5t k\u00ec k\u00edch \u1ee9ng b\u00ean ngo\u00e0i v\u00e0 h\u1ea7u nh\u01b0 kh\u00f4ng th\u1edf.<\/p>\n<p><span class=\"desc_green\">Kh\u00e1c v\u1edbi \u0111i\u1ec1u n\u00e0y g\u00e2y m\u00ea ng\u1ee7 s\u00e2u th\u00ec b\u1ea1n c\u00f3 th\u1ec3 t\u1ec9nh d\u1eady ngay n\u1ebfu c\u00f3 ai \u0111\u00f3 g\u1ecdi ho\u1eb7c \u0111\u00e1nh th\u1ee9c.<\/span><\/p>\n<\/div><div class='special-heading-border'><div class='special-heading-inner-border' style='border-color:#000000'><\/div><\/div><\/div><\/p><\/div><div class=\"flex_column av_one_full  flex_column_div av-zero-column-padding first  avia-builder-el-9  el_after_av_one_full  avia-builder-el-last   column-top-margin\" style='margin-top:50px; margin-bottom:0px; border-radius:0px; '><p><div class='avia-image-container  av-styling-    avia-builder-el-10  el_before_av_heading  avia-builder-el-first   avia-align-center '  itemprop=\"image\" itemscope=\"itemscope\" itemtype=\"https:\/\/schema.org\/ImageObject\"  ><div class='avia-image-container-inner'><div class='avia-image-overlay-wrap'><img class='avia_image' src='https:\/\/vn.daprs.com\/m\/wp-content\/uploads\/2021\/06\/204-m-img04.jpg' alt='' title=''   itemprop=\"thumbnailUrl\"  \/><\/div><\/div><\/div><br \/>\n<div style='padding-bottom:10px; color:#000000;font-size:18px;' class='av-special-heading av-special-heading-h3 custom-color-heading blockquote modern-quote modern-centered  avia-builder-el-11  el_after_av_image  avia-builder-el-last   av-inherit-size '><h3 class='av-special-heading-tag '  itemprop=\"headline\"  > <span class=\"font-w100\"><span style=\"color:#fff; background-color:#000\">G\u00e2y m\u00ea to\u00e0n th\u00e2n g\u00e2y \u1ea3nh h\u01b0\u1edbng x\u1ea5u \u0111\u1ebfn n\u00e3o b\u1ed9?<\/span><\/span><\/h3><div class ='av-subheading av-subheading_below av_custom_color ' style='font-size:18px;'><p style=\"margin:30px 0;\">\n<p>C\u00f3 r\u1ea5t nhi\u1ec1u ng\u01b0\u1eddi lo l\u1eafng v\u00ec g\u00e2y m\u00ea to\u00e0n th\u00e2n l\u00e0m gi\u1ea3m tr\u00ed nh\u1edb v\u00ec c\u00f3 th\u1ec3 l\u00e0m t\u1ed5n th\u01b0\u01a1ng t\u1ebf b\u00e0o n\u00e3o. Trong th\u1eddi gian ph\u1eabu thu\u1eadt b\u00e1c s\u0129 g\u00e2y m\u00ea \u0111\u1ea3m b\u1ea3o duy tr\u00ec b\u00ecnh th\u01b0\u1eddng ch\u1ee9c n\u0103ng tim ph\u1ed5i v\u00e0 t\u1ebf b\u00e1o n\u00e3o v\u00ec th\u1ebf kh\u00f4ng g\u00e2y \u1ea3nh h\u01b0\u1edfng tr\u1ef1c ti\u1ebfp \u0111\u1ebfn t\u1ebf b\u00e0o n\u00e3o ho\u1eb7c n\u00e3o b\u1ed9<\/p>\n<\/div><div class='special-heading-border'><div class='special-heading-inner-border' style='border-color:#000000'><\/div><\/div><\/div><\/p><\/div>\n\n<\/div><\/div><\/div><!-- close content main div --><\/div><\/div><div id='ulthermage_wrap01' class='avia-section main_color avia-section-default avia-no-border-styling avia-bg-style-scroll  avia-builder-el-12  el_after_av_section  el_before_av_section    av-minimum-height av-minimum-height-custom  container_wrap fullsize' style=' '  ><div class='container' ><div class='template-page content  av-content-full alpha units'><div class='post-entry post-entry-type-page post-entry-7672'><div class='entry-content-wrapper clearfix'>\n<div class=\"flex_column av_one_full  flex_column_div av-zero-column-padding first  avia-builder-el-13  el_before_av_one_full  avia-builder-el-first  \" style='border-radius:0px; '><div class='avia-image-container  av-styling-    avia-builder-el-14  avia-builder-el-no-sibling   avia-align-center '  itemprop=\"image\" itemscope=\"itemscope\" itemtype=\"https:\/\/schema.org\/ImageObject\"  ><div class='avia-image-container-inner'><div class='avia-image-overlay-wrap'><img class='avia_image' src='https:\/\/vn.daprs.com\/m\/wp-content\/uploads\/2021\/06\/204-m-img05.jpg' alt='' title=''   itemprop=\"thumbnailUrl\"  \/><\/div><\/div><\/div><\/div><div class=\"flex_column av_one_full  flex_column_div av-zero-column-padding first  avia-builder-el-15  el_after_av_one_full  el_before_av_one_full   column-top-margin\" style='margin-top:40px; margin-bottom:0px; border-radius:0px; '><p><div class='avia-image-container  av-styling-    avia-builder-el-16  el_before_av_heading  avia-builder-el-first   avia-align-center '  itemprop=\"image\" itemscope=\"itemscope\" itemtype=\"https:\/\/schema.org\/ImageObject\"  ><div class='avia-image-container-inner'><div class='avia-image-overlay-wrap'><img class='avia_image' src='https:\/\/vn.daprs.com\/m\/wp-content\/uploads\/2021\/06\/204-m-img06.jpg' alt='' title=''   itemprop=\"thumbnailUrl\"  \/><\/div><\/div><\/div><br \/>\n<div style='padding-bottom:10px; color:#000000;font-size:18px;' class='av-special-heading av-special-heading-h3 custom-color-heading blockquote modern-quote modern-centered  avia-builder-el-17  el_after_av_image  avia-builder-el-last   av-inherit-size '><h3 class='av-special-heading-tag '  itemprop=\"headline\"  ><span class=\"font-w100\"><span style=\"color:#fff; background-color:#000\"> M\u1ee9c \u0111\u1ed9 g\u00e2y m\u00ea c\u00f3 thay \u0111\u1ed5i t\u00f9y theo l\u01b0\u1ee3ng r\u01b0\u1ee3u kh\u00f4ng?<\/span><\/span><\/h3><div class ='av-subheading av-subheading_below av_custom_color ' style='font-size:18px;'><p style=\"margin:30px 0;\">\n<p>C\u00e1ch lo\u1ea1i thu\u1ed1c th\u01b0\u1eddng \u1ea3nh h\u01b0\u1edfng \u0111\u1ebfn vi\u1ec7c g\u00e2y m\u00ea nh\u01b0 r\u01b0\u1ee3u, thu\u1ed1c ng\u1ee7 v\u00e0 ch\u1ea5t k\u00edch th\u00edch vv.. D\u00f9ng qu\u00e1 l\u00e2u d\u00e0i c\u00e1c lo\u1ea1i thu\u1ed1c n\u00e0y c\u00f3 th\u1ec3 d\u1eabn \u0111\u1ebfn kh\u00e1ng thu\u1ed1c g\u00e2y m\u00ea, nh\u01b0ng t\u1eedu l\u01b0\u1ee3ng kh\u00f4ng \u1ea3nh h\u01b0\u1edfng \u0111\u1ebfn m\u1ee9c \u0111\u1ed9 g\u00e2y m\u00ea<\/p>\n<\/div><div class='special-heading-border'><div class='special-heading-inner-border' style='border-color:#000000'><\/div><\/div><\/div><\/p><\/div><div class=\"flex_column av_one_full  flex_column_div av-zero-column-padding first  avia-builder-el-18  el_after_av_one_full  el_before_av_one_full   column-top-margin\" style='margin-top:40px; margin-bottom:0px; border-radius:0px; '><div class='avia-image-container  av-styling-    avia-builder-el-19  avia-builder-el-no-sibling   avia-align-center '  itemprop=\"image\" itemscope=\"itemscope\" itemtype=\"https:\/\/schema.org\/ImageObject\"  ><div class='avia-image-container-inner'><div class='avia-image-overlay-wrap'><img class='avia_image' src='https:\/\/vn.daprs.com\/m\/wp-content\/uploads\/2021\/06\/204-m-img07.jpg' alt='' title=''   itemprop=\"thumbnailUrl\"  \/><\/div><\/div><\/div><\/div><div class=\"flex_column av_one_full  flex_column_div av-zero-column-padding first  avia-builder-el-20  el_after_av_one_full  avia-builder-el-last   column-top-margin\" style='margin-top:50px; margin-bottom:0px; border-radius:0px; '><p><div class='avia-image-container  av-styling-    avia-builder-el-21  el_before_av_heading  avia-builder-el-first   avia-align-center '  itemprop=\"image\" itemscope=\"itemscope\" itemtype=\"https:\/\/schema.org\/ImageObject\"  ><div class='avia-image-container-inner'><div class='avia-image-overlay-wrap'><img class='avia_image' src='https:\/\/vn.daprs.com\/m\/wp-content\/uploads\/2021\/06\/204-m-img08.jpg' alt='' title=''   itemprop=\"thumbnailUrl\"  \/><\/div><\/div><\/div><br \/>\n<div style='padding-bottom:10px; color:#000000;font-size:18px;' class='av-special-heading av-special-heading-h3 custom-color-heading blockquote modern-quote modern-centered  avia-builder-el-22  el_after_av_image  avia-builder-el-last   av-inherit-size '><h3 class='av-special-heading-tag '  itemprop=\"headline\"  ><span class=\"font-w100\"><span style=\"color:#fff; background-color:#000\"> N\u1ebfu b\u1ecb s\u1ed1t v\u00e0 ho th\u00ec kh\u00f4ng th\u1ef1c hi\u1ec7n \u0111\u01b0\u1ee3c g\u00e2y m\u00ea?<\/span><\/span><\/h3><div class ='av-subheading av-subheading_below av_custom_color ' style='font-size:18px;'><p style=\"margin:30px 0;\">\n<p>B\u1ecb s\u1ed1t ho\u1eb7c ho l\u00e0 d\u1ea5u hi\u1ec7u c\u1ee7a c\u00e1c b\u1ec7nh kh\u00e1c nh\u01b0 c\u1ea3m c\u00fam vv.. V\u00ec c\u00f3 th\u1ec3 g\u00e2y ra vi\u00eam ph\u1ebf qu\u1ea3n ho\u1eb7c vi\u00eam ph\u1ed5i, do nh\u1eefng tr\u01b0\u1eddng h\u1ee3p n\u00e0y t\u1ef7 l\u1ec7 bi\u1ebfn ch\u1ee9ng h\u00f4 h\u1ea5p t\u0103ng l\u00ean n\u00ean tr\u00ec ho\u00e3n ph\u1eabu thu\u1eadt g\u00e2y m\u00ea<\/p>\n<\/div><div class='special-heading-border'><div class='special-heading-inner-border' style='border-color:#000000'><\/div><\/div><\/div><\/p><\/div>\n\n<\/div><\/div><\/div><!-- close content main div --><\/div><\/div><div id='ulthermage_wrap01' class='avia-section main_color avia-section-default avia-no-border-styling avia-bg-style-scroll  avia-builder-el-23  el_after_av_section  avia-builder-el-last    av-minimum-height av-minimum-height-custom  container_wrap fullsize' style=' '  ><div class='container' ><div class='template-page content  av-content-full alpha units'><div class='post-entry post-entry-type-page post-entry-7672'><div class='entry-content-wrapper clearfix'>\n<div class=\"flex_column av_one_full  flex_column_div av-zero-column-padding first  avia-builder-el-24  el_before_av_one_full  avia-builder-el-first   \" style='margin-top:50px; margin-bottom:0px; border-radius:0px; '><p><div class='avia-image-container  av-styling-    avia-builder-el-25  el_before_av_heading  avia-builder-el-first   avia-align-center '  itemprop=\"image\" itemscope=\"itemscope\" itemtype=\"https:\/\/schema.org\/ImageObject\"  ><div class='avia-image-container-inner'><div class='avia-image-overlay-wrap'><img class='avia_image' src='https:\/\/vn.daprs.com\/m\/wp-content\/uploads\/2021\/06\/204-m-img09.jpg' alt='' title=''   itemprop=\"thumbnailUrl\"  \/><\/div><\/div><\/div><br \/>\n<div style='padding-bottom:10px; color:#000000;font-size:18px;' class='av-special-heading av-special-heading-h3 custom-color-heading blockquote modern-quote modern-centered  avia-builder-el-26  el_after_av_image  avia-builder-el-last   av-inherit-size '><h3 class='av-special-heading-tag '  itemprop=\"headline\"  > <span class=\"font-w100\"><span style=\"color:#fff; background-color:#000\"> N\u1ebfu son m\u00f4i ho\u1eb7c s\u01a1n m\u00f3ng tay c\u00f3 g\u00e2y m\u00ea \u0111\u01b0\u1ee3c kh\u00f4ng?<\/span><\/span><\/h3><div class ='av-subheading av-subheading_below av_custom_color ' style='font-size:18px;'><p style=\"margin:30px 0;\">\n<p>Tr\u01b0\u1edbc khi ph\u1eabu thu\u1eadt kh\u00f4ng \u0111\u01b0\u1ee3c son m\u00f4i ho\u1eb7c s\u01a1n m\u00f3ng tay. Son m\u00f4i ho\u1eb7c m\u00e0u s\u01a1n m\u00f3ng tay c\u00f3 th\u1ec3 l\u00e0m gi\u1ea3m \u0111\u1ed9 ch\u00ednh x\u00e1c c\u1ee7a c\u00e1c thi\u1ebft b\u1ecb \u0111i\u1ec7n t\u00e2m \u0111\u1ed3 ho\u1eb7c s\u1ebd l\u00e0m vi\u1ec7c ki\u1ec3m tra oxy trong nh\u1ecbp th\u1edf kh\u00f4ng ch\u00ednh x\u00e1c. C\u1ea7n t\u1ea9y trang v\u00e0 b\u00f4i m\u00f3ng tay \u0111\u1ec3 \u0111\u1ea3m b\u1ea3o an to\u00e0n trong l\u00fac ph\u1eabu thu\u1eadt<\/p>\n<\/div><div class='special-heading-border'><div class='special-heading-inner-border' style='border-color:#000000'><\/div><\/div><\/div><\/p><\/div><div class=\"flex_column av_one_full  flex_column_div av-zero-column-padding first  avia-builder-el-27  el_after_av_one_full  el_before_av_one_full   column-top-margin\" style='margin-top:30px; margin-bottom:0px; border-radius:0px; '><div class='avia-image-container  av-styling-    avia-builder-el-28  avia-builder-el-no-sibling   avia-align-center '  itemprop=\"image\" itemscope=\"itemscope\" itemtype=\"https:\/\/schema.org\/ImageObject\"  ><div class='avia-image-container-inner'><div class='avia-image-overlay-wrap'><img class='avia_image' src='https:\/\/vn.daprs.com\/m\/wp-content\/uploads\/2021\/06\/204-m-img10.jpg' alt='' title=''   itemprop=\"thumbnailUrl\"  \/><\/div><\/div><\/div><\/div><div class=\"flex_column av_one_full  flex_column_div av-zero-column-padding first  avia-builder-el-29  el_after_av_one_full  avia-builder-el-last   column-top-margin\" style='margin-top:50px; margin-bottom:0px; border-radius:0px; '><p><div class='avia-image-container  av-styling-    avia-builder-el-30  el_before_av_heading  avia-builder-el-first   avia-align-center '  itemprop=\"image\" itemscope=\"itemscope\" itemtype=\"https:\/\/schema.org\/ImageObject\"  ><div class='avia-image-container-inner'><div class='avia-image-overlay-wrap'><img class='avia_image' src='https:\/\/vn.daprs.com\/m\/wp-content\/uploads\/2021\/06\/204-m-img11.jpg' alt='' title=''   itemprop=\"thumbnailUrl\"  \/><\/div><\/div><\/div><br \/>\n<div style='padding-bottom:10px; color:#000000;font-size:18px;' class='av-special-heading av-special-heading-h3 custom-color-heading blockquote modern-quote modern-centered  avia-builder-el-31  el_after_av_image  avia-builder-el-last   av-inherit-size '><h3 class='av-special-heading-tag '  itemprop=\"headline\"  >  <span class=\"font-w100\"><span style=\"color:#fff; background-color:#000\">C\u00f3 \u0111\u01b0\u1ee3c \u0103n tr\u01b0\u1edbc ph\u1eabu thu\u1eadt kh\u00f4ng?<\/span><\/span><\/h3><div class ='av-subheading av-subheading_below av_custom_color ' style='font-size:18px;'><p style=\"margin:30px 0;\">\n<p>C\u1ea7n ph\u1ea3i nh\u1ecbn \u0103n u\u1ed1ng tr\u01b0\u1edbc khi g\u00e2y m\u00ea s\u00e2u. N\u1ebfu \u0103n u\u1ed1ng tr\u01b0\u1edbc ph\u1eabu thu\u1eadt s\u1ebd kh\u00f4ng t\u1ed1t cho d\u1ea1 d\u00e0y v\u00e0 c\u00f3 th\u1ec3 d\u00e2y kh\u00f3 th\u1edf. N\u00ean nh\u1ecbn \u0103n tr\u01b0\u1edbc 8 ti\u1ebfng tr\u01b0\u1edbc khi ph\u1eabu thu\u1eadt<\/p>\n<\/div><div class='special-heading-border'><div class='special-heading-inner-border' style='border-color:#000000'><\/div><\/div><\/div><\/p><\/div>\n\n","protected":false},"excerpt":{"rendered":"<p>\t\t\t\t<![CDATA[\n\t\t\t\t<![CDATA[]]]]><![CDATA[>\t\t]]>\t\t<\/p>\n","protected":false},"author":1,"featured_media":0,"parent":0,"menu_order":204,"comment_status":"closed","ping_status":"closed","template":"","meta":[],"_links":{"self":[{"href":"https:\/\/vn.daprs.com\/m\/wp-json\/wp\/v2\/pages\/7672"}],"collection":[{"href":"https:\/\/vn.daprs.com\/m\/wp-json\/wp\/v2\/pages"}],"about":[{"href":"https:\/\/vn.daprs.com\/m\/wp-json\/wp\/v2\/types\/page"}],"author":[{"embeddable":true,"href":"https:\/\/vn.daprs.com\/m\/wp-json\/wp\/v2\/users\/1"}],"replies":[{"embeddable":true,"href":"https:\/\/vn.daprs.com\/m\/wp-json\/wp\/v2\/comments?post=7672"}],"version-history":[{"count":4,"href":"https:\/\/vn.daprs.com\/m\/wp-json\/wp\/v2\/pages\/7672\/revisions"}],"predecessor-version":[{"id":20294,"href":"https:\/\/vn.daprs.com\/m\/wp-json\/wp\/v2\/pages\/7672\/revisions\/20294"}],"wp:attachment":[{"href":"https:\/\/vn.daprs.com\/m\/wp-json\/wp\/v2\/media?parent=7672"}],"curies":[{"name":"wp","href":"https:\/\/api.w.org\/{rel}","templated":true}]}}