{"id":7673,"date":"2021-03-31T08:46:31","date_gmt":"2021-03-31T08:46:31","guid":{"rendered":"https:\/\/jp.daprs.com\/m\/?page_id=1475"},"modified":"2023-01-19T07:07:45","modified_gmt":"2023-01-19T07:07:45","slug":"precaution","status":"publish","type":"page","link":"https:\/\/vn.daprs.com\/m\/precaution\/","title":{"rendered":"D\u1ecbch v\u1ee5 ch\u0103m s\u00f3c sau ph\u1eabu thu\u1eadt"},"content":{"rendered":"<div id='fullwidth_contact_test' class='avia-section main_color avia-section-default avia-no-border-styling avia-bg-style-scroll  avia-builder-el-0  el_before_av_section  avia-builder-el-first    av-minimum-height av-minimum-height-custom  container_wrap fullsize' style=' '  ><div class='container' ><main  role=\"main\" itemprop=\"mainContentOfPage\"  class='template-page content  av-content-full alpha units'><div class='post-entry post-entry-type-page post-entry-7673'><div class='entry-content-wrapper clearfix'>\n<div class='avia-image-container  av-styling-no-styling    avia-builder-el-1  avia-builder-el-no-sibling   avia-align-center '  itemprop=\"image\" itemscope=\"itemscope\" itemtype=\"https:\/\/schema.org\/ImageObject\"  ><div class='avia-image-container-inner'><div class='avia-image-overlay-wrap'><img class='avia_image' src='https:\/\/vn.daprs.com\/m\/wp-content\/uploads\/2021\/09\/1.jpg' alt='' title='1' height=\"630\" width=\"640\"  itemprop=\"thumbnailUrl\"  \/><\/div><\/div><\/div>\n\n<\/div><\/div><\/main><!-- close content main element --><\/div><\/div><div id='ulthermage_wrap01' class='avia-section main_color avia-section-default avia-no-border-styling avia-bg-style-scroll  avia-builder-el-2  el_after_av_section  el_before_av_section    av-minimum-height av-minimum-height-custom  container_wrap fullsize' style='background-repeat: no-repeat; background-image: url(https:\/\/vn.daprs.com\/m\/wp-content\/uploads\/2021\/06\/205-m-cover2_02.jpg);background-attachment: scroll; background-position: top center;  '  data-section-bg-repeat='no-repeat'><div class='container' ><div class='template-page content  av-content-full alpha units'><div class='post-entry post-entry-type-page post-entry-7673'><div class='entry-content-wrapper clearfix'>\n<div class=\"flex_column av_one_full  flex_column_div first  avia-builder-el-3  el_before_av_one_fifth  avia-builder-el-first   \" style='margin-top:0; margin-bottom:0px; padding:100px 0px 0px 0px ; border-radius:0px; '><div style='padding-bottom:10px; color:#ffffff;font-size:30px;' class='av-special-heading av-special-heading-h3 custom-color-heading blockquote modern-quote modern-centered  avia-builder-el-4  avia-builder-el-no-sibling   av-inherit-size '><h3 class='av-special-heading-tag '  itemprop=\"headline\"  >Ch\u01b0\u01a1ng tr\u00ecnh qu\u1ea3n l\u00fd h\u1eadu ph\u1eabu cho t\u1eebng ph\u1eabu thu\u1eadt<\/h3><div class='special-heading-border'><div class='special-heading-inner-border' style='border-color:#ffffff'><\/div><\/div><\/div><\/div><div class=\"flex_column av_one_fifth  flex_column_div av-zero-column-padding first  avia-builder-el-5  el_after_av_one_full  el_before_av_three_fifth   column-top-margin\" style='margin-top:20px; border-radius:0px; '><\/div><div class=\"flex_column av_three_fifth  flex_column_div av-zero-column-padding   avia-builder-el-6  el_after_av_one_fifth  el_before_av_one_fifth   column-top-margin\" style='margin-top:20px; border-radius:0px; '><\/div><div class=\"flex_column av_one_fifth  flex_column_div av-zero-column-padding   avia-builder-el-8  el_after_av_three_fifth  avia-builder-el-last   column-top-margin\" style='margin-top:20px; border-radius:0px; '><\/div>\n\n<\/div><\/div><\/div><!-- close content main div --><\/div><\/div><div id='fullwidth_contact_test' class='avia-section main_color avia-section-default avia-no-border-styling avia-bg-style-scroll  avia-builder-el-9  el_after_av_section  el_before_av_section    av-minimum-height av-minimum-height-custom  container_wrap fullsize' style=' '  ><div class='container' ><div class='template-page content  av-content-full alpha units'><div class='post-entry post-entry-type-page post-entry-7673'><div class='entry-content-wrapper clearfix'>\n<div class=\"flex_column av_one_full  flex_column_div av-zero-column-padding first  avia-builder-el-10  avia-builder-el-no-sibling   \" style='margin-bottom:0px; border-radius:0px; '><p><div class='avia-image-container  av-styling-no-styling    avia-builder-el-11  el_before_av_heading  avia-builder-el-first   avia-align-center '  itemprop=\"image\" itemscope=\"itemscope\" itemtype=\"https:\/\/schema.org\/ImageObject\"  ><div class='avia-image-container-inner'><div class='avia-image-overlay-wrap'><img class='avia_image' src='https:\/\/jp.daprs.com\/m\/wp-content\/uploads\/2021\/06\/205-m-img01.jpg' alt='' title=''   itemprop=\"thumbnailUrl\"  \/><\/div><\/div><\/div><br \/>\n<div style='padding-bottom:10px; margin-top:30px; color:#000000;font-size:30px;' class='av-special-heading av-special-heading-h3 custom-color-heading blockquote modern-quote modern-centered  avia-builder-el-12  el_after_av_image  avia-builder-el-last   av-inherit-size '><h3 class='av-special-heading-tag '  itemprop=\"headline\"  ><span style=\"font-size:35px;border-bottom:1px solid #000;\">01<\/span><br \/>Qu\u1ea3n l\u00fd <span style=\"color:#388bc1;\">Smartlux<\/span><\/h3><div class ='av-subheading av-subheading_below av_custom_color ' style='font-size:18px;'><p class=\"sh_title_sub_text\">\n<p>L\u00e0 ch\u0103m s\u00f3c h\u1eadu ph\u1eabu gi\u1ea3m s\u01b0ng b\u1eb1ng ph\u01b0\u01a1ng ph\u00e1p s\u1eed d\u1ee5ng \u0111\u00e8n Smartlux (SMART Photo Therapy) c\u00f3 t\u00e1c d\u1ee5ng l\u00e0m th\u00f4ng c\u00e1c m\u1ea1ch m\u00e1u b\u1ecb t\u1eaft ngh\u1ebdn d\u01b0\u1edbi da gi\u1ea3m b\u1ea7m v\u00e0 s\u01b0ng t\u1ea5y<\/p>\n<\/div><div class='special-heading-border'><div class='special-heading-inner-border' style='border-color:#000000'><\/div><\/div><\/div><\/p><\/div>\n\n<\/div><\/div><\/div><!-- close content main div --><\/div><\/div><div id='fullwidth_contact_test' class='avia-section main_color avia-section-default avia-no-border-styling avia-bg-style-scroll  avia-builder-el-13  el_after_av_section  el_before_av_section    av-minimum-height av-minimum-height-custom  container_wrap fullsize' style=' '  ><div class='container' ><div class='template-page content  av-content-full alpha units'><div class='post-entry post-entry-type-page post-entry-7673'><div class='entry-content-wrapper clearfix'>\n<div class=\"flex_column av_one_full  flex_column_div av-zero-column-padding first  avia-builder-el-14  avia-builder-el-no-sibling   \" style='margin-bottom:0px; border-radius:0px; '><section class=\"av_textblock_section \"  itemscope=\"itemscope\" itemtype=\"https:\/\/schema.org\/CreativeWork\" ><div class='avia_textblock  '  style='font-size:12px; '  itemprop=\"text\" ><p style=\"text-align: left; color: #dbdbdb;\"><span style=\"letter-spacing: 2px;\">DA AFTER CARE PROGRAM<\/span><\/p>\n<\/div><\/section><br \/>\n<div class='avia-image-container  av-styling-no-styling    avia-builder-el-16  el_after_av_textblock  el_before_av_heading   avia-align-center '  itemprop=\"image\" itemscope=\"itemscope\" itemtype=\"https:\/\/schema.org\/ImageObject\"  ><div class='avia-image-container-inner'><div class='avia-image-overlay-wrap'><img class='avia_image' src='https:\/\/vn.daprs.com\/m\/wp-content\/uploads\/2021\/09\/205-m-img02.jpg' alt='' title='205-m-img02' height=\"481\" width=\"595\"  itemprop=\"thumbnailUrl\"  \/><\/div><\/div><\/div><br \/>\n<div style='padding-bottom:10px; color:#000000;font-size:25px;' class='av-special-heading av-special-heading-h3 custom-color-heading blockquote modern-quote modern-centered  avia-builder-el-17  el_after_av_image  avia-builder-el-last   av-inherit-size '><h3 class='av-special-heading-tag '  itemprop=\"headline\"  ><span style=\"border-bottom:10px solid #d0e1eb;\">Nguy\u00ean t\u1eafc <span style=\"color:#3087bf;\">SmartLux<\/span><\/span><\/h3><div class ='av-subheading av-subheading_below av_custom_color ' style='font-size:18px;'><p class=\"sh_title_sub_text\" style=\"padding:10px; line-height: 1.5;\">\n<p>S\u1eed d\u1ee5ng \u00e1nh s\u00e1ng v\u00e0 nhi\u1ec7t t\u1eeb \u0111\u00e8n Smartlux \u0111\u1ec3 k\u00edch ho\u1ea1t c\u00e1c t\u1ebf b\u00e0o b\u1ecb t\u1ed5n th\u01b0\u01a1ng. \u0110\u1ed3ng th\u1eddi l\u00e0m th\u00f4ng c\u00e1c m\u1ea1ch m\u00e1o b\u1ecb t\u1eaft ngh\u1ebdn k\u00edch th\u00edch t\u0103ng sinh collagen v\u00e0 Elastin kh\u00f4ng ch\u1ec9 gi\u00fap t\u1ebf b\u00e0o nhanh h\u1ed3i ph\u1ee5c m\u00e0 c\u00f2n ch\u1ed1ng ung th\u01b0, gi\u1ea3m \u0111au hi\u1ec7u qu\u1ea3<\/p>\n<\/div><div class='special-heading-border'><div class='special-heading-inner-border' style='border-color:#000000'><\/div><\/div><\/div><\/p><\/div><\/div><\/div><\/div><!-- close content main div --><\/div><\/div><div id='ulthermage_wrap01' class='avia-section main_color avia-section-default avia-no-border-styling avia-bg-style-scroll  avia-builder-el-18  el_after_av_section  el_before_av_section    av-minimum-height av-minimum-height-custom  container_wrap fullsize' style=' '  ><div class='container' ><div class='template-page content  av-content-full alpha units'><div class='post-entry post-entry-type-page post-entry-7673'><div class='entry-content-wrapper clearfix'>\n<div class=\"flex_column av_one_full  flex_column_div first  avia-builder-el-19  avia-builder-el-no-sibling   \" style='margin-top:0; margin-bottom:0px; padding:0 0px 0px 0 ; border-radius:0px; '><section class=\"av_textblock_section \"  itemscope=\"itemscope\" itemtype=\"https:\/\/schema.org\/CreativeWork\" ><div class='avia_textblock  '  style='font-size:12px; '  itemprop=\"text\" ><p style=\"text-align: left; color: #dbdbdb;\"><span style=\"letter-spacing: 2px;\">DA AFTER CARE PROGRAM<\/span><\/p>\n<\/div><\/section><br \/>\n<div class='avia-image-container  av-styling-no-styling    avia-builder-el-21  el_after_av_textblock  el_before_av_heading   avia-align-center '  itemprop=\"image\" itemscope=\"itemscope\" itemtype=\"https:\/\/schema.org\/ImageObject\"  ><div class='avia-image-container-inner'><div class='avia-image-overlay-wrap'><img class='avia_image' src='https:\/\/jp.daprs.com\/m\/wp-content\/uploads\/2021\/06\/205-m-img07.jpg' alt='' title=''   itemprop=\"thumbnailUrl\"  \/><\/div><\/div><\/div><br \/>\n<div style='padding-bottom:10px; color:#000000;font-size:25px;' class='av-special-heading av-special-heading-h3 custom-color-heading blockquote modern-quote modern-centered  avia-builder-el-22  el_after_av_image  avia-builder-el-last   av-inherit-size '><h3 class='av-special-heading-tag '  itemprop=\"headline\"  >Hi\u1ec7u qu\u1ea3 <span style=\"color:#2e85be;\">c\u1ee7a Smartlux<\/span><\/h3><div class ='av-subheading av-subheading_below av_custom_color ' style='font-size:18px;'><p class=\"sh_title_sub_text\" style=\"padding:10px; line-height: 1.5;\">\n<p>\u00c1nh s\u00e1ng v\u00e0 t\u1ea7n s\u1ed1 c\u1ee7a m\u00e1y Smartlux c\u00f3 th\u1ec3 \u0111i\u1ec1u ch\u1ec9nh t\u00f9y theo m\u1ee5c \u0111\u00edch tr\u1ecb li\u1ec7u. \u00c1nh s\u00e1ng Smartlux kh\u00f4ng g\u00e2y \u0111au \u0111\u1edbn v\u00e0 kh\u00f4ng g\u00e2y t\u1ed5n th\u01b0\u01a1ng n\u00ean<br \/>\nc\u00f3 th\u1ec3 sinh ho\u1ea1t b\u00ecnh th\u01b0\u1eddng sau khi th\u1ef1c hi\u1ec7n<\/p>\n<\/div><div class='special-heading-border'><div class='special-heading-inner-border' style='border-color:#000000'><\/div><\/div><\/div><\/p><\/div>\n<\/p>\n<\/div><\/div><\/div><!-- close content main div --><\/div><\/div><div id='ulthermage_wrap01' class='avia-section main_color avia-section-default avia-no-border-styling avia-bg-style-scroll  avia-builder-el-23  el_after_av_section  el_before_av_section    av-minimum-height av-minimum-height-custom  container_wrap fullsize' style=' '  ><div class='container' ><div class='template-page content  av-content-full alpha units'><div class='post-entry post-entry-type-page post-entry-7673'><div class='entry-content-wrapper clearfix'>\n<div class=\"flex_column av_one_full  flex_column_div av-zero-column-padding first  avia-builder-el-24  avia-builder-el-no-sibling   \" style='margin-bottom:0px; border-radius:0px; '><p><div class='avia-image-container  av-styling-no-styling    avia-builder-el-25  el_before_av_heading  avia-builder-el-first   avia-align-center '  itemprop=\"image\" itemscope=\"itemscope\" itemtype=\"https:\/\/schema.org\/ImageObject\"  ><div class='avia-image-container-inner'><div class='avia-image-overlay-wrap'><img class='avia_image' src='https:\/\/jp.daprs.com\/m\/wp-content\/uploads\/2021\/06\/205-m-img05.jpg' alt='' title=''   itemprop=\"thumbnailUrl\"  \/><\/div><\/div><\/div><br \/>\n<div style='padding-bottom:10px; margin-top:30px; color:#000000;font-size:25px;' class='av-special-heading av-special-heading-h3 custom-color-heading blockquote modern-quote modern-centered  avia-builder-el-26  el_after_av_image  avia-builder-el-last   av-inherit-size '><h3 class='av-special-heading-tag '  itemprop=\"headline\"  ><span style=\"font-size:35px;border-bottom:1px solid #000;\">02<\/span><br \/>Qu\u1ea3n l\u00fd s\u00f3ng cao t\u1ea7ng Face (RF)<\/h3><div class ='av-subheading av-subheading_below av_custom_color ' style='font-size:18px;'><p class=\"sh_title_sub_text\">\n<p>\u0110\u00e2y l\u00e0 ph\u01b0\u01a1ng ph\u00e1p qu\u1ea3n l\u00fd b\u1eb1ng n\u0103ng l\u01b0\u1ee3ng s\u00f3ng cao t\u1ea7ng t\u00e1c \u0111\u1ed9ng v\u00e0o b\u00ean d\u01b0\u1edbi da gi\u00fap k\u00edch th\u00edch t\u0103ng collagen v\u00e0 l\u00e0m da s\u0103n ch\u1eafc<\/p>\n<\/div><div class='special-heading-border'><div class='special-heading-inner-border' style='border-color:#000000'><\/div><\/div><\/div><\/p><\/div>\n\n<\/div><\/div><\/div><!-- close content main div --><\/div><\/div><div id='ulthermage_wrap01' class='avia-section main_color avia-section-default avia-no-border-styling avia-bg-style-scroll  avia-builder-el-27  el_after_av_section  el_before_av_section    av-minimum-height av-minimum-height-custom  container_wrap fullsize' style=' '  ><div class='container' ><div class='template-page content  av-content-full alpha units'><div class='post-entry post-entry-type-page post-entry-7673'><div class='entry-content-wrapper clearfix'>\n<div class=\"flex_column av_one_full  flex_column_div first  avia-builder-el-28  avia-builder-el-no-sibling   \" style='margin-bottom:0px; padding:0px 0 0px 0px ; border-radius:0px; '><section class=\"av_textblock_section \"  itemscope=\"itemscope\" itemtype=\"https:\/\/schema.org\/CreativeWork\" ><div class='avia_textblock  '  style='font-size:12px; '  itemprop=\"text\" ><p style=\"text-align: left; color: #dbdbdb;\"><span style=\"letter-spacing: 2px;\">DA AFTER CARE PROGRAM<\/span><\/p>\n<\/div><\/section><br \/>\n<div class='avia-image-container  av-styling-no-styling    avia-builder-el-30  el_after_av_textblock  el_before_av_heading   avia-align-center '  itemprop=\"image\" itemscope=\"itemscope\" itemtype=\"https:\/\/schema.org\/ImageObject\"  ><div class='avia-image-container-inner'><div class='avia-image-overlay-wrap'><img class='avia_image' src='https:\/\/jp.daprs.com\/m\/wp-content\/uploads\/2021\/06\/205-m-img06.jpg' alt='' title=''   itemprop=\"thumbnailUrl\"  \/><\/div><\/div><\/div><br \/>\n<div style='padding-bottom:10px; margin-bottom:80px; color:#000000;font-size:25px;' class='av-special-heading av-special-heading-h3 custom-color-heading blockquote modern-quote modern-centered  avia-builder-el-31  el_after_av_image  avia-builder-el-last   av-inherit-size '><h3 class='av-special-heading-tag '  itemprop=\"headline\"  ><span style=\"border-bottom:10px solid #d0e4e4;\">Hi\u1ec7u qu\u1ea3 s\u00f3ng cao t\u1ea7ng Face (RF)<\/span><\/h3><div class ='av-subheading av-subheading_below av_custom_color ' style='font-size:18px;'><p class=\"sh_title_sub_text\" style=\"padding:10px; line-height: 1.5;\">\n<p>Ph\u01b0\u01a1ng ph\u00e1p n\u00e0y gi\u00fap th\u1ea3i \u0111\u1ed9c v\u00e0 th\u00f4ng huy\u1ebft m\u1ea1ch \u0111\u1ec3 gi\u00fap gi\u1ea3m s\u01b0ng t\u1ea5y. V\u00e0 c\u00f3 hi\u1ec7u qu\u1ea3 c\u1ea3i thi\u1ec7n l\u00e0m da s\u0103n ch\u1eafc v\u00e0 m\u1ec1m m\u1ea1i h\u01a1n v\u00e0 gi\u1ea3m hi\u1ec7n t\u01b0\u1ee3ng da l\u1ed3i l\u00f5m kh\u00f4ng \u0111\u1ec1u.<\/p>\n<\/div><div class='special-heading-border'><div class='special-heading-inner-border' style='border-color:#000000'><\/div><\/div><\/div><\/p><\/div>\n\n<\/div><\/div><\/div><!-- close content main div --><\/div><\/div><div id='fullwidth_contact_test' class='avia-section main_color avia-section-default avia-no-border-styling avia-bg-style-scroll  avia-builder-el-32  el_after_av_section  el_before_av_section    av-minimum-height av-minimum-height-custom  container_wrap fullsize' style=' '  ><div class='container' ><div class='template-page content  av-content-full alpha units'><div class='post-entry post-entry-type-page post-entry-7673'><div class='entry-content-wrapper clearfix'>\n<div class='avia-image-container  av-styling-no-styling    avia-builder-el-33  el_before_av_one_full  avia-builder-el-first   avia-align-center '  itemprop=\"image\" itemscope=\"itemscope\" itemtype=\"https:\/\/schema.org\/ImageObject\"  ><div class='avia-image-container-inner'><div class='avia-image-overlay-wrap'><img class='avia_image' src='https:\/\/jp.daprs.com\/m\/wp-content\/uploads\/2021\/06\/205-m-img08.jpg' alt='' title=''   itemprop=\"thumbnailUrl\"  \/><\/div><\/div><\/div>\n<div class=\"flex_column av_one_full  flex_column_div av-zero-column-padding first  avia-builder-el-34  el_after_av_image  avia-builder-el-last   \" style='margin-bottom:0px; border-radius:0px; '><div style='padding-bottom:10px; margin-top:30px; color:#000000;font-size:25px;' class='av-special-heading av-special-heading-h3 custom-color-heading blockquote modern-quote modern-centered  avia-builder-el-35  avia-builder-el-no-sibling   av-inherit-size '><h3 class='av-special-heading-tag '  itemprop=\"headline\"  ><span style=\"font-size:35px;border-bottom:1px solid #000;\">03<\/span><br \/>Qu\u1ea3n l\u00fd s\u00f3ng cao t\u1ea7ng Ng\u1ef1c (RF)<\/h3><div class ='av-subheading av-subheading_below av_custom_color ' style='font-size:18px;'><p class=\"sh_title_sub_text\">\n<p>Ph\u01b0\u01a1ng ph\u00e1p n\u00e0y r\u1ea5t hi\u1ec7u qu\u1ea3 d\u00e0nh cho ng\u01b0\u1eddi l\u00e0m ph\u1eabu thu\u1eadt ng\u1ef1c v\u00ec s\u00f3ng cao t\u1ea7ng gi\u00fap m\u00e1u l\u01b0u th\u00f4ng, gi\u1ea3m s\u01b0ng gi\u00fap ng\u1ef1c m\u1ec1m m\u1ea1i h\u01a1n v\u00e0 nhanh th\u00edch nghi.<br \/>\nB\u1ea1n c\u00f3 th\u1ec3 th\u1ef1c hi\u1ec7n ph\u01b0\u01a1ng ph\u00e1p n\u00e0y t\u1ea1i khoa da li\u1ec5u DA \u0111\u1ec3 h\u1ed3i ph\u1ee5c nhanh h\u01a1n sau ph\u1eabu thu\u1eadt ng\u1ef1c.<\/p>\n<\/div><div class='special-heading-border'><div class='special-heading-inner-border' style='border-color:#000000'><\/div><\/div><\/div><\/div>\n\n<\/div><\/div><\/div><!-- close content main div --><\/div><\/div><div id='ulthermage_wrap01' class='avia-section main_color avia-section-default avia-no-border-styling avia-bg-style-scroll  avia-builder-el-36  el_after_av_section  avia-builder-el-last    av-minimum-height av-minimum-height-custom  container_wrap fullsize' style=' '  ><div class='container' ><div class='template-page content  av-content-full alpha units'><div class='post-entry post-entry-type-page post-entry-7673'><div class='entry-content-wrapper clearfix'>\n<div class=\"flex_column av_one_full  flex_column_div first  avia-builder-el-37  avia-builder-el-no-sibling   \" style='margin-top:20px; margin-bottom:0px; padding:0px 0 0px 0px ; border-radius:0px; '><section class=\"av_textblock_section \"  itemscope=\"itemscope\" itemtype=\"https:\/\/schema.org\/CreativeWork\" ><div class='avia_textblock  '  style='font-size:12px; '  itemprop=\"text\" ><p style=\"text-align: left; color: #dbdbdb;\"><span style=\"letter-spacing: 2px;\">DA AFTER CARE PROGRAM<\/span><\/p>\n<\/div><\/section><br \/>\n<div class='avia-image-container  av-styling-no-styling    avia-builder-el-39  el_after_av_textblock  el_before_av_heading   avia-align-center '  itemprop=\"image\" itemscope=\"itemscope\" itemtype=\"https:\/\/schema.org\/ImageObject\"  ><div class='avia-image-container-inner'><div class='avia-image-overlay-wrap'><img class='avia_image' src='https:\/\/jp.daprs.com\/m\/wp-content\/uploads\/2021\/06\/205-m-img03.jpg' alt='' title=''   itemprop=\"thumbnailUrl\"  \/><\/div><\/div><\/div><br \/>\n<div style='padding-bottom:10px; margin-bottom:90px; color:#000000;font-size:25px;' class='av-special-heading av-special-heading-h3 custom-color-heading blockquote modern-quote modern-centered  avia-builder-el-40  el_after_av_image  el_before_av_textblock   av-inherit-size '><h3 class='av-special-heading-tag '  itemprop=\"headline\"  ><span style=\"border-bottom:10px solid #d6d7e7;\">Hi\u1ec7u qu\u1ea3 s\u00f3ng cao t\u1ea7ng Ng\u1ef1c (RF)<\/span><\/h3><div class ='av-subheading av-subheading_below av_custom_color ' style='font-size:18px;'><p class=\"sh_title_sub_text\" style=\"padding:10px; line-height: 1.5;\">\n<p>Ph\u01b0\u01a1ng ph\u00e1p s\u00f3ng cao t\u1ea7ng gi\u1ea3m s\u01b0ng c\u00f3 th\u1ec3 th\u1ef1c hi\u1ec7n 3 tu\u1ea7n sau khi ph\u1eabu thu\u1eadt ng\u1ef1c. Kh\u00f4ng ch\u1ec9 gi\u1ea3m s\u01b0ng \u0111au m\u00e0 c\u00f2n c\u1ea3i thi\u1ec7n x\u00fac c\u1ea3m m\u1ed9t c\u00e1ch t\u1ef1 nhi\u00ean nh\u1ea5t, vi\u1ec7c qu\u1ea3n l\u00fd s\u1eb9o \u0111\u01b0\u1ee3c th\u1ef1c hi\u1ec7n ph\u00f9 h\u1ee3p v\u1edbi t\u00ecnh tr\u1ea1ng c\u1ee7a t\u1eebng b\u1ec7nh nh\u00e2n<\/p>\n<\/div><div class='special-heading-border'><div class='special-heading-inner-border' style='border-color:#000000'><\/div><\/div><\/div><br \/>\n<section class=\"av_textblock_section \"  itemscope=\"itemscope\" itemtype=\"https:\/\/schema.org\/CreativeWork\" ><div class='avia_textblock  '   itemprop=\"text\" ><div class=\"facecare-item-wrapper\">\n<div class=\"facecare-items green\">Gi\u1ea3m s\u01b0ng t\u1ea5y<\/div>\n<div class=\"facecare-items green\">Ng\u1ef1c m\u1ec1m m\u1ea1i t\u1ef1 nhi\u00ean<\/div>\n<div class=\"facecare-items green\">L\u00e0m s\u0103n ch\u1eafc da<\/div>\n<\/div>\n<\/div><\/section><\/p><\/div>\n\n","protected":false},"excerpt":{"rendered":"<p>\t\t\t\t<![CDATA[\n\t\t\t\t<![CDATA[]]]]><![CDATA[>\t\t]]>\t\t<\/p>\n","protected":false},"author":1,"featured_media":0,"parent":0,"menu_order":205,"comment_status":"closed","ping_status":"closed","template":"","meta":[],"_links":{"self":[{"href":"https:\/\/vn.daprs.com\/m\/wp-json\/wp\/v2\/pages\/7673"}],"collection":[{"href":"https:\/\/vn.daprs.com\/m\/wp-json\/wp\/v2\/pages"}],"about":[{"href":"https:\/\/vn.daprs.com\/m\/wp-json\/wp\/v2\/types\/page"}],"author":[{"embeddable":true,"href":"https:\/\/vn.daprs.com\/m\/wp-json\/wp\/v2\/users\/1"}],"replies":[{"embeddable":true,"href":"https:\/\/vn.daprs.com\/m\/wp-json\/wp\/v2\/comments?post=7673"}],"version-history":[{"count":6,"href":"https:\/\/vn.daprs.com\/m\/wp-json\/wp\/v2\/pages\/7673\/revisions"}],"predecessor-version":[{"id":20402,"href":"https:\/\/vn.daprs.com\/m\/wp-json\/wp\/v2\/pages\/7673\/revisions\/20402"}],"wp:attachment":[{"href":"https:\/\/vn.daprs.com\/m\/wp-json\/wp\/v2\/media?parent=7673"}],"curies":[{"name":"wp","href":"https:\/\/api.w.org\/{rel}","templated":true}]}}