{"id":7674,"date":"2021-04-01T02:25:39","date_gmt":"2021-04-01T02:25:39","guid":{"rendered":"https:\/\/jp.daprs.com\/m\/?page_id=1573"},"modified":"2024-04-05T08:53:02","modified_gmt":"2024-04-05T08:53:02","slug":"contouring","status":"publish","type":"page","link":"https:\/\/vn.daprs.com\/m\/contouring\/","title":{"rendered":"SHAPING Facial Contouring"},"content":{"rendered":"<p><div id='ulthermage_wrap01' class='avia-section main_color avia-section-default avia-no-border-styling avia-bg-style-scroll  avia-builder-el-0  el_before_av_section  avia-builder-el-first    av-minimum-height av-minimum-height-custom  container_wrap fullsize' style=' '  ><div class='container' ><main  role=\"main\" itemprop=\"mainContentOfPage\"  class='template-page content  av-content-full alpha units'><div class='post-entry post-entry-type-page post-entry-7674'><div class='entry-content-wrapper clearfix'>\n<div class='avia-image-container  av-styling-no-styling    avia-builder-el-1  el_before_av_one_full  avia-builder-el-first   avia-align-center '  itemprop=\"image\" itemscope=\"itemscope\" itemtype=\"https:\/\/schema.org\/ImageObject\"  ><div class='avia-image-container-inner'><div class='avia-image-overlay-wrap'><img class='avia_image' src='https:\/\/vn.daprs.com\/m\/wp-content\/uploads\/2021\/06\/301-m-img-section1.jpg' alt='' title=''   itemprop=\"thumbnailUrl\"  \/><\/div><\/div><\/div>\n<div class=\"flex_column av_one_full  flex_column_div av-zero-column-padding first  avia-builder-el-2  el_after_av_image  avia-builder-el-last   \" style='margin-top:-124.5%; margin-bottom:0px; border-radius:0px; '><div style='padding-bottom:10px; color:#ffffff;font-size:5.5vw;' class='av-special-heading av-special-heading-h3 custom-color-heading blockquote modern-quote modern-centered  avia-builder-el-3  el_before_av_heading  avia-builder-el-first   av-inherit-size '><h3 class='av-special-heading-tag '  itemprop=\"headline\"  >\u0110\u01b0\u1eddng C\u1eaft  <span class=\"font-w100\">\u0111\u1eb9p<\/span><\/h3><div class='special-heading-border'><div class='special-heading-inner-border' style='border-color:#ffffff'><\/div><\/div><\/div><br \/>\n<div style='padding-bottom:10px; color:#ffffff;font-size:7vw;' class='av-special-heading av-special-heading-h3 custom-color-heading blockquote modern-quote modern-centered  avia-builder-el-4  el_after_av_heading  avia-builder-el-last   av-inherit-size '><h3 class='av-special-heading-tag '  itemprop=\"headline\"  >\u0110\u1ec3 l\u1ea1i K\u1ebft qu\u1ea3 m\u1ef9 m\u00e3n<\/h3><div class ='av-subheading av-subheading_below av_custom_color ' style='font-size:12px;'><p class=\"sh_title_sub_text\">\n<p>DA x\u01b0\u01a1ng h\u00e0m m\u1eb7t<\/p>\n<\/div><div class='special-heading-border'><div class='special-heading-inner-border' style='border-color:#ffffff'><\/div><\/div><\/div><\/p><\/div>\n<br \/>\n<\/div><\/div><\/main><!-- close content main element --><\/div><\/div><div id='ulthermage_wrap01' class='avia-section main_color avia-section-default avia-no-border-styling avia-bg-style-scroll  avia-builder-el-5  el_after_av_section  el_before_av_section    av-minimum-height av-minimum-height-custom  container_wrap fullsize' style=' '  ><div class='container' ><div class='template-page content  av-content-full alpha units'><div class='post-entry post-entry-type-page post-entry-7674'><div class='entry-content-wrapper clearfix'>\n<div class='avia-image-container  av-styling-no-styling    avia-builder-el-6  el_before_av_one_full  avia-builder-el-first   avia-align-center '  itemprop=\"image\" itemscope=\"itemscope\" itemtype=\"https:\/\/schema.org\/ImageObject\"  ><div class='avia-image-container-inner'><div class='avia-image-overlay-wrap'><img class='avia_image' src='https:\/\/vn.daprs.com\/m\/wp-content\/uploads\/2021\/06\/301-m-img-section2.jpg' alt='' title=''   itemprop=\"thumbnailUrl\"  \/><\/div><\/div><\/div>\n<div class=\"flex_column av_one_full  flex_column_div av-zero-column-padding first  avia-builder-el-7  el_after_av_image  avia-builder-el-last   \" style='margin-top:-110.5%; margin-bottom:0px; border-radius:0px; '><div style='padding-bottom:10px; color:#ff7f7f;font-size:7vw;' class='av-special-heading av-special-heading-h3 custom-color-heading blockquote modern-quote modern-centered  avia-builder-el-8  avia-builder-el-no-sibling   av-inherit-size '><div class ='av-subheading av-subheading_above av_custom_color ' style='font-size:20px;'><p class=\"sh_title_sub_text\">\n<div class=\"border-radius50 pink\" style=\"padding:0; \">DA x\u01b0\u01a1ng h\u00e0m m\u1eb7t\n<\/div>\n<\/div><h3 class='av-special-heading-tag '  itemprop=\"headline\"  ><span class=\"font-w100\">N\u1ebfu c\u1eaft g\u1ea7n d\u00e2y th\u1ea7n kinh<\/span><br \/><span class=\"font-w100\">th\u00ec khu\u00f4n m\u1eb7t c\u00f3 \u0111\u1eb9p h\u01a1n kh\u00f4ng?<\/span> <\/h3><div class='special-heading-border'><div class='special-heading-inner-border' style='border-color:#ff7f7f'><\/div><\/div><\/div><\/div><\/div><\/div><\/div><!-- close content main div --><\/div><\/div><div id='ulthermage_wrap01' class='avia-section main_color avia-section-default avia-no-border-styling avia-bg-style-scroll  avia-builder-el-9  el_after_av_section  el_before_av_section    av-minimum-height av-minimum-height-custom  container_wrap fullsize' style='background-repeat: no-repeat; background-image: url(https:\/\/vn.daprs.com\/m\/wp-content\/uploads\/2021\/06\/301-m-img-section3_01.png);background-attachment: scroll; background-position: bottom center;  '  data-section-bg-repeat='no-repeat'><div class='container' ><div class='template-page content  av-content-full alpha units'><div class='post-entry post-entry-type-page post-entry-7674'><div class='entry-content-wrapper clearfix'>\n<div class=\"flex_column av_one_full  flex_column_div av-zero-column-padding first  avia-builder-el-10  el_before_av_image  avia-builder-el-first   \" style='margin-top:0; margin-bottom:0px; border-radius:0px; '><div style='padding-bottom:10px; margin-top:40px; color:#360915;font-size:7vw;' class='av-special-heading av-special-heading-h3 custom-color-heading blockquote modern-quote modern-centered  avia-builder-el-11  avia-builder-el-no-sibling   av-inherit-size '><h3 class='av-special-heading-tag '  itemprop=\"headline\"  ><span class=\"font-w100\">NO!<\/span><br \/><span class=\"font-bold\">Kh\u00f4ng ph\u1ea3i<\/span><\/h3><div class ='av-subheading av-subheading_below av_custom_color ' style='font-size:20px;'><p class=\"sh_title_sub_text\">\n<div class=\"padding:0; border-radius50 pink\"style=\"background-color: #360915;\n    width: 300px;\n    margin: 0 auto;    line-height: 30px;\">L\u01b0\u1ee3ng c\u1eaft g\u1ecdt t\u1ef7 l\u1ec7 ngh\u1ecbch khu\u00f4n m\u1eb7t \u0111\u1eb9p\n<\/div>\n<\/div><div class='special-heading-border'><div class='special-heading-inner-border' style='border-color:#360915'><\/div><\/div><\/div><\/div>\n<br \/>\n<\/div><\/div><\/div><!-- close content main div --><\/div><\/div><div id='ulthermage_wrap01' class='avia-section main_color avia-section-default avia-no-border-styling avia-bg-style-scroll    av-minimum-height av-minimum-height-custom  container_wrap fullsize' style=' '  ><div class='container' ><div class='template-page content  av-content-full alpha units'><div class='post-entry post-entry-type-page post-entry-7674'><div class='entry-content-wrapper clearfix'>\n<div class='avia-image-container  av-styling-no-styling    avia-builder-el-12  el_after_av_one_full  el_before_av_textblock   avia-align-center '  itemprop=\"image\" itemscope=\"itemscope\" itemtype=\"https:\/\/schema.org\/ImageObject\"  ><div class='avia-image-container-inner'><div class='avia-image-overlay-wrap'><img class='avia_image' src='https:\/\/vn.daprs.com\/m\/wp-content\/uploads\/2021\/06\/301-m-img-section3_02.png' alt='' title=''   itemprop=\"thumbnailUrl\"  \/><\/div><\/div><\/div>\n<br \/>\n<\/div><\/div><\/div><!-- close content main div --><\/div><\/div><div id='ulthermage_wrap01' class='avia-section main_color avia-section-default avia-no-border-styling avia-bg-style-scroll    av-minimum-height av-minimum-height-custom  container_wrap fullsize' style='background-color: #d9d9d9;  '  ><div class='container' ><div class='template-page content  av-content-full alpha units'><div class='post-entry post-entry-type-page post-entry-7674'><div class='entry-content-wrapper clearfix'>\n<div class=\"flex_column av_one_full  flex_column_div av-zero-column-padding first   \" style='margin-top:0; margin-bottom:0px; border-radius:0px; '><section class=\"av_textblock_section \"  itemscope=\"itemscope\" itemtype=\"https:\/\/schema.org\/CreativeWork\" ><div class='avia_textblock  '   itemprop=\"text\" ><p class=\"\" style=\"background-color: #d9d9d9; width: 100%; margin: 0; text-align: center;\">* Tr\u01b0\u1eddng h\u1ee3p t\u00e1i ph\u1eabu thu\u1eadt x\u01b0\u01a1ng h\u00e0m m\u1eb7t t\u1ea1i DA<\/p>\n<p style=\"text-align: center; font-size: 4vw;\">Kh\u00f4ng ph\u1ea3i c\u1ee9 c\u1eaft g\u1ecdt x\u01b0\u01a1ng nhi\u1ec1u m\u1edbi l\u00e0 \u0111\u1eb9p m\u00e0 ph\u1ea3i<br \/>\nx\u00e1c \u0111\u1ecbnh tr\u01b0\u1edbc t\u1ef7 l\u1ec7 khu\u00f4n m\u1eb7t \u0111\u1ec3 c\u00f3 k\u1ebft qu\u1ea3 t\u1ef1 nhi\u00ean<\/p>\n<\/div><\/section><\/div>\n<br \/>\n<\/div><\/div><\/div><!-- close content main div --><\/div><\/div><div id='ulthermage_wrap01' class='avia-section main_color avia-section-no-padding avia-no-border-styling avia-bg-style-scroll    av-minimum-height av-minimum-height-custom  container_wrap fullsize' style=' '  ><div class='container' ><div class='template-page content  av-content-full alpha units'><div class='post-entry post-entry-type-page post-entry-7674'><div class='entry-content-wrapper clearfix'>\n<div class=\"flex_column av_one_full  flex_column_div av-zero-column-padding first   \" style='margin-top:50px; margin-bottom:0px; border-radius:0px; '><div style='padding-bottom:10px; color:#360915;font-size:5vw;' class='av-special-heading av-special-heading-h3 custom-color-heading blockquote modern-quote modern-centered   av-inherit-size '><div class ='av-subheading av-subheading_above av_custom_color ' style='font-size:20px;'><p class=\"sh_title_sub_text\">\n<p><span class=\"border-radius50 pink\"style=\"width:500px; background:#360915; font-size:20px;padding:5px 10px ; \">DA c\u1eaft \u0111\u1eb9p \u0111\u1ec3 l\u1ea1i \u0111\u1eb9p<br \/>\n<\/span ><\/p>\n<\/div><h3 class='av-special-heading-tag '  itemprop=\"headline\"  ><span class=\"font-w100\">Ch\u1ec9 c\u1eaft khi th\u1ef1c s\u1ef1 c\u1ea7n thi\u1ebft ph\u00e2n t\u00edch c\u1ea5u tr\u00fac x\u01b0\u01a1ng<\/span><br \/><span class=\"font-bold\">v\u00e0 t\u00ednh t\u1ef7 l\u1ec7 h\u1ee3p l\u00fd cho khu\u00f4n m\u1eb7t thon g\u1ecdn n\u1eef t\u00ednh h\u01a1n<\/span> <\/h3><div class='special-heading-border'><div class='special-heading-inner-border' style='border-color:#360915'><\/div><\/div><\/div><\/div><div class=\"flex_column av_one_full  flex_column_div av-zero-column-padding first   \" style='margin-top:50px; margin-bottom:0px; border-radius:0px; '><div class='avia-image-container  av-styling-no-styling  noHover  av-overlay-hover-deactivate    avia-align-center '  itemprop=\"image\" itemscope=\"itemscope\" itemtype=\"https:\/\/schema.org\/ImageObject\"  ><div class='avia-image-container-inner'><div class='avia-image-overlay-wrap'><div class='av-image-caption-overlay'><div class='av-caption-image-overlay-bg' style='opacity:0.4; '><\/div><div class='av-image-caption-overlay-position'><div class='av-image-caption-overlay-center' style='color:#ffffff; '><div style=\"background-color:#dd6b89; color:#ffffff; width:100%; position:absolute; bottom:0; left:0; margin:0 0 -160px 0; height:160px; padding:10px 0; font-size:4vw;\">\n<span class=\"font-bold\">DA ph\u1eabu thu\u1eadt V-line<\/span><br \/>\nT\u1ef7 l\u1ec7 gi\u1eefa x\u01b0\u01a1ng h\u00e0m v\u00e0 x\u01b0\u01a1ng c\u1eb1m l\u00e0 v\u00f4 c\u00f9ng quan tr\u1ecdng<\/p>\n<p>\nKh\u00e1c v\u1edbi nh\u1eefng ph\u1eabu thu\u1eadt th\u00f4ng th\u01b0\u1eddng,<br \/>\nt\u1ea1i vi\u1ec7n th\u1ea9m m\u1ef9 DA ch\u00fang t\u00f4i ph\u00e2n t\u00edch v\u00e0 t\u00ednh t\u1ef7 l\u1ec7 x\u01b0\u01a1ng h\u00e0m v\u00e0 c\u1eb1m ph\u00f9 h\u1ee3p v\u1edbi khu\u00f4n m\u1eb7t c\u1ee7a b\u1ea1n .\n<\/p>\n<\/div>\n<\/div><\/div><\/div><img class='avia_image' src='https:\/\/vn.daprs.com\/m\/wp-content\/uploads\/2021\/06\/301-m-img-section6_img01.jpg' alt='' title=''   itemprop=\"thumbnailUrl\"  \/><\/div><\/div><\/div><\/div><div class=\"flex_column av_one_full  flex_column_div av-zero-column-padding first   \" style='margin-top:170px; margin-bottom:0px; border-radius:0px; '><div class='avia-image-container  av-styling-no-styling  noHover  av-overlay-hover-deactivate    avia-align-center '  itemprop=\"image\" itemscope=\"itemscope\" itemtype=\"https:\/\/schema.org\/ImageObject\"  ><div class='avia-image-container-inner'><div class='avia-image-overlay-wrap'><div class='av-image-caption-overlay'><div class='av-caption-image-overlay-bg' style='opacity:0.4; '><\/div><div class='av-image-caption-overlay-position'><div class='av-image-caption-overlay-center' style='color:#ffffff; '><div style=\"background-color:#dd6b89; color:#ffffff; width:100%; position:absolute; bottom:0; left:0; margin:0 0 -160px 0; height:160px; padding:10px 0; font-size:4vw;\">\n<span class=\"font-bold\">DA ph\u1eabu thu\u1eadt tr\u01b0\u1ee3t c\u1eb1m<\/span><br \/>\nG\u1ecdt c\u1eb1m ch\u1eef T, thu g\u1ecdn c\u1eb1m, tr\u01b0\u1ee3t c\u1eb1m<\/p>\n<p>\nThu g\u1ecdn hai b\u00ean x\u01b0\u01a1ng h\u00e0m \u0111\u1ebfn c\u1eb1m tr\u01b0\u1edbc,<br \/>\nn\u1ebfu c\u1eb1m b\u1ea1n d\u00e0i th\u00ec s\u1ebd thu g\u1ecdn, n\u1ebfu c\u1eb1m b\u1ea1n ng\u1eafn th\u00ec s\u1ebd tr\u01b0\u1ee3t c\u1eb1m cho ph\u00f9 h\u1ee3p v\u1edbi khu\u00f4n m\u1eb7t\n<\/p>\n<\/div>\n<\/div><\/div><\/div><img class='avia_image' src='https:\/\/vn.daprs.com\/m\/wp-content\/uploads\/2021\/06\/301-m-img-section6_img02.jpg' alt='' title=''   itemprop=\"thumbnailUrl\"  \/><\/div><\/div><\/div><\/div>\n<br \/>\n<\/div><\/div><\/div><!-- close content main div --><\/div><\/div><div id='ulthermage_wrap01' class='avia-section main_color avia-section-default avia-no-border-styling avia-bg-style-scroll    av-minimum-height av-minimum-height-custom  container_wrap fullsize' style='background-color: #ffffff;  margin-top:170px; margin-bottom:0; '  ><div class='container' ><div class='template-page content  av-content-full alpha units'><div class='post-entry post-entry-type-page post-entry-7674'><div class='entry-content-wrapper clearfix'>\n<div class=\"flex_column av_one_full  flex_column_div av-zero-column-padding first   \" style='margin-top:0; margin-bottom:0px; border-radius:0px; '><div style='padding-bottom:10px; color:#360915;font-size:7vw;' class='av-special-heading av-special-heading-h3 custom-color-heading blockquote modern-quote modern-centered   av-inherit-size '><div class ='av-subheading av-subheading_above av_custom_color ' style='font-size:20px;'><p class=\"sh_title_sub_text\">\n<p><span class=\"border-radius50 pink\" style=\"padding:5px 30px; background-color:#360915;color:#fff\">S\u1ef1 kh\u00e1c bi\u1ec7t v\u1ec1 k\u1ef9 thu\u1eadt s\u1ebd c\u00f3 s\u1ef1 kh\u00e1c bi\u1ec7t v\u1ec1 k\u1ebft qu\u1ea3<br \/>\n<\/span ><\/p>\n<\/div><h3 class='av-special-heading-tag '  itemprop=\"headline\"  ><span class=\"font-w100\">D\u1ef1a tr\u00ean k\u1ebft qu\u1ea3 nghi\u00ean c\u1ee9u h\u1ecdc thu\u1eadt<\/span><br \/><span class=\"font-bold\">K\u1ef9 thu\u1eadt thu g\u1ecdn x\u01b0\u01a1ng h\u00e0m m\u1eb7t c\u1ee7a DA<\/span><\/h3><div class='special-heading-border'><div class='special-heading-inner-border' style='border-color:#360915'><\/div><\/div><\/div><\/div><div class=\"flex_column av_one_full  flex_column_div first   \" style='margin-bottom:0; padding:0px 0px 0px 0 ; border-radius:0px; '><div class='avia-image-container  av-styling-no-styling  noHover  av-overlay-hover-deactivate    avia-align-center '  itemprop=\"image\" itemscope=\"itemscope\" itemtype=\"https:\/\/schema.org\/ImageObject\"  ><div class='avia-image-container-inner'><div class='avia-image-overlay-wrap'><div class='av-image-caption-overlay'><div class='av-caption-image-overlay-bg' style='opacity:0.4; '><\/div><div class='av-image-caption-overlay-position'><div class='av-image-caption-overlay-center' ><div style=\"width:100%; position:absolute; bottom:0; left:0; margin:0 0 -160px 0; height:160px; padding:10px 0; font-size:4vw;\">\nQuan tr\u1ecdng nh\u1ea5t l\u00e0 t\u1ef7 l\u1ec7<br \/>\ngi\u1eefa h\u00e0m v\u00e0 c\u1eb1m\n<\/div>\n<\/div><\/div><\/div><img class='avia_image' src='https:\/\/vn.daprs.com\/m\/wp-content\/uploads\/2021\/06\/301-m-img-section8_img01.png' alt='' title=''   itemprop=\"thumbnailUrl\"  \/><\/div><\/div><\/div><\/div><div class=\"flex_column av_one_full  flex_column_div first   \" style='margin-top:170px; margin-bottom:0px; padding:0px 0 0px 0px ; border-radius:0px; '><div class='avia-image-container  av-styling-no-styling  noHover  av-overlay-hover-deactivate    avia-align-center '  itemprop=\"image\" itemscope=\"itemscope\" itemtype=\"https:\/\/schema.org\/ImageObject\"  ><div class='avia-image-container-inner'><div class='avia-image-overlay-wrap'><div class='av-image-caption-overlay'><div class='av-caption-image-overlay-bg' style='opacity:0.4; '><\/div><div class='av-image-caption-overlay-position'><div class='av-image-caption-overlay-center' ><div style=\"width:100%; position:absolute; bottom:0; left:0; margin:0 0 -60px 0; height:60px; padding:10px 0; font-size:4vw;\">\nPh\u1eabu thu\u1eadt c\u1eb1m\n<\/div>\n<\/div><\/div><\/div><img class='avia_image' src='https:\/\/vn.daprs.com\/m\/wp-content\/uploads\/2021\/06\/301-m-img-section8_img02.png' alt='' title=''   itemprop=\"thumbnailUrl\"  \/><\/div><\/div><\/div><\/div>\n<br \/>\n<\/div><\/div><\/div><!-- close content main div --><\/div><\/div><div id='ulthermage_wrap01' class='avia-section main_color avia-section-default avia-no-border-styling avia-bg-style-scroll    av-minimum-height av-minimum-height-custom  container_wrap fullsize' style='background-color: #ffffff;  margin-top:70px; margin-bottom:0px; '  ><div class='container' ><div class='template-page content  av-content-full alpha units'><div class='post-entry post-entry-type-page post-entry-7674'><div class='entry-content-wrapper clearfix'>\n<div class='avia-image-container  av-styling-no-styling  noHover  av-overlay-hover-deactivate    avia-align-center '  itemprop=\"image\" itemscope=\"itemscope\" itemtype=\"https:\/\/schema.org\/ImageObject\"  ><div class='avia-image-container-inner'><div class='avia-image-overlay-wrap'><div class='av-image-caption-overlay'><div class='av-caption-image-overlay-bg' style='opacity:0.4; '><\/div><div class='av-image-caption-overlay-position'><div class='av-image-caption-overlay-center' style='color:#ffffff; '><div style=\"margin:80% 0 0 0;\">\n<span class=\"font-bold\">B\u1ea1n s\u1ebd xinh h\u01a1n<br \/>\nb\u1ea1n g\u00e1i b\u00ean c\u1ea1nh\n<\/div>\n<p>Xinh \u0111\u1eb9p ch\u1ec9 c\u00f3<br \/>\n<span class=\"font-bold\">th\u1ec3 l\u00e0 DA!<br \/>\n<\/span>\n<\/div>\n<\/div><\/div><\/div><img class='avia_image' src='https:\/\/vn.daprs.com\/m\/wp-content\/uploads\/2021\/06\/301-m-img-section7.jpg' alt='' title=''   itemprop=\"thumbnailUrl\"  \/><\/div><\/div><\/div>\n<\/p>\n","protected":false},"excerpt":{"rendered":"<p>\t\t\t\t<![CDATA[\n\t\t\t\t<![CDATA[]]]]><![CDATA[>\t\t]]>\t\t<\/p>\n","protected":false},"author":1,"featured_media":0,"parent":0,"menu_order":301,"comment_status":"closed","ping_status":"closed","template":"","meta":[],"_links":{"self":[{"href":"https:\/\/vn.daprs.com\/m\/wp-json\/wp\/v2\/pages\/7674"}],"collection":[{"href":"https:\/\/vn.daprs.com\/m\/wp-json\/wp\/v2\/pages"}],"about":[{"href":"https:\/\/vn.daprs.com\/m\/wp-json\/wp\/v2\/types\/page"}],"author":[{"embeddable":true,"href":"https:\/\/vn.daprs.com\/m\/wp-json\/wp\/v2\/users\/1"}],"replies":[{"embeddable":true,"href":"https:\/\/vn.daprs.com\/m\/wp-json\/wp\/v2\/comments?post=7674"}],"version-history":[{"count":8,"href":"https:\/\/vn.daprs.com\/m\/wp-json\/wp\/v2\/pages\/7674\/revisions"}],"predecessor-version":[{"id":17584,"href":"https:\/\/vn.daprs.com\/m\/wp-json\/wp\/v2\/pages\/7674\/revisions\/17584"}],"wp:attachment":[{"href":"https:\/\/vn.daprs.com\/m\/wp-json\/wp\/v2\/media?parent=7674"}],"curies":[{"name":"wp","href":"https:\/\/api.w.org\/{rel}","templated":true}]}}