{"id":7683,"date":"2021-04-06T08:12:14","date_gmt":"2021-04-06T08:12:14","guid":{"rendered":"https:\/\/jp.daprs.com\/m\/?page_id=2329"},"modified":"2023-01-19T09:34:49","modified_gmt":"2023-01-19T09:34:49","slug":"motiva","status":"publish","type":"page","link":"https:\/\/vn.daprs.com\/m\/motiva\/","title":{"rendered":"T\u00fai Motiva"},"content":{"rendered":"<p><div id='ulthermage_wrap01' class='avia-section main_color avia-section-default avia-no-border-styling avia-bg-style-scroll  avia-builder-el-0  el_before_av_section  avia-builder-el-first    av-minimum-height av-minimum-height-custom  container_wrap fullsize' style=' '  ><div class='container' ><main  role=\"main\" itemprop=\"mainContentOfPage\"  class='template-page content  av-content-full alpha units'><div class='post-entry post-entry-type-page post-entry-7683'><div class='entry-content-wrapper clearfix'>\n<div class='avia-image-container  av-styling-no-styling    avia-builder-el-1  el_before_av_one_full  avia-builder-el-first   avia-align-center '  itemprop=\"image\" itemscope=\"itemscope\" itemtype=\"https:\/\/schema.org\/ImageObject\"  ><div class='avia-image-container-inner'><div class='avia-image-overlay-wrap'><img class='avia_image' src='https:\/\/vn.daprs.com\/m\/wp-content\/uploads\/2021\/06\/402-m-img-sec1.jpg' alt='' title=''   itemprop=\"thumbnailUrl\"  \/><\/div><\/div><\/div>\n<div class=\"flex_column av_one_full  flex_column_div av-zero-column-padding first  avia-builder-el-2  el_after_av_image  avia-builder-el-last   \" style='margin-top:-147%; margin-bottom:0px; border-radius:0px; '><p><div class='avia-image-container  av-styling-    avia-builder-el-3  el_before_av_heading  avia-builder-el-first   avia-align-center '  itemprop=\"image\" itemscope=\"itemscope\" itemtype=\"https:\/\/schema.org\/ImageObject\"  ><div class='avia-image-container-inner'><div class='avia-image-overlay-wrap'><img class='avia_image' src='https:\/\/vn.daprs.com\/m\/wp-content\/uploads\/2021\/06\/402-m-img-sec1_h2_1.png' alt='' title=''   itemprop=\"thumbnailUrl\"  \/><\/div><\/div><\/div><br \/>\n<div style='padding-bottom:10px; margin-top:-6%; color:#ffffff;font-size:5vw;' class='av-special-heading av-special-heading-h3 custom-color-heading blockquote modern-quote modern-centered  avia-builder-el-4  el_after_av_image  avia-builder-el-last   av-inherit-size '><div class ='av-subheading av-subheading_above av_custom_color ' style='font-size:34px;'><p class=\"sh_title_sub_text\">\n<p>#b\u1ea1n c\u0169ng c\u00f3 th\u1ec3 \u0111\u1eb9p h\u01a1n<br \/>\n# ph\u1eabu thu\u1eadt ng\u1ef1c DA<\/p>\n<\/div><h3 class='av-special-heading-tag '  itemprop=\"headline\"  >MOTIVA <br \/>Ph\u1eabu thu\u1eadt ng\u1ef1c<\/h3><div class='special-heading-border'><div class='special-heading-inner-border' style='border-color:#ffffff'><\/div><\/div><\/div><\/p><\/div>\n<br \/>\n<\/div><\/div><\/main><!-- close content main element --><\/div><\/div><div id='ulthermage_wrap01' class='avia-section main_color avia-section-default avia-no-border-styling avia-bg-style-scroll  avia-builder-el-5  el_after_av_section  el_before_av_section    av-minimum-height av-minimum-height-custom  container_wrap fullsize' style=' '  ><div class='container' ><div class='template-page content  av-content-full alpha units'><div class='post-entry post-entry-type-page post-entry-7683'><div class='entry-content-wrapper clearfix'>\n<div class='avia-image-container  av-styling-no-styling    avia-builder-el-6  el_before_av_one_full  avia-builder-el-first   avia-align-center '  itemprop=\"image\" itemscope=\"itemscope\" itemtype=\"https:\/\/schema.org\/ImageObject\"  ><div class='avia-image-container-inner'><div class='avia-image-overlay-wrap'><img class='avia_image' src='https:\/\/vn.daprs.com\/m\/wp-content\/uploads\/2021\/09\/402-m-img-sec2.jpg' alt='' title='402-m-img-sec2' height=\"1134\" width=\"640\"  itemprop=\"thumbnailUrl\"  \/><\/div><\/div><\/div>\n<div class=\"flex_column av_one_full  flex_column_div av-zero-column-padding first  avia-builder-el-7  el_after_av_image  el_before_av_one_full   \" style='margin-top:-165%; margin-bottom:0px; border-radius:0px; '><div style='padding-bottom:10px; color:#ffffff;font-size:7vw;' class='av-special-heading av-special-heading-h3 custom-color-heading blockquote modern-quote modern-centered  avia-builder-el-8  avia-builder-el-no-sibling   av-inherit-size '><h3 class='av-special-heading-tag '  itemprop=\"headline\"  >Kh\u00f4ng ph\u1ea3i c\u1ee9 to l\u00e0 \u0111\u1eb9p!<\/h3><div class='special-heading-border'><div class='special-heading-inner-border' style='border-color:#ffffff'><\/div><\/div><\/div><\/div><div class=\"flex_column av_one_full  flex_column_div av-zero-column-padding first  avia-builder-el-9  el_after_av_one_full  avia-builder-el-last   column-top-margin\" style='margin-top:-35%; margin-bottom:0px; border-radius:0px; '><section class=\"av_textblock_section \"  itemscope=\"itemscope\" itemtype=\"https:\/\/schema.org\/CreativeWork\" ><div class='avia_textblock  av_inherit_color '  style='font-size:40px; color:#000000; '  itemprop=\"text\" ><p style=\"margin-top: 70px; font-size: 4vw; color: #ffffff; text-align: center;\">Ng\u1ef1c t\u1ef1 nhi\u00ean h\u01a1n<br \/>\n<span style=\"font-weight: bold;\">Ph\u1eabu thu\u1eadt ng\u1ef1c MOTIVA<br \/>\n<\/span><\/p>\n<\/div><\/section><\/div>\n<br \/>\n<\/div><\/div><\/div><!-- close content main div --><\/div><\/div><div id='ulthermage_wrap01' class='avia-section main_color avia-section-default avia-no-border-styling avia-bg-style-scroll  avia-builder-el-11  el_after_av_section  el_before_av_section    av-minimum-height av-minimum-height-custom  container_wrap fullsize' style='background-color: #fedcd0;  '  ><div class='container' ><div class='template-page content  av-content-full alpha units'><div class='post-entry post-entry-type-page post-entry-7683'><div class='entry-content-wrapper clearfix'>\n<div class=\"flex_column av_one_full  flex_column_div first  avia-builder-el-12  el_before_av_one_full  avia-builder-el-first   \" style='padding:40px 0px 40px 0px ; border-radius:0px; '><div style='padding-bottom:10px; color:#6e0072;font-size:7vw;' class='av-special-heading av-special-heading-h3 custom-color-heading blockquote modern-quote modern-centered  avia-builder-el-13  avia-builder-el-no-sibling   av-inherit-size '><h3 class='av-special-heading-tag '  itemprop=\"headline\"  >\u0110\u1eb7c \u0111i\u1ec3m t\u00fai Motiva Egonomix<\/h3><div class='special-heading-border'><div class='special-heading-inner-border' style='border-color:#6e0072'><\/div><\/div><\/div><\/div><div class=\"flex_column av_one_full  flex_column_div av-zero-column-padding first  avia-builder-el-14  el_after_av_one_full  el_before_av_one_full   column-top-margin\" style='border-width:7px; border-color:#ffffff; border-style:solid; border-radius:0px; '><div class='avia-image-container  av-styling-no-styling  noHover  av-overlay-hover-deactivate   avia-builder-el-15  avia-builder-el-no-sibling   avia-align-center '  itemprop=\"image\" itemscope=\"itemscope\" itemtype=\"https:\/\/schema.org\/ImageObject\"  ><div class='avia-image-container-inner'><div class='avia-image-overlay-wrap'><div class='av-image-caption-overlay'><div class='av-caption-image-overlay-bg' style='opacity:0.4; '><\/div><div class='av-image-caption-overlay-position'><div class='av-image-caption-overlay-center' style='color:#ffffff; '><div style=\"background-color:#fcb194; color:#ffffff; width:100%; position:absolute; bottom:0; left:0; margin:0 0 -30px 0; height:30px; padding:0; font-size:3vw;\"><span class=\"font-bold\">D\u00e1ng ng\u1ef1c linh \u0111\u1ed9ng theo t\u1eebng chuy\u1ec3n \u0111\u1ed9ng<br \/>\n<\/span>\n<\/div>\n<div style=\"background-color:#ffffff; color:#593787; width:100%; position:absolute; bottom:0; left:0; margin:0 0 -120px 0; height:90px; padding:20px 5px; line-height:1.3em; font-size:3vw;\"><span class=\"font-w500\">D\u00e1ng ng\u1ef1c linh \u0111\u1ed9ng theo t\u1eebng chuy\u1ec3n \u0111\u1ed9ng c\u1ee7a c\u01a1 th\u1ec3<br \/>\nkhi \u0111\u1ee9ng, khi n\u1eb1m.<br \/>\n<\/span>\n<\/div>\n<\/div><\/div><\/div><img class='avia_image' src='https:\/\/vn.daprs.com\/m\/wp-content\/uploads\/2021\/09\/402-m-img-sec3_03.jpg' alt='' title='402-m-img-sec3_03' height=\"175\" width=\"563\"  itemprop=\"thumbnailUrl\"  \/><\/div><\/div><\/div><\/div><div class=\"flex_column av_one_full  flex_column_div av-zero-column-padding first  avia-builder-el-16  el_after_av_one_full  el_before_av_one_full   column-top-margin\" style='margin-top:140px; margin-bottom:0px; border-width:7px; border-color:#ffffff; border-style:solid; border-radius:0px; '><div class='avia-image-container  av-styling-no-styling  noHover  av-overlay-hover-deactivate   avia-builder-el-17  avia-builder-el-no-sibling   avia-align-center '  itemprop=\"image\" itemscope=\"itemscope\" itemtype=\"https:\/\/schema.org\/ImageObject\"  ><div class='avia-image-container-inner'><div class='avia-image-overlay-wrap'><div class='av-image-caption-overlay'><div class='av-caption-image-overlay-bg' style='opacity:0.4; '><\/div><div class='av-image-caption-overlay-position'><div class='av-image-caption-overlay-center' style='color:#ffffff; '><div style=\"background-color:#fcb194; color:#ffffff; width:100%; position:absolute; bottom:0; left:0; margin:0 0 -30px 0; height:30px; padding:0; font-size:3vw;\"><span class=\"font-bold\">B\u1ec1 m\u1eb7t nh\u1eb5n gi\u1ea3m gi\u1ea3m t\u1ef7 l\u1ec7 bao x\u01a1 (silksurface)<br \/>\n<\/span>\n<\/div>\n<div style=\"background-color:#ffffff; color:#593787; width:100%; position:absolute; bottom:0; left:0; margin:0 0 -120px 0; height:90px; padding:20px 5px; line-height:1.3em; font-size:3vw;\"><span class=\"font-w500\">B\u1ec1 m\u1eb7t nh\u1eb5n v\u00e0 d\u1ec5 th\u00edch nghi v\u1edbi c\u01a1 th\u1ec3, t\u1ef7 l\u1ec7 bao x\u01a1, vi\u00eam<br \/>\nnhi\u1ec3m, d\u1ecb \u1ee9ng th\u1ea5p v\u00e0 kh\u00f4ng c\u1ea7n ph\u1ea3i m\u00e1t xa sau khi ph\u1eabu thu\u1eadt<br \/>\n<\/span>\n<\/div>\n<\/div><\/div><\/div><img class='avia_image' src='https:\/\/vn.daprs.com\/m\/wp-content\/uploads\/2021\/06\/402-m-img-sec3_06.jpg' alt='' title=''   itemprop=\"thumbnailUrl\"  \/><\/div><\/div><\/div><\/div><div class=\"flex_column av_one_full  flex_column_div av-zero-column-padding first  avia-builder-el-18  el_after_av_one_full  el_before_av_one_full   column-top-margin\" style='margin-top:140px; margin-bottom:0px; border-width:7px; border-color:#ffffff; border-style:solid; border-radius:0px; '><div class='avia-image-container  av-styling-no-styling  noHover  av-overlay-hover-deactivate   avia-builder-el-19  avia-builder-el-no-sibling   avia-align-center '  itemprop=\"image\" itemscope=\"itemscope\" itemtype=\"https:\/\/schema.org\/ImageObject\"  ><div class='avia-image-container-inner'><div class='avia-image-overlay-wrap'><div class='av-image-caption-overlay'><div class='av-caption-image-overlay-bg' style='opacity:0.4; '><\/div><div class='av-image-caption-overlay-position'><div class='av-image-caption-overlay-center' style='color:#ffffff; '><div style=\"background-color:#fcb194; color:#ffffff; width:100%; position:absolute; bottom:0; left:0; margin:0 0 -30px 0; height:30px; padding:0; font-size:3vw;\"><span class=\"font-bold\">C\u00f3 th\u1ec3 ki\u1ec3m tra \u0111\u1ed9 an to\u00e0n qua l\u1edbi Blueseal Layer<br \/>\n<\/span>\n<\/div>\n<div style=\"background-color:#ffffff; color:#593787; width:100%; position:absolute; bottom:0; left:0; margin:0 0 -120px 0; height:90px; padding:20px 5px; line-height:1.3em; font-size:3vw;\"><span class=\"font-w500\">C\u00f3 th\u1ec3 ki\u1ec3m tra tr\u1ea1ng th\u00e1i b\u00ean trong t\u00fai \u0111\u1ed9n nh\u01b0 kh\u1ea3 n\u0103ng n\u1ee9t n\u1ebb<br \/>\nqua l\u1edbp v\u1ecf b\u00ean ngo\u00e0i Blueseal<br \/>\n<\/span>\n<\/div>\n<\/div><\/div><\/div><img class='avia_image' src='https:\/\/vn.daprs.com\/m\/wp-content\/uploads\/2021\/06\/402-m-img-sec3_08.jpg' alt='' title=''   itemprop=\"thumbnailUrl\"  \/><\/div><\/div><\/div><\/div><div class=\"flex_column av_one_full  flex_column_div av-zero-column-padding first  avia-builder-el-20  el_after_av_one_full  avia-builder-el-last   column-top-margin\" style='margin-top:140px; margin-bottom:0px; border-radius:0px; '><\/div>\n<br \/>\n<\/div><\/div><\/div><!-- close content main div --><\/div><\/div><div id='ulthermage_wrap01' class='avia-section main_color avia-section-default avia-no-border-styling avia-bg-style-scroll  avia-builder-el-21  el_after_av_section  el_before_av_section    av-minimum-height av-minimum-height-custom  container_wrap fullsize' style=' '  ><div class='container' ><div class='template-page content  av-content-full alpha units'><div class='post-entry post-entry-type-page post-entry-7683'><div class='entry-content-wrapper clearfix'>\n<div class='avia-image-container  av-styling-no-styling    avia-builder-el-22  el_before_av_one_full  avia-builder-el-first   avia-align-center '  itemprop=\"image\" itemscope=\"itemscope\" itemtype=\"https:\/\/schema.org\/ImageObject\"  ><div class='avia-image-container-inner'><div class='avia-image-overlay-wrap'><img class='avia_image' src='https:\/\/vn.daprs.com\/m\/wp-content\/uploads\/2021\/09\/402-m-img-sec4.jpg' alt='' title='402-m-img-sec4' height=\"1135\" width=\"640\"  itemprop=\"thumbnailUrl\"  \/><\/div><\/div><\/div>\n<div class=\"flex_column av_one_full  flex_column_div av-zero-column-padding first  avia-builder-el-23  el_after_av_image  avia-builder-el-last   \" style='margin-top:-154.5%; margin-bottom:0px; border-radius:0px; '><div style='padding-bottom:10px; color:#ffffff;font-size:4vw;' class='av-special-heading av-special-heading-h3 custom-color-heading blockquote modern-quote modern-centered  avia-builder-el-24  avia-builder-el-no-sibling   av-inherit-size '><div class ='av-subheading av-subheading_above av_custom_color ' style='font-size:18px;'><p>K\u1ef9 thu\u1eadt m\u1ed5 \u0111\u1eb7t t\u00fai \u0111\u1ed9n 3D t\u1ea1o d\u00e1ng ng\u1ef1c ho\u00e0n h\u1ea3o<\/p>\n<\/div><h3 class='av-special-heading-tag '  itemprop=\"headline\"  >C\u00f9ng m\u1ed9t t\u00fai \u0111\u1ed9n c\u00f3 th\u1ec3 t\u1ea1o d\u00e1ng ng\u1ef1c kh\u00e1c nhau<\/h3><div class='special-heading-border'><div class='special-heading-inner-border' style='border-color:#ffffff'><\/div><\/div><\/div><\/div>\n<br \/>\n<\/div><\/div><\/div><!-- close content main div --><\/div><\/div><div id='ulthermage_wrap01' class='avia-section main_color avia-section-default avia-no-border-styling avia-bg-style-scroll  avia-builder-el-25  el_after_av_section  el_before_av_section    av-minimum-height av-minimum-height-custom  container_wrap fullsize' style=' '  ><div class='container' ><div class='template-page content  av-content-full alpha units'><div class='post-entry post-entry-type-page post-entry-7683'><div class='entry-content-wrapper clearfix'>\n<div class='avia-image-container  av-styling-no-styling    avia-builder-el-26  el_before_av_one_full  avia-builder-el-first   avia-align-center '  itemprop=\"image\" itemscope=\"itemscope\" itemtype=\"https:\/\/schema.org\/ImageObject\"  ><div class='avia-image-container-inner'><div class='avia-image-overlay-wrap'><img class='avia_image' src='https:\/\/vn.daprs.com\/m\/wp-content\/uploads\/2021\/09\/402-m-img-sec5.jpg' alt='' title='402-m-img-sec5' height=\"1034\" width=\"640\"  itemprop=\"thumbnailUrl\"  \/><\/div><\/div><\/div>\n<div class=\"flex_column av_one_full  flex_column_div av-zero-column-padding first  avia-builder-el-27  el_after_av_image  avia-builder-el-last   \" style='margin-top:-142%; margin-bottom:0px; border-radius:0px; '><div style='padding-bottom:10px; color:#ffffff;font-size:4vw;' class='av-special-heading av-special-heading-h3 custom-color-heading blockquote modern-quote modern-centered  avia-builder-el-28  avia-builder-el-no-sibling   av-inherit-size '><h3 class='av-special-heading-tag '  itemprop=\"headline\"  >B\u00ed m\u1eadt v\u1ec1 khu\u00f4n ng\u1ef1c t\u1ef1 nhi\u00ean c\u1ee7a t\u00f4i?<\/h3><div class ='av-subheading av-subheading_below av_custom_color ' style='font-size:18px;'><p>D\u00e1ng ng\u1ef1c<br \/>\nI line v\u1edbi DA<\/p>\n<\/div><div class='special-heading-border'><div class='special-heading-inner-border' style='border-color:#ffffff'><\/div><\/div><\/div><\/div><\/div><\/div><\/div><!-- close content main div --><\/div><\/div><div id='ulthermage_wrap01' class='avia-section main_color avia-section-default avia-no-border-styling avia-bg-style-scroll  avia-builder-el-29  el_after_av_section  el_before_av_section    av-minimum-height av-minimum-height-custom  container_wrap fullsize' style=' '  ><div class='container' ><div class='template-page content  av-content-full alpha units'><div class='post-entry post-entry-type-page post-entry-7683'><div class='entry-content-wrapper clearfix'>\n<div class='avia-image-container  av-styling-no-styling    avia-builder-el-30  el_before_av_one_full  avia-builder-el-first   avia-align-center '  itemprop=\"image\" itemscope=\"itemscope\" itemtype=\"https:\/\/schema.org\/ImageObject\"  ><div class='avia-image-container-inner'><div class='avia-image-overlay-wrap'><img class='avia_image' src='https:\/\/vn.daprs.com\/m\/wp-content\/uploads\/2021\/09\/402-m-img-sec6.jpg' alt='' title='402-m-img-sec6' height=\"811\" width=\"640\"  itemprop=\"thumbnailUrl\"  \/><\/div><\/div><\/div>\n<div class=\"flex_column av_one_full  flex_column_div av-zero-column-padding first  avia-builder-el-31  el_after_av_image  avia-builder-el-last   \" style='margin-top:-92.5%; margin-bottom:0px; border-radius:0px; '><div style='padding-bottom:10px; color:#ffffff;font-size:4vw;' class='av-special-heading av-special-heading-h3 custom-color-heading blockquote modern-quote modern-centered  avia-builder-el-32  avia-builder-el-no-sibling   av-inherit-size '><h3 class='av-special-heading-tag '  itemprop=\"headline\"  >Ph\u1eabu thu\u1eadt ng\u1ef1c t\u00fai \u0111\u1ed9n Motiva<\/h3><div class ='av-subheading av-subheading_below av_custom_color ' style='font-size:18px;'><p>Bluseal K\u1ef9 thu\u1eadt bao b\u1ecdc b\u1ec1 m\u1eb7t t\u00fai \u0111\u1ed9n \u0111\u1ea3m b\u1ea3o \u0111\u1ed9 an to\u00e0n<br \/>\nUDI C\u1ea5u t\u1ea1o chip mini c\u00f3 th\u1ec3 ki\u1ec3m tra th\u00f4ng tin t\u00fai \u0111\u1ed9n<\/p>\n<\/div><div class='special-heading-border'><div class='special-heading-inner-border' style='border-color:#ffffff'><\/div><\/div><\/div><\/div><\/div><\/div><\/div><!-- close content main div --><\/div><\/div><div id='ulthermage_wrap01' class='avia-section main_color avia-section-default avia-no-border-styling avia-bg-style-scroll  avia-builder-el-33  el_after_av_section  el_before_av_section    av-minimum-height av-minimum-height-custom  container_wrap fullsize' style=' '  ><div class='container' ><div class='template-page content  av-content-full alpha units'><div class='post-entry post-entry-type-page post-entry-7683'><div class='entry-content-wrapper clearfix'>\n<div class='avia-image-container  av-styling-no-styling    avia-builder-el-34  avia-builder-el-no-sibling   avia-align-center '  itemprop=\"image\" itemscope=\"itemscope\" itemtype=\"https:\/\/schema.org\/ImageObject\"  ><div class='avia-image-container-inner'><div class='avia-image-overlay-wrap'><img class='avia_image' src='https:\/\/vn.daprs.com\/m\/wp-content\/uploads\/2021\/09\/402-m-img-sec7.jpg' alt='' title='402-m-img-sec7' height=\"707\" width=\"640\"  itemprop=\"thumbnailUrl\"  \/><\/div><\/div><\/div>\n<div class=\"flex_column av_one_full  flex_column_div av-zero-column-padding first   \" style='margin-top:-100%; border-radius:0px; '><div style='padding-bottom:10px; color:#672562;font-size:7vw;' class='av-special-heading av-special-heading-h3 custom-color-heading blockquote modern-quote modern-centered   av-inherit-size '><h3 class='av-special-heading-tag '  itemprop=\"headline\"  >Ph\u1eabu thu\u1eadt ng\u1ef1c t\u00fai \u0111\u1ed9n Motiva<\/h3><div class='special-heading-border'><div class='special-heading-inner-border' style='border-color:#672562'><\/div><\/div><\/div><\/div>\n<br \/>\n<\/div><\/div><\/div><!-- close content main div --><\/div><\/div><div id='ulthermage_wrap01' class='avia-section main_color avia-section-default avia-no-border-styling avia-bg-style-scroll  avia-builder-el-35  el_after_av_section  avia-builder-el-last    av-minimum-height av-minimum-height-custom  container_wrap fullsize' style=' '  ><div class='container' ><div class='template-page content  av-content-full alpha units'><div class='post-entry post-entry-type-page post-entry-7683'><div class='entry-content-wrapper clearfix'>\n<div class='avia-image-container  av-styling-no-styling    avia-builder-el-36  el_before_av_one_full  avia-builder-el-first   avia-align-center '  itemprop=\"image\" itemscope=\"itemscope\" itemtype=\"https:\/\/schema.org\/ImageObject\"  ><div class='avia-image-container-inner'><div class='avia-image-overlay-wrap'><img class='avia_image' src='http:\/\/vn.daprs.com\/m\/wp-content\/uploads\/2021\/06\/402-m-img-sec9.jpg' alt='' title=''   itemprop=\"thumbnailUrl\"  \/><\/div><\/div><\/div>\n<div class=\"flex_column av_one_full  flex_column_div av-zero-column-padding first  avia-builder-el-37  el_after_av_image  avia-builder-el-last   \" style='margin-top:-210%; background: #ffffff; background-color:#ffffff; border-radius:0px; '><div style='padding-bottom:10px; color:#672562;font-size:7vw;' class='av-special-heading av-special-heading-h3 custom-color-heading blockquote modern-quote modern-centered  avia-builder-el-38  avia-builder-el-no-sibling   av-inherit-size '><h3 class='av-special-heading-tag '  itemprop=\"headline\"  >T\u00fai \u0111\u1ed9n Motiva <span class='special_amp'>&amp;<\/span> DA<br \/>G\u1ee3i c\u1ea3m thu h\u00fat m\u1ecdi \u00e1nh nh\u00ecn<\/h3><div class='special-heading-border'><div class='special-heading-inner-border' style='border-color:#672562'><\/div><\/div><\/div><\/div>\n<\/p>\n","protected":false},"excerpt":{"rendered":"<p>\t\t\t\t<![CDATA[\n\t\t\t\t<![CDATA[]]]]><![CDATA[>\t\t]]>\t\t<\/p>\n","protected":false},"author":1,"featured_media":0,"parent":0,"menu_order":401,"comment_status":"closed","ping_status":"closed","template":"","meta":[],"_links":{"self":[{"href":"https:\/\/vn.daprs.com\/m\/wp-json\/wp\/v2\/pages\/7683"}],"collection":[{"href":"https:\/\/vn.daprs.com\/m\/wp-json\/wp\/v2\/pages"}],"about":[{"href":"https:\/\/vn.daprs.com\/m\/wp-json\/wp\/v2\/types\/page"}],"author":[{"embeddable":true,"href":"https:\/\/vn.daprs.com\/m\/wp-json\/wp\/v2\/users\/1"}],"replies":[{"embeddable":true,"href":"https:\/\/vn.daprs.com\/m\/wp-json\/wp\/v2\/comments?post=7683"}],"version-history":[{"count":4,"href":"https:\/\/vn.daprs.com\/m\/wp-json\/wp\/v2\/pages\/7683\/revisions"}],"predecessor-version":[{"id":17539,"href":"https:\/\/vn.daprs.com\/m\/wp-json\/wp\/v2\/pages\/7683\/revisions\/17539"}],"wp:attachment":[{"href":"https:\/\/vn.daprs.com\/m\/wp-json\/wp\/v2\/media?parent=7683"}],"curies":[{"name":"wp","href":"https:\/\/api.w.org\/{rel}","templated":true}]}}