{"id":7686,"date":"2021-04-08T03:07:25","date_gmt":"2021-04-08T03:07:25","guid":{"rendered":"https:\/\/jp.daprs.com\/m\/?page_id=2513"},"modified":"2023-01-25T02:53:23","modified_gmt":"2023-01-25T02:53:23","slug":"reduction","status":"publish","type":"page","link":"https:\/\/vn.daprs.com\/m\/reduction\/","title":{"rendered":"Thu nh\u1ecf ng\u1ef1c"},"content":{"rendered":"<div id='ulthermage_wrap01' class='avia-section main_color avia-section-default avia-no-border-styling avia-bg-style-scroll  avia-builder-el-0  el_before_av_section  avia-builder-el-first    av-minimum-height av-minimum-height-custom  container_wrap fullsize' style=' '  ><div class='container' ><main  role=\"main\" itemprop=\"mainContentOfPage\"  class='template-page content  av-content-full alpha units'><div class='post-entry post-entry-type-page post-entry-7686'><div class='entry-content-wrapper clearfix'>\n<div class='avia-image-container  av-styling-  noHover  av-overlay-hover-deactivate   avia-builder-el-1  avia-builder-el-no-sibling   avia-align-center '  itemprop=\"image\" itemscope=\"itemscope\" itemtype=\"https:\/\/schema.org\/ImageObject\"  ><div class='avia-image-container-inner'><div class='avia-image-overlay-wrap'><div class='av-image-caption-overlay'><div class='av-caption-image-overlay-bg' style='opacity:0.4; '><\/div><div class='av-image-caption-overlay-position'><div class='av-image-caption-overlay-center' style='color:#e01c7c; '><p style=\"text-align:center;padding-right: 55%;    margin-top: -8%;\n    font-size: 5vw;\"><br \/>\nPh\u1eabu thu\u1eadt thu nh\u1ecf ng\u1ef1c<\/p>\n<p style=\"text-align: center; padding-right:55%;font-size:3vw;\">D\u00e1ng ng\u1ef1c \u0111\u1eb9p t\u1ef1 nhi\u00ean, ph\u00f9 h\u1ee3p v\u1edbi c\u01a1 t\u1ef7 l\u1ec7 chu\u1ea9n T\u1ef1 nhi\u00ean h\u01a1n! T\u1ef1 tin h\u01a1n! Thu nh\u1ecf ng\u1ef1c DA<\/p>\n<\/div><\/div><\/div><img class='avia_image' src='https:\/\/jp.daprs.com\/m\/wp-content\/uploads\/2021\/06\/405-m-breast_reduction_01.jpg' alt='' title=''   itemprop=\"thumbnailUrl\"  \/><\/div><\/div><\/div>\n<\/div><\/div><\/main><!-- close content main element --><\/div><\/div><div id='ulthermage_wrap01' class='avia-section main_color avia-section-no-padding avia-no-border-styling avia-bg-style-scroll  avia-builder-el-2  el_after_av_section  el_before_av_section    av-minimum-height av-minimum-height-custom  container_wrap fullsize' style='background-color: #606771;  '  ><div class='container' ><div class='template-page content  av-content-full alpha units'><div class='post-entry post-entry-type-page post-entry-7686'><div class='entry-content-wrapper clearfix'>\n<div class=\"flex_column av_two_fifth  flex_column_div av-zero-column-padding first  avia-builder-el-3  el_before_av_three_fifth  avia-builder-el-first   \" style='margin-top:30px; margin-bottom:30px; border-radius:0px; '><\/div><div class=\"flex_column av_three_fifth  flex_column_div   avia-builder-el-4  el_after_av_two_fifth  avia-builder-el-last   \" style='margin-top:30px; margin-bottom:30px; padding:0px 0 0px 0px ; border-radius:0px; '><div style='padding-bottom:10px; margin-bottom:0; color:#ddf0f7;font-size:7vw;' class='av-special-heading av-special-heading-h3 custom-color-heading blockquote modern-quote  avia-builder-el-5  el_before_av_textblock  avia-builder-el-first   av-inherit-size '><h3 class='av-special-heading-tag '  itemprop=\"headline\"  >Ph\u1eabu thu\u1eadt thu nh\u1ecf ng\u1ef1c l\u00e0 g\u00ec?<\/h3><div class='special-heading-border'><div class='special-heading-inner-border' style='border-color:#ddf0f7'><\/div><\/div><\/div><br \/>\n<section class=\"av_textblock_section \"  itemscope=\"itemscope\" itemtype=\"https:\/\/schema.org\/CreativeWork\" ><div class='avia_textblock  av_inherit_color '  style='font-size:21px; color:#ffffff; '  itemprop=\"text\" ><p style=\"padding: 0 10px 10px 0;\">Thu nh\u1ecf ng\u1ef1c th\u01b0\u1eddng \u00e1p d\u1ee5ng cho tr\u01b0\u1eddng h\u1ee3p ng\u1ef1c qu\u00e1 to, ng\u1ef1c ch\u1ea3y x\u1ec7 ho\u1eb7c hai b\u00ean ng\u1ef1c kh\u00f4ng \u0111\u1ec1u. \u0110i\u1ec1u quan tr\u1ecdng khi thu nh\u1ecf ng\u1ef1c \u0111\u00f3 l\u00e0 t\u1ed1i thi\u1ec3u h\u00f3a s\u1eb9o sau ph\u1eabu thu\u1eadt.<br \/>\nV\u00ec th\u1ebf tr\u01b0\u1edbc khi ti\u1ebfn h\u00e0nh ph\u1eabu thu\u1eadt ng\u1ef1c c\u1ea7n hi\u1ec3u r\u00f5 t\u00ecnh tr\u1ea1ng ng\u1ef1c c\u0169ng nh\u01b0 kinh nghi\u1ec7m trong ph\u1eabu thu\u1eadt ng\u1ef1c ch\u1ea3y x\u1ec7 \u0111\u1ec3 c\u00f3 k\u1ebft qu\u1ea3 m\u1ef9 m\u00e3n<\/p>\n<\/div><\/section><br \/>\n<div class='avia-image-container  av-styling-    avia-builder-el-7  el_after_av_textblock  el_before_av_codeblock   avia-align-center '  itemprop=\"image\" itemscope=\"itemscope\" itemtype=\"https:\/\/schema.org\/ImageObject\"  ><div class='avia-image-container-inner'><div class='avia-image-overlay-wrap'><img class='avia_image' src='https:\/\/vn.daprs.com\/m\/wp-content\/uploads\/2023\/01\/405_img_02.jpg' alt='' title='405_img_02' height=\"243\" width=\"589\"  itemprop=\"thumbnailUrl\"  \/><\/div><\/div><\/div><br \/>\n<\/p><\/div><\/div><\/div><\/div><!-- close content main div --><\/div><\/div><div id='ulthermage_wrap01' class='avia-section main_color avia-section-default avia-no-border-styling avia-bg-style-scroll  avia-builder-el-9  el_after_av_section  el_before_av_section    av-minimum-height av-minimum-height-custom  container_wrap fullsize' style='background-color: #d4f4f2;  '  ><div class='container' ><div class='template-page content  av-content-full alpha units'><div class='post-entry post-entry-type-page post-entry-7686'><div class='entry-content-wrapper clearfix'>\n<div class=\"flex_column av_one_full  flex_column_div first  avia-builder-el-10  el_before_av_one_half  avia-builder-el-first   \" style='margin-top:40px; margin-bottom:0px; padding:0px 0 0px 0px ; border-radius:0px; '><div style='padding-bottom:10px; margin-bottom:0; color:#000000;font-size:7vw;' class='av-special-heading av-special-heading-h3 custom-color-heading blockquote modern-quote modern-centered  avia-builder-el-11  avia-builder-el-no-sibling   av-inherit-size '><h3 class='av-special-heading-tag '  itemprop=\"headline\"  >X\u00e1c \u0111\u1ecbnh m\u1ee9c \u0111\u1ed9 ch\u1ea3y x\u1ec7 c\u1ee7a ng\u1ef1c<\/h3><div class='special-heading-border'><div class='special-heading-inner-border' style='border-color:#000000'><\/div><\/div><\/div><\/div><div class=\"flex_column av_one_half  flex_column_div av-zero-column-padding first  avia-builder-el-12  el_after_av_one_full  el_before_av_one_half   column-top-margin\" style='margin-top:0; margin-bottom:0px; border-radius:0px; '><p><div style='padding-bottom:20px; font-size:26px;' class='av-special-heading av-special-heading-h3  blockquote modern-quote modern-centered  avia-builder-el-13  el_before_av_image  avia-builder-el-first   av-inherit-size '><div class ='av-subheading av-subheading_above  ' style='font-size:15px;'><p><span style=\"letter-spacing: 2px;\n    color: #c988aa;\">C A S E 0 1<\/span><\/p>\n<\/div><h3 class='av-special-heading-tag '  itemprop=\"headline\"  ><span class=\"black-round\">Ng\u1ef1c b\u00ecnh th\u01b0\u1eddng<\/span><\/h3><div class='special-heading-border'><div class='special-heading-inner-border' ><\/div><\/div><\/div><br \/>\n<div class='avia-image-container  av-styling-    avia-builder-el-14  el_after_av_heading  el_before_av_heading   avia-align-center '  itemprop=\"image\" itemscope=\"itemscope\" itemtype=\"https:\/\/schema.org\/ImageObject\"  ><div class='avia-image-container-inner'><div class='avia-image-overlay-wrap'><img class='avia_image' src='https:\/\/vn.daprs.com\/m\/wp-content\/uploads\/2021\/04\/405_img_01.jpg' alt='' title='405_img_01' height=\"276\" width=\"545\"  itemprop=\"thumbnailUrl\"  \/><\/div><\/div><\/div><br \/>\n<div style='padding-bottom:10px; font-size:40px;' class='av-special-heading av-special-heading-h3  blockquote modern-quote modern-centered  avia-builder-el-15  el_after_av_image  avia-builder-el-last   av-inherit-size '><h3 class='av-special-heading-tag '  itemprop=\"headline\"  >M\u1ed5 theo qu\u1ea7ng ng\u1ef1c<\/h3><div class ='av-subheading av-subheading_below  ' style='font-size:20px;'><p>\u00c1p d\u1ee5ng cho ng\u1ef1c c\u00f3 k\u00edch th\u01b0\u1edbc 400-600cc b\u1ecb ch\u1ea3y x\u1ec7, ph\u01b0\u01a1ng ph\u00e1p n\u00e0y th\u1ef1c hi\u1ec7n m\u1ed5 theo qu\u1ea7ng ng\u1ef1c 4cm v\u00e0 h\u1ea7u nh\u01b0 kh\u00f4ng th\u1ea5y r\u00f5 s\u1eb9o.<\/p>\n<\/div><div class='special-heading-border'><div class='special-heading-inner-border' ><\/div><\/div><\/div><\/p><\/div><div class=\"flex_column av_one_half  flex_column_div   avia-builder-el-16  el_after_av_one_half  el_before_av_one_half   column-top-margin\" style='margin-top:0; margin-bottom:0px; padding:20px 0px 0px 0px ; border-radius:0px; '><p><div style='padding-bottom:20px; font-size:26px;' class='av-special-heading av-special-heading-h3  blockquote modern-quote modern-centered  avia-builder-el-17  el_before_av_image  avia-builder-el-first   av-inherit-size '><div class ='av-subheading av-subheading_above  ' style='font-size:15px;'><p><span style=\"letter-spacing: 2px;\n    color: #c988aa;\">C A S E 0 2<\/span><\/p>\n<\/div><h3 class='av-special-heading-tag '  itemprop=\"headline\"  ><span class=\"black-round\">Ng\u1ef1c b\u00ecnh th\u01b0\u1eddng<\/span><\/h3><div class='special-heading-border'><div class='special-heading-inner-border' ><\/div><\/div><\/div><br \/>\n<div class='avia-image-container  av-styling-    avia-builder-el-18  el_after_av_heading  el_before_av_heading   avia-align-center '  itemprop=\"image\" itemscope=\"itemscope\" itemtype=\"https:\/\/schema.org\/ImageObject\"  ><div class='avia-image-container-inner'><div class='avia-image-overlay-wrap'><img class='avia_image' src='https:\/\/vn.daprs.com\/m\/wp-content\/uploads\/2021\/04\/405_img_02.jpg' alt='' title='405_img_02' height=\"277\" width=\"546\"  itemprop=\"thumbnailUrl\"  \/><\/div><\/div><\/div><br \/>\n<div style='padding-bottom:10px; font-size:40px;' class='av-special-heading av-special-heading-h3  blockquote modern-quote modern-centered  avia-builder-el-19  el_after_av_image  avia-builder-el-last   av-inherit-size '><h3 class='av-special-heading-tag '  itemprop=\"headline\"  >M\u1ed5 d\u1ecdc<\/h3><div class ='av-subheading av-subheading_below  ' style='font-size:20px;'><p>\u00c1p d\u1ee5ng cho ng\u1ef1c c\u00f3 k\u00edch th\u01b0\u1edbc 600-1000cc b\u1ecb ch\u1ea3y x\u1ec7, ph\u01b0\u01a1ng ph\u00e1p n\u00e0y th\u1ef1c hi\u1ec7n m\u1ed5 theo qu\u1ea7ng ng\u1ef1c v\u00e0 ,m\u1ed5 d\u1ecdc d\u01b0\u1edbi qu\u1ea7ng ng\u1ef1c 4-5cm v\u00e0 h\u1ea7u nh\u01b0 kh\u00f4ng th\u1ea5y r\u00f5 s\u1eb9o.<\/p>\n<\/div><div class='special-heading-border'><div class='special-heading-inner-border' ><\/div><\/div><\/div><\/p><\/div><div class=\"flex_column av_one_half  flex_column_div first  avia-builder-el-20  el_after_av_one_half  el_before_av_one_half   column-top-margin\" style='padding:20px 0px 0px 0px ; border-radius:0px; '><p><div style='padding-bottom:20px; font-size:26px;' class='av-special-heading av-special-heading-h3  blockquote modern-quote modern-centered  avia-builder-el-21  el_before_av_image  avia-builder-el-first   av-inherit-size '><div class ='av-subheading av-subheading_above  ' style='font-size:15px;'><p><span style=\"letter-spacing: 2px;\n    color: #c988aa;\">C A S E 0 3<\/span><\/p>\n<\/div><h3 class='av-special-heading-tag '  itemprop=\"headline\"  ><span class=\"black-round\">Ng\u1ef1c qu\u00e1 kh\u1ed5<\/span><\/h3><div class='special-heading-border'><div class='special-heading-inner-border' ><\/div><\/div><\/div><br \/>\n<div class='avia-image-container  av-styling-    avia-builder-el-22  el_after_av_heading  el_before_av_heading   avia-align-center '  itemprop=\"image\" itemscope=\"itemscope\" itemtype=\"https:\/\/schema.org\/ImageObject\"  ><div class='avia-image-container-inner'><div class='avia-image-overlay-wrap'><img class='avia_image' src='https:\/\/vn.daprs.com\/m\/wp-content\/uploads\/2021\/04\/405_img_03.jpg' alt='' title='405_img_03' height=\"276\" width=\"545\"  itemprop=\"thumbnailUrl\"  \/><\/div><\/div><\/div><br \/>\n<div style='padding-bottom:10px; font-size:40px;' class='av-special-heading av-special-heading-h3  blockquote modern-quote modern-centered  avia-builder-el-23  el_after_av_image  avia-builder-el-last   av-inherit-size '><h3 class='av-special-heading-tag '  itemprop=\"headline\"  >M\u1ed5 h\u00ecnh <span class='special_amp'>\u201c<\/span>qu\u1ea3 neo<span class='special_amp'>\u201d<\/span><\/h3><div class ='av-subheading av-subheading_below  ' style='font-size:20px;'><p>\u00c1p d\u1ee5ng cho tr\u01b0\u1eddng h\u1ee3p ng\u1ef1c to h\u01a1n 1500cc v\u00e0 c\u00f3 hi\u1ec7n t\u01b0\u1ee3ng ch\u1ea3y x\u1ec7. Tr\u01b0\u1eddng h\u1ee3p n\u00e0y c\u00f3 th\u1ec3 thu g\u1ecdn \u0111\u01b0\u1ee3c nhi\u1ec1u da v\u00e0 m\u00f4 c\u01a1 th\u1eeba h\u01a1n so v\u1edbi c\u00e1c ph\u01b0\u01a1ng ph\u00e1p kh\u00e1c mang l\u1ea1i hi\u1ec7u qu\u1ea3 cao. C\u00f3 th\u1ec3 k\u1ebft h\u1ee3p thu g\u1ecdn qu\u1ea7ng ng\u1ef1c v\u00e0 ch\u1ec9nh h\u00ecnh \u0111\u1ea7u ti<\/p>\n<\/div><div class='special-heading-border'><div class='special-heading-inner-border' ><\/div><\/div><\/div><\/p><\/div><div class=\"flex_column av_one_half  flex_column_div   avia-builder-el-24  el_after_av_one_half  avia-builder-el-last   column-top-margin\" style='padding:20px 0px 50px 0px ; border-radius:0px; '><p><div style='padding-bottom:20px; font-size:26px;' class='av-special-heading av-special-heading-h3  blockquote modern-quote modern-centered  avia-builder-el-25  el_before_av_image  avia-builder-el-first   av-inherit-size '><div class ='av-subheading av-subheading_above  ' style='font-size:15px;'><p><span style=\"letter-spacing: 2px;\n    color: #c988aa;\">C A S E 0 4<\/span><\/p>\n<\/div><h3 class='av-special-heading-tag '  itemprop=\"headline\"  ><span class=\"black-round\">T\u00e1i ch\u1ec9nh h\u1eadu ph\u1eabu<\/span><\/h3><div class='special-heading-border'><div class='special-heading-inner-border' ><\/div><\/div><\/div><br \/>\n<div class='avia-image-container  av-styling-    avia-builder-el-26  el_after_av_heading  el_before_av_heading   avia-align-center '  itemprop=\"image\" itemscope=\"itemscope\" itemtype=\"https:\/\/schema.org\/ImageObject\"  ><div class='avia-image-container-inner'><div class='avia-image-overlay-wrap'><img class='avia_image' src='https:\/\/vn.daprs.com\/m\/wp-content\/uploads\/2021\/04\/405_img_04.jpg' alt='' title='405_img_04' height=\"276\" width=\"545\"  itemprop=\"thumbnailUrl\"  \/><\/div><\/div><\/div><br \/>\n<div style='padding-bottom:10px; font-size:40px;' class='av-special-heading av-special-heading-h3  blockquote modern-quote modern-centered  avia-builder-el-27  el_after_av_image  avia-builder-el-last   av-inherit-size '><h3 class='av-special-heading-tag '  itemprop=\"headline\"  >H\u00fat m\u1ee1 v\u00f9ng ng\u1ef1c<\/h3><div class ='av-subheading av-subheading_below  ' style='font-size:20px;'><p>\u00c1p d\u1ee5ng cho tr\u01b0\u1eddng h\u1ee3p ng\u1ef1c c\u00f3 nhi\u1ec1u m\u1ee1 th\u1eeba v\u00e0 tuy\u1ebfn s\u1eefa ph\u00e1t tri\u1ec3n h\u01a1n b\u00ecnh th\u01b0\u1eddng. Ph\u01b0\u01a1ng ph\u00e1p n\u00e0y h\u1ed3i ph\u1ee5c nhanh v\u00e0 kh\u00f4ng \u0111\u1ec3 l\u1ea1i s\u1eb9o sau ph\u1eabu thu\u1eadt.<\/p>\n<\/div><div class='special-heading-border'><div class='special-heading-inner-border' ><\/div><\/div><\/div><\/p><\/div><\/div><\/div><\/div><!-- close content main div --><\/div><\/div><div id='ulthermage_wrap01' class='avia-section main_color avia-section-default avia-no-border-styling avia-bg-style-scroll  avia-builder-el-28  el_after_av_section  avia-builder-el-last    av-minimum-height av-minimum-height-custom  container_wrap fullsize' style='background-repeat: no-repeat; background-image: url(https:\/\/vn.daprs.com\/m\/wp-content\/uploads\/2023\/01\/405_bg_03.jpg);background-attachment: scroll; background-position: bottom center;  '  data-section-bg-repeat='no-repeat'><div class='container' style='height:542px'><div class='template-page content  av-content-full alpha units'><div class='post-entry post-entry-type-page post-entry-7686'><div class='entry-content-wrapper clearfix'>\n<div class=\"flex_column av_one_full  flex_column_div first  avia-builder-el-29  avia-builder-el-no-sibling   \" style='margin-top:80px; margin-bottom:0px; padding:0px 0 0px 0px ; border-radius:0px; '><p><div style='padding-bottom:10px; margin-top:50px; margin-bottom:0; color:#ffffff;font-size:45px;' class='av-special-heading av-special-heading-h3 custom-color-heading blockquote modern-quote modern-centered  avia-builder-el-30  el_before_av_textblock  avia-builder-el-first   av-inherit-size '><h3 class='av-special-heading-tag '  itemprop=\"headline\"  >Thu nh\u1ecf ng\u1ef1c<\/h3><div class ='av-subheading av-subheading_below av_custom_color ' style='font-size:30px;'><p>3 y\u1ebfu t\u1ed1 quan tr\u1ecdng K\u00edch th\u01b0\u1edbc ng\u1ef1c, d\u00e1ng ng\u1ef1c, s\u1eb9o sau ph\u1eabu thu\u1eadt<\/p>\n<\/div><div class='special-heading-border'><div class='special-heading-inner-border' style='border-color:#ffffff'><\/div><\/div><\/div><br \/>\n<section class=\"av_textblock_section \"  itemscope=\"itemscope\" itemtype=\"https:\/\/schema.org\/CreativeWork\" ><div class='avia_textblock  av_inherit_color '  style='font-size:20px; color:#ffffff; '  itemprop=\"text\" ><p style=\"text-align: center; line-height: 2;\">B\u1ea1n s\u1ebd h\u00e0i l\u00f2ng v\u1ec1 t\u1ea5t c\u1ea3 \u0110\u1ec3 c\u00f3 k\u1ebft qu\u1ea3 ph\u1eabu thu\u1eadt m\u1ef9 m\u00e3n n\u00ean<br \/>\n<span style=\"background-color: #df1c78;\">k\u1ebft h\u1ee3p kh\u00e1m v\u00e0 ch\u1ea9n \u0111o\u00e1n ti\u1ec1n ph\u1eabu v\u1edbi c\u00e1c<br \/>\nb\u00e1c s\u0129 chuy\u00ean khoa \u0111\u1ec3 l\u1ef1a ch\u1ecdn ph\u01b0\u01a1ng ph\u00e1p ph\u1eabu thu\u1eadt <\/span><br \/>\nph\u00f9 h\u1ee3p nh\u1ea5t<\/p>\n<\/div><\/section><\/p><\/div><\/p>\n","protected":false},"excerpt":{"rendered":"<p>\t\t\t\t<![CDATA[\n\t\t\t\t<![CDATA[]]]]><![CDATA[>\t\t]]>\t\t<\/p>\n","protected":false},"author":1,"featured_media":0,"parent":0,"menu_order":405,"comment_status":"closed","ping_status":"closed","template":"","meta":[],"_links":{"self":[{"href":"https:\/\/vn.daprs.com\/m\/wp-json\/wp\/v2\/pages\/7686"}],"collection":[{"href":"https:\/\/vn.daprs.com\/m\/wp-json\/wp\/v2\/pages"}],"about":[{"href":"https:\/\/vn.daprs.com\/m\/wp-json\/wp\/v2\/types\/page"}],"author":[{"embeddable":true,"href":"https:\/\/vn.daprs.com\/m\/wp-json\/wp\/v2\/users\/1"}],"replies":[{"embeddable":true,"href":"https:\/\/vn.daprs.com\/m\/wp-json\/wp\/v2\/comments?post=7686"}],"version-history":[{"count":15,"href":"https:\/\/vn.daprs.com\/m\/wp-json\/wp\/v2\/pages\/7686\/revisions"}],"predecessor-version":[{"id":20456,"href":"https:\/\/vn.daprs.com\/m\/wp-json\/wp\/v2\/pages\/7686\/revisions\/20456"}],"wp:attachment":[{"href":"https:\/\/vn.daprs.com\/m\/wp-json\/wp\/v2\/media?parent=7686"}],"curies":[{"name":"wp","href":"https:\/\/api.w.org\/{rel}","templated":true}]}}