{"id":7687,"date":"2021-04-08T06:00:59","date_gmt":"2021-04-08T06:00:59","guid":{"rendered":"https:\/\/jp.daprs.com\/m\/?page_id=2554"},"modified":"2023-01-25T06:17:36","modified_gmt":"2023-01-25T06:17:36","slug":"nipple","status":"publish","type":"page","link":"https:\/\/vn.daprs.com\/m\/nipple\/","title":{"rendered":"Ch\u1ec9nh h\u00ecnh \u0111\u1ea7u ti"},"content":{"rendered":"<div id='ulthermage_wrap01' class='avia-section main_color avia-section-default avia-no-border-styling avia-bg-style-scroll  avia-builder-el-0  el_before_av_section  avia-builder-el-first    av-minimum-height av-minimum-height-custom  container_wrap fullsize' style=' '  ><div class='container' ><main  role=\"main\" itemprop=\"mainContentOfPage\"  class='template-page content  av-content-full alpha units'><div class='post-entry post-entry-type-page post-entry-7687'><div class='entry-content-wrapper clearfix'>\n<div class='avia-image-container  av-styling-  noHover  av-overlay-hover-deactivate   avia-builder-el-1  el_before_av_one_full  avia-builder-el-first   avia-align-center '  itemprop=\"image\" itemscope=\"itemscope\" itemtype=\"https:\/\/schema.org\/ImageObject\"  ><div class='avia-image-container-inner'><div class='avia-image-overlay-wrap'><div class='av-image-caption-overlay'><div class='av-caption-image-overlay-bg' style='opacity:0.4; '><\/div><div class='av-image-caption-overlay-position'><div class='av-image-caption-overlay-center' style='color:#ffffff; '><\/div><\/div><\/div><img class='avia_image' src='https:\/\/jp.daprs.com\/m\/wp-content\/uploads\/2021\/08\/nipple-surgery-visual-1.jpg' alt='' title=''   itemprop=\"thumbnailUrl\"  \/><\/div><\/div><\/div>\n<div class=\"flex_column av_one_full  flex_column_div first  avia-builder-el-2  el_after_av_image  avia-builder-el-last   \" style='margin-top:-78%; margin-bottom:0px; padding:0px 0 0px 0px ; border-radius:0px; '><div style='padding-bottom:10px; color:#fa0698;font-size:7vw;' class='av-special-heading av-special-heading-h3 custom-color-heading blockquote modern-quote  avia-builder-el-3  avia-builder-el-no-sibling   av-inherit-size '><h3 class='av-special-heading-tag '  itemprop=\"headline\"  >Ph\u1eabu thu\u1eadt \u0111\u1ea7u ti<\/h3><div class ='av-subheading av-subheading_below av_custom_color ' style='font-size:20px;'><div style=\"margin-top:60px;\">\n<p>Khu\u00f4n ng\u1ef1c \u0111\u1ea7y \u0111\u1eb7n h\u00e0i h\u00f2a\n<\/p>\n<\/div>\n<\/div><div class='special-heading-border'><div class='special-heading-inner-border' style='border-color:#fa0698'><\/div><\/div><\/div><\/div>\n\n<\/div><\/div><\/main><!-- close content main element --><\/div><\/div><div id='ulthermage_wrap01' class='avia-section main_color avia-section-large avia-no-border-styling avia-bg-style-scroll  avia-builder-el-4  el_after_av_section  el_before_av_section    av-minimum-height av-minimum-height-custom  container_wrap fullsize' style='background-repeat: no-repeat; background-image: url(https:\/\/vn.daprs.com\/m\/wp-content\/uploads\/2023\/01\/406_bg_02.jpg);background-attachment: scroll; background-position: bottom center;  '  data-section-bg-repeat='no-repeat'><div class='container' style='height:500px'><div class='template-page content  av-content-full alpha units'><div class='post-entry post-entry-type-page post-entry-7687'><div class='entry-content-wrapper clearfix'>\n<div class=\"flex_column av_one_half  flex_column_div first  avia-builder-el-5  el_before_av_one_half  avia-builder-el-first   \" style='margin-top:0; margin-bottom:0px; padding:50px 0 20px 0px ; border-radius:0px; '><section class=\"av_textblock_section \"  itemscope=\"itemscope\" itemtype=\"https:\/\/schema.org\/CreativeWork\" ><div class='avia_textblock  av_inherit_color '  style='font-size:40px; color:#ffffff; '  itemprop=\"text\" ><p style=\"text-align: center; font-size: 6vw;\"><strong>[ Ch\u1ec9nh h\u00ecnh \u0111\u1ea7u ti b\u1ecb h\u00f3p l\u00e0 g\u00ec? ]<\/strong><\/p>\n<\/div><\/section><\/div><div class=\"flex_column av_one_half  flex_column_div av-zero-column-padding   avia-builder-el-7  el_after_av_one_half  avia-builder-el-last  \" style='margin-top:0; margin-bottom:0px; border-radius:0px; '><section class=\"av_textblock_section \"  itemscope=\"itemscope\" itemtype=\"https:\/\/schema.org\/CreativeWork\" ><div class='avia_textblock  av_inherit_color '  style='font-size:18px; color:#ffffff; '  itemprop=\"text\" ><p style=\"text-align: center; font-size: 4vw;\">Tr\u01b0\u1eddng h\u1ee3p \u0111\u1ea7u ti b\u1ecb h\u00f3p v\u00e0o trong l\u00e0m ng\u1ef1c kh\u00f4ng \u0111\u1eb9p v\u00e0 k\u00e9m th\u1eabm m\u1ef9<\/p>\n<\/div><\/section><br \/>\n<section class=\"av_textblock_section \"  itemscope=\"itemscope\" itemtype=\"https:\/\/schema.org\/CreativeWork\" ><div class='avia_textblock  av_inherit_color '  style='font-size:18px; color:#000000; '  itemprop=\"text\" ><p style=\"text-align; center; font-size: 3.5vw;\">Tr\u01b0\u1eddng h\u1ee3p n\u1eb7ng c\u00f3 th\u1ec3 <span style=\"background-color: #ddf2f7;\">kh\u00f3 v\u1ec7 sinh b\u00ean ngo\u00e0i ph\u00e1t sinh m\u00f9i kh\u00f3 ch\u1ecbu ho\u1eb7c g\u00e2y vi\u00eam nhi\u1ec5m. <\/span>N\u00ean ch\u1ec9nh h\u00ecnh \u0111\u1ea7u ti \u0111\u1ec3 c\u1ea3i thi\u1ec7n th\u1ea9m m\u1ef9 v\u00e0 ch\u1ee9c n\u0103ng cho con b\u00fa sau sinh<\/p>\n<\/div><\/section><\/p><\/div><\/div><\/div><\/div><!-- close content main div --><\/div><\/div><div id='ulthermage_wrap01' class='avia-section main_color avia-section-large avia-no-border-styling avia-bg-style-scroll  avia-builder-el-10  el_after_av_section  el_before_av_section    container_wrap fullsize' style=' '  ><div class='container' ><div class='template-page content  av-content-full alpha units'><div class='post-entry post-entry-type-page post-entry-7687'><div class='entry-content-wrapper clearfix'>\n<div class=\"flex_column av_one_full  flex_column_div first  avia-builder-el-11  el_before_av_one_third  avia-builder-el-first   \" style='margin-top:30px; margin-bottom:0px; padding:0px 0 0px 0px ; border-radius:0px; '><div style='padding-bottom:10px; font-size:50px;' class='av-special-heading av-special-heading-h3  blockquote modern-quote modern-centered  avia-builder-el-12  avia-builder-el-no-sibling   av-inherit-size '><h3 class='av-special-heading-tag '  itemprop=\"headline\"  >Ph\u01b0\u01a1ng ph\u00e1p th\u1ea9m m\u1ef9 \u0111\u1ea7u ti<\/h3><div class ='av-subheading av-subheading_below  ' style='font-size:18px;'><p>Duy tr\u00ec tuy\u1ebfn s\u1eefa\/ c\u00f3 th\u1ec3 cho con b\u00fa<\/p>\n<\/div><div class='special-heading-border'><div class='special-heading-inner-border' ><\/div><\/div><\/div><\/div><div class='flex_column_table av-equal-height-column-flextable -flextable' ><div class=\"flex_column av_one_third  flex_column_table_cell av-equal-height-column av-align-top first  avia-builder-el-13  el_after_av_one_full  el_before_av_one_third   column-top-margin\" style='background: #2f343f; padding:5px; background-color:#2f343f; border-radius:0px; '><p><div class='avia-image-container  av-styling-    avia-builder-el-14  el_before_av_codeblock  avia-builder-el-first   avia-align-center '  itemprop=\"image\" itemscope=\"itemscope\" itemtype=\"https:\/\/schema.org\/ImageObject\"  ><div class='avia-image-container-inner'><div class='avia-image-overlay-wrap'><img class='avia_image' src='https:\/\/vn.daprs.com\/m\/wp-content\/uploads\/2021\/04\/406_img_01.jpg' alt='' title='406_img_01' height=\"183\" width=\"338\"  itemprop=\"thumbnailUrl\"  \/><\/div><\/div><\/div><br \/>\n<\/p><\/div><div class='av-flex-placeholder'><\/div><div class=\"flex_column av_one_third  flex_column_table_cell av-equal-height-column av-align-top   avia-builder-el-16  el_after_av_one_third  el_before_av_one_third   column-top-margin\" style='background: #2f343f; padding:5px; background-color:#2f343f; border-radius:0px; '><p><div class='avia-image-container  av-styling-    avia-builder-el-17  el_before_av_codeblock  avia-builder-el-first   avia-align-center '  itemprop=\"image\" itemscope=\"itemscope\" itemtype=\"https:\/\/schema.org\/ImageObject\"  ><div class='avia-image-container-inner'><div class='avia-image-overlay-wrap'><img class='avia_image' src='https:\/\/vn.daprs.com\/m\/wp-content\/uploads\/2021\/04\/406_img_02.jpg' alt='' title='406_img_02' height=\"183\" width=\"338\"  itemprop=\"thumbnailUrl\"  \/><\/div><\/div><\/div><br \/>\n<\/p><\/div><div class='av-flex-placeholder'><\/div><div class=\"flex_column av_one_third  flex_column_table_cell av-equal-height-column av-align-top   avia-builder-el-19  el_after_av_one_third  el_before_av_one_full   column-top-margin\" style='background: #2f343f; padding:5px; background-color:#2f343f; border-radius:0px; '><p><div class='avia-image-container  av-styling-    avia-builder-el-20  el_before_av_codeblock  avia-builder-el-first   avia-align-center '  itemprop=\"image\" itemscope=\"itemscope\" itemtype=\"https:\/\/schema.org\/ImageObject\"  ><div class='avia-image-container-inner'><div class='avia-image-overlay-wrap'><img class='avia_image' src='https:\/\/vn.daprs.com\/m\/wp-content\/uploads\/2021\/04\/406_img_03.jpg' alt='' title='406_img_03' height=\"183\" width=\"338\"  itemprop=\"thumbnailUrl\"  \/><\/div><\/div><\/div><br \/>\n<\/p><\/div><\/div><!--close column table wrapper. Autoclose: 1 --><div class=\"flex_column av_one_full  flex_column_div first  avia-builder-el-22  el_after_av_one_third  el_before_av_one_full   column-top-margin\" style='margin-top:30px; margin-bottom:0px; background: #6bb9cd; padding:10px; background-color:#6bb9cd; border-radius:0px; '><section class=\"av_textblock_section \"  itemscope=\"itemscope\" itemtype=\"https:\/\/schema.org\/CreativeWork\" ><div class='avia_textblock  av_inherit_color '  style='font-size:18px; color:#ffffff; '  itemprop=\"text\" ><div class=\"nipple-surgery-green-box-wrapper\">\n<h3 class=\"nipple-surgery-green-box-items\"><span class=\"nipple-surgery-green-box-title\">\u0110\u1eb7c \u0111i\u1ec3m<br \/>\n<\/span><\/h3>\n<div class=\"nipple-surgery-green-box-items\">\n<p class=\"nipple-surgery-green-box-desc\">Ng\u01b0\u1eddi c\u00f3 d\u1ef1 \u0111\u1ecbnh cho con b\u00fa sau sinh n\u00ean th\u1ef1c hi\u1ec7n ph\u01b0\u01a1ng ph\u00e1p n\u00e0y \u0111\u1ec3 ch\u1ec9nh \u0111\u1ea7u ti b\u1ecb h\u00f3p<\/p>\n<\/div>\n<\/div>\n<\/div><\/section><\/div><div class=\"flex_column av_one_full  flex_column_div first  avia-builder-el-24  el_after_av_one_full  avia-builder-el-last   column-top-margin\" style='margin-top:3px; margin-bottom:30px; background: #6bb9cd; padding:10px; background-color:#6bb9cd; border-radius:0px; '><section class=\"av_textblock_section \"  itemscope=\"itemscope\" itemtype=\"https:\/\/schema.org\/CreativeWork\" ><div class='avia_textblock  av_inherit_color '  style='font-size:18px; color:#ffffff; '  itemprop=\"text\" ><div class=\"nipple-surgery-green-box-wrapper\">\n<h3 class=\"nipple-surgery-green-box-items\"><span class=\"nipple-surgery-green-box-title\">Ph\u01b0\u01a1ng ph\u00e1p<br \/>\n<\/span><\/h3>\n<div class=\"nipple-surgery-green-box-items\">\n<p class=\"nipple-surgery-green-box-desc\">T\u1ea1o v\u1ebft m\u1ed5 nh\u1ecf xung quanh \u0111\u1ea7u ti, k\u00e9o ph\u1ea7n m\u00f4 c\u01a1 b\u00ean d\u01b0\u1edbi v\u00e0 c\u1ed1 \u0111\u1ecbnh b\u1eb1ng ch\u1ec9. Ph\u01b0\u01a1ng ph\u00e1p n\u00e0y kh\u00f4ng \u0111\u1ec3 l\u1ea1i s\u1eb9o l\u00e0 c\u00f3 hi\u1ec7u qu\u1ea3 h\u01a1n<\/p>\n<\/div>\n<\/div>\n<\/div><\/section><\/div><\/div><\/div><\/div><!-- close content main div --><\/div><\/div><div id='ulthermage_wrap01' class='avia-section main_color avia-section-large avia-no-border-styling avia-bg-style-scroll  avia-builder-el-26  el_after_av_section  el_before_av_section    av-minimum-height av-minimum-height-custom  container_wrap fullsize' style='background-repeat: no-repeat; background-image: url(https:\/\/vn.daprs.com\/m\/wp-content\/uploads\/2023\/01\/406_bg_04.jpg);background-attachment: scroll; background-position: bottom center;  '  data-section-bg-repeat='no-repeat'><div class='container' style='height:500px'><div class='template-page content  av-content-full alpha units'><div class='post-entry post-entry-type-page post-entry-7687'><div class='entry-content-wrapper clearfix'>\n<div class=\"flex_column av_one_half  flex_column_div first  avia-builder-el-27  el_before_av_one_half  avia-builder-el-first   \" style='margin-top:30px; margin-bottom:0px; padding:0px 0 0px 0px ; border-radius:0px; '><section class=\"av_textblock_section \"  itemscope=\"itemscope\" itemtype=\"https:\/\/schema.org\/CreativeWork\" ><div class='avia_textblock  av_inherit_color '  style='font-size:35px; color:#ffffff; '  itemprop=\"text\" ><p style=\"text-align: center; font-size: 7vw;\"><strong>[ Thu nh\u1ecf \u0111\u1ea7u ti ]<\/strong><\/p>\n<\/div><\/section><\/div><div class=\"flex_column av_one_half  flex_column_div   avia-builder-el-29  el_after_av_one_half  avia-builder-el-last   \" style='margin-top:30px; margin-bottom:0px; padding:30px 0px 0px 0px ; border-radius:0px; '><section class=\"av_textblock_section \"  itemscope=\"itemscope\" itemtype=\"https:\/\/schema.org\/CreativeWork\" ><div class='avia_textblock  av_inherit_color '  style='font-size:18px; color:#ffffff; '  itemprop=\"text\" ><p style=\"text-align: center; font-size: 4vw;\">Tr\u01b0\u1eddng h\u1ee3p \u0111\u1ea7u ti to qu\u00e1 m\u1ee9c, c\u00f3 th\u1ec3 b\u1ecb ch\u1ea3y x\u1ec7 v\u00e0 tr\u00f4ng m\u1ea5t th\u1ea9m m\u1ef9. N\u00ean th\u1ef1c hi\u1ec7n ph\u01b0\u01a1ng ph\u00e1p thu g\u1ecdn \u0111\u1ea7u ti \u0111\u1ec3 c\u00f3 ng\u1ef1c \u0111\u1eb9p h\u01a1n.<\/p>\n<\/div><\/section><\/div><\/div><\/div><\/div><!-- close content main div --><\/div><\/div><div id='ulthermage_wrap01' class='avia-section main_color avia-section-large avia-no-border-styling avia-bg-style-scroll  avia-builder-el-31  el_after_av_section  avia-builder-el-last    container_wrap fullsize' style='background-color: #ffffff;  '  ><div class='container' ><div class='template-page content  av-content-full alpha units'><div class='post-entry post-entry-type-page post-entry-7687'><div class='entry-content-wrapper clearfix'>\n<div class=\"flex_column av_one_full  flex_column_div first  avia-builder-el-32  el_before_av_one_third  avia-builder-el-first   \" style='margin-top:50px; margin-bottom:0px; padding:0px 0 0px 0px ; border-radius:0px; '><div style='padding-bottom:10px; color:#2f343f;font-size:50px;' class='av-special-heading av-special-heading-h3 custom-color-heading blockquote modern-quote modern-centered  avia-builder-el-33  avia-builder-el-no-sibling   av-inherit-size '><h3 class='av-special-heading-tag '  itemprop=\"headline\"  >Ph\u01b0\u01a1ng ph\u00e1p thu nh\u1ecf \u0111\u1ea7u ti<\/h3><div class ='av-subheading av-subheading_below av_custom_color ' style='font-size:18px;'><p>Duy tr\u00ec tuy\u1ebfn s\u1eefa\/ c\u00f3 th\u1ec3 cho con b\u00fa<\/p>\n<\/div><div class='special-heading-border'><div class='special-heading-inner-border' style='border-color:#2f343f'><\/div><\/div><\/div><\/div><div class=\"flex_column av_one_third  flex_column_div first  avia-builder-el-34  el_after_av_one_full  el_before_av_one_third   column-top-margin\" style='background: #2f343f; padding:5px; background-color:#2f343f; border-radius:0px; '><p><div class='avia-image-container  av-styling-    avia-builder-el-35  el_before_av_codeblock  avia-builder-el-first   avia-align-center '  itemprop=\"image\" itemscope=\"itemscope\" itemtype=\"https:\/\/schema.org\/ImageObject\"  ><div class='avia-image-container-inner'><div class='avia-image-overlay-wrap'><img class='avia_image' src='https:\/\/vn.daprs.com\/m\/wp-content\/uploads\/2021\/04\/406_img_04.jpg' alt='' title='406_img_04' height=\"183\" width=\"338\"  itemprop=\"thumbnailUrl\"  \/><\/div><\/div><\/div><br \/>\n<\/p><\/div><div class=\"flex_column av_one_third  flex_column_div   avia-builder-el-37  el_after_av_one_third  el_before_av_one_third   column-top-margin\" style='background: #2f343f; padding:5px; background-color:#2f343f; border-radius:0px; '><p><div class='avia-image-container  av-styling-    avia-builder-el-38  el_before_av_codeblock  avia-builder-el-first   avia-align-center '  itemprop=\"image\" itemscope=\"itemscope\" itemtype=\"https:\/\/schema.org\/ImageObject\"  ><div class='avia-image-container-inner'><div class='avia-image-overlay-wrap'><img class='avia_image' src='https:\/\/vn.daprs.com\/m\/wp-content\/uploads\/2021\/04\/406_img_05.jpg' alt='' title='406_img_05' height=\"183\" width=\"338\"  itemprop=\"thumbnailUrl\"  \/><\/div><\/div><\/div><br \/>\n<\/p><\/div><div class=\"flex_column av_one_third  flex_column_div   avia-builder-el-40  el_after_av_one_third  el_before_av_one_full   column-top-margin\" style='background: #2f343f; padding:5px; background-color:#2f343f; border-radius:0px; '><p><div class='avia-image-container  av-styling-    avia-builder-el-41  el_before_av_codeblock  avia-builder-el-first   avia-align-center '  itemprop=\"image\" itemscope=\"itemscope\" itemtype=\"https:\/\/schema.org\/ImageObject\"  ><div class='avia-image-container-inner'><div class='avia-image-overlay-wrap'><img class='avia_image' src='https:\/\/vn.daprs.com\/m\/wp-content\/uploads\/2021\/04\/406_img_06.jpg' alt='' title='406_img_06' height=\"183\" width=\"338\"  itemprop=\"thumbnailUrl\"  \/><\/div><\/div><\/div><br \/>\n<\/p><\/div><div class=\"flex_column av_one_full  flex_column_div first  avia-builder-el-43  el_after_av_one_third  el_before_av_one_full   column-top-margin\" style='margin-top:30px; margin-bottom:0px; background: #6bb9cd; padding:10px; background-color:#6bb9cd; border-radius:0px; '><section class=\"av_textblock_section \"  itemscope=\"itemscope\" itemtype=\"https:\/\/schema.org\/CreativeWork\" ><div class='avia_textblock  av_inherit_color '  style='font-size:18px; color:#ffffff; '  itemprop=\"text\" ><div class=\"nipple-surgery-green-box-wrapper\">\n<h3 class=\"nipple-surgery-green-box-items\"><span class=\"nipple-surgery-green-box-title\">\u0110\u1eb7c \u0111i\u1ec3m<br \/>\n<\/span><\/h3>\n<div class=\"nipple-surgery-green-box-items\">\n<p class=\"nipple-surgery-green-box-desc\">Ng\u01b0\u1eddi c\u00f3 \u0111\u1ea7u ti qu\u00e1 to v\u00e0 d\u1ef1 \u0111\u1ecbnh cho con b\u00fa sau sinh n\u00ean th\u1ef1c hi\u1ec7n ph\u01b0\u01a1ng ph\u00e1p n\u00e0y \u0111\u1ec3 ch\u1ec9nh \u0111\u1ea7u ti b\u1ecb h\u00f3p<\/p>\n<\/div>\n<\/div>\n<\/div><\/section><\/div><div class=\"flex_column av_one_full  flex_column_div first  avia-builder-el-45  el_after_av_one_full  avia-builder-el-last   column-top-margin\" style='margin-top:5px; margin-bottom:30px; background: #6bb9cd; padding:10px; background-color:#6bb9cd; border-radius:0px; '><section class=\"av_textblock_section \"  itemscope=\"itemscope\" itemtype=\"https:\/\/schema.org\/CreativeWork\" ><div class='avia_textblock  av_inherit_color '  style='font-size:18px; color:#ffffff; '  itemprop=\"text\" ><div class=\"nipple-surgery-green-box-wrapper\">\n<h3 class=\"nipple-surgery-green-box-items\"><span class=\"nipple-surgery-green-box-title\">Ph\u01b0\u01a1ng ph\u00e1p<br \/>\n<\/span><\/h3>\n<div class=\"nipple-surgery-green-box-items\">\n<p class=\"nipple-surgery-green-box-desc\">L\u00e0 ph\u01b0\u01a1ng ph\u00e1p thu ng\u1eafn \u0111\u1ed9 d\u00e0i c\u1ee7a \u0111\u1ea7u ti 8-11cm. T\u00f9y theo t\u00ecnh tr\u1ea1ng \u0111\u1ea7u ti m\u00e0 c\u00f3 th\u1ec3 thu g\u1ecdn \u0111\u1ed9 d\u00e0i ho\u1eb7c k\u00edch th\u01b0\u1edbc b\u1ec1 ngang \u0111\u1ec3 c\u00f3 \u0111\u1ea7u ti \u0111\u1eb9p v\u00e0 k\u00edch th\u01b0\u1edbc ph\u00f9 h\u1ee3p h\u01a1n<\/p>\n<\/div>\n<\/div>\n<\/div><\/section><\/div><\/p>\n","protected":false},"excerpt":{"rendered":"<p>\t\t\t\t<![CDATA[\n\t\t\t\t<![CDATA[]]]]><![CDATA[>\t\t]]>\t\t<\/p>\n","protected":false},"author":1,"featured_media":0,"parent":0,"menu_order":406,"comment_status":"closed","ping_status":"closed","template":"","meta":[],"_links":{"self":[{"href":"https:\/\/vn.daprs.com\/m\/wp-json\/wp\/v2\/pages\/7687"}],"collection":[{"href":"https:\/\/vn.daprs.com\/m\/wp-json\/wp\/v2\/pages"}],"about":[{"href":"https:\/\/vn.daprs.com\/m\/wp-json\/wp\/v2\/types\/page"}],"author":[{"embeddable":true,"href":"https:\/\/vn.daprs.com\/m\/wp-json\/wp\/v2\/users\/1"}],"replies":[{"embeddable":true,"href":"https:\/\/vn.daprs.com\/m\/wp-json\/wp\/v2\/comments?post=7687"}],"version-history":[{"count":47,"href":"https:\/\/vn.daprs.com\/m\/wp-json\/wp\/v2\/pages\/7687\/revisions"}],"predecessor-version":[{"id":20504,"href":"https:\/\/vn.daprs.com\/m\/wp-json\/wp\/v2\/pages\/7687\/revisions\/20504"}],"wp:attachment":[{"href":"https:\/\/vn.daprs.com\/m\/wp-json\/wp\/v2\/media?parent=7687"}],"curies":[{"name":"wp","href":"https:\/\/api.w.org\/{rel}","templated":true}]}}