{"id":7689,"date":"2021-04-09T00:45:45","date_gmt":"2021-04-09T00:45:45","guid":{"rendered":"https:\/\/jp.daprs.com\/m\/?page_id=2658"},"modified":"2023-01-25T08:42:35","modified_gmt":"2023-01-25T08:42:35","slug":"check-up","status":"publish","type":"page","link":"https:\/\/vn.daprs.com\/m\/check-up\/","title":{"rendered":"Kh\u00e1m ung th\u01b0 ng\u1ef1c"},"content":{"rendered":"<div id='ulthermage_wrap01' class='avia-section main_color avia-section-default avia-no-border-styling avia-bg-style-scroll  avia-builder-el-0  el_before_av_section  avia-builder-el-first    container_wrap fullsize' style=' '  ><div class='container' ><main  role=\"main\" itemprop=\"mainContentOfPage\"  class='template-page content  av-content-full alpha units'><div class='post-entry post-entry-type-page post-entry-7689'><div class='entry-content-wrapper clearfix'>\n<div class=\"flex_column av_one_full  flex_column_div av-zero-column-padding first  avia-builder-el-1  el_before_av_one_full  avia-builder-el-first  \" style='border-radius:0px; '><p><div class='avia-image-container  av-styling-    avia-builder-el-2  el_before_av_heading  avia-builder-el-first   avia-align-center '  itemprop=\"image\" itemscope=\"itemscope\" itemtype=\"https:\/\/schema.org\/ImageObject\"  ><div class='avia-image-container-inner'><div class='avia-image-overlay-wrap'><img class='avia_image' src='https:\/\/vn.daprs.com\/m\/wp-content\/uploads\/2021\/09\/special-treat-1.jpg' alt='' title='special-treat-1' height=\"970\" width=\"640\"  itemprop=\"thumbnailUrl\"  \/><\/div><\/div><\/div><br \/>\n<div style='padding-bottom:10px; margin-top:-120%; color:#ffffff;font-size:7vw;' class='av-special-heading av-special-heading-h3 custom-color-heading blockquote modern-quote modern-centered  avia-builder-el-3  el_after_av_image  avia-builder-el-last   av-inherit-size '><div class ='av-subheading av-subheading_above av_custom_color ' style='font-size:20px;'><p class=\"sh_title_sub_text\">\n<p>Kh\u00f4ng th\u1ec3 nh\u00ecn th\u1ea5y b\u1eb1ng m\u1eaft nh\u1eefng <br \/>v\u1ea5n \u0111\u1ec1 ph\u00e1t sinh v\u1edbi t\u00fai \u0111\u1ed9n<br \/>\n<span style=\"color:#fff; background-color:#df1c7a; padding: 0 5px;\">N\u00ean kh\u00e1m ng\u1ef1c sau ph\u1eabu thu\u1eadt b\u1edfi b\u00e1c s\u0129 chuy\u00ean khoa ng\u1ef1c.<\/p>\n<\/div><h3 class='av-special-heading-tag '  itemprop=\"headline\"  >Kh\u00e1m ng\u1ef1c <span class=\"font-w100\">sau ph\u1eabu thu\u1eadt <\/span><\/h3><div class='special-heading-border'><div class='special-heading-inner-border' style='border-color:#ffffff'><\/div><\/div><\/div><\/p><\/div><div class=\"flex_column av_one_full  flex_column_div av-zero-column-padding first  avia-builder-el-4  el_after_av_one_full  avia-builder-el-last   column-top-margin\" style='margin-top:92%; margin-bottom:0px; border-radius:0px; '><div class='avia-image-container  av-styling-  noHover  av-overlay-hover-deactivate   avia-builder-el-5  avia-builder-el-no-sibling   avia-align-center '  itemprop=\"image\" itemscope=\"itemscope\" itemtype=\"https:\/\/schema.org\/ImageObject\"  ><div class='avia-image-container-inner'><div class='avia-image-overlay-wrap'><div class='av-image-caption-overlay'><div class='av-caption-image-overlay-bg' style='opacity:0.4; '><\/div><div class='av-image-caption-overlay-position'><div class='av-image-caption-overlay-center' ><p>\u201cB\u1ea1n c\u00f3 \u0111\u01b0\u1ee3c ki\u1ec3m tra ch\u00ednh x\u00e1c<br \/>\n v\u1ec1 t\u00ecnh tr\u1ea1ng t\u00fai \u0111\u1ed9n sau khi ph\u1eabu thu\u1eadt ng\u1ef1c ch\u01b0a?\u201d\n<\/p>\n<p><span style=\"color:#fff; background:#fd1c7a; padding: 0 10px;\">N\u00ean kh\u00e1m ng\u1ef1c sau ph\u1eabu thu\u1eadt b\u1edfi ]b\u00e1c s\u0129 chuy\u00ean khoa ng\u1ef1c \u0111\u1ec3 c\u00f3 k\u1ebft qu\u1ea3 ch\u00ednh x\u00e1c v\u00e0 an to\u00e0n<\/span><\/p>\n<\/div><\/div><\/div><img class='avia_image' src='https:\/\/jp.daprs.com\/m\/wp-content\/uploads\/2021\/08\/special-breast-bg02.jpg' alt='' title=''   itemprop=\"thumbnailUrl\"  \/><\/div><\/div><\/div><\/div><\/div><\/div><\/main><!-- close content main element --><\/div><\/div><div id='ulthermage_wrap01' class='avia-section main_color avia-section-default avia-no-border-styling avia-bg-style-scroll  avia-builder-el-6  el_after_av_section  el_before_av_section    av-minimum-height av-minimum-height-custom  container_wrap fullsize' style='background-repeat: no-repeat; background-image: url(https:\/\/vn.daprs.com\/m\/wp-content\/uploads\/2021\/09\/special-breast-bg03.jpg);background-attachment: scroll; background-position: bottom center;  '  data-section-bg-repeat='no-repeat'><div class='container' style='height:800px'><div class='template-page content  av-content-full alpha units'><div class='post-entry post-entry-type-page post-entry-7689'><div class='entry-content-wrapper clearfix'>\n<div class=\"flex_column av_one_full  flex_column_div first  avia-builder-el-7  el_before_av_one_full  avia-builder-el-first   \" style='margin-top:85px; margin-bottom:0px; padding:0px 0px px 0px ; border-radius:0px; '><div style='padding-bottom:10px; color:#000000;font-size:30px;' class='av-special-heading av-special-heading-h3 custom-color-heading blockquote modern-quote modern-centered  avia-builder-el-8  el_before_av_image  avia-builder-el-first   av-inherit-size '><h3 class='av-special-heading-tag '  itemprop=\"headline\"  ><span class=\"font-w700\">Kh\u00f4ng c\u00f3  tri\u1ec7u ch\u1ee9ng c\u00e0ng c\u1ea7n <\/span><br \/>ph\u1ea3i ki\u1ec3m tra <\/h3><div class ='av-subheading av-subheading_below av_custom_color ' style='font-size:25px;'><p class=\"sh_title_sub_text\">\n<p><span style=\"color:#fff; background-color:#df1c7a; padding: 0 10px;line-height:1.8\">Kh\u00e1m ung th\u01b0 ng\u1ef1c<br \/>\n v\u00e0 t\u00ecnh tr\u1ea1ng t\u00fai \u0111\u1ed9n \u0111\u1ec3 ph\u00e1t hi\u1ec7n s\u1edbm n\u1ebfu ng\u1ef1c c\u00f3 v\u1ea5n \u0111\u1ec1.<\/p>\n<\/div><div class='special-heading-border'><div class='special-heading-inner-border' style='border-color:#000000'><\/div><\/div><\/div><br \/>\n<div class='avia-image-container  av-styling-    avia-builder-el-9  el_after_av_heading  avia-builder-el-last   avia-align-center '  itemprop=\"image\" itemscope=\"itemscope\" itemtype=\"https:\/\/schema.org\/ImageObject\"  ><div class='avia-image-container-inner'><div class='avia-image-overlay-wrap'><img class='avia_image' src='https:\/\/vn.daprs.com\/m\/wp-content\/uploads\/2021\/09\/special-treat-2.jpg' alt='' title='special-treat-2' height=\"544\" width=\"580\"  itemprop=\"thumbnailUrl\"  \/><\/div><\/div><\/div><\/p><\/div><div class=\"flex_column av_one_full  flex_column_div first  avia-builder-el-10  el_after_av_one_full  avia-builder-el-last   column-top-margin\" style='margin-top:30px; margin-bottom:0px; padding:0px 0px 30px 0px ; border-radius:0px; '><section class=\"av_textblock_section \"  itemscope=\"itemscope\" itemtype=\"https:\/\/schema.org\/CreativeWork\" ><div class='avia_textblock  '   itemprop=\"text\" ><p style=\"text-align: center;\">Ki\u1ec3m tra v\u1ecb tr\u00ed t\u00fai \u0111\u1ed9n ng\u1ef1c, kh\u1ea3 n\u0103ng t\u00fai b\u1ecb v\u1ee1,<br \/>\nt\u00ecnh tr\u1ea1ng t\u00fai \u0111\u1ed9n r\u1ea5t quan tr\u1ecdng.<br \/>\n<span class=\"font-w700\">Tuy nhi\u00ean n\u1ebfu ch\u1ec9 kh\u00e1m s\u1ee9c kh\u1ecfe th\u00f4ng th\u01b0\u1eddng<br \/>\nv\u1edbi c\u00e1c b\u00e1c s\u0129 kh\u00f4ng c\u00f3 kinh nghi\u1ec7m v\u1ec1 ng\u1ef1c th\u00ec k\u1ebft qu\u1ea3 c\u00f3 th\u1ec3 kh\u00f4ng ch\u00ednh x\u00e1c<br \/>\n<\/span><\/p>\n<p style=\"text-align: center;\">C\u1ea7n ti\u1ebfn h\u00e0nh x\u00e9t nghi\u1ec7m t\u00ecnh tr\u1ea1ng t\u00fai \u0111\u1ed9n<br \/>\nsau ph\u1eabu thu\u1eadt ng\u1ef1c v\u1edbi c\u00e1c b\u00e1c s\u0129 chuy\u00ean khoa ung b\u01b0\u1edbu ng\u1ef1c t\u1ea1i c\u00e1c vi\u1ec7n th\u1ea9m m\u1ef9 \u0111\u1ec3 c\u00f3 k\u1ebft qu\u1ea3 ch\u00ednh x\u00e1c nh\u1ea5t<\/p>\n<\/div><\/section><\/div><\/div><\/div><\/div><!-- close content main div --><\/div><\/div><div id='ulthermage_wrap01' class='avia-section main_color avia-section-default avia-no-border-styling avia-bg-style-scroll  avia-builder-el-12  el_after_av_section  el_before_av_section    av-minimum-height av-minimum-height-custom  container_wrap fullsize' style='background-repeat: no-repeat; background-image: url(https:\/\/vn.daprs.com\/m\/wp-content\/uploads\/2021\/09\/special-breast-bg04.jpg);background-attachment: scroll; background-position: bottom center;  '  data-section-bg-repeat='no-repeat'><div class='container' style='height:2100px'><div class='template-page content  av-content-full alpha units'><div class='post-entry post-entry-type-page post-entry-7689'><div class='entry-content-wrapper clearfix'>\n<div class=\"flex_column av_one_full  flex_column_div av-zero-column-padding first  avia-builder-el-13  el_before_av_one_full  avia-builder-el-first   \" style='margin-top:85px; margin-bottom:0px; border-radius:0px; '><div style='padding-bottom:10px; margin-bottom:30px; color:#ffffff;font-size:7vw;' class='av-special-heading av-special-heading-h3 custom-color-heading blockquote modern-quote modern-centered  avia-builder-el-14  el_before_av_image  avia-builder-el-first   av-inherit-size '><h3 class='av-special-heading-tag '  itemprop=\"headline\"  >Trang b\u1ecb trang thi\u1ebft b\u1ecb hi\u1ec7n \u0111\u1ea1i nh\u01b0 c\u00e1c b\u1ec7nh vi\u1ec7n \u0111a khoa Thi\u1ebft b\u1ecb si\u00eau \u00e2m c\u00f3 \u0111\u1ed9 ph\u00e2n gi\u1ea3i cao t\u1ea1i DA <\/h3><div class='special-heading-border'><div class='special-heading-inner-border' style='border-color:#ffffff'><\/div><\/div><\/div><br \/>\n<div class='avia-image-container  av-styling-    avia-builder-el-15  el_after_av_heading  avia-builder-el-last   avia-align-center '  itemprop=\"image\" itemscope=\"itemscope\" itemtype=\"https:\/\/schema.org\/ImageObject\"  ><div class='avia-image-container-inner'><div class='avia-image-overlay-wrap'><img class='avia_image' src='https:\/\/vn.daprs.com\/m\/wp-content\/uploads\/2021\/09\/special-breast-img03-1.jpg' alt='' title='special-breast-img03' height=\"376\" width=\"580\"  itemprop=\"thumbnailUrl\"  \/><\/div><\/div><\/div><\/p><\/div><div class=\"flex_column av_one_full  flex_column_div av-zero-column-padding first  avia-builder-el-16  el_after_av_one_full  el_before_av_one_full   column-top-margin\" style='margin-top:85px; margin-bottom:0px; border-radius:0px; '><div class='avia-image-container  av-styling-    avia-builder-el-17  avia-builder-el-no-sibling   avia-align-center '  itemprop=\"image\" itemscope=\"itemscope\" itemtype=\"https:\/\/schema.org\/ImageObject\"  ><div class='avia-image-container-inner'><div class='avia-image-overlay-wrap'><img class='avia_image' src='https:\/\/vn.daprs.com\/m\/wp-content\/uploads\/2021\/09\/special-breast-img04-1.jpg' alt='' title='special-breast-img04' height=\"376\" width=\"580\"  itemprop=\"thumbnailUrl\"  \/><\/div><\/div><\/div><\/div><div class=\"flex_column av_one_full  flex_column_div av-zero-column-padding first  avia-builder-el-18  el_after_av_one_full  el_before_av_one_full   column-top-margin\" style='margin-top:30px; margin-bottom:0px; border-radius:0px; '><section class=\"av_textblock_section \"  itemscope=\"itemscope\" itemtype=\"https:\/\/schema.org\/CreativeWork\" ><div class='avia_textblock  av_inherit_color '  style='color:#ffffff; '  itemprop=\"text\" ><p style=\"text-align: center; font-size: 3.5vw;\">Thi\u1ebft b\u1ecb si\u00eau \u00e2m th\u00f4ng th\u01b0\u1eddng c\u00f3 \u0111\u1ed9 ph\u00e2n gi\u1ea3i trung b\u00ecnh<br \/>\nn\u00ean kh\u00f3 ph\u00e1t hi\u1ec7n \u0111\u01b0\u1ee3c c\u00e1c t\u1ebf b\u00e0o l\u1ea1,<br \/>\nt\u1ea1i DA c\u00f3 trang b\u1ecb thi\u1ebft b\u1ecb si\u00eau \u00e2m c\u00f3 \u0111\u1ed9 ph\u00e2n gi\u1ea3i<br \/>\ncao gi\u00fap ch\u1ea9n \u0111o\u00e1n ch\u00ednh x\u00e1c t\u00ecnh tr\u1ea1ng ng\u1ef1c v\u00e0 c\u00e1c t\u1ebf b\u00e0o l\u1ea1<\/p>\n<\/div><\/section><\/div><div class=\"flex_column av_one_full  flex_column_div av-zero-column-padding first  avia-builder-el-20  el_after_av_one_full  el_before_av_one_full   column-top-margin\" style='margin-top:50px; margin-bottom:0px; border-radius:0px; '><div style='padding-bottom:10px; margin-bottom:30px; color:#ffffff;font-size:7vw;' class='av-special-heading av-special-heading-h3 custom-color-heading blockquote modern-quote modern-centered  avia-builder-el-21  el_before_av_image  avia-builder-el-first   av-inherit-size '><h3 class='av-special-heading-tag '  itemprop=\"headline\"  >Thi\u1ebft b\u1ecb ph\u00e2n t\u00edch ch\u1ea9n \u0111o\u00e1n ung th\u01b0<\/h3><div class='special-heading-border'><div class='special-heading-inner-border' style='border-color:#ffffff'><\/div><\/div><\/div><br \/>\n<div class='avia-image-container  av-styling-    avia-builder-el-22  el_after_av_heading  el_before_av_textblock   avia-align-center '  itemprop=\"image\" itemscope=\"itemscope\" itemtype=\"https:\/\/schema.org\/ImageObject\"  ><div class='avia-image-container-inner'><div class='avia-image-overlay-wrap'><img class='avia_image' src='https:\/\/jp.daprs.com\/m\/wp-content\/uploads\/2021\/08\/special-breast-step01.png' alt='' title=''   itemprop=\"thumbnailUrl\"  \/><\/div><\/div><\/div><br \/>\n<section class=\"av_textblock_section \"  itemscope=\"itemscope\" itemtype=\"https:\/\/schema.org\/CreativeWork\" ><div class='avia_textblock  av_inherit_color '  style='color:#ffffff; '  itemprop=\"text\" ><p style=\"text-align: center;margin-top:10px;\"><span class=\"font-w700\" style=\"font-size: 3.5vw;\">Kh\u00e1m ung th\u01b0 (breast lesion)<\/span><br \/>\nSo s\u00e1nh v\u00e0 ph\u00e2n t\u00edch v\u00f9ng nghi ng\u1edd v\u00e0 v\u00f9ng b\u00ecnh th\u01b0\u1eddng<\/p>\n<\/div><\/section><\/p><\/div><div class=\"flex_column av_one_full  flex_column_div av-zero-column-padding first  avia-builder-el-24  el_after_av_one_full  avia-builder-el-last   column-top-margin\" style='margin-top:85px; margin-bottom:0px; border-radius:0px; '><p><div class='avia-image-container  av-styling-    avia-builder-el-25  el_before_av_textblock  avia-builder-el-first   avia-align-center '  itemprop=\"image\" itemscope=\"itemscope\" itemtype=\"https:\/\/schema.org\/ImageObject\"  ><div class='avia-image-container-inner'><div class='avia-image-overlay-wrap'><img class='avia_image' src='https:\/\/jp.daprs.com\/m\/wp-content\/uploads\/2021\/08\/special-breast-step02.png' alt='' title=''   itemprop=\"thumbnailUrl\"  \/><\/div><\/div><\/div><br \/>\n<section class=\"av_textblock_section \"  itemscope=\"itemscope\" itemtype=\"https:\/\/schema.org\/CreativeWork\" ><div class='avia_textblock  av_inherit_color '  style='color:#ffffff; '  itemprop=\"text\" ><p style=\"text-align: center;margin-top:10px;\"><span class=\"font-w700\" style=\"font-size: 3.5vw;\">Ch\u1ea9n \u0111o\u00e1n v\u00e0 ph\u00e2n t\u00edch <\/span><br \/>\nCh\u1ea9n \u0111o\u00e1n v\u00e0 ph\u00e2n t\u00edch v\u00f9ng ng\u1ef1c \u0111\u1ec3<br \/>\nki\u1ec3m tra t\u00ecnh tr\u1ea1ng ng\u1ef1c th\u00f4ng qua k\u1ebft qu\u1ea3 si\u00eau \u00e2m<\/p>\n<\/div><\/section><\/p><\/div><\/div><\/div><\/div><!-- close content main div --><\/div><\/div><div id='av_section_4' class='avia-section main_color avia-section-default avia-no-border-styling avia-bg-style-scroll  avia-builder-el-27  el_after_av_section  avia-builder-el-last    av-minimum-height av-minimum-height-custom  container_wrap fullsize' style='background-repeat: no-repeat; background-image: url(https:\/\/vn.daprs.com\/m\/wp-content\/uploads\/2021\/09\/special-breast-bg05.jpg);background-attachment: scroll; background-position: top left;  '  data-section-bg-repeat='no-repeat'><div class='container' style='height:700px'><div class='template-page content  av-content-full alpha units'><div class='post-entry post-entry-type-page post-entry-7689'><div class='entry-content-wrapper clearfix'>\n<div class=\"flex_column av_one_full  flex_column_div av-zero-column-padding first  avia-builder-el-28  el_before_av_one_full  avia-builder-el-first   \" style='margin-top:30px; margin-bottom:0px; border-radius:0px; '><div style='padding-bottom:10px; margin-bottom:30px; color:#000000;font-size:7vw;' class='av-special-heading av-special-heading-h3 custom-color-heading blockquote modern-quote modern-centered  avia-builder-el-29  el_before_av_textblock  avia-builder-el-first   av-inherit-size '><h3 class='av-special-heading-tag '  itemprop=\"headline\"  >Ph\u01b0\u01a1ng ph\u00e1p \u0111i\u1ec1u tr\u1ecb Mamotom  <br \/>B\u00e1c s\u0129 chuy\u00ean khoa ung b\u01b0\u1edbu ng\u1ef1c DA <\/h3><div class='special-heading-border'><div class='special-heading-inner-border' style='border-color:#000000'><\/div><\/div><\/div><br \/>\n<section class=\"av_textblock_section \"  itemscope=\"itemscope\" itemtype=\"https:\/\/schema.org\/CreativeWork\" ><div class='avia_textblock mb20 av_inherit_color '  style='color:#ffffff; '  itemprop=\"text\" ><p style=\"text-align: center; color: #000;\">B\u00e1c s\u0129 chuy\u00ean khoa ung b\u01b0\u1edbu ng\u1ef1c t\u1ea1i vi\u1ec7n DA s\u1ebd ch\u1ea9n \u0111o\u00e1n ch\u00ednh x\u00e1c v\u1ecb tr\u00ed c\u00e1c kh\u1ed1i u v\u00e0 \u0111\u1eb7c \u0111i\u1ec3m c\u00e1c kh\u1ed1i<br \/>\nu n\u1ebfu c\u00f3 \u0111\u1ec3 l\u00ean k\u1ebf ho\u1ea1ch \u0111i\u1ec1u tr\u1ecb h\u1ee3p l\u00fd.<br \/>\n<span class=\"font-w700\" style=\"color: #fff; background: #df1c7a; padding: 0 10px;\">X\u1eed l\u00fd kh\u1ed1i u nh\u01b0ng kh\u00f4ng t\u00e1c \u0111\u1ed9ng \u0111\u1ebfn t\u00fai \u0111\u1ed9n<\/span><\/p>\n<\/div><\/section><br \/>\n<div class='avia-image-container  av-styling-    avia-builder-el-31  el_after_av_textblock  avia-builder-el-last   avia-align-center '  itemprop=\"image\" itemscope=\"itemscope\" itemtype=\"https:\/\/schema.org\/ImageObject\"  ><div class='avia-image-container-inner'><div class='avia-image-overlay-wrap'><img class='avia_image' src='https:\/\/vn.daprs.com\/m\/wp-content\/uploads\/2021\/09\/special-breast-img01-1.jpg' alt='' title='special-breast-img01' height=\"279\" width=\"498\"  itemprop=\"thumbnailUrl\"  \/><\/div><\/div><\/div><\/p><\/div><div class=\"flex_column av_one_full  flex_column_div av-zero-column-padding first  avia-builder-el-32  el_after_av_one_full  avia-builder-el-last  column-top-margin\" style='border-radius:0px; '><div class='avia-image-container  av-styling-  noHover  av-overlay-hover-deactivate   avia-builder-el-33  avia-builder-el-no-sibling   avia-align-center '  itemprop=\"image\" itemscope=\"itemscope\" itemtype=\"https:\/\/schema.org\/ImageObject\"  ><div class='avia-image-container-inner'><div class='avia-image-overlay-wrap'><div class='av-image-caption-overlay'><div class='av-caption-image-overlay-bg' style='opacity:0.4; '><\/div><div class='av-image-caption-overlay-position'><div class='av-image-caption-overlay-center' ><div style=\"transform: translateX(100px);padding:0 30px 0 0;\">\n<p style=\"text-align:left;\"><span style=\"color:#fff; background:#df1c7a;padding:0 10px;\">Ph\u00e1t hi\u1ec7n kh\u1ed1i u<\/span><\/p>\n<p style=\"text-align:left\">Khi ph\u00e1t hi\u1ec7n kh\u1ed1i u b\u1ea5t th\u01b0\u1eddng \u1edf ng\u1ef1c vi\u1ec7n DA c\u00f3 th\u1ec3 gi\u00fap b\u1ea1n li\u00ean h\u1ec7 ph\u00eda b\u1ec7nh vi\u1ec7n chuy\u00ean khoa Seoul \u0111\u1ec3 ti\u1ebfn h\u00e0nh x\u00e9t nghi\u1ec7m kh\u00e1c v\u00e0 ch\u1eefa tr\u1ecb k\u1ecbp th\u1eddi<\/p>\n<\/div>\n<\/div><\/div><\/div><img class='avia_image' src='https:\/\/jp.daprs.com\/m\/wp-content\/uploads\/2021\/08\/special-breast-img05.png' alt='' title=''   itemprop=\"thumbnailUrl\"  \/><\/div><\/div><\/div><\/div><\/p>\n","protected":false},"excerpt":{"rendered":"<p>\t\t\t\t<![CDATA[\n\t\t\t\t<![CDATA[]]]]><![CDATA[>\t\t]]>\t\t<\/p>\n","protected":false},"author":1,"featured_media":0,"parent":0,"menu_order":408,"comment_status":"closed","ping_status":"closed","template":"","meta":[],"_links":{"self":[{"href":"https:\/\/vn.daprs.com\/m\/wp-json\/wp\/v2\/pages\/7689"}],"collection":[{"href":"https:\/\/vn.daprs.com\/m\/wp-json\/wp\/v2\/pages"}],"about":[{"href":"https:\/\/vn.daprs.com\/m\/wp-json\/wp\/v2\/types\/page"}],"author":[{"embeddable":true,"href":"https:\/\/vn.daprs.com\/m\/wp-json\/wp\/v2\/users\/1"}],"replies":[{"embeddable":true,"href":"https:\/\/vn.daprs.com\/m\/wp-json\/wp\/v2\/comments?post=7689"}],"version-history":[{"count":37,"href":"https:\/\/vn.daprs.com\/m\/wp-json\/wp\/v2\/pages\/7689\/revisions"}],"predecessor-version":[{"id":20532,"href":"https:\/\/vn.daprs.com\/m\/wp-json\/wp\/v2\/pages\/7689\/revisions\/20532"}],"wp:attachment":[{"href":"https:\/\/vn.daprs.com\/m\/wp-json\/wp\/v2\/media?parent=7689"}],"curies":[{"name":"wp","href":"https:\/\/api.w.org\/{rel}","templated":true}]}}