{"id":7690,"date":"2021-04-09T02:36:15","date_gmt":"2021-04-09T02:36:15","guid":{"rendered":"https:\/\/jp.daprs.com\/m\/?page_id=2697"},"modified":"2023-01-25T09:00:19","modified_gmt":"2023-01-25T09:00:19","slug":"nose","status":"publish","type":"page","link":"https:\/\/vn.daprs.com\/m\/nose\/","title":{"rendered":"Nose autologous cartilage"},"content":{"rendered":"<div id='fullwidth_contact_test' class='avia-section main_color avia-section-default avia-no-border-styling avia-bg-style-scroll  avia-builder-el-0  el_before_av_section  avia-builder-el-first    av-minimum-height av-minimum-height-custom  container_wrap fullsize' style=' '  ><div class='container' ><main  role=\"main\" itemprop=\"mainContentOfPage\"  class='template-page content  av-content-full alpha units'><div class='post-entry post-entry-type-page post-entry-7690'><div class='entry-content-wrapper clearfix'>\n<div class='avia-image-container  av-styling-no-styling    avia-builder-el-1  el_before_av_one_full  avia-builder-el-first   avia-align-center '  itemprop=\"image\" itemscope=\"itemscope\" itemtype=\"https:\/\/schema.org\/ImageObject\"  ><div class='avia-image-container-inner'><div class='avia-image-overlay-wrap'><img class='avia_image' src='https:\/\/jp.daprs.com\/m\/wp-content\/uploads\/2021\/06\/501-m-img01.jpg' alt='' title=''   itemprop=\"thumbnailUrl\"  \/><\/div><\/div><\/div>\n<div class=\"flex_column av_one_full  flex_column_div first  avia-builder-el-2  el_after_av_image  avia-builder-el-last   \" style='margin-top:-150px; margin-bottom:0px; padding:0px 0px 0px 0 ; border-radius:0px; '><div style='padding-bottom:10px; color:#ffffff;font-size:7vw;' class='av-special-heading av-special-heading-h3 custom-color-heading blockquote modern-quote modern-centered  avia-builder-el-3  avia-builder-el-no-sibling   av-inherit-size '><h3 class='av-special-heading-tag '  itemprop=\"headline\"  >VI\u1ec6N DA <span style=\"color:#f89f89;\">T\u1ef0 <\/span><br \/>NHI\u00caN <span style=\"color:#ff9ca1;\">S\u1ee4N T\u1ef0 TH\u00c2N<\/span><\/h3><div class='special-heading-border'><div class='special-heading-inner-border' style='border-color:#ffffff'><\/div><\/div><\/div><\/div>\n\n<\/div><\/div><\/main><!-- close content main element --><\/div><\/div><div id='fullwidth_contact_test' class='avia-section main_color avia-section-default avia-no-border-styling avia-bg-style-scroll  avia-builder-el-4  el_after_av_section  el_before_av_section    av-minimum-height av-minimum-height-custom  container_wrap fullsize' style=' '  ><div class='container' ><div class='template-page content  av-content-full alpha units'><div class='post-entry post-entry-type-page post-entry-7690'><div class='entry-content-wrapper clearfix'>\n<div class='avia-image-container  av-styling-no-styling    avia-builder-el-5  el_before_av_one_full  avia-builder-el-first   avia-align-center '  itemprop=\"image\" itemscope=\"itemscope\" itemtype=\"https:\/\/schema.org\/ImageObject\"  ><div class='avia-image-container-inner'><div class='avia-image-overlay-wrap'><img class='avia_image' src='https:\/\/jp.daprs.com\/m\/wp-content\/uploads\/2021\/06\/501-m-img02.jpg' alt='' title=''   itemprop=\"thumbnailUrl\"  \/><\/div><\/div><\/div>\n<div class=\"flex_column av_one_full  flex_column_div first  avia-builder-el-6  el_after_av_image  avia-builder-el-last   \" style='margin-top:-210px; margin-bottom:0px; padding:0px 0px 0px 0 ; border-radius:0px; '><div style='padding-bottom:10px; color:#ffffff;font-size:6.5vw;' class='av-special-heading av-special-heading-h3 custom-color-heading blockquote modern-quote modern-centered  avia-builder-el-7  avia-builder-el-no-sibling   av-inherit-size '><h3 class='av-special-heading-tag '  itemprop=\"headline\"  ><span style=\"color:#f89f89;\">B\u1ea0N TH\u00cdCH <\/span>D\u00c1NG M\u0168I N\u00c0O?<br \/><span style=\"color:#f89f89;\">B\u1ea4T K\u00cc D\u00c1NG M\u0168I N\u00c0O C\u0168NG \u0110\u1eb8P T\u1ea0I <\/span>DA<\/h3><div class='special-heading-border'><div class='special-heading-inner-border' style='border-color:#ffffff'><\/div><\/div><\/div><\/div>\n\n<\/div><\/div><\/div><!-- close content main div --><\/div><\/div><div id='ulthermage_wrap01' class='avia-section main_color avia-section-large avia-no-border-styling avia-bg-style-scroll  avia-builder-el-8  el_after_av_section  el_before_av_section    av-minimum-height av-minimum-height-custom  container_wrap fullsize' style='background-color: #fff4ed;  '  ><div class='container' ><div class='template-page content  av-content-full alpha units'><div class='post-entry post-entry-type-page post-entry-7690'><div class='entry-content-wrapper clearfix'>\n<div class=\"flex_column av_one_full  flex_column_div first  avia-builder-el-9  avia-builder-el-no-sibling   \" style='padding:0px 0px 0px 0 ; border-radius:0px; '><p><div class='avia-image-container  av-styling-no-styling    avia-builder-el-10  el_before_av_heading  avia-builder-el-first   avia-align-center '  itemprop=\"image\" itemscope=\"itemscope\" itemtype=\"https:\/\/schema.org\/ImageObject\"  ><div class='avia-image-container-inner'><div class='avia-image-overlay-wrap'><img class='avia_image' src='https:\/\/jp.daprs.com\/m\/wp-content\/uploads\/2021\/06\/501-m-img03.jpg' alt='' title=''   itemprop=\"thumbnailUrl\"  \/><\/div><\/div><\/div><br \/>\n<div style='padding-bottom:10px; color:#000000;font-size:5vw;' class='av-special-heading av-special-heading-h3 custom-color-heading blockquote modern-quote modern-centered  avia-builder-el-11  el_after_av_image  el_before_av_image   av-inherit-size '><h3 class='av-special-heading-tag '  itemprop=\"headline\"  ><span class=\"font-w100\">D\u00e1ng m\u0169i \u0111ang HOT nh\u1ea5t<\/span><br \/> PH\u1eaaU THU\u1eacT M\u0168I T\u1ef0 NHI\u00caN S\u1ee4N T\u1ef0 TH\u00c2N<\/h3><div class='special-heading-border'><div class='special-heading-inner-border' style='border-color:#000000'><\/div><\/div><\/div><br \/>\n<div class='avia-image-container  av-styling-no-styling    avia-builder-el-12  el_after_av_heading  el_before_av_image   avia-align-center '  itemprop=\"image\" itemscope=\"itemscope\" itemtype=\"https:\/\/schema.org\/ImageObject\"  ><div class='avia-image-container-inner'><div class='avia-image-overlay-wrap'><img class='avia_image' src='https:\/\/jp.daprs.com\/m\/wp-content\/uploads\/2021\/06\/501-m-img04.jpg' alt='' title=''   itemprop=\"thumbnailUrl\"  \/><\/div><\/div><\/div><br \/>\n<div class='avia-image-container  av-styling-no-styling    avia-builder-el-13  el_after_av_image  avia-builder-el-last   avia-align-center '  itemprop=\"image\" itemscope=\"itemscope\" itemtype=\"https:\/\/schema.org\/ImageObject\"  ><div class='avia-image-container-inner'><div class='avia-image-overlay-wrap'><img class='avia_image' src='https:\/\/jp.daprs.com\/m\/wp-content\/uploads\/2021\/06\/501-m-img05.jpg' alt='' title=''   itemprop=\"thumbnailUrl\"  \/><\/div><\/div><\/div><\/p><\/div><\/div><\/div><\/div><!-- close content main div --><\/div><\/div><div id='ulthermage_wrap01' class='avia-section main_color avia-section-default avia-no-border-styling avia-bg-style-scroll  avia-builder-el-14  el_after_av_section  el_before_av_section    av-minimum-height av-minimum-height-custom  container_wrap fullsize' style='background-color: #ff9ca1;  '  ><div class='container' ><div class='template-page content  av-content-full alpha units'><div class='post-entry post-entry-type-page post-entry-7690'><div class='entry-content-wrapper clearfix'>\n<div class=\"flex_column av_one_full  flex_column_div first  avia-builder-el-15  el_before_av_one_full  avia-builder-el-first   \" style='margin-top:0; margin-bottom:0px; padding:50px 0px 0px 0 ; border-radius:0px; '><div style='padding-bottom:10px; color:#ffffff;font-size:7vw;' class='av-special-heading av-special-heading-h3 custom-color-heading blockquote modern-quote modern-centered  avia-builder-el-16  avia-builder-el-no-sibling   av-inherit-size '><h3 class='av-special-heading-tag '  itemprop=\"headline\"  ><span class=\"font-w100\">B\u00cd QUY\u1ebeT \u0110\u1ec2 C\u00d3 M\u0168I \u0110\u1eb8P C\u1ee6A C\u00c1C SAO L\u00c0 G\u00cc?<\/span><\/h3><div class='special-heading-border'><div class='special-heading-inner-border' style='border-color:#ffffff'><\/div><\/div><\/div><\/div><div class=\"flex_column av_one_full  flex_column_div first  avia-builder-el-17  el_after_av_one_full  el_before_av_one_fifth   column-top-margin\" style='margin-top:0; margin-bottom:0px; padding:0px 0px 0px 0 ; border-radius:0px; '><div style='padding-bottom:10px; color:#ffffff;font-size:7vw;' class='av-special-heading av-special-heading-h3 custom-color-heading blockquote modern-quote modern-centered  avia-builder-el-18  avia-builder-el-no-sibling   av-inherit-size '><div class ='av-subheading av-subheading_above av_custom_color ' style='font-size:16px;'><p>DA s\u1ebd ti\u1ebft l\u1ed9 cho b\u1ea1n!<\/p>\n<\/div><h3 class='av-special-heading-tag '  itemprop=\"headline\"  >#C\u00d4NG TH\u1ee8C PH\u1eaaU THU\u1eacT M\u0168I \u0110\u1eb6C BI\u1ec6T #DA<\/h3><div class='special-heading-border'><div class='special-heading-inner-border' style='border-color:#ffffff'><\/div><\/div><\/div><\/div><div class=\"flex_column av_one_fifth  flex_column_div av-zero-column-padding first  avia-builder-el-19  el_after_av_one_full  el_before_av_three_fifth  column-top-margin\" style='border-radius:0px; '><\/div><div class=\"flex_column av_three_fifth  flex_column_div   avia-builder-el-20  el_after_av_one_fifth  avia-builder-el-last   column-top-margin\" style='padding:0px 40px 40px 0px ; border-radius:0px; '><\/div><\/div><\/div><\/div><!-- close content main div --><\/div><\/div><div id='ulthermage_wrap01' class='avia-section main_color avia-section-large avia-no-border-styling avia-bg-style-scroll  avia-builder-el-22  el_after_av_section  el_before_av_section    av-minimum-height av-minimum-height-custom  container_wrap fullsize' style='background-color: #ffffff;  '  ><div class='container' ><div class='template-page content  av-content-full alpha units'><div class='post-entry post-entry-type-page post-entry-7690'><div class='entry-content-wrapper clearfix'>\n<div class=\"flex_column av_one_full  flex_column_div first  avia-builder-el-23  avia-builder-el-no-sibling   \" style='margin-top:0; margin-bottom:0px; background: #ffffff; padding:0px 0px 0px 0 ; background-color:#ffffff; border-radius:0px; '><p><div class='avia-image-container  av-styling-no-styling    avia-builder-el-24  el_before_av_heading  avia-builder-el-first   avia-align-center '  itemprop=\"image\" itemscope=\"itemscope\" itemtype=\"https:\/\/schema.org\/ImageObject\"  ><div class='avia-image-container-inner'><div class='avia-image-overlay-wrap'><img class='avia_image' src='https:\/\/jp.daprs.com\/m\/wp-content\/uploads\/2021\/06\/501-m-img06.jpg' alt='' title=''   itemprop=\"thumbnailUrl\"  \/><\/div><\/div><\/div><br \/>\n<div style='padding-bottom:10px; color:#000000;font-size:7vw;' class='av-special-heading av-special-heading-h3 custom-color-heading blockquote modern-quote modern-centered  avia-builder-el-25  el_after_av_image  el_before_av_heading   av-inherit-size '><h3 class='av-special-heading-tag '  itemprop=\"headline\"  ><span style=\"color:#ba595f;\">\u0110\u1ea6U M\u0168I \u0110\u1eb8P!<\/span><\/h3><div class='special-heading-border'><div class='special-heading-inner-border' style='border-color:#000000'><\/div><\/div><\/div><br \/>\n<div style='padding-bottom:10px; color:#000000;font-size:7vw;' class='av-special-heading av-special-heading-h3 custom-color-heading blockquote modern-quote modern-centered  avia-builder-el-26  el_after_av_heading  el_before_av_image   av-inherit-size '><div class ='av-subheading av-subheading_above av_custom_color ' style='font-size:20px;'><p>S\u1eed d\u1ee5ng t\u1ef1 th\u00e2n, h\u1ea1n ch\u1ebf s\u1ee5n nh\u00e2n t\u1ea1o!<\/p>\n<\/div><h3 class='av-special-heading-tag '  itemprop=\"headline\"  >#DAPH\u1eaaU THU\u1eacT M\u0168I T\u1ef0 NHI\u00caN S\u1ee4N T\u1ef0 TH\u00c2N<\/h3><div class='special-heading-border'><div class='special-heading-inner-border' style='border-color:#000000'><\/div><\/div><\/div><br \/>\n<div class='avia-image-container  av-styling-no-styling    avia-builder-el-27  el_after_av_heading  avia-builder-el-last   avia-align-center '  itemprop=\"image\" itemscope=\"itemscope\" itemtype=\"https:\/\/schema.org\/ImageObject\"  ><div class='avia-image-container-inner'><div class='avia-image-overlay-wrap'><img class='avia_image' src='https:\/\/vn.daprs.com\/m\/wp-content\/uploads\/2021\/09\/501-m-img07.jpg' alt='' title='501-m-img07' height=\"538\" width=\"640\"  itemprop=\"thumbnailUrl\"  \/><\/div><\/div><\/div><\/p><\/div><\/div><\/div><\/div><!-- close content main div --><\/div><\/div><div id='fullwidth_contact_test' class='avia-section main_color avia-section-default avia-no-border-styling avia-bg-style-scroll  avia-builder-el-28  el_after_av_section  el_before_av_section    av-minimum-height av-minimum-height-custom  container_wrap fullsize' style='background-color: #ffe7d7;  '  ><div class='container' ><div class='template-page content  av-content-full alpha units'><div class='post-entry post-entry-type-page post-entry-7690'><div class='entry-content-wrapper clearfix'>\n<div class=\"flex_column av_one_full  flex_column_div first  avia-builder-el-29  el_before_av_one_full  avia-builder-el-first   \" style='margin-bottom:0px; padding:50px 0px 0px 0 ; border-radius:0px; '><p><div class='avia-image-container  av-styling-no-styling    avia-builder-el-30  el_before_av_heading  avia-builder-el-first   avia-align-center '  itemprop=\"image\" itemscope=\"itemscope\" itemtype=\"https:\/\/schema.org\/ImageObject\"  ><div class='avia-image-container-inner'><div class='avia-image-overlay-wrap'><img class='avia_image' src='https:\/\/jp.daprs.com\/m\/wp-content\/uploads\/2021\/06\/501-m-img08.jpg' alt='' title=''   itemprop=\"thumbnailUrl\"  \/><\/div><\/div><\/div><br \/>\n<div style='padding-bottom:10px; color:#000000;font-size:7vw;' class='av-special-heading av-special-heading-h3 custom-color-heading blockquote modern-quote modern-centered  avia-builder-el-31  el_after_av_image  avia-builder-el-last   av-inherit-size '><h3 class='av-special-heading-tag '  itemprop=\"headline\"  ><span class=\"font-w100\">D\u00c1NG M\u0168I \u0110\u1eb8P T\u1eea M\u1eccI G\u00d3C \u0110\u1ed8!<\/span><\/h3><div class='special-heading-border'><div class='special-heading-inner-border' style='border-color:#000000'><\/div><\/div><\/div><\/p><\/div><div class=\"flex_column av_one_full  flex_column_div first  avia-builder-el-32  el_after_av_one_full  el_before_av_image   column-top-margin\" style='margin-top:0; margin-bottom:0px; padding:0px 0px 0px 0 ; border-radius:0px; '><div style='padding-bottom:10px; color:#000000;font-size:7vw;' class='av-special-heading av-special-heading-h3 custom-color-heading blockquote modern-quote modern-centered  avia-builder-el-33  avia-builder-el-no-sibling   av-inherit-size '><div class ='av-subheading av-subheading_above av_custom_color ' style='font-size:20px;'><p class=\"sh_title_sub_text\">\n<p>DA bi\u1ebft b\u1ea1n ph\u00f9 h\u1ee3p d\u00e1ng m\u0169i n\u00e0o!<\/p>\n<\/div><h3 class='av-special-heading-tag '  itemprop=\"headline\"  >PH\u01af\u01a0NG PH\u00c1P PH\u1eaaU THU\u1eacT M\u0168I + S\u00d3NG M\u0168I THEO T\u1ef6 L\u1ec6 CHU\u1ea8N<\/h3><div class='special-heading-border'><div class='special-heading-inner-border' style='border-color:#000000'><\/div><\/div><\/div><\/div><div class='avia-image-container  av-styling-no-styling    avia-builder-el-34  el_after_av_one_full  avia-builder-el-last   avia-align-center '  itemprop=\"image\" itemscope=\"itemscope\" itemtype=\"https:\/\/schema.org\/ImageObject\"  ><div class='avia-image-container-inner'><div class='avia-image-overlay-wrap'><img class='avia_image' src='https:\/\/vn.daprs.com\/m\/wp-content\/uploads\/2021\/09\/501-m-img09.jpg' alt='' title='501-m-img09' height=\"396\" width=\"640\"  itemprop=\"thumbnailUrl\"  \/><\/div><\/div><\/div>\n<\/p>\n<\/div><\/div><\/div><!-- close content main div --><\/div><\/div><div id='ulthermage_wrap01' class='avia-section main_color avia-section-large avia-no-border-styling avia-bg-style-scroll  avia-builder-el-35  el_after_av_section  el_before_av_section    av-minimum-height av-minimum-height-custom  container_wrap fullsize' style=' '  ><div class='container' ><div class='template-page content  av-content-full alpha units'><div class='post-entry post-entry-type-page post-entry-7690'><div class='entry-content-wrapper clearfix'>\n<div class=\"flex_column av_one_full  flex_column_div first  avia-builder-el-36  el_before_av_one_full  avia-builder-el-first   \" style='margin-top:70px; margin-bottom:0px; padding:0px 0px 0px 0 ; border-radius:0px; '><div style='padding-bottom:10px; color:#000000;font-size:7vw;' class='av-special-heading av-special-heading-h3 custom-color-heading blockquote modern-quote modern-centered  avia-builder-el-37  avia-builder-el-no-sibling   av-inherit-size '><h3 class='av-special-heading-tag '  itemprop=\"headline\"  ><span class=\"font-w100\">B\u1ea1n c\u0169ng kh\u00f4ng bi\u1ebft..m\u0169i b\u1ecb vi\u00eam..?<\/span><\/h3><div class='special-heading-border'><div class='special-heading-inner-border' style='border-color:#000000'><\/div><\/div><\/div><\/div><div class=\"flex_column av_one_full  flex_column_div first  avia-builder-el-38  el_after_av_one_full  avia-builder-el-last   column-top-margin\" style='margin-top:0; margin-bottom:0px; padding:0px 0px 0px 0 ; border-radius:0px; '><p><div style='padding-bottom:10px; color:#000000;font-size:7vw;' class='av-special-heading av-special-heading-h3 custom-color-heading blockquote modern-quote modern-centered  avia-builder-el-39  el_before_av_textblock  avia-builder-el-first   av-inherit-size '><div class ='av-subheading av-subheading_above av_custom_color ' style='font-size:20px;'><p>Ch\u1ea9n \u0111o\u00e1n c\u1ea3 ch\u1ee9c n\u0103ng m\u0169i cho b\u1ea1n<\/p>\n<\/div><h3 class='av-special-heading-tag '  itemprop=\"headline\"  >S\u1eec D\u1ee4NG C\u00d4NG NGH\u1ec6 3D \u2013 CT CH\u1ea8N \u0110O\u00c1N T\u00ccNH TR\u1ea0NG V\u00c0 CH\u1ee8C N\u0102NG M\u0168I<\/h3><div class='special-heading-border'><div class='special-heading-inner-border' style='border-color:#000000'><\/div><\/div><\/div><br \/>\n<section class=\"av_textblock_section \"  itemscope=\"itemscope\" itemtype=\"https:\/\/schema.org\/CreativeWork\" ><div class='avia_textblock mb20 av_inherit_color '  style='font-size:20px; color:#000000; '  itemprop=\"text\" ><p style=\"text-align: center;\"><span class=\"font-bold\">Khi ch\u1ea9n \u0111o\u00e1n m\u0169i c\u00f3 v\u1ea5n \u0111\u1ec1 v\u1ec1 ch\u1ee9c n\u0103ng,<br \/>\n<\/span>C\u00f3 th\u1ec3 k\u1ebft h\u1ee3p ph\u01b0\u01a1ng ph\u00e1p tai m\u0169i h\u1ecdng \u0111\u1ec3 c\u1ea3i thi\u1ec7n<\/p>\n<\/div><\/section><br \/>\n<div class='avia-image-container  av-styling-no-styling    avia-builder-el-41  el_after_av_textblock  avia-builder-el-last  mb30 avia-align-center '  itemprop=\"image\" itemscope=\"itemscope\" itemtype=\"https:\/\/schema.org\/ImageObject\"  ><div class='avia-image-container-inner'><div class='avia-image-overlay-wrap'><img class='avia_image' src='https:\/\/vn.daprs.com\/m\/wp-content\/uploads\/2021\/09\/501-m-img11.png' alt='' title='501-m-img11' height=\"186\" width=\"581\"  itemprop=\"thumbnailUrl\"  \/><\/div><\/div><\/div><\/p><\/div><\/div><\/div><\/div><!-- close content main div --><\/div><\/div><div id='ulthermage_wrap01' class='avia-section main_color avia-section-large avia-no-border-styling avia-bg-style-scroll  avia-builder-el-42  el_after_av_section  el_before_av_section    av-minimum-height av-minimum-height-custom  container_wrap fullsize' style='background-color: #fdd7c9;  '  ><div class='container' ><div class='template-page content  av-content-full alpha units'><div class='post-entry post-entry-type-page post-entry-7690'><div class='entry-content-wrapper clearfix'>\n<div class=\"flex_column av_one_full  flex_column_div first  avia-builder-el-43  avia-builder-el-no-sibling   \" style='margin-top:0; margin-bottom:0px; padding:50px 0px 0px 0 ; border-radius:0px; '><div style='padding-bottom:10px; color:#000000;font-size:7vw;' class='av-special-heading av-special-heading-h3 custom-color-heading blockquote modern-quote modern-centered  avia-builder-el-44  el_before_av_heading  avia-builder-el-first   av-inherit-size '><h3 class='av-special-heading-tag '  itemprop=\"headline\"  >L\u00fd do c\u00e1c sao H\u00e0n t\u00ecm \u0111\u1ebfn DA<\/h3><div class='special-heading-border'><div class='special-heading-inner-border' style='border-color:#000000'><\/div><\/div><\/div><br \/>\n<div style='padding-bottom:10px; color:#000000;font-size:7vw;' class='av-special-heading av-special-heading-h3 custom-color-heading blockquote modern-quote modern-centered  avia-builder-el-45  el_after_av_heading  el_before_av_image   av-inherit-size '><div class ='av-subheading av-subheading_above av_custom_color ' style='font-size:20px;'><p>V\u00ec sao ch\u1ecdn ph\u1eabu thu\u1eadt m\u0169i t\u1ea1i DA<\/p>\n<\/div><h3 class='av-special-heading-tag '  itemprop=\"headline\"  ><span class=\"font-w100\">D\u00e1ng m\u0169i kh\u00f4ng thay \u0111\u1ed5i<\/span><br \/>Theo th\u1eddi gian<\/h3><div class='special-heading-border'><div class='special-heading-inner-border' style='border-color:#000000'><\/div><\/div><\/div><br \/>\n<div class='avia-image-container  av-styling-no-styling    avia-builder-el-46  el_after_av_heading  el_before_av_image   avia-align-center '  itemprop=\"image\" itemscope=\"itemscope\" itemtype=\"https:\/\/schema.org\/ImageObject\"  ><div class='avia-image-container-inner'><div class='avia-image-overlay-wrap'><img class='avia_image' src='https:\/\/jp.daprs.com\/m\/wp-content\/uploads\/2021\/06\/501-m-img12.jpg' alt='' title=''   itemprop=\"thumbnailUrl\"  \/><\/div><\/div><\/div><br \/>\n<div class='avia-image-container  av-styling-no-styling    avia-builder-el-47  el_after_av_image  avia-builder-el-last   avia-align-center '  itemprop=\"image\" itemscope=\"itemscope\" itemtype=\"https:\/\/schema.org\/ImageObject\"  ><div class='avia-image-container-inner'><div class='avia-image-overlay-wrap'><img class='avia_image' src='https:\/\/jp.daprs.com\/m\/wp-content\/uploads\/2021\/06\/501-m-img13.jpg' alt='' title=''   itemprop=\"thumbnailUrl\"  \/><\/div><\/div><\/div><\/p><\/div>\n<\/p>\n<\/div><\/div><\/div><!-- close content main div --><\/div><\/div><div id='ulthermage_wrap01' class='avia-section main_color avia-section-default avia-no-border-styling avia-bg-style-scroll  avia-builder-el-48  el_after_av_section  avia-builder-el-last    av-minimum-height av-minimum-height-custom  container_wrap fullsize' style=' '  ><div class='container' ><div class='template-page content  av-content-full alpha units'><div class='post-entry post-entry-type-page post-entry-7690'><div class='entry-content-wrapper clearfix'>\n<div class='avia-image-container  av-styling-no-styling    avia-builder-el-49  el_before_av_one_full  avia-builder-el-first   avia-align-center '  itemprop=\"image\" itemscope=\"itemscope\" itemtype=\"https:\/\/schema.org\/ImageObject\"  ><div class='avia-image-container-inner'><div class='avia-image-overlay-wrap'><img class='avia_image' src='https:\/\/jp.daprs.com\/m\/wp-content\/uploads\/2021\/06\/501-m-img14.jpg' alt='' title=''   itemprop=\"thumbnailUrl\"  \/><\/div><\/div><\/div>\n<div class=\"flex_column av_one_full  flex_column_div first  avia-builder-el-50  el_after_av_image  el_before_av_one_full   \" style='margin-top:-80%; margin-bottom:0px; padding:0px 0px 0px 0 ; border-radius:0px; '><div style='padding-bottom:10px; margin-left:10px; color:#ffffff;font-size:6vw;' class='av-special-heading av-special-heading-h3 custom-color-heading blockquote modern-quote  avia-builder-el-51  avia-builder-el-no-sibling   av-inherit-size '><h3 class='av-special-heading-tag '  itemprop=\"headline\"  ><span class=\"font-w100\">B\u1ea0N TH\u00cdCH D\u00c1NG M\u0168I N\u00c0O? <br \/>B\u1ea4T K\u00cc D\u00c1NG M\u0168I N\u00c0O C\u0168NG \u0110\u1eb8P T\u1ea0I DA<\/span><\/h3><div class='special-heading-border'><div class='special-heading-inner-border' style='border-color:#ffffff'><\/div><\/div><\/div><\/div><div class=\"flex_column av_one_full  flex_column_div first  avia-builder-el-52  el_after_av_one_full  avia-builder-el-last   column-top-margin\" style='margin-top:-50%; margin-bottom:0px; padding:0px 0px 0px 0 ; border-radius:0px; '><section class=\"av_textblock_section \"  itemscope=\"itemscope\" itemtype=\"https:\/\/schema.org\/CreativeWork\" ><div class='avia_textblock  av_inherit_color '  style='font-size:14px; color:#ffffff; '  itemprop=\"text\" ><div style=\"margin-bottom: 5px; background-color: rgba(0,0,0,0.3); padding: 5px 10px;\"><i class=\"far fa-check-square\" style=\"padding: 0 10px 0 50px; color: #ff9aa2;\"><\/i>M\u0169i th\u1ea5p<\/div>\n<div style=\"margin-bottom: 5px; background-color: rgba(0,0,0,0.3); padding: 5px 10px;\"><i class=\"far fa-check-square\" style=\"padding: 0 10px 0 50px; ; color: #ff9aa2;\"><\/i>M\u0169i g\u1ed3<\/div>\n<div style=\"margin-bottom: 5px; background-color: rgba(0,0,0,0.3); padding: 5px 10px;\"><i class=\"far fa-check-square\" style=\"padding: 0 10px 0 50px; ; color: #ff9aa2;\"><\/i>M\u0169i ng\u1eafn<\/div>\n<div style=\"margin-bottom: 5px; background-color: rgba(0,0,0,0.3); padding: 5px 10px;\"><i class=\"far fa-check-square\" style=\"padding: 0 10px 0 50px; ; color: #ff9aa2;\"><\/i>M\u0169i d\u00e0i\/ m\u0169i nh\u1ecdn<\/div>\n<div style=\"margin-bottom: 5px; background-color: rgba(0,0,0,0.3); padding: 5px 10px;\"><i class=\"far fa-check-square\" style=\"padding: 0 10px 0 50px; ; color: #ff9aa2;\"><\/i>M\u0169i l\u1ec7ch\/ m\u0169i to<\/div>\n<\/div><\/section><\/div>\n","protected":false},"excerpt":{"rendered":"<p>\t\t\t\t<![CDATA[\n\t\t\t\t<![CDATA[]]]]><![CDATA[>\t\t]]>\t\t<\/p>\n","protected":false},"author":1,"featured_media":0,"parent":0,"menu_order":501,"comment_status":"closed","ping_status":"closed","template":"","meta":[],"_links":{"self":[{"href":"https:\/\/vn.daprs.com\/m\/wp-json\/wp\/v2\/pages\/7690"}],"collection":[{"href":"https:\/\/vn.daprs.com\/m\/wp-json\/wp\/v2\/pages"}],"about":[{"href":"https:\/\/vn.daprs.com\/m\/wp-json\/wp\/v2\/types\/page"}],"author":[{"embeddable":true,"href":"https:\/\/vn.daprs.com\/m\/wp-json\/wp\/v2\/users\/1"}],"replies":[{"embeddable":true,"href":"https:\/\/vn.daprs.com\/m\/wp-json\/wp\/v2\/comments?post=7690"}],"version-history":[{"count":18,"href":"https:\/\/vn.daprs.com\/m\/wp-json\/wp\/v2\/pages\/7690\/revisions"}],"predecessor-version":[{"id":20545,"href":"https:\/\/vn.daprs.com\/m\/wp-json\/wp\/v2\/pages\/7690\/revisions\/20545"}],"wp:attachment":[{"href":"https:\/\/vn.daprs.com\/m\/wp-json\/wp\/v2\/media?parent=7690"}],"curies":[{"name":"wp","href":"https:\/\/api.w.org\/{rel}","templated":true}]}}