{"id":7698,"date":"2021-04-13T00:47:43","date_gmt":"2021-04-13T00:47:43","guid":{"rendered":"https:\/\/jp.daprs.com\/m\/?page_id=2982"},"modified":"2023-01-30T02:11:36","modified_gmt":"2023-01-30T02:11:36","slug":"lifting","status":"publish","type":"page","link":"https:\/\/vn.daprs.com\/m\/lifting\/","title":{"rendered":"Absolute Lifting"},"content":{"rendered":"<div class=\"por lifting-absolute-01\">\n\t<img src=\"\/m\/wp-content\/uploads\/2021\/06\/601-m-lifting_absolute_01.jpg\" alt=\"\"><\/p>\n<div class=\"poa\">\n<h3 style=\"font-size: 9vw;\">PH\u01af\u01a0NG PH\u00c1P C\u0102NG DA M\u1eb6T<br \/>\nTO\u00c0N DI\u1ec6N DA!<\/h3>\n<p>C\u1ea3i thi\u1ec7n da ch\u00f9n m\u00ed d\u01b0\u1edbi v\u00e0 r\u00e3nh mi\u1ec7ng c\u00f9ng m\u1ed9t l\u00fac!<\/p>\n<\/div>\n<\/div>\n<div class=\"por lifting-absolute-02\">\n<div class=\"balon\">B\u1ea1n c\u00f3 bi\u1ebft<\/p>\n<p><strong>N\u1ebfp nh\u0103n d\u01b0\u1edbi m\u1eaft v\u00e0 r\u1ea3nh mi\u1ec7ng<br \/>\n<\/strong>l\u00e0 nguy\u00ean nh\u00e2n l\u00e0m<br \/>\nkhu\u00f4n m\u1eb7t tr\u00f4ng c\u00f3 tu\u1ed5i?<\/p>\n<\/div>\n<p><img src=\"\/m\/wp-content\/uploads\/2021\/09\/601-m-lifting_absolute_02.jpg\" alt=\"\"><\/p>\n<div class=\"poa-03\">\n    V\u00f9ng d\u01b0\u1edbi m\u1eaft v\u00e0 r\u1ea3nh mi\u1ec7ng l\u00e0 v\u00f9ng d\u1ec5 b\u1ecb<br \/>\nx\u1ea3y ra n\u1ebfp nh\u0103n<\/p>\n<p><span>N\u1ebfp nh\u0103n &amp; da ch\u00f9n m\u00ed d\u01b0\u1edbi &amp;<br \/>\nN\u1ebfp nh\u0103n r\u1ea3nh mi\u1ec7ng<br \/>\n<\/span><br \/>\nl\u00e0 d\u1ea5u hi\u1ec7u tu\u1ed5i t\u00e1c l\u00e0m<\/p>\n<p><strong>m\u1ea5t th\u1ea9m m\u1ef9<\/strong><\/p>\n<p><strong><br \/>\n<\/strong><strong><\/strong><\/p>\n<\/div>\n<\/div>\n<div class=\"lifting-absolute-03\">\n  D\u1ea5u hi\u1ec7u tu\u1ed5i t\u00e1c<\/p>\n<p><span>#dach\u00f9nm\u00edd\u01b0\u1edbi  <\/span> <span>#n\u1ebfpnh\u0103nm\u00edd\u01b0\u1edbi <\/span> <span>#N\u1ebfpnh\u0103nr\u1ea3nhmi\u1ec7ng<br \/>\n<\/span><br \/>\n<strong>Kh\u00f4ng c\u1ea7n ph\u1ea3i l\u00e0m nhi\u1ec1u ph\u1eabu thu\u1eadt n\u1eefa<\/strong><\/p>\n<p><strong><br \/>\n<\/strong><strong><\/strong><\/p>\n<\/div>\n<div class=\"lifting-absolute-04\">\n<h3>C\u1ea2I THI\u1ec6N<\/p>\n<p><strong>CH\u1ec8 V\u1edaI M\u1ed8T L\u1ea6N <span class=\"color\">TH\u1ef0C HI\u1ec6N PH\u01af\u01a0NG<br \/>\nPH\u00c1P C\u0102NG DA M\u1eb6T  <\/span> TO\u00c0N DI\u1ec6N DA<\/strong><\/h3>\n<p><strong><\/strong><\/p>\n<p><strong><\/strong><\/p>\n<p><strong><\/strong><\/p>\n<p><strong><\/p>\n<p class=\"txt\">Ph\u01b0\u01a1ng ph\u00e1p c\u0103ng da m\u1eb7t to\u00e0n di\u1ec7n<br \/>\nc\u1ea3i thi\u1ec7n da ch\u00f9n m\u00ed d\u01b0\u1edbi v\u00e0 r\u00e3nh mi\u1ec7ng ch\u1ec9 v\u1edbi m\u1ed9t l\u1ea7n th\u1ef1c hi\u1ec7n<\/p>\n<div class=\"box01\">\n\t\t<strong class=\"tt\">C\u0102NG DA M\u1eb6T TO\u00c0N DI\u1ec6N<\/p>\n<p><\/strong><strong class=\"tt\"><\/strong><strong class=\"tt\"><\/strong><strong class=\"tt\"><\/strong><strong class=\"tt\">    <\/strong><br \/>\n<img src=\"\/m\/wp-content\/uploads\/2021\/06\/601-m-lifting_absolute_03_01.jpg\" alt=\"\"><\/p>\n<p>C\u1ea3i thi\u1ec7n n\u1ebfp nh\u0103n m\u00ed d\u01b0\u1edbi v\u00e0 r\u00e3nh mi\u1ec7ng b\u1eb1ng ph\u01b0\u01a1ng ph\u00e1p<br \/>\nc\u0103ng ph\u1ea7n da v\u00e0 m\u00f4 c\u01a1 ch\u1ea3y x\u1ec7 d\u01b0\u1edbi m\u1eaft v\u00e0 t\u1ea7ng m\u1ee1 h\u1ea1 b\u00ec SOOF<\/p>\n<\/div>\n<p><span class=\"vs\">VS<\/span><\/p>\n<div class=\"row\">\n<div class=\"box01\">\n\t\t\t<strong class=\"tt\">CH\u1ec8NH H\u00ccNH B\u1eccNG M\u1eaeT.<br \/>\nD\u01af\u1edaI TH\u00d4NG TH\u01af\u1edcNG<\/p>\n<p><\/strong><strong class=\"tt\"><\/strong><strong class=\"tt\"><\/strong><strong class=\"tt\"><\/strong><strong class=\"tt\">      <\/strong><br \/>\n<img src=\"\/m\/wp-content\/uploads\/2021\/06\/601-m-lifting_absolute_03_02.jpg\" alt=\"\"><\/p>\n<p>C\u1ea3i thi\u1ec7n n\u1ebfp nh\u0103n m\u00ed d\u01b0\u1edbi b\u1eb1ng<br \/>\nph\u01b0\u01a1ng ph\u00e1p lo\u1ea1i b\u1ecf b\u1ecdng m\u1eaft v\u00e0<br \/>\nda ch\u00f9n<\/p>\n<\/div>\n<div class=\"box01\">\n\t\t\t<strong class=\"tt\">CH\u1ec8NH H\u00ccNH N\u1ebeP NH\u0102N<br \/>\nR\u1ea2NH MI\u1ec6NG\/ FILLER<\/p>\n<p><\/strong><strong class=\"tt\"><\/strong><strong class=\"tt\"><\/strong><strong class=\"tt\"><\/strong><strong class=\"tt\">      <\/strong><br \/>\n<img src=\"\/m\/wp-content\/uploads\/2021\/06\/601-m-lifting_absolute_03_03.jpg\" alt=\"\"><\/p>\n<p>C\u1ea3i thi\u1ec7n n\u1ebfp nh\u0103n r\u00e3nh mi\u1ec7ng<br \/>\nb\u1eb1ng ph\u01b0\u01a1ng ph\u00e1p filler ho\u1eb7c<br \/>\nc\u0103ng ch\u1ec9<\/p>\n<\/div>\n<\/div>\n<div class=\"bd-t text-center mt30\">\n\t\t<strong class=\"tt-r size29\">PH\u01af\u01a0NG PH\u00c1P C\u0102NG DA M\u1eb6T TO\u00c0N DI\u1ec6N DA!<\/p>\n<p><\/strong><strong class=\"tt-r size29\"><\/strong><strong class=\"tt-r size29\"><\/strong><strong class=\"tt-r size29\"><\/strong><strong class=\"tt-r size29\">    <\/strong><\/p>\n<p class=\"size30 mt20\">C\u1ea3i thi\u1ec7n da ch\u00f9n m\u00ed d\u01b0\u1edbi v\u00e0 r\u00e3nh mi\u1ec7ng<\/p>\n<p><strong class=\"color\">c\u00f9ng m\u1ed9t l\u00fac v\u1edbi k\u1ebft qu\u1ea3 m\u1ef9 m\u00e3n<\/strong><\/p>\n<p><strong class=\"color\"><br \/>\n<\/strong><strong class=\"color\"><\/strong><\/p>\n<\/div>\n<div class=\"por mt30\">\n\t\t<img src=\"\/m\/wp-content\/uploads\/2021\/06\/601-m-lifting_absolute_04.jpg\" alt=\"\"><br \/>\n<span class=\"poa c-fff\" style=\"left:24%; top:33%\">side SOOF<br \/>\n<\/span><br \/>\n<span class=\"poa c-fff\" style=\"left:33%; top:48%\">center SOOF<br \/>\n<\/span><\/div>\n<div class=\"lifting-absolute-05\">\n\t\t<strong class=\"size27 tt\">T\u1ea7ng m\u1ee1 h\u1ea1 b\u00ec SOOF<\/p>\n<p><\/strong><strong class=\"size27 tt\"><\/strong><strong class=\"size27 tt\"><\/strong><strong class=\"size27 tt\"><\/strong><strong class=\"size27 tt\">    <\/strong><\/p>\n<p class=\"size30\">Da ch\u00f9n m\u00ed m\u1eaft v\u00e0 r\u00e3nh mi\u1ec7ng<br \/>\nC\u0169ng \u0111\u01b0\u1ee3c c\u1ea3i thi\u1ec7n<\/p>\n<ul class=\"size22\">\n<li>\n<p class=\"size24\">\n\t\t\t\t<strong class=\"color\">T\u1ea7ng m\u1ee1 h\u1ea1 b\u00ec SOOF l\u00e0 g\u00ec?<\/strong><\/p>\n<p>L\u1edbp m\u1ee1 n\u1eb1m s\u00e2u d\u01b0\u1edbi da<\/li>\n<li>\n<p class=\"size24\"><strong class=\"color\">T\u1ea7ng m\u1ee1 h\u1ea1 b\u00ec SOOF ch\u1ea3y x\u1ec7<\/strong><\/p>\n<p><strong class=\"color\"><br \/>\n<\/strong><strong class=\"color\">        <\/strong><\/p>\n<p>L\u00e0 nguy\u00ean nh\u00e2n g\u00e2y ra t\u00ecnh tr\u1ea1ng m\u00ed d\u01b0\u1edbi ch\u1ea3y<br \/>\nx\u1ec7 v\u00e0 n\u1ebfp nh\u0103n r\u00e3nh mi\u1ec7ng<\/li>\n<\/ul>\n<\/div>\n<div class=\"bd-t mt20\">\n<div class=\"size36\">PH\u01af\u01a0NG PH\u00c1P C\u0102NG DA M\u1eb6T TO\u00c0N DI\u1ec6N DA!<\/p>\n<\/div>\n<ol class=\"lifting-absolute-ol05 size20 mt20\">\n<li>\n\t\t\t<img src=\"\/m\/wp-content\/uploads\/2021\/06\/601-m-lifting_absolute_05_01.jpg\" alt=\"01\"><\/p>\n<p>M\u1ed5 s\u00e1t m\u00ed m\u1eaft xung quanh v\u00f9ng<br \/>\nda ch\u1ea3y x\u1ec7<\/li>\n<li>\n\t\t\t<img src=\"\/m\/wp-content\/uploads\/2021\/06\/601-m-lifting_absolute_05_02.jpg\" alt=\"01\"><\/p>\n<p><strong class=\"color\">C\u1ed1 \u0111\u1ecbnh 3 \u0111i\u1ec3m \u0111\u1ec3 c\u0103ng t\u1ea7ng m\u1ee1<br \/>\nh\u1ea1 b\u00ec SOOF c\u1ea3i thi\u1ec7n n\u1ebfp nh\u0103n m\u00ed<br \/>\nd\u01b0\u1edbi v\u00e0 r\u00e3nh mi\u1ec7ng<\/strong><\/p>\n<p><strong class=\"color\"><br \/>\n<\/strong><strong class=\"color\"><br \/>\n<\/strong><\/li>\n<li>\n\t\t\t<img src=\"\/m\/wp-content\/uploads\/2021\/06\/601-m-lifting_absolute_05_03.jpg\" alt=\"01\"><\/p>\n<p><strong class=\"color\">C\u1ed1 \u0111\u1ecbnh 3 \u0111i\u1ec3m \u0111\u1ec3 c\u0103ng<br \/>\n<\/strong><br \/>\nt\u1ea7ng<br \/>\nm\u1ee1 h\u1ea1 b\u00ec SOOF c\u1ea3i thi\u1ec7n n\u1ebfp nh\u0103n m\u00ed<br \/>\nd\u01b0\u1edbi v\u00e0 r\u00e3nh mi\u1ec7ng<\/li>\n<li class=\"bg\">\n\t\t\t<img src=\"\/m\/wp-content\/uploads\/2021\/06\/601-m-lifting_absolute_05_04.jpg\" alt=\"01\"><\/p>\n<p>T\u1ea7ng m\u1ee1 h\u1ea1 b\u00ec SOOF l\u00e0 g\u00ec?<br \/>\nL\u1edbp m\u1ee1 n\u1eb1m s\u00e2u d\u01b0\u1edbi da<\/li>\n<\/ol>\n<\/div>\n<p><\/strong><strong><\/strong><strong><\/strong><strong><\/strong><\/p>\n<\/div>\n<p><strong><\/strong><\/p>\n<p><strong><br \/>\n<\/strong><\/p>\n<div class=\"lifting-absolute-06\"><strong><br \/>\n<strong class=\"tt-r size25\">B\u1ea1n \u0111\u1eebng qu\u00ean!<\/p>\n<p><\/strong><strong class=\"tt-r size25\"><\/strong><strong class=\"tt-r size25\"><\/strong><strong class=\"tt-r size25\"><\/strong><strong class=\"tt-r size25\">  <\/strong><\/p>\n<div class=\"mt20 por size19\"><img src=\"\/m\/wp-content\/uploads\/2021\/06\/601-m-lifting_absolute_06.jpg\" alt=\"01\"><\/p>\n<div class=\"poa text-left\" style=\"left:50%;top:35%;line-height: 1.2;\">M\u1ee1 th\u1eeba m\u00ed d\u01b0\u1edbi<\/p>\n<p>ph\u01b0\u01a1ng ph\u00e1p ch\u1ec9nh m\u00ed d\u01b0\u1edbi th\u00f4ng th\u01b0\u1eddng<\/p>\n<\/div>\n<div class=\"poa text-left\" style=\"left:48%;top: 63%;line-height: 1.2;\">M\u1ee1 SOOF<\/p>\n<p>(ph\u01b0\u01a1ng ph\u00e1p c\u0103ng da to\u00e0n di\u1ec7n)<\/p>\n<\/div>\n<\/div>\n<div class=\"box\">\n\t\t<strong class=\"tt size22\">T\u1ea7ng m\u1ee1 h\u1ea1 b\u00ec SOOF<\/p>\n<p><\/strong><strong class=\"tt size22\"><\/strong><strong class=\"tt size22\"><\/strong><strong class=\"tt size22\"><\/strong><strong class=\"tt size22\">    <\/strong><\/p>\n<div class=\"size24 mt10\">C\u0168NG PH\u1ea2I C\u1ea6N \u0110\u01af\u1ee2C C\u1ea2I THI\u1ec6N<\/p>\n<p><strong>Da ch\u00f9n m\u00ed m\u1eaft v\u00e0 r\u00e3nh mi\u1ec7ng<br \/>\nC\u0169ng \u0111\u01b0\u1ee3c c\u1ea3i thi\u1ec7n!<\/strong><\/p>\n<p><strong><br \/>\n<\/strong><strong>  <\/strong><\/p>\n<\/div>\n<\/div>\n<div class=\"bd-t mt20\">\n<table class=\"size15\">\n<thead>\n<tr class=\"size22\">\n<th class=\"bg01 wi tac\"><img src=\"\/m\/wp-content\/uploads\/2021\/06\/601-m-lifting_absolute_06_01.jpg\" alt=\"01\"><br \/>\nC\u0102NG DA M\u1eb6T TO\u00c0N DI\u1ec6N<\/th>\n<th class=\"tac\"><span class=\"vs\">VS<\/span><\/th>\n<th class=\"bg02 wi tac\"><img src=\"\/m\/wp-content\/uploads\/2021\/06\/601-m-lifting_absolute_06_02.jpg\" alt=\"01\"><br \/>\nCH\u1ec8NH H\u00ccNH B\u1eccNG M\u1eaeT<br \/>\nD\u01af\u1edaI TH\u00d4NG TH\u01af\u1edcNG<\/th>\n<\/tr>\n<\/thead>\n<tbody>\n<tr>\n<td class=\"bg03\">V\u00f9ng da xung quanh m\u00ed d\u01b0\u1edbi g\u00f2 m\u00e1<br \/>\nSOOF c\u0169ng \u0111\u01b0\u1ee3c c\u0103ng<\/td>\n<td class=\"bg01 size20\">Ph\u01b0\u01a1ng ph\u00e1p<\/td>\n<td class=\"bg04\">C\u0103ng da ch\u1ea3y x\u1ec7<\/td>\n<\/tr>\n<tr>\n<td class=\"bg03\">C\u1ea3i thi\u1ec7n da ch\u00f9n m\u00ed d\u01b0\u1edbi v\u00e0<br \/>\nr\u00e3nh mi\u1ec7ng<\/td>\n<td class=\"bg01 size20\">Hi\u1ec7u qu\u1ea3<\/td>\n<td class=\"bg04\">C\u1ea3i thi\u1ec7n da ch\u00f9n m\u00ed d\u01b0\u1edbi<\/td>\n<\/tr>\n<tr>\n<td class=\"bg03\">V\u00f9ng da xung quanh c\u00e0 m\u00f4 m\u1ee1<br \/>\nch\u00f9n SOOF \u0111\u01b0\u1ee3c c\u1ed1 \u0111\u1ecbnh gi\u1ea3m t\u1ef7<br \/>\nl\u1ec7 t\u00e1i ph\u00e1t<\/td>\n<td class=\"bg01 size20\">T\u1ef7 l\u1ec7 t\u00e1i ph\u00e1t<\/td>\n<td class=\"bg04\">Da m\u1eaft c\u00f3 th\u1ec3 b\u1ecb ch\u00f9n l\u1ea1i sau 1 th\u1eddi<br \/>\ngian ho\u1eb7c m\u00ed d\u01b0\u1edbi b\u1ecb k\u00e9o xu\u1ed1ng<\/td>\n<\/tr>\n<\/tbody>\n<\/table>\n<\/div>\n<div class=\"por lifting-absolute-07\">\n\t<img src=\"\/m\/wp-content\/uploads\/2021\/06\/601-m-lifting_absolute_07.jpg\" alt=\"01\"><\/p>\n<div class=\"poa\">\n<p class=\"size24 txt01\"><span>#ch\u1ec9nhm\u00edd\u01b0\u1edbi<\/span><\/p>\n<p>            <span>      #n\u1ebfp nh\u0103n r\u1ea3nh mi\u1ec7ng<\/span><\/p>\n<h3 class=\"size47\">X\u00d3A M\u1edc D\u1ea4U V\u1ebeT TH\u1edcI GIAN<\/h3>\n<p class=\"size38 txt02\" style=\"    font-size: 3vw!important;\">C\u1ea2I THI\u1ec6N CH\u1ec8 V\u1edaI M\u1ed8T L\u1ea6N TH\u1ef0C HI\u1ec6N PH\u01af\u01a0NG<br \/>\nPH\u00c1P C\u0102NG DA M\u1eb6T<\/p>\n<p><strong>TO\u00c0N DI\u1ec6N!<br \/>\n<\/strong><\/p>\n<\/div>\n<\/div>\n<div class=\"lifting-absolute-08\">\n<h3 class=\"size44\">C\u0102NG DA M\u1eb6T TO\u00c0N DI\u1ec6N<br \/>\nTr\u01b0\u1edbc v\u00e0 sau<\/h3>\n<div class=\"img\"><img src=\"\/m\/wp-content\/uploads\/2021\/06\/601-m-lifting_absolute_txt01.jpg\" alt=\"Before &amp; After\"><\/div>\n<ul class=\"size15\">\n<li><img src=\"\/m\/wp-content\/uploads\/2021\/06\/601-m-lifting_absolute_08_01.jpg\" alt=\"da lifting Before&amp;after\">After 3M<\/li>\n<li><img src=\"\/m\/wp-content\/uploads\/2021\/06\/601-m-lifting_absolute_08_02.jpg\" alt=\"da lifting Before&amp;after\">After 3M<\/li>\n<li><img src=\"\/m\/wp-content\/uploads\/2021\/06\/601-m-lifting_absolute_08_03.jpg\" alt=\"da lifting Before&amp;after\">After 3M<\/li>\n<li><img src=\"\/m\/wp-content\/uploads\/2021\/06\/601-m-lifting_absolute_08_04.jpg\" alt=\"da lifting Before&amp;after\">After 3M<\/li>\n<li><img src=\"\/m\/wp-content\/uploads\/2021\/06\/601-m-lifting_absolute_08_05.jpg\" alt=\"da lifting Before&amp;after\">After 5M<\/li>\n<li><img src=\"\/m\/wp-content\/uploads\/2021\/06\/601-m-lifting_absolute_08_06.jpg\" alt=\"da lifting Before&amp;after\">After 5M<\/li>\n<li><img src=\"\/m\/wp-content\/uploads\/2021\/06\/601-m-lifting_absolute_08_07.jpg\" alt=\"da lifting Before&amp;after\">After 12M<\/li>\n<li><img src=\"\/m\/wp-content\/uploads\/2021\/06\/601-m-lifting_absolute_08_08.jpg\" alt=\"da lifting Before&amp;after\">After 12M<\/li>\n<li><img src=\"\/m\/wp-content\/uploads\/2021\/06\/601-m-lifting_absolute_08_09.jpg\" alt=\"da lifting Before&amp;after\">After 1M<\/li>\n<li><img src=\"\/m\/wp-content\/uploads\/2021\/06\/601-m-lifting_absolute_08_10.jpg\" alt=\"da lifting Before&amp;after\">After 1M<\/li>\n<li><img src=\"\/m\/wp-content\/uploads\/2021\/06\/601-m-lifting_absolute_08_11.jpg\" alt=\"da lifting Before&amp;after\">After 6M<\/li>\n<li><img src=\"\/m\/wp-content\/uploads\/2021\/06\/601-m-lifting_absolute_08_12.jpg\" alt=\"da lifting Before&amp;after\">After 6M<\/li>\n<\/ul>\n<\/div>\n<p><\/strong><strong><\/strong><strong><\/strong><strong><\/strong><\/p>\n<\/div>\n","protected":false},"excerpt":{"rendered":"<p>\t\t\t\t<![CDATA[\n\t\t\t\t<![CDATA[]]]]><![CDATA[>\t\t]]>\t\t<\/p>\n","protected":false},"author":1,"featured_media":0,"parent":0,"menu_order":601,"comment_status":"closed","ping_status":"closed","template":"","meta":[],"_links":{"self":[{"href":"https:\/\/vn.daprs.com\/m\/wp-json\/wp\/v2\/pages\/7698"}],"collection":[{"href":"https:\/\/vn.daprs.com\/m\/wp-json\/wp\/v2\/pages"}],"about":[{"href":"https:\/\/vn.daprs.com\/m\/wp-json\/wp\/v2\/types\/page"}],"author":[{"embeddable":true,"href":"https:\/\/vn.daprs.com\/m\/wp-json\/wp\/v2\/users\/1"}],"replies":[{"embeddable":true,"href":"https:\/\/vn.daprs.com\/m\/wp-json\/wp\/v2\/comments?post=7698"}],"version-history":[{"count":8,"href":"https:\/\/vn.daprs.com\/m\/wp-json\/wp\/v2\/pages\/7698\/revisions"}],"predecessor-version":[{"id":20667,"href":"https:\/\/vn.daprs.com\/m\/wp-json\/wp\/v2\/pages\/7698\/revisions\/20667"}],"wp:attachment":[{"href":"https:\/\/vn.daprs.com\/m\/wp-json\/wp\/v2\/media?parent=7698"}],"curies":[{"name":"wp","href":"https:\/\/api.w.org\/{rel}","templated":true}]}}