{"id":7699,"date":"2021-04-13T06:06:40","date_gmt":"2021-04-13T06:06:40","guid":{"rendered":"https:\/\/jp.daprs.com\/m\/?page_id=3038"},"modified":"2023-01-30T03:46:43","modified_gmt":"2023-01-30T03:46:43","slug":"incision","status":"publish","type":"page","link":"https:\/\/vn.daprs.com\/m\/incision\/","title":{"rendered":"C\u0103ng da m\u1eb7t thon g\u1ecdn"},"content":{"rendered":"<p><div id='av_section_1' class='avia-section main_color avia-section-default avia-no-border-styling avia-bg-style-scroll  avia-builder-el-0  el_before_av_section  avia-builder-el-first   container_wrap fullsize' style=' '  ><div class='container' ><main  role=\"main\" itemprop=\"mainContentOfPage\"  class='template-page content  av-content-full alpha units'><div class='post-entry post-entry-type-page post-entry-7699'><div class='entry-content-wrapper clearfix'>\n<div class=\"flex_column av_one_full  flex_column_div av-zero-column-padding first  avia-builder-el-1  avia-builder-el-no-sibling  \" style='border-radius:0px; '><div class='avia-image-container  av-styling-  noHover  av-overlay-hover-deactivate   avia-builder-el-2  el_before_av_textblock  avia-builder-el-first   avia-align-center '  itemprop=\"image\" itemscope=\"itemscope\" itemtype=\"https:\/\/schema.org\/ImageObject\"  ><div class='avia-image-container-inner'><div class='avia-image-overlay-wrap'><div class='av-image-caption-overlay'><div class='av-caption-image-overlay-bg' style='opacity:0.4; '><\/div><div class='av-image-caption-overlay-position'><div class='av-image-caption-overlay-center' ><div style=\"position:absolute; top:10%; left:1%;\">\n<p style=\"font-size:6vw;\">\nPh\u01b0\u01a1ng ph\u00e1p C\u0102NG DA M\u1eb6T ph\u00f9 h\u1ee3p<br \/>\nt\u00ecnh tr\u1ea1ng ch\u1ea3y x\u1ec7 c\u1ee7a t\u1eebng ng\u01b0\u1eddi<br \/>\nT\u1ed0I THI\u1ec2U H\u00d3A V\u1ebeT M\u1ed4, HI\u1ec6U QU\u1ea2 CAO.<br \/>\n<span style=\"color:#85409b; font-size:4vw;\">C\u0102NG DA M\u1eb6T<br \/>\nT\u1ed0I THI\u1ec2U H\u00d3A V\u1ebeT M\u1ed4 T\u1ea0I VI\u1ec6N DA\n<\/p>\n<\/div>\n<\/div><\/div><\/div><img class='avia_image' src='http:\/\/jp.daprs.com\/m\/wp-content\/uploads\/2021\/08\/minimum-incision-lifting01.jpg' alt='' title=''   itemprop=\"thumbnailUrl\"  \/><\/div><\/div><\/div><br \/>\n<section class=\"av_textblock_section \"  itemscope=\"itemscope\" itemtype=\"https:\/\/schema.org\/CreativeWork\" ><div class='avia_textblock  '   itemprop=\"text\" ><div style=\"width: 100%; padding: 10px 10px; font-size: 4vw; color: #ffffff; background: #85409b; text-align: center;\">Tr\u1ebb h\u01a1n 10 tu\u1ed5i v\u1edbi ph\u01b0\u01a1ng ph\u00e1p C\u0102NG DA M\u1eb6T<br \/>\nT\u1ed0I THI\u1ec2U H\u00d3A V\u1ebeT M\u1ed4 T\u1ea0I VI\u1ec6N DA<\/div>\n<\/div><\/section><\/p><\/div><\/div><\/div><\/main><!-- close content main element --><\/div><\/div><div id='av_section_2' class='avia-section main_color avia-section-default avia-no-border-styling avia-bg-style-scroll  avia-builder-el-4  el_after_av_section  el_before_av_section   container_wrap fullsize' style=' '  ><div class='container' ><div class='template-page content  av-content-full alpha units'><div class='post-entry post-entry-type-page post-entry-7699'><div class='entry-content-wrapper clearfix'>\n<div class=\"flex_column av_one_full  flex_column_div av-zero-column-padding first  avia-builder-el-5  avia-builder-el-no-sibling   \" style='margin-top:50px; margin-bottom:0px; border-radius:0px; '><p><div style='padding-bottom:10px; font-size:7vw;' class='av-special-heading av-special-heading-h3  blockquote modern-quote modern-centered  avia-builder-el-6  el_before_av_image  avia-builder-el-first   av-inherit-size '><div class ='av-subheading av-subheading_above  ' style='font-size:15px;'><p><span style=\"color:#222;background:#efd2d6; padding:5px 20px;border-radius:30px;\">PROBLEM<\/span><\/p>\n<\/div><h3 class='av-special-heading-tag '  itemprop=\"headline\"  >M\u1eb7t l\u00e3o h\u00f3a t\u1eebng ng\u00e0y,<br \/> V\u00ec sao l\u1ea1i ng\u1ea1i l\u00e0m ph\u1eabu thu\u1eadt c\u0103ng da m\u1eb7t?<\/h3><div class='special-heading-border'><div class='special-heading-inner-border' ><\/div><\/div><\/div><br \/>\n<div class='avia-image-container  av-styling-    avia-builder-el-7  el_after_av_heading  avia-builder-el-last   avia-align-center '  itemprop=\"image\" itemscope=\"itemscope\" itemtype=\"https:\/\/schema.org\/ImageObject\"  ><div class='avia-image-container-inner'><div class='avia-image-overlay-wrap'><img class='avia_image' src='https:\/\/vn.daprs.com\/m\/wp-content\/uploads\/2021\/09\/minimum-incision-lifting02.jpg' alt='' title='minimum-incision-lifting02' height=\"549\" width=\"640\"  itemprop=\"thumbnailUrl\"  \/><\/div><\/div><\/div><\/p><\/div><\/div><\/div><\/div><!-- close content main div --><\/div><\/div><div id='av_section_3' class='avia-section main_color avia-section-default avia-no-border-styling avia-bg-style-scroll  avia-builder-el-8  el_after_av_section  el_before_av_section   container_wrap fullsize' style=' '  ><div class='container' ><div class='template-page content  av-content-full alpha units'><div class='post-entry post-entry-type-page post-entry-7699'><div class='entry-content-wrapper clearfix'>\n<div class=\"flex_column av_one_full  flex_column_div av-zero-column-padding first  avia-builder-el-9  avia-builder-el-no-sibling   \" style='margin-top:50px; margin-bottom:0px; border-radius:0px; '><p><div style='padding-bottom:10px; font-size:7vw;' class='av-special-heading av-special-heading-h3  blockquote modern-quote modern-centered  avia-builder-el-10  el_before_av_slideshow  avia-builder-el-first   av-inherit-size '><h3 class='av-special-heading-tag '  itemprop=\"headline\"  >M\u1eb7t l\u00e3o h\u00f3a t\u1eebng ng\u00e0y, <br \/>V\u00ec sao l\u1ea1i ng\u1ea1i l\u00e0m ph\u1eabu thu\u1eadt c\u0103ng da m\u1eb7t?<\/h3><div class ='av-subheading av-subheading_below  ' style='font-size:15px;'><p><span style=\"color:#fff;background:#a286bf; padding:5px 20px;border-radius:30px;\">SOLUTION<\/span><\/p>\n<\/div><div class='special-heading-border'><div class='special-heading-inner-border' ><\/div><\/div><\/div><br \/>\n<div  data-size='featured'  data-lightbox_size='large'  data-animation='slide'  data-conditional_play=''  data-ids='12225,12226,12227'  data-video_counter='0'  data-autoplay='false'  data-bg_slider='false'  data-slide_height=''  data-handle='av_slideshow'  data-interval='5'  data-class=' avia-builder-el-11  el_after_av_heading  avia-builder-el-last   '  data-css_id=''  data-scroll_down=''  data-control_layout='av-control-default'  data-custom_markup=''  data-perma_caption=''  data-autoplay_stopper=''  data-image_attachment=''  data-min_height='0px'  data-default-height='28.666666666667'  class='avia-slideshow avia-slideshow-1  av-control-default av-default-height-applied avia-slideshow-featured av_slideshow  avia-builder-el-11  el_after_av_heading  avia-builder-el-last    avia-slide-slider '  itemprop=\"image\" itemscope=\"itemscope\" itemtype=\"https:\/\/schema.org\/ImageObject\" ><ul class='avia-slideshow-inner ' style='padding-bottom: 67.1875%;' ><li  class=' slide-1 ' ><div data-rel='slideshow-1' class='avia-slide-wrap '   ><img src='https:\/\/vn.daprs.com\/m\/wp-content\/uploads\/2021\/09\/minimum-incision-lifting14-640x430-640x430.jpg' width='640' height='430' title='minimum-incision-lifting14-640x430' alt=''  itemprop=\"thumbnailUrl\"   \/><\/div><\/li><li  class=' slide-2 ' ><div data-rel='slideshow-1' class='avia-slide-wrap '   ><img src='https:\/\/vn.daprs.com\/m\/wp-content\/uploads\/2021\/09\/minimum-incision-lifting16-640x430-640x430.jpg' width='640' height='430' title='minimum-incision-lifting16-640x430' alt=''  itemprop=\"thumbnailUrl\"   \/><\/div><\/li><li  class=' slide-3 ' ><div data-rel='slideshow-1' class='avia-slide-wrap '   ><img src='https:\/\/vn.daprs.com\/m\/wp-content\/uploads\/2021\/09\/minimum-incision-lifting15-640x430-640x430.jpg' width='640' height='430' title='minimum-incision-lifting15-640x430' alt=''  itemprop=\"thumbnailUrl\"   \/><\/div><\/li><\/ul><div class='avia-slideshow-arrows avia-slideshow-controls'><a href='#prev' class='prev-slide' aria-hidden='true' data-av_icon='\ue87c' data-av_iconfont='entypo-fontello'>Previous<\/a><a href='#next' class='next-slide' aria-hidden='true' data-av_icon='\ue87d' data-av_iconfont='entypo-fontello'>Next<\/a><\/div><div class='avia-slideshow-dots avia-slideshow-controls'><a href='#1' class='goto-slide active' >1<\/a><a href='#2' class='goto-slide ' >2<\/a><a href='#3' class='goto-slide ' >3<\/a><\/div><\/div><\/p><\/div><\/div><\/div><\/div><!-- close content main div --><\/div><\/div><div id='av_section_4' class='avia-section main_color avia-section-default avia-no-border-styling avia-bg-style-scroll  avia-builder-el-12  el_after_av_section  el_before_av_section   container_wrap fullsize' style=' '  ><div class='container' ><div class='template-page content  av-content-full alpha units'><div class='post-entry post-entry-type-page post-entry-7699'><div class='entry-content-wrapper clearfix'>\n<div class=\"flex_column av_one_full  flex_column_div av-zero-column-padding first  avia-builder-el-13  avia-builder-el-no-sibling   \" style='margin-top:50px; margin-bottom:0px; border-radius:0px; '><div class='avia-image-container  av-styling-  noHover  av-overlay-hover-deactivate   avia-builder-el-14  el_before_av_textblock  avia-builder-el-first   avia-align-center '  itemprop=\"image\" itemscope=\"itemscope\" itemtype=\"https:\/\/schema.org\/ImageObject\"  ><div class='avia-image-container-inner'><div class='avia-image-overlay-wrap'><div class='av-image-caption-overlay'><div class='av-caption-image-overlay-bg' style='opacity:0.4; '><\/div><div class='av-image-caption-overlay-position'><div class='av-image-caption-overlay-center' ><div style=\"position:absolute; top:10%; left:1%;\">\nPh\u01b0\u01a1ng ph\u00e1p c\u0103ng da m\u1eb7t<br \/>\nTh\u1ef1c hi\u1ec7n \u0111\u01a1n gi\u1ea3n nh\u01b0ng k\u1ebft qu\u1ea3 m\u1ef9 m\u00e3n\n<\/div>\n<\/div><\/div><\/div><img class='avia_image' src='https:\/\/vn.daprs.com\/m\/wp-content\/uploads\/2021\/09\/minimum-incision-lifting03.jpg' alt='' title='minimum-incision-lifting03' height=\"786\" width=\"640\"  itemprop=\"thumbnailUrl\"  \/><\/div><\/div><\/div><br \/>\n<section class=\"av_textblock_section \"  itemscope=\"itemscope\" itemtype=\"https:\/\/schema.org\/CreativeWork\" ><div class='avia_textblock  '   itemprop=\"text\" ><div style=\"width: 100%; padding: 10px 10px; font-size: 4vw; color: #ffffff; background: #85409b; text-align: center;\">Tr\u1ebb h\u01a1n 10 tu\u1ed5i v\u1edbi ph\u01b0\u01a1ng ph\u00e1p c\u0103ng da m\u1eb7t t\u1ed1i thi\u1ec3u v\u1ebft m\u1ed5<\/div>\n<\/div><\/section><\/p><\/div><\/div><\/div><\/div><!-- close content main div --><\/div><\/div><div id='av_section_5' class='avia-section main_color avia-section-default avia-no-border-styling avia-bg-style-scroll  avia-builder-el-16  el_after_av_section  el_before_av_section   container_wrap fullsize' style=' '  ><div class='container' ><div class='template-page content  av-content-full alpha units'><div class='post-entry post-entry-type-page post-entry-7699'><div class='entry-content-wrapper clearfix'>\n<div class=\"flex_column av_one_full  flex_column_div av-zero-column-padding first  avia-builder-el-17  avia-builder-el-no-sibling   \" style='margin-top:50px; margin-bottom:0px; border-radius:0px; '><p><div style='padding-bottom:10px; font-size:7vw;' class='av-special-heading av-special-heading-h3  blockquote modern-quote modern-centered  avia-builder-el-18  el_before_av_image  avia-builder-el-first   av-inherit-size '><div class ='av-subheading av-subheading_above  ' style='font-size:15px;'><p><span style=\"color:#fff;background:#a286bf; padding:5px 20px;border-radius:30px;\">K\u1ef9 thu\u1eadt c\u0103ng da DA 01<br \/>\n<\/span><\/p>\n<\/div><h3 class='av-special-heading-tag '  itemprop=\"headline\"  >V\u00ec sao l\u1ea1i ng\u1ea1i l\u00e0m ph\u1eabu thu\u1eadt c\u0103ng da m\u1eb7t? <br \/>Ph\u01b0\u01a1ng ph\u00e1p c\u0103ng da t\u1ed1i thi\u1ec3u h\u00f3a s\u1eb9o <\/h3><div class='special-heading-border'><div class='special-heading-inner-border' ><\/div><\/div><\/div><br \/>\n<div class='avia-image-container  av-styling-    avia-builder-el-19  el_after_av_heading  el_before_av_textblock   avia-align-center '  itemprop=\"image\" itemscope=\"itemscope\" itemtype=\"https:\/\/schema.org\/ImageObject\"  ><div class='avia-image-container-inner'><div class='avia-image-overlay-wrap'><img class='avia_image' src='http:\/\/jp.daprs.com\/m\/wp-content\/uploads\/2021\/08\/minimum-incision-lifting04.jpg' alt='' title=''   itemprop=\"thumbnailUrl\"  \/><\/div><\/div><\/div><br \/>\n<section class=\"av_textblock_section \"  itemscope=\"itemscope\" itemtype=\"https:\/\/schema.org\/CreativeWork\" ><div class='avia_textblock  '   itemprop=\"text\" ><div style=\"width: 100%; padding: 10px 10px; font-size: 3.5vw; color: #ffffff; background: #85409b; text-align: center;\">Q.V\u00ec sao \u0111\u01b0\u1eddng n\u00e9t khu\u00f4n m\u1eb7t c\u0169ng thon g\u1ecdn h\u01a1n sau ph\u1eabu thu\u00e2t?<\/div>\n<p style=\"text-align: center; background: #bcbcbc; padding: 10px 0;\">N\u1ebfu kh\u00f4ng ch\u1ea9n \u0111o\u00e1n t\u00ecnh tr\u1ea1ng ch\u1ea3y x\u1ec7<br \/>\nv\u00e0 kh\u00f4ng l\u00ean k\u1ebft qu\u1ea3 ph\u1eabu thu\u1eadt ch\u00ednh x\u00e1c<br \/>\nv\u00e0 th\u1ef1c hi\u1ec7n c\u0103ng da qu\u00e1 nhi\u1ec1u s\u1ebd d\u1eabn \u0111\u1ebfn t\u00ecnh tr\u1ea1ng<br \/>\n da l\u1ed3i l\u00f5m kh\u00f4ng \u0111\u1ec1u v\u00ec b\u1ecb d\u00f9n.<br \/>\nPh\u01b0\u01a1ng ph\u00e1p c\u0103ng da t\u1ea1i vi\u1ec7n DA lu\u00f4n k\u1ebft h\u1ee3p<br \/>\nk\u1ebf ho\u1ea1ch ph\u1eabu thu\u1eadt ch\u00ednh x\u00e1c<br \/>\n sau khi ch\u1ea9n \u0111o\u00e1n t\u00ecnh tr\u1ea1ng t\u1eebng c\u00e1 nh\u00e2n<br \/>\n\u0111\u1ec3 \u0111\u1ea1t k\u1ebft qu\u1ea3 m\u1ef9 m\u00e3n v\u00e0 t\u1ef1 nhi\u00ean nh\u1ea5t.<\/p>\n<\/div><\/section><\/p><\/div><\/div><\/div><\/div><!-- close content main div --><\/div><\/div><div id='av_section_6' class='avia-section main_color avia-section-default avia-no-border-styling avia-bg-style-scroll  avia-builder-el-21  el_after_av_section  el_before_av_section    container_wrap fullsize' style='background-color: #f7f7f7;  '  ><div class='container' ><div class='template-page content  av-content-full alpha units'><div class='post-entry post-entry-type-page post-entry-7699'><div class='entry-content-wrapper clearfix'>\n<div class=\"flex_column av_one_full  flex_column_div av-zero-column-padding first  avia-builder-el-22  avia-builder-el-no-sibling   \" style='margin-top:50px; margin-bottom:0px; border-radius:0px; '><p><div style='padding-bottom:10px; font-size:7vw;' class='av-special-heading av-special-heading-h3  blockquote modern-quote modern-centered  avia-builder-el-23  el_before_av_image  avia-builder-el-first   av-inherit-size '><div class ='av-subheading av-subheading_above  ' style='font-size:15px;'><p><span style=\"color:#fff;background:#a286bf; padding:5px 20px;border-radius:30px;\">K\u1ef9 thu\u1eadt c\u0103ng da DA 02<br \/>\n<\/span><\/p>\n<\/div><h3 class='av-special-heading-tag '  itemprop=\"headline\"  >Hi\u1ec7u qu\u1ea3 c\u0103ng da m\u1eb7t t\u1ed1i \u01b0u  <br \/>V\u1ebft m\u1ed5 nh\u1ecf v\u00e0 H\u1ed3i ph\u1ee5c nhanh <\/h3><div class='special-heading-border'><div class='special-heading-inner-border' ><\/div><\/div><\/div><br \/>\n<div class='avia-image-container  av-styling-    avia-builder-el-24  el_after_av_heading  el_before_av_textblock   avia-align-center '  itemprop=\"image\" itemscope=\"itemscope\" itemtype=\"https:\/\/schema.org\/ImageObject\"  ><div class='avia-image-container-inner'><div class='avia-image-overlay-wrap'><img class='avia_image' src='http:\/\/jp.daprs.com\/m\/wp-content\/uploads\/2021\/08\/minimum-incision-lifting05.jpg' alt='' title=''   itemprop=\"thumbnailUrl\"  \/><\/div><\/div><\/div><br \/>\n<section class=\"av_textblock_section \"  itemscope=\"itemscope\" itemtype=\"https:\/\/schema.org\/CreativeWork\" ><div class='avia_textblock  '   itemprop=\"text\" ><div class=\"mini-incision-lifting-compare-wrapper\">\n<div class=\"mini-incision-lifting-compare-items-formal\">\n<div class=\"mini-incision-lifting-compare-items-formal-title\">C\u0103ng da m\u1eb7t th\u00f4ng th\u01b0\u1eddng<\/div>\n<ul class=\"mini-incision-lifting-compare-formal-list\">\n<li class=\"mini-incision-lifting-compare-formal-list-item\">M\u1ed5 sau tai<\/li>\n<li class=\"mini-incision-lifting-compare-formal-list-item\">C\u00f3 th\u1ec3 th\u1ea5y s\u1eb9o<\/li>\n<li class=\"mini-incision-lifting-compare-formal-list-item\">V\u1ebft m\u1ed5 c\u1ea7n th\u1eddi gian h\u1ed3i ph\u1ee5c l\u00e2u h\u01a1n<\/li>\n<\/ul>\n<\/div>\n<div class=\"mini-incision-lifting-compare-items-mini-incision\">\n<div class=\"mini-incision-lifting-compare-items-mini-incision-title\">C\u0103ng da m\u1eb7t DA t\u1ed1i thi\u1ec3u h\u00f3a s\u1eb9o<\/div>\n<ul class=\"mini-incision-lifting-compare-mini-incision-list\">\n<li class=\"mini-incision-lifting-compare-mini-incision-list-item\">M\u1ed5 theo ch\u00e2n t\u00f3c<\/li>\n<li class=\"mini-incision-lifting-compare-mini-incision-list-item\">Kh\u00f4ng th\u1ea5y r\u00f5 s\u1eb9o<\/li>\n<li class=\"mini-incision-lifting-compare-mini-incision-list-item\">V\u1ebft m\u1ed5 nh\u1ecf th\u1eddi gian h\u1ed3i ph\u1ee5c nhanh<\/li>\n<\/ul>\n<\/div>\n<\/div>\n<\/div><\/section><br \/>\n<div class='avia-image-container  av-styling-    avia-builder-el-26  el_after_av_textblock  el_before_av_textblock   avia-align-center '  itemprop=\"image\" itemscope=\"itemscope\" itemtype=\"https:\/\/schema.org\/ImageObject\"  ><div class='avia-image-container-inner'><div class='avia-image-overlay-wrap'><img class='avia_image' src='https:\/\/vn.daprs.com\/m\/wp-content\/uploads\/2021\/09\/minimum-incision-lifting06.jpg' alt='' title='minimum-incision-lifting06' height=\"764\" width=\"640\"  itemprop=\"thumbnailUrl\"  \/><\/div><\/div><\/div><br \/>\n<section class=\"av_textblock_section \"  itemscope=\"itemscope\" itemtype=\"https:\/\/schema.org\/CreativeWork\" ><div class='avia_textblock  '   itemprop=\"text\" ><p style=\"text-align: center; background: #eaeaea; padding: 10px 0;\">Ti\u1ec3u ph\u1eabu c\u0103ng da m\u1eb7t!<br \/>\n<span style=\"color: #853d9a;\">Th\u1eddi gian h\u1ed3i ph\u1ee5c nhanh. Kh\u00f4ng s\u1eb9o #t\u1ed1i thi\u1ec3u h\u00f3a s\u1eb9o<br \/>\n<\/span><\/p>\n<\/div><\/section><\/p><\/div><\/div><\/div><\/div><!-- close content main div --><\/div><\/div><div id='av_section_7' class='avia-section main_color avia-section-default avia-no-border-styling avia-bg-style-scroll  avia-builder-el-28  el_after_av_section  el_before_av_section    container_wrap fullsize' style='background-color: #f7f7f7;  '  ><div class='container' ><div class='template-page content  av-content-full alpha units'><div class='post-entry post-entry-type-page post-entry-7699'><div class='entry-content-wrapper clearfix'>\n<div class=\"flex_column av_one_full  flex_column_div av-zero-column-padding first  avia-builder-el-29  avia-builder-el-no-sibling   \" style='margin-top:50px; margin-bottom:0px; border-radius:0px; '><p><div style='padding-bottom:10px; font-size:7vw;' class='av-special-heading av-special-heading-h3  blockquote modern-quote modern-centered  avia-builder-el-30  el_before_av_image  avia-builder-el-first   av-inherit-size '><div class ='av-subheading av-subheading_above  ' style='font-size:15px;'><p><span style=\"color:#fff;background:#a286bf; padding:5px 20px;border-radius:30px;\">K\u1ef9 thu\u1eadt c\u0103ng da DA 03<br \/>\n<\/span><\/p>\n<\/div><h3 class='av-special-heading-tag '  itemprop=\"headline\"  >C\u1ed1 \u0111\u1ecbnh 3 l\u1ea7n t\u1ea7ng h\u1ea1 b\u00ec  <br \/>C\u0103ng da m\u1eb7t DA t\u1ed1i thi\u1ec3u h\u00f3a s\u1eb9o. Hi\u1ec7u qu\u1ea3 cao <\/h3><div class='special-heading-border'><div class='special-heading-inner-border' ><\/div><\/div><\/div><br \/>\n<div class='avia-image-container  av-styling-  noHover  av-overlay-hover-deactivate   avia-builder-el-31  el_after_av_heading  avia-builder-el-last   avia-align-center '  itemprop=\"image\" itemscope=\"itemscope\" itemtype=\"https:\/\/schema.org\/ImageObject\"  ><div class='avia-image-container-inner'><div class='avia-image-overlay-wrap'><div class='av-image-caption-overlay'><div class='av-caption-image-overlay-bg' style='opacity:0.4; '><\/div><div class='av-image-caption-overlay-position'><div class='av-image-caption-overlay-center' ><div style=\"    position: absolute;\n    top: 10%;\n    left: 51%;\n    display: flex;\n    flex-direction: column;\n    justify-content: flex-start;\n    align-items: flex-start;;\"><\/p>\n<p style=\"font-size:3vw;\">\nKh\u00f4ng hi\u1ec7u qu\u1ea3<br \/>\nn\u1ebfu ch\u1ec9 k\u00e9o da ch\u00f9n.\n<\/p>\n<p style=\"font-size:2vw;text-align:left;\">\nNguy\u00ean nh\u00e2n g\u00e2y ch\u1ea3y x\u1ec7<br \/>\n<span style=\"background:#ecd3d4;\">b\u1eaft \u0111\u1ea7u t\u1eeb t\u1ea7ng h\u1ea1 b\u00ec (SMAS)<br \/>\n<\/span><\/p>\n<p style=\"font-size:2vw;text-align:left;\">\n\u0110\u1ec3 c\u00f3 k\u1ebft qu\u1ea3 c\u0103ng da m\u1ef9 m\u00e3n<br \/>\nkh\u00f4ng ch\u1ec9 th\u1ef1c hi\u1ec7n k\u00e9o c\u0103ng l\u1edbp da ch\u00f9n<br \/>\n b\u00ean ngo\u00e0i m\u00e0 c\u1ea7n t\u00e1c \u0111\u1ed9ng c\u1ea3 l\u1edbp h\u1ea1 b\u00ec<br \/>\nth\u00ec m\u1edbi gi\u1ea3i quy\u1ebft \u0111\u01b0\u1ee3c tuy\u1ec7t \u0111\u1ed1i<br \/>\n t\u00ecnh tr\u1ea1ng ch\u1ea3y x\u1ec7.\n<\/p>\n<\/div>\n<\/div><\/div><\/div><img class='avia_image' src='http:\/\/jp.daprs.com\/m\/wp-content\/uploads\/2021\/08\/minimum-incision-lifting07.jpg' alt='' title=''   itemprop=\"thumbnailUrl\"  \/><\/div><\/div><\/div><\/p><\/div><\/div><\/div><\/div><!-- close content main div --><\/div><\/div><div id='av_section_8' class='avia-section main_color avia-section-default avia-no-border-styling avia-bg-style-scroll  avia-builder-el-32  el_after_av_section  el_before_av_section    container_wrap fullsize' style='background-color: #f7f7f7;  '  ><div class='container' ><div class='template-page content  av-content-full alpha units'><div class='post-entry post-entry-type-page post-entry-7699'><div class='entry-content-wrapper clearfix'>\n<div class=\"flex_column av_one_full  flex_column_div av-zero-column-padding first  avia-builder-el-33  avia-builder-el-no-sibling   \" style='margin-top:50px; margin-bottom:0px; border-radius:0px; '><p><div style='padding-bottom:10px; font-size:7vw;' class='av-special-heading av-special-heading-h3  blockquote modern-quote modern-centered  avia-builder-el-34  el_before_av_image  avia-builder-el-first   av-inherit-size '><h3 class='av-special-heading-tag '  itemprop=\"headline\"  >C\u0103ng da m\u1eb7t DA t\u1ed1i thi\u1ec3u h\u00f3a s\u1eb9o  <br \/>C\u1ed1 \u0111\u1ecbnh 3 l\u1ea7n t\u1ea7ng h\u1ea1 b\u00ec (SMAS)<\/h3><div class='special-heading-border'><div class='special-heading-inner-border' ><\/div><\/div><\/div><br \/>\n<div class='avia-image-container  av-styling-    avia-builder-el-35  el_after_av_heading  avia-builder-el-last   avia-align-center '  itemprop=\"image\" itemscope=\"itemscope\" itemtype=\"https:\/\/schema.org\/ImageObject\"  ><div class='avia-image-container-inner'><div class='avia-image-overlay-wrap'><img class='avia_image' src='https:\/\/vn.daprs.com\/m\/wp-content\/uploads\/2021\/09\/minimum-incision-lifting08-1.jpg' alt='' title='minimum-incision-lifting08' height=\"741\" width=\"640\"  itemprop=\"thumbnailUrl\"  \/><\/div><\/div><\/div><\/p><\/div><\/div><\/div><\/div><!-- close content main div --><\/div><\/div><div id='av_section_9' class='avia-section main_color avia-section-default avia-no-border-styling avia-bg-style-scroll  avia-builder-el-36  el_after_av_section  avia-builder-el-last    container_wrap fullsize' style='background-color: #f7f7f7;  '  ><div class='container' ><div class='template-page content  av-content-full alpha units'><div class='post-entry post-entry-type-page post-entry-7699'><div class='entry-content-wrapper clearfix'>\n<div class=\"flex_column av_one_full  flex_column_div av-zero-column-padding first  avia-builder-el-37  avia-builder-el-no-sibling   \" style='margin-top:50px; margin-bottom:0px; border-radius:0px; '><div class='avia-image-container  av-styling-    avia-builder-el-38  el_before_av_image  avia-builder-el-first   avia-align-center '  itemprop=\"image\" itemscope=\"itemscope\" itemtype=\"https:\/\/schema.org\/ImageObject\"  ><div class='avia-image-container-inner'><div class='avia-image-overlay-wrap'><img class='avia_image' src='https:\/\/vn.daprs.com\/m\/wp-content\/uploads\/2021\/09\/minimum-incision-lifting12.jpg' alt='' title='minimum-incision-lifting12' height=\"1053\" width=\"640\"  itemprop=\"thumbnailUrl\"  \/><\/div><\/div><\/div><br \/>\n<div class='avia-image-container  av-styling-    avia-builder-el-39  el_after_av_image  avia-builder-el-last   avia-align-center '  itemprop=\"image\" itemscope=\"itemscope\" itemtype=\"https:\/\/schema.org\/ImageObject\"  ><div class='avia-image-container-inner'><div class='avia-image-overlay-wrap'><img class='avia_image' src='https:\/\/vn.daprs.com\/m\/wp-content\/uploads\/2021\/09\/minimum-incision-lifting13.jpg' alt='' title='minimum-incision-lifting13' height=\"1141\" width=\"640\"  itemprop=\"thumbnailUrl\"  \/><\/div><\/div><\/div><\/p><\/div><\/p>\n","protected":false},"excerpt":{"rendered":"<p>\t\t\t\t<![CDATA[\n\t\t\t\t<![CDATA[]]]]><![CDATA[>\t\t]]>\t\t<\/p>\n","protected":false},"author":1,"featured_media":0,"parent":0,"menu_order":602,"comment_status":"closed","ping_status":"closed","template":"","meta":[],"_links":{"self":[{"href":"https:\/\/vn.daprs.com\/m\/wp-json\/wp\/v2\/pages\/7699"}],"collection":[{"href":"https:\/\/vn.daprs.com\/m\/wp-json\/wp\/v2\/pages"}],"about":[{"href":"https:\/\/vn.daprs.com\/m\/wp-json\/wp\/v2\/types\/page"}],"author":[{"embeddable":true,"href":"https:\/\/vn.daprs.com\/m\/wp-json\/wp\/v2\/users\/1"}],"replies":[{"embeddable":true,"href":"https:\/\/vn.daprs.com\/m\/wp-json\/wp\/v2\/comments?post=7699"}],"version-history":[{"count":26,"href":"https:\/\/vn.daprs.com\/m\/wp-json\/wp\/v2\/pages\/7699\/revisions"}],"predecessor-version":[{"id":17509,"href":"https:\/\/vn.daprs.com\/m\/wp-json\/wp\/v2\/pages\/7699\/revisions\/17509"}],"wp:attachment":[{"href":"https:\/\/vn.daprs.com\/m\/wp-json\/wp\/v2\/media?parent=7699"}],"curies":[{"name":"wp","href":"https:\/\/api.w.org\/{rel}","templated":true}]}}