{"id":7711,"date":"2021-04-19T07:10:03","date_gmt":"2021-04-19T07:10:03","guid":{"rendered":"https:\/\/jp.daprs.com\/m\/?page_id=3747"},"modified":"2023-01-26T08:16:26","modified_gmt":"2023-01-26T08:16:26","slug":"booster","status":"publish","type":"page","link":"https:\/\/vn.daprs.com\/m\/booster\/","title":{"rendered":"Skin booster"},"content":{"rendered":"<p><div id='av_section_1' class='avia-section main_color avia-section-default avia-no-border-styling avia-bg-style-scroll  avia-builder-el-0  el_before_av_section  avia-builder-el-first   container_wrap fullsize' style=' '  ><div class='container' ><main  role=\"main\" itemprop=\"mainContentOfPage\"  class='template-page content  av-content-full alpha units'><div class='post-entry post-entry-type-page post-entry-7711'><div class='entry-content-wrapper clearfix'>\n<div class=\"flex_column av_one_full  flex_column_div av-zero-column-padding first  avia-builder-el-1  avia-builder-el-no-sibling  \" style='border-radius:0px; '><div class='avia-image-container  av-styling-  noHover  av-overlay-hover-deactivate   avia-builder-el-2  el_before_av_image  avia-builder-el-first   avia-align-center '  itemprop=\"image\" itemscope=\"itemscope\" itemtype=\"https:\/\/schema.org\/ImageObject\"  ><div class='avia-image-container-inner'><div class='avia-image-overlay-wrap'><div class='av-image-caption-overlay'><div class='av-caption-image-overlay-bg' style='opacity:0.4; '><\/div><div class='av-image-caption-overlay-position'><div class='av-image-caption-overlay-center' ><div style=\"padding:67% 0 0 10%;    line-height: 1;\"><span class=\"font-w700\" style=\"font-size:4vw;\">REURAN HEALER<\/span><br \/>\n<span style=\"font-size:2vw;line-height:1;\">Gi\u1ea3i ph\u00e1p cho ph\u01b0\u01a1ng<br \/>\nph\u00e1p nu\u00f4i d\u01b0\u1ee1ng v\u00e0 tr\u1ebb h\u00f3a t\u1ebf b\u00e0o<br \/>\n<\/span>\n<\/div>\n<\/div><\/div><\/div><img class='avia_image' src='https:\/\/jp.daprs.com\/m\/wp-content\/uploads\/2021\/08\/skin-booster01.jpg' alt='' title=''   itemprop=\"thumbnailUrl\"  \/><\/div><\/div><\/div><br \/>\n<div class='avia-image-container  av-styling-  noHover  av-overlay-hover-deactivate   avia-builder-el-3  el_after_av_image  avia-builder-el-last   avia-align-center '  itemprop=\"image\" itemscope=\"itemscope\" itemtype=\"https:\/\/schema.org\/ImageObject\"  ><div class='avia-image-container-inner'><div class='avia-image-overlay-wrap'><div class='av-image-caption-overlay'><div class='av-caption-image-overlay-bg' style='opacity:0.4; '><\/div><div class='av-image-caption-overlay-position'><div class='av-image-caption-overlay-center' ><p><span style=\"font-size:5vw;line-height:1.4;\"><span class=\"font-w700\" style=\"background:#fddaec;\">REURAN HEALER<br \/>\n<\/span>ho\u00e0n thi\u1ec7n l\u00e0n da t\u1eeb b\u00ean trong<br \/>\n<\/span><br \/>\n<span style=\"font-size:3vw;\">\u201ctr\u1ebb h\u00f3a l\u00e0n da b\u1ecb l\u00e3o h\u00f3a\u201d<br \/>\n<\/span><\/p>\n<\/div><\/div><\/div><img class='avia_image' src='https:\/\/jp.daprs.com\/m\/wp-content\/uploads\/2021\/08\/skin-booster02.jpg' alt='' title=''   itemprop=\"thumbnailUrl\"  \/><\/div><\/div><\/div><\/p><\/div>\n<br \/>\n<\/div><\/div><\/main><!-- close content main element --><\/div><\/div><div id='av_section_2' class='avia-section main_color avia-section-default avia-no-border-styling avia-bg-style-scroll  avia-builder-el-4  el_after_av_section  el_before_av_one_full    container_wrap fullsize' style='background-color: #fbfbfb;  '  ><div class='container' ><div class='template-page content  av-content-full alpha units'><div class='post-entry post-entry-type-page post-entry-7711'><div class='entry-content-wrapper clearfix'>\n<div class=\"flex_column av_one_full  flex_column_div av-zero-column-padding first  avia-builder-el-5  el_before_av_one_full  avia-builder-el-first   \" style='margin-top:0px; margin-bottom:5%; border-radius:0px; '><div class='avia-image-container  av-styling-    avia-builder-el-6  el_before_av_textblock  avia-builder-el-first   avia-align-center '  itemprop=\"image\" itemscope=\"itemscope\" itemtype=\"https:\/\/schema.org\/ImageObject\"  ><div class='avia-image-container-inner'><div class='avia-image-overlay-wrap'><img class='avia_image' src='https:\/\/vn.daprs.com\/m\/wp-content\/uploads\/2021\/09\/skin-booster03.jpg' alt='' title='skin-booster03' height=\"384\" width=\"580\"  itemprop=\"thumbnailUrl\"  \/><\/div><\/div><\/div><br \/>\n<section class=\"av_textblock_section \"  itemscope=\"itemscope\" itemtype=\"https:\/\/schema.org\/CreativeWork\" ><div class='avia_textblock  '   itemprop=\"text\" ><p style=\"text-align: center;\"><span class=\"font-w700\" style=\"font-size: 4vw;\">Hi\u1ec7u qu\u1ea3 t\u00e1i t\u1ea1o da<br \/>\n<\/span><br \/>\nTh\u00e0nh ph\u1ea7n ch\u00ednh DNA t\u1eeb c\u00e1 h\u1ed3i v\u1edbi k\u1ebft c\u1ea5u PN<br \/>\n s\u1ebd \u0111\u01b0\u1ee3c ti\u00eam tr\u1ef1c ti\u1ebfp v\u00e0o b\u00ean trong gi\u00fap c\u1ea3i<br \/>\nthi\u1ec7n tr\u1ebb h\u00f3a l\u00e0n da<\/p>\n<\/div><\/section><\/p><\/div><div class=\"flex_column av_one_full  flex_column_div av-zero-column-padding first  avia-builder-el-8  el_after_av_one_full  el_before_av_one_full   column-top-margin\" style='margin-top:0px; margin-bottom:5%; border-radius:0px; '><div class='avia-image-container  av-styling-    avia-builder-el-9  el_before_av_textblock  avia-builder-el-first   avia-align-center '  itemprop=\"image\" itemscope=\"itemscope\" itemtype=\"https:\/\/schema.org\/ImageObject\"  ><div class='avia-image-container-inner'><div class='avia-image-overlay-wrap'><img class='avia_image' src='https:\/\/jp.daprs.com\/m\/wp-content\/uploads\/2021\/08\/skin-booster04.jpg' alt='' title=''   itemprop=\"thumbnailUrl\"  \/><\/div><\/div><\/div><br \/>\n<section class=\"av_textblock_section \"  itemscope=\"itemscope\" itemtype=\"https:\/\/schema.org\/CreativeWork\" ><div class='avia_textblock  '   itemprop=\"text\" ><p style=\"text-align: center;\"><span class=\"font-w700\" style=\"font-size: 4vw;\">Cung c\u1ea5p d\u01b0\u1ee1ng ch\u1ea5t cho da<br \/>\n<\/span><br \/>\nTh\u00e0nh ph\u1ea7n t\u1ed1t v\u00e0 c\u1ea7n thi\u1ebft nu\u00f4i<br \/>\nd\u01b0\u1ee1ng da gi\u00fap ch\u1ed1ng l\u00e3o h\u00f3a,<br \/>\nng\u0103n ng\u1eeba t\u1ed5n th\u01b0\u01a1ng da<\/p>\n<\/div><\/section><\/p><\/div><div class=\"flex_column av_one_full  flex_column_div av-zero-column-padding first  avia-builder-el-11  el_after_av_one_full  avia-builder-el-last  column-top-margin\" style='border-radius:0px; '><div class='avia-image-container  av-styling-    avia-builder-el-12  el_before_av_textblock  avia-builder-el-first   avia-align-center '  itemprop=\"image\" itemscope=\"itemscope\" itemtype=\"https:\/\/schema.org\/ImageObject\"  ><div class='avia-image-container-inner'><div class='avia-image-overlay-wrap'><img class='avia_image' src='https:\/\/jp.daprs.com\/m\/wp-content\/uploads\/2021\/08\/skin-booster05.jpg' alt='' title=''   itemprop=\"thumbnailUrl\"  \/><\/div><\/div><\/div><br \/>\n<section class=\"av_textblock_section \"  itemscope=\"itemscope\" itemtype=\"https:\/\/schema.org\/CreativeWork\" ><div class='avia_textblock  '   itemprop=\"text\" ><p style=\"text-align: center;\"><span class=\"font-w700\" style=\"font-size: 4vw;\">Kh\u00f4ng t\u00e1c d\u1ee5ng ph\u1ee5<br \/>\nHi\u1ec7u qu\u1ea3 l\u00e2u d\u00e0i !<br \/>\n<\/span><br \/>\nDa kh\u1ecfe t\u1eeb b\u00ean trong v\u1edbi REJURAN<br \/>\nHEALER<\/p>\n<\/div><\/section><\/p><\/div>\n<\/div><\/div><\/div><!-- close content main div --><\/div><\/div><div id='after_section_2' class='main_color av_default_container_wrap container_wrap fullsize' style=' '  ><div class='container' ><div class='template-page content  av-content-full alpha units'><div class='post-entry post-entry-type-page post-entry-7711'><div class='entry-content-wrapper clearfix'><br \/>\n<div class=\"flex_column av_one_full  flex_column_div av-zero-column-padding first  avia-builder-el-14  el_after_av_section  el_before_av_one_full  avia-builder-el-first  \" style='border-radius:0px; '><div class='avia-image-container  av-styling-  noHover  av-overlay-hover-deactivate   avia-builder-el-15  avia-builder-el-no-sibling   avia-align-center '  itemprop=\"image\" itemscope=\"itemscope\" itemtype=\"https:\/\/schema.org\/ImageObject\"  ><div class='avia-image-container-inner'><div class='avia-image-overlay-wrap'><div class='av-image-caption-overlay'><div class='av-caption-image-overlay-bg' style='opacity:0.4; '><\/div><div class='av-image-caption-overlay-position'><div class='av-image-caption-overlay-center' ><div style=\"font-size:5vw; margin-top:-25%;\">\u0110\u1ed1i t\u01b0\u1ee3ng nh\u01b0 sau n\u00ean th\u1ef1c hi\u1ec7n\n<\/div>\n<\/div><\/div><\/div><img class='avia_image' src='https:\/\/vn.daprs.com\/m\/wp-content\/uploads\/2021\/09\/skin-booster06.jpg' alt='' title='skin-booster06' height=\"500\" width=\"640\"  itemprop=\"thumbnailUrl\"  \/><\/div><\/div><\/div><\/div><div class=\"flex_column av_one_full  flex_column_div av-zero-column-padding first  avia-builder-el-16  el_after_av_one_full  el_before_av_one_full  column-top-margin\" style='border-radius:0px; '><p><div class='avia-image-container  av-styling-  noHover  av-overlay-hover-deactivate   avia-builder-el-17  el_before_av_textblock  avia-builder-el-first   avia-align-center '  itemprop=\"image\" itemscope=\"itemscope\" itemtype=\"https:\/\/schema.org\/ImageObject\"  ><div class='avia-image-container-inner'><div class='avia-image-overlay-wrap'><div class='av-image-caption-overlay'><div class='av-caption-image-overlay-bg' style='opacity:0.4; '><\/div><div class='av-image-caption-overlay-position'><div class='av-image-caption-overlay-center' style='color:#ffffff; '><p>Ti\u00eam l\u1ea7n<br \/>\n\u0111\u1ea7u<\/p>\n<\/div><\/div><\/div><img class='avia_image' src='https:\/\/jp.daprs.com\/m\/wp-content\/uploads\/2021\/08\/skin-booster07.jpg' alt='' title=''   itemprop=\"thumbnailUrl\"  \/><\/div><\/div><\/div><br \/>\n<section class=\"av_textblock_section \"  itemscope=\"itemscope\" itemtype=\"https:\/\/schema.org\/CreativeWork\" ><div class='avia_textblock  '   itemprop=\"text\" ><p style=\"text-align: center; font-size: 2.5vw;\"><span style=\"font-size: 4vw;\">3-5 ng\u00e0y <\/span><br \/>\nC\u00e2n b\u1eb1ng \u0111\u1ed9 \u1ea9m<\/p>\n<\/div><\/section><\/p><\/div><br \/>\n<div class=\"flex_column av_one_full  flex_column_div av-zero-column-padding first  avia-builder-el-19  el_after_av_one_full  el_before_av_one_full  column-top-margin\" style='border-radius:0px; '><p><div class='avia-image-container  av-styling-  noHover  av-overlay-hover-deactivate   avia-builder-el-20  el_before_av_textblock  avia-builder-el-first   avia-align-center '  itemprop=\"image\" itemscope=\"itemscope\" itemtype=\"https:\/\/schema.org\/ImageObject\"  ><div class='avia-image-container-inner'><div class='avia-image-overlay-wrap'><div class='av-image-caption-overlay'><div class='av-caption-image-overlay-bg' style='opacity:0.4; '><\/div><div class='av-image-caption-overlay-position'><div class='av-image-caption-overlay-center' style='color:#ffffff; '><p>Ti\u00eam<br \/>\nl\u1ea7n 2<\/p>\n<\/div><\/div><\/div><img class='avia_image' src='https:\/\/jp.daprs.com\/m\/wp-content\/uploads\/2021\/08\/skin-booster07.jpg' alt='' title=''   itemprop=\"thumbnailUrl\"  \/><\/div><\/div><\/div><br \/>\n<section class=\"av_textblock_section \"  itemscope=\"itemscope\" itemtype=\"https:\/\/schema.org\/CreativeWork\" ><div class='avia_textblock  '   itemprop=\"text\" ><p style=\"text-align: center; font-size: 2.5vw;\"><span style=\"font-size: 4vw;\">2-4 tu\u1ea7n<br \/>\n<\/span><br \/>\nK\u00edch th\u00edch t\u0103ng sinh Collagen<br \/>\nC\u1ea3i thi\u1ec7n n\u1ebfp nh\u0103n<br \/>\nSe l\u1ed7 ch\u00e2n l\u00f4ng<\/p>\n<\/div><\/section><\/p><\/div><br \/>\n<div class=\"flex_column av_one_full  flex_column_div av-zero-column-padding first  avia-builder-el-22  el_after_av_one_full  el_before_av_one_full  column-top-margin\" style='border-radius:0px; '><p><div class='avia-image-container  av-styling-  noHover  av-overlay-hover-deactivate   avia-builder-el-23  el_before_av_textblock  avia-builder-el-first   avia-align-center '  itemprop=\"image\" itemscope=\"itemscope\" itemtype=\"https:\/\/schema.org\/ImageObject\"  ><div class='avia-image-container-inner'><div class='avia-image-overlay-wrap'><div class='av-image-caption-overlay'><div class='av-caption-image-overlay-bg' style='opacity:0.4; '><\/div><div class='av-image-caption-overlay-position'><div class='av-image-caption-overlay-center' style='color:#ffffff; '><p>Ti\u00eam<br \/>\nl\u1ea7n 3<\/p>\n<\/div><\/div><\/div><img class='avia_image' src='https:\/\/jp.daprs.com\/m\/wp-content\/uploads\/2021\/08\/skin-booster07.jpg' alt='' title=''   itemprop=\"thumbnailUrl\"  \/><\/div><\/div><\/div><br \/>\n<section class=\"av_textblock_section \"  itemscope=\"itemscope\" itemtype=\"https:\/\/schema.org\/CreativeWork\" ><div class='avia_textblock  '   itemprop=\"text\" ><p style=\"text-align: center; font-size: 2.5vw;\"><span style=\"font-size: 4vw;\">4-6 tu\u1ea7n <\/span><br \/>\nHi\u1ec7u qu\u1ea3 c\u0103ng da m\u1eb7t<br \/>\nDa c\u0103ng b\u00f3ng<\/p>\n<\/div><\/section><\/p><\/div><br \/>\n<div class=\"flex_column av_one_full  flex_column_div av-zero-column-padding first  avia-builder-el-25  el_after_av_one_full  el_before_av_section  avia-builder-el-last  column-top-margin\" style='border-radius:0px; '><p><div class='avia-image-container  av-styling-  noHover  av-overlay-hover-deactivate   avia-builder-el-26  el_before_av_textblock  avia-builder-el-first   avia-align-center '  itemprop=\"image\" itemscope=\"itemscope\" itemtype=\"https:\/\/schema.org\/ImageObject\"  ><div class='avia-image-container-inner'><div class='avia-image-overlay-wrap'><div class='av-image-caption-overlay'><div class='av-caption-image-overlay-bg' style='opacity:0.4; '><\/div><div class='av-image-caption-overlay-position'><div class='av-image-caption-overlay-center' style='color:#ffffff; '><p>Ti\u00eam<br \/>\nl\u1ea7n 4<\/p>\n<\/div><\/div><\/div><img class='avia_image' src='https:\/\/jp.daprs.com\/m\/wp-content\/uploads\/2021\/08\/skin-booster07.jpg' alt='' title=''   itemprop=\"thumbnailUrl\"  \/><\/div><\/div><\/div><br \/>\n<section class=\"av_textblock_section \"  itemscope=\"itemscope\" itemtype=\"https:\/\/schema.org\/CreativeWork\" ><div class='avia_textblock  '   itemprop=\"text\" ><p style=\"text-align: center; font-size: 2.5vw;\"><span style=\"font-size: 4vw;\">6-8 tu\u1ea7n <\/span><br \/>\nT\u00e1i t\u1ea1o t\u1ebf b\u00e0o<br \/>\ntr\u1ebb h\u00f3a l\u00e0n da<\/p>\n<\/div><\/section><\/p><\/div><br \/>\n<\/div><\/div><\/div><!-- close content main div --><\/div><\/div><div id='av_section_3' class='avia-section main_color avia-section-default avia-no-border-styling avia-bg-style-scroll  avia-builder-el-28  el_after_av_one_full  el_before_av_section   container_wrap fullsize' style=' '  ><div class='container' ><div class='template-page content  av-content-full alpha units'><div class='post-entry post-entry-type-page post-entry-7711'><div class='entry-content-wrapper clearfix'>\n<div class=\"flex_column av_one_full  flex_column_div av-zero-column-padding first  avia-builder-el-29  avia-builder-el-no-sibling  \" style='border-radius:0px; '><div class='avia-image-container  av-styling-  noHover  av-overlay-hover-deactivate   avia-builder-el-30  el_before_av_image  avia-builder-el-first   avia-align-center '  itemprop=\"image\" itemscope=\"itemscope\" itemtype=\"https:\/\/schema.org\/ImageObject\"  ><div class='avia-image-container-inner'><div class='avia-image-overlay-wrap'><div class='av-image-caption-overlay'><div class='av-caption-image-overlay-bg' style='opacity:0.4; '><\/div><div class='av-image-caption-overlay-position'><div class='av-image-caption-overlay-center' ><div style=\"font-size:3vw; text-align:left;margin-top:-17%;padding-left:-12%;\"><span style=\"padding-left:10%\">DA&#038; Checking Impact<br \/>\n<\/span>\n<\/div>\n<\/div><\/div><\/div><img class='avia_image' src='https:\/\/vn.daprs.com\/m\/wp-content\/uploads\/2021\/09\/skin-booster08-1.jpg' alt='' title='skin-booster08-1' height=\"660\" width=\"640\"  itemprop=\"thumbnailUrl\"  \/><\/div><\/div><\/div><br \/>\n<div class='avia-image-container  av-styling-  noHover  av-overlay-hover-deactivate   avia-builder-el-31  el_after_av_image  el_before_av_image   avia-align-center '  itemprop=\"image\" itemscope=\"itemscope\" itemtype=\"https:\/\/schema.org\/ImageObject\"  ><div class='avia-image-container-inner'><div class='avia-image-overlay-wrap'><div class='av-image-caption-overlay'><div class='av-caption-image-overlay-bg' style='opacity:0.4; '><\/div><div class='av-image-caption-overlay-position'><div class='av-image-caption-overlay-center' ><div style=\"margin-top:10%;font-size:5vw;\">\u0110\u1ed1i t\u01b0\u1ee3ng nh\u01b0 sau n\u00ean th\u1ef1c hi\u1ec7n\n<\/div>\n<\/div><\/div><\/div><img class='avia_image' src='https:\/\/jp.daprs.com\/m\/wp-content\/uploads\/2021\/08\/skin-booster09.jpg' alt='' title=''   itemprop=\"thumbnailUrl\"  \/><\/div><\/div><\/div><br \/>\n<div class='avia-image-container  av-styling-  noHover  av-overlay-hover-deactivate   avia-builder-el-32  el_after_av_image  avia-builder-el-last   avia-align-center '  itemprop=\"image\" itemscope=\"itemscope\" itemtype=\"https:\/\/schema.org\/ImageObject\"  ><div class='avia-image-container-inner'><div class='avia-image-overlay-wrap'><div class='av-image-caption-overlay'><div class='av-caption-image-overlay-bg' style='opacity:0.4; '><\/div><div class='av-image-caption-overlay-position'><div class='av-image-caption-overlay-center' ><div style=\"text-align:left;margin-top:50%\"><span style=\"padding:0 3%;font-size:3vw;background:#e8e7e8;line-height:1.4;\">#Da kh\u00f4 v\u00e0 s\u1ea1m<\/span><br \/>\n<span style=\"padding:0 3%;font-size:3vw;background:#e8e7e8;line-height:1.4;\">#Da ch\u1ea3y x\u1ec7 v\u00e0 l\u1ed7 ch\u00e2n l\u00f4ng to<\/span><br \/>\n<span style=\"padding:0 3%;font-size:3vw;background:#e8e7e8;line-height:1.4;\">#Mu\u1ed1n c\u1ea3i thi\u1ec7n n\u1ebfp nh\u0103n m\u1eaft, tr\u00e1n, mi\u1ec7ng<\/span>\n<\/div>\n<\/div><\/div><\/div><img class='avia_image' src='https:\/\/jp.daprs.com\/m\/wp-content\/uploads\/2021\/08\/skin-booster10.jpg' alt='' title=''   itemprop=\"thumbnailUrl\"  \/><\/div><\/div><\/div><\/p><\/div>\n<br \/>\n<\/div><\/div><\/div><!-- close content main div --><\/div><\/div><div id='av_section_4' class='avia-section main_color avia-section-default avia-no-border-styling avia-bg-style-scroll  avia-builder-el-33  el_after_av_section  avia-builder-el-last   container_wrap fullsize' style=' '  ><div class='container' ><div class='template-page content  av-content-full alpha units'><div class='post-entry post-entry-type-page post-entry-7711'><div class='entry-content-wrapper clearfix'>\n<div class=\"flex_column av_one_full  flex_column_div av-zero-column-padding first  avia-builder-el-34  avia-builder-el-no-sibling  \" style='border-radius:0px; '><div class='avia-image-container  av-styling-  noHover  av-overlay-hover-deactivate   avia-builder-el-35  el_before_av_image  avia-builder-el-first   avia-align-center '  itemprop=\"image\" itemscope=\"itemscope\" itemtype=\"https:\/\/schema.org\/ImageObject\"  ><div class='avia-image-container-inner'><div class='avia-image-overlay-wrap'><div class='av-image-caption-overlay'><div class='av-caption-image-overlay-bg' style='opacity:0.4; '><\/div><div class='av-image-caption-overlay-position'><div class='av-image-caption-overlay-center' ><div style=\"font-size:5vw; margin-top:10%;\">REJURAN HEALER\n<\/div>\n<\/div><\/div><\/div><img class='avia_image' src='https:\/\/jp.daprs.com\/m\/wp-content\/uploads\/2021\/08\/skin-booster11.jpg' alt='' title=''   itemprop=\"thumbnailUrl\"  \/><\/div><\/div><\/div><br \/>\n<div class='avia-image-container  av-styling-  noHover  av-overlay-hover-deactivate   avia-builder-el-36  el_after_av_image  el_before_av_image   avia-align-center '  itemprop=\"image\" itemscope=\"itemscope\" itemtype=\"https:\/\/schema.org\/ImageObject\"  ><div class='avia-image-container-inner'><div class='avia-image-overlay-wrap'><div class='av-image-caption-overlay'><div class='av-caption-image-overlay-bg' style='opacity:0.4; '><\/div><div class='av-image-caption-overlay-position'><div class='av-image-caption-overlay-center' ><div style=\"padding-left:50%;\">\n<span style=\"font-size:3vw;line-height:1.4;\"><span class=\"font-w700\">T\u01b0 v\u1ea5n v\u00e0 \u0111\u1ecbnh d\u1ea1ng<br \/>\n<\/span><\/span><br \/>\n<span style=\"font-size:2vw;\">T\u01b0 v\u1ea5n 1:1 v\u1edbi b\u00e1c s\u0129 v\u00e0<br \/>\n\u0111\u1ecbnh d\u1ea1ng v\u00f9ng th\u1ef1c hi\u1ec7n<br \/>\n<\/span><\/div>\n<\/div><\/div><\/div><img class='avia_image' src='https:\/\/jp.daprs.com\/m\/wp-content\/uploads\/2021\/08\/skin-booster12.jpg' alt='' title=''   itemprop=\"thumbnailUrl\"  \/><\/div><\/div><\/div><br \/>\n<div class='avia-image-container  av-styling-  noHover  av-overlay-hover-deactivate   avia-builder-el-37  el_after_av_image  el_before_av_image   avia-align-center '  itemprop=\"image\" itemscope=\"itemscope\" itemtype=\"https:\/\/schema.org\/ImageObject\"  ><div class='avia-image-container-inner'><div class='avia-image-overlay-wrap'><div class='av-image-caption-overlay'><div class='av-caption-image-overlay-bg' style='opacity:0.4; '><\/div><div class='av-image-caption-overlay-position'><div class='av-image-caption-overlay-center' ><div style=\"padding-left:50%;\">\n<span style=\"font-size:3vw;line-height:1.4;\"><span class=\"font-w700\">Th\u00e0nh ph\u1ea7n DNA c\u00e1 h\u1ed3i gi\u00fap c\u1ea3i<br \/>\nthi\u1ec7n l\u00e0n da<br \/>\n<\/span><\/span><br \/>\n<span style=\"font-size:2vw;\">T\u1ea1o l\u1edbp b\u1ea3o v\u1ec7 cho t\u1ea7ng da b\u00ean<br \/>\nngo\u00e0i v\u00e0 b\u00ean trong gi\u00fap da kh\u1ecfe<br \/>\nm\u1ea1nh v\u00e0 t\u0103ng hi\u1ec7u qu\u1ea3 tr\u1ebb h\u00f3a<br \/>\n<\/span><\/div>\n<\/div><\/div><\/div><img class='avia_image' src='https:\/\/jp.daprs.com\/m\/wp-content\/uploads\/2021\/08\/skin-booster13.jpg' alt='' title=''   itemprop=\"thumbnailUrl\"  \/><\/div><\/div><\/div><br \/>\n<div class='avia-image-container  av-styling-  noHover  av-overlay-hover-deactivate   avia-builder-el-38  el_after_av_image  avia-builder-el-last   avia-align-center '  itemprop=\"image\" itemscope=\"itemscope\" itemtype=\"https:\/\/schema.org\/ImageObject\"  ><div class='avia-image-container-inner'><div class='avia-image-overlay-wrap'><div class='av-image-caption-overlay'><div class='av-caption-image-overlay-bg' style='opacity:0.4; '><\/div><div class='av-image-caption-overlay-position'><div class='av-image-caption-overlay-center' ><div style=\"padding-left:50%;\">\n<span style=\"font-size:3vw;line-height:1.4;\"><span class=\"font-w700\">T\u00e1i t\u1ea1o t\u1ebf b\u00e0o v\u00e0 tr\u1ebb h\u00f3a l\u00e0n da<br \/>\n<\/span><\/span><br \/>\n<span style=\"font-size:2vw;\">L\u00e0n da \u0111\u01b0\u1ee3c ph\u1ee5c h\u1ed3i v\u00e0 k\u1ebft qu\u1ea3<br \/>\n th\u1ea5y ngay sau khi th\u1ef1c hi\u1ec7n v\u00e0 l\u00e0n<br \/>\n<\/span><\/div>\n<\/div><\/div><\/div><img class='avia_image' src='https:\/\/jp.daprs.com\/m\/wp-content\/uploads\/2021\/08\/skin-booster14.jpg' alt='' title=''   itemprop=\"thumbnailUrl\"  \/><\/div><\/div><\/div><\/p><\/div>\n<\/p>\n","protected":false},"excerpt":{"rendered":"<p>\t\t\t\t<![CDATA[\n\t\t\t\t<![CDATA[]]]]><![CDATA[>\t\t]]>\t\t<\/p>\n","protected":false},"author":1,"featured_media":0,"parent":0,"menu_order":907,"comment_status":"closed","ping_status":"closed","template":"","meta":[],"_links":{"self":[{"href":"https:\/\/vn.daprs.com\/m\/wp-json\/wp\/v2\/pages\/7711"}],"collection":[{"href":"https:\/\/vn.daprs.com\/m\/wp-json\/wp\/v2\/pages"}],"about":[{"href":"https:\/\/vn.daprs.com\/m\/wp-json\/wp\/v2\/types\/page"}],"author":[{"embeddable":true,"href":"https:\/\/vn.daprs.com\/m\/wp-json\/wp\/v2\/users\/1"}],"replies":[{"embeddable":true,"href":"https:\/\/vn.daprs.com\/m\/wp-json\/wp\/v2\/comments?post=7711"}],"version-history":[{"count":27,"href":"https:\/\/vn.daprs.com\/m\/wp-json\/wp\/v2\/pages\/7711\/revisions"}],"predecessor-version":[{"id":20340,"href":"https:\/\/vn.daprs.com\/m\/wp-json\/wp\/v2\/pages\/7711\/revisions\/20340"}],"wp:attachment":[{"href":"https:\/\/vn.daprs.com\/m\/wp-json\/wp\/v2\/media?parent=7711"}],"curies":[{"name":"wp","href":"https:\/\/api.w.org\/{rel}","templated":true}]}}