{"id":7715,"date":"2021-04-20T06:10:18","date_gmt":"2021-04-20T06:10:18","guid":{"rendered":"https:\/\/jp.daprs.com\/m\/?page_id=3909"},"modified":"2023-01-26T06:47:49","modified_gmt":"2023-01-26T06:47:49","slug":"injection","status":"publish","type":"page","link":"https:\/\/vn.daprs.com\/m\/injection\/","title":{"rendered":"Injection"},"content":{"rendered":"<p><div id='av_section_1' class='avia-section main_color avia-section-default avia-no-border-styling avia-bg-style-scroll  avia-builder-el-0  el_before_av_section  avia-builder-el-first   container_wrap fullsize' style=' '  ><div class='container' ><main  role=\"main\" itemprop=\"mainContentOfPage\"  class='template-page content  av-content-full alpha units'><div class='post-entry post-entry-type-page post-entry-7715'><div class='entry-content-wrapper clearfix'>\n<div class=\"flex_column av_one_full  flex_column_div av-zero-column-padding first  avia-builder-el-1  avia-builder-el-no-sibling  \" style='border-radius:0px; '><div class='avia-image-container  av-styling-  noHover  av-overlay-hover-deactivate   avia-builder-el-2  el_before_av_image  avia-builder-el-first   avia-align-center '  itemprop=\"image\" itemscope=\"itemscope\" itemtype=\"https:\/\/schema.org\/ImageObject\"  ><div class='avia-image-container-inner'><div class='avia-image-overlay-wrap'><div class='av-image-caption-overlay'><div class='av-caption-image-overlay-bg' style='opacity:0.4; '><\/div><div class='av-image-caption-overlay-position'><div class='av-image-caption-overlay-center' ><div style=\"font-size:3vw;padding:70% 0 0 35%;line-height:1.2;\"><span style=\"font-size:5vw;\">Botox<br \/>\n<\/span><br \/>\nDA+ SKIN &#038; PETIT\n<\/div>\n<\/div><\/div><\/div><img class='avia_image' src='http:\/\/jp.daprs.com\/m\/wp-content\/uploads\/2021\/08\/botox01.jpg' alt='' title=''   itemprop=\"thumbnailUrl\"  \/><\/div><\/div><\/div><br \/>\n<div class='avia-image-container  av-styling-  noHover  av-overlay-hover-deactivate   avia-builder-el-3  el_after_av_image  avia-builder-el-last   avia-align-center '  itemprop=\"image\" itemscope=\"itemscope\" itemtype=\"https:\/\/schema.org\/ImageObject\"  ><div class='avia-image-container-inner'><div class='avia-image-overlay-wrap'><div class='av-image-caption-overlay'><div class='av-caption-image-overlay-bg' style='opacity:0.4; '><\/div><div class='av-image-caption-overlay-position'><div class='av-image-caption-overlay-center' ><div style=\"font-size:3vw;padding:0% 0 0 10%;line-height:1.2;\"><span style=\"font-size:5vw;\">Gi\u1ea3m c\u01a1 h\u00e0m<br \/>\nC\u1ea3i thi\u1ec7n n\u1ebfp nh\u0103n nh\u1ecf<br \/>\n<\/span><br \/>\n v\u00e0 t\u1ea1o khu\u00f4n m\u1eb7t thon g\u1ecdn\n<\/div>\n<\/div><\/div><\/div><img class='avia_image' src='http:\/\/jp.daprs.com\/m\/wp-content\/uploads\/2021\/08\/botox02.jpg' alt='' title=''   itemprop=\"thumbnailUrl\"  \/><\/div><\/div><\/div><\/p><\/div><\/div><\/div><\/main><!-- close content main element --><\/div><\/div><div id='av_section_2' class='avia-section main_color avia-section-default avia-no-border-styling avia-bg-style-scroll  avia-builder-el-4  el_after_av_section  el_before_av_section   container_wrap fullsize' style=' '  ><div class='container' ><div class='template-page content  av-content-full alpha units'><div class='post-entry post-entry-type-page post-entry-7715'><div class='entry-content-wrapper clearfix'>\n<div class=\"flex_column av_one_full  flex_column_div av-zero-column-padding first  avia-builder-el-5  el_before_av_one_full  avia-builder-el-first  \" style='border-radius:0px; '><div class='avia-image-container  av-styling-    avia-builder-el-6  el_before_av_textblock  avia-builder-el-first   avia-align-center '  itemprop=\"image\" itemscope=\"itemscope\" itemtype=\"https:\/\/schema.org\/ImageObject\"  ><div class='avia-image-container-inner'><div class='avia-image-overlay-wrap'><img class='avia_image' src='http:\/\/jp.daprs.com\/m\/wp-content\/uploads\/2021\/08\/botox03.jpg' alt='' title=''   itemprop=\"thumbnailUrl\"  \/><\/div><\/div><\/div><br \/>\n<section class=\"av_textblock_section \"  itemscope=\"itemscope\" itemtype=\"https:\/\/schema.org\/CreativeWork\" ><div class='avia_textblock  '   itemprop=\"text\" ><p style=\"text-align: center; font-size: 3vw;\"><span style=\"font-size: 5vw;\">\u0110\u1ecbnh l\u01b0\u1ee3ng thu\u1ed1c ph\u00f9 h\u1ee3p<br \/>\n<\/span><br \/>\n\u0110\u1ecbnh l\u01b0\u1ee3ng thu\u1ed1c ph\u00f9 h\u1ee3p v\u1edbi t\u1eebng c\u00e1 nh\u00e2n<br \/>\nt\u1ea1o m\u1eb7t thon g\u1ecdn + gi\u1ea3m nh\u0103n<\/p>\n<\/div><\/section><\/p><\/div><div class=\"flex_column av_one_full  flex_column_div av-zero-column-padding first  avia-builder-el-8  el_after_av_one_full  el_before_av_one_full  column-top-margin\" style='border-radius:0px; '><div class='avia-image-container  av-styling-    avia-builder-el-9  el_before_av_textblock  avia-builder-el-first   avia-align-center '  itemprop=\"image\" itemscope=\"itemscope\" itemtype=\"https:\/\/schema.org\/ImageObject\"  ><div class='avia-image-container-inner'><div class='avia-image-overlay-wrap'><img class='avia_image' src='http:\/\/jp.daprs.com\/m\/wp-content\/uploads\/2021\/08\/botox04.jpg' alt='' title=''   itemprop=\"thumbnailUrl\"  \/><\/div><\/div><\/div><br \/>\n<section class=\"av_textblock_section \"  itemscope=\"itemscope\" itemtype=\"https:\/\/schema.org\/CreativeWork\" ><div class='avia_textblock  '   itemprop=\"text\" ><p style=\"text-align: center; font-size: 3vw;\"><span style=\"font-size: 5vw;\">C\u1ea3i thi\u1ec7n x\u01b0\u01a1ng h\u00e0m m\u1eb7t kh\u00f4ng x\u00e2m l\u1ea5n<br \/>\n<\/span><br \/>\nKhu\u00f4n m\u1eb7t \u0111\u1ea7y \u0111\u1eb7n t\u1ef1 nhi\u00ean ph\u00f9 h\u1ee3p t\u1eebng c\u00e1 nh\u00e2n<\/p>\n<\/div><\/section><\/p><\/div><div class=\"flex_column av_one_full  flex_column_div av-zero-column-padding first  avia-builder-el-11  el_after_av_one_full  avia-builder-el-last  column-top-margin\" style='border-radius:0px; '><div class='avia-image-container  av-styling-    avia-builder-el-12  el_before_av_textblock  avia-builder-el-first   avia-align-center '  itemprop=\"image\" itemscope=\"itemscope\" itemtype=\"https:\/\/schema.org\/ImageObject\"  ><div class='avia-image-container-inner'><div class='avia-image-overlay-wrap'><img class='avia_image' src='http:\/\/jp.daprs.com\/m\/wp-content\/uploads\/2021\/08\/botox05.jpg' alt='' title=''   itemprop=\"thumbnailUrl\"  \/><\/div><\/div><\/div><br \/>\n<section class=\"av_textblock_section \"  itemscope=\"itemscope\" itemtype=\"https:\/\/schema.org\/CreativeWork\" ><div class='avia_textblock  '   itemprop=\"text\" ><p style=\"text-align: center; font-size: 3vw;\"><span style=\"font-size: 5vw;\">Kh\u00f4ng t\u00e1c d\u1ee5ng ph\u1ee5<br \/>\nHi\u1ec7u qu\u1ea3 l\u00e2u d\u00e0i !<br \/>\n<\/span><br \/>\nThu\u1ed1c \u0111\u01b0\u1ee3c ki\u1ec3m \u0111\u1ecbnh an to\u00e0n v\u00e0 \u0111\u1ecbnh<br \/>\nl\u01b0\u1ee3ng ph\u00f9 h\u1ee3p v\u1edbi t\u00ecnh tr\u1ea1ng c\u01a1 h\u00e0m<\/p>\n<\/div><\/section><\/p><\/div><\/div><\/div><\/div><!-- close content main div --><\/div><\/div><div id='av_section_3' class='avia-section main_color avia-section-default avia-no-border-styling avia-bg-style-scroll  avia-builder-el-14  el_after_av_section  el_before_av_section   container_wrap fullsize' style=' '  ><div class='container' ><div class='template-page content  av-content-full alpha units'><div class='post-entry post-entry-type-page post-entry-7715'><div class='entry-content-wrapper clearfix'>\n<div class=\"flex_column av_one_full  flex_column_div av-zero-column-padding first  avia-builder-el-15  avia-builder-el-no-sibling  \" style='border-radius:0px; '><div class='avia-image-container  av-styling-  noHover  av-overlay-hover-deactivate   avia-builder-el-16  el_before_av_image  avia-builder-el-first   avia-align-center '  itemprop=\"image\" itemscope=\"itemscope\" itemtype=\"https:\/\/schema.org\/ImageObject\"  ><div class='avia-image-container-inner'><div class='avia-image-overlay-wrap'><div class='av-image-caption-overlay'><div class='av-caption-image-overlay-bg' style='opacity:0.4; '><\/div><div class='av-image-caption-overlay-position'><div class='av-image-caption-overlay-center' ><div style=\"font-size:3vw;margin-top:-19%;text-align:left;padding-left:10%;\">DA&#038; Checking Impact\n<\/div>\n<\/div><\/div><\/div><img class='avia_image' src='https:\/\/vn.daprs.com\/m\/wp-content\/uploads\/2021\/09\/botox06.jpg' alt='' title='botox06' height=\"662\" width=\"640\"  itemprop=\"thumbnailUrl\"  \/><\/div><\/div><\/div><br \/>\n<div class='avia-image-container  av-styling-  noHover  av-overlay-hover-deactivate   avia-builder-el-17  el_after_av_image  el_before_av_image   avia-align-center '  itemprop=\"image\" itemscope=\"itemscope\" itemtype=\"https:\/\/schema.org\/ImageObject\"  ><div class='avia-image-container-inner'><div class='avia-image-overlay-wrap'><div class='av-image-caption-overlay'><div class='av-caption-image-overlay-bg' style='opacity:0.4; '><\/div><div class='av-image-caption-overlay-position'><div class='av-image-caption-overlay-center' ><div style=\"font-size:5vw;margin-top:5%;\">\u0110\u1ed1i t\u01b0\u1ee3ng nh\u01b0 sau n\u00ean th\u1ef1c hi\u1ec7n\n<\/div>\n<\/div><\/div><\/div><img class='avia_image' src='http:\/\/jp.daprs.com\/m\/wp-content\/uploads\/2021\/08\/botox07.jpg' alt='' title=''   itemprop=\"thumbnailUrl\"  \/><\/div><\/div><\/div><br \/>\n<div class='avia-image-container  av-styling-  noHover  av-overlay-hover-deactivate   avia-builder-el-18  el_after_av_image  avia-builder-el-last   avia-align-center '  itemprop=\"image\" itemscope=\"itemscope\" itemtype=\"https:\/\/schema.org\/ImageObject\"  ><div class='avia-image-container-inner'><div class='avia-image-overlay-wrap'><div class='av-image-caption-overlay'><div class='av-caption-image-overlay-bg' style='opacity:0.4; '><\/div><div class='av-image-caption-overlay-position'><div class='av-image-caption-overlay-center' ><div style=\"font-size:3vw;margin-top:45%;\"><span style=\"background:#fff9fb;padding:0 3%;\">#M\u1eb7t g\u00f3c c\u1ea1nh<\/span><br \/>\n<span style=\"background:#fff9fb;padding:0 3%;\">#Mu\u1ed1n th\u1ef1c hi\u1ec7n ph\u01b0\u01a1ng ph\u00e1p \u0111\u01a1n gi\u1ea3n nh\u01b0ng hi\u1ec7u qu\u1ea3 nhanh<\/span><br \/>\n<span style=\"background:#fff9fb;padding:0 3%;\">#Mu\u1ed1n c\u1ea3i thi\u1ec7n n\u1ebfp nh\u0103n tr\u00e1n v\u00e0 c\u01a1 h\u00e0m<\/span>\n<\/div>\n<\/div><\/div><\/div><img class='avia_image' src='http:\/\/jp.daprs.com\/m\/wp-content\/uploads\/2021\/08\/botox08.jpg' alt='' title=''   itemprop=\"thumbnailUrl\"  \/><\/div><\/div><\/div><\/p><\/div><\/div><\/div><\/div><!-- close content main div --><\/div><\/div><div id='av_section_4' class='avia-section main_color avia-section-default avia-no-border-styling avia-bg-style-scroll  avia-builder-el-19  el_after_av_section  el_before_av_section   container_wrap fullsize' style=' '  ><div class='container' ><div class='template-page content  av-content-full alpha units'><div class='post-entry post-entry-type-page post-entry-7715'><div class='entry-content-wrapper clearfix'>\n<div class=\"flex_column av_one_full  flex_column_div av-zero-column-padding first  avia-builder-el-20  avia-builder-el-no-sibling  \" style='border-radius:0px; '><div class='avia-image-container  av-styling-  noHover  av-overlay-hover-deactivate   avia-builder-el-21  el_before_av_image  avia-builder-el-first   avia-align-center '  itemprop=\"image\" itemscope=\"itemscope\" itemtype=\"https:\/\/schema.org\/ImageObject\"  ><div class='avia-image-container-inner'><div class='avia-image-overlay-wrap'><div class='av-image-caption-overlay'><div class='av-caption-image-overlay-bg' style='opacity:0.4; '><\/div><div class='av-image-caption-overlay-position'><div class='av-image-caption-overlay-center' ><div style=\"font-size:5vw;margin-top:10%;\">BOTOX\n<\/div>\n<\/div><\/div><\/div><img class='avia_image' src='http:\/\/jp.daprs.com\/m\/wp-content\/uploads\/2021\/08\/skin-booster11.jpg' alt='' title=''   itemprop=\"thumbnailUrl\"  \/><\/div><\/div><\/div><br \/>\n<div class='avia-image-container  av-styling-  noHover  av-overlay-hover-deactivate   avia-builder-el-22  el_after_av_image  el_before_av_image   avia-align-center '  itemprop=\"image\" itemscope=\"itemscope\" itemtype=\"https:\/\/schema.org\/ImageObject\"  ><div class='avia-image-container-inner'><div class='avia-image-overlay-wrap'><div class='av-image-caption-overlay'><div class='av-caption-image-overlay-bg' style='opacity:0.4; '><\/div><div class='av-image-caption-overlay-position'><div class='av-image-caption-overlay-center' ><div style=\"font-size:3vw;padding-left:55%;\"><span class=\"font-w700\" style=\"font-size:4vw;\">T\u01b0 v\u1ea5n v\u00e0 \u0111\u1ecbnh d\u1ea1ng<\/span><br \/>\nT\u01b0 v\u1ea5n 1:1 v\u1edbi b\u00e1c s\u0129 v\u00e0<br \/>\n\u0111\u1ecbnh d\u1ea1ng v\u00f9ng th\u1ef1c hi\u1ec7n\n<\/div>\n<\/div><\/div><\/div><img class='avia_image' src='http:\/\/jp.daprs.com\/m\/wp-content\/uploads\/2021\/08\/skin-booster12.jpg' alt='' title=''   itemprop=\"thumbnailUrl\"  \/><\/div><\/div><\/div><br \/>\n<div class='avia-image-container  av-styling-  noHover  av-overlay-hover-deactivate   avia-builder-el-23  el_after_av_image  el_before_av_image   avia-align-center '  itemprop=\"image\" itemscope=\"itemscope\" itemtype=\"https:\/\/schema.org\/ImageObject\"  ><div class='avia-image-container-inner'><div class='avia-image-overlay-wrap'><div class='av-image-caption-overlay'><div class='av-caption-image-overlay-bg' style='opacity:0.4; '><\/div><div class='av-image-caption-overlay-position'><div class='av-image-caption-overlay-center' ><div style=\"font-size:2.5vw;padding-left:50%;\"><span class=\"font-w700\" style=\"font-size:3.5vw;\">Kh\u00f4ng t\u00e1c d\u1ee5ng ph\u1ee5<br \/>\nv\u00e0 hi\u1ec7u qu\u1ea3 l\u00e2u d\u00e0i<\/span><br \/>\n\u0110\u1ecbnh l\u01b0\u1ee3ng thu\u1ed1c ph\u00f9<br \/>\nh\u1ee3p v\u1edbi t\u1eebng c\u00e1 nh\u00e2n\n<\/div>\n<\/div><\/div><\/div><img class='avia_image' src='http:\/\/jp.daprs.com\/m\/wp-content\/uploads\/2021\/08\/botox10-1.jpg' alt='' title=''   itemprop=\"thumbnailUrl\"  \/><\/div><\/div><\/div><br \/>\n<div class='avia-image-container  av-styling-  noHover  av-overlay-hover-deactivate   avia-builder-el-24  el_after_av_image  avia-builder-el-last   avia-align-center '  itemprop=\"image\" itemscope=\"itemscope\" itemtype=\"https:\/\/schema.org\/ImageObject\"  ><div class='avia-image-container-inner'><div class='avia-image-overlay-wrap'><div class='av-image-caption-overlay'><div class='av-caption-image-overlay-bg' style='opacity:0.4; '><\/div><div class='av-image-caption-overlay-position'><div class='av-image-caption-overlay-center' ><div style=\"font-size:3vw;padding-left:55%;\"><span class=\"font-w700\" style=\"font-size:4vw;\">Hi\u1ec7u qu\u1ea3 thon g\u1ecdn khu\u00f4n<br \/>\nm\u1eb7t kh\u00f4ng x\u00e2m l\u1ea5n<\/span><br \/>\nThu h\u1ecdn c\u01a1 h\u00e0m t\u1ea1o hi\u1ec7u<br \/>\nqu\u1ea3 m\u1eb7t Vline\n<\/div>\n<\/div><\/div><\/div><img class='avia_image' src='http:\/\/jp.daprs.com\/m\/wp-content\/uploads\/2021\/08\/botox11-1.jpg' alt='' title=''   itemprop=\"thumbnailUrl\"  \/><\/div><\/div><\/div><\/p><\/div><\/div><\/div><\/div><!-- close content main div --><\/div><\/div><div id='av_section_5' class='avia-section main_color avia-section-default avia-no-border-styling avia-bg-style-scroll  avia-builder-el-25  el_after_av_section  avia-builder-el-last   container_wrap fullsize' style=' '  ><div class='container' ><div class='template-page content  av-content-full alpha units'><div class='post-entry post-entry-type-page post-entry-7715'><div class='entry-content-wrapper clearfix'>\n<div class=\"flex_column av_one_full  flex_column_div av-zero-column-padding first  avia-builder-el-26  avia-builder-el-no-sibling  \" style='border-radius:0px; '><div class='avia-image-container  av-styling-  noHover  av-overlay-hover-deactivate   avia-builder-el-27  avia-builder-el-no-sibling   avia-align-center '  itemprop=\"image\" itemscope=\"itemscope\" itemtype=\"https:\/\/schema.org\/ImageObject\"  ><div class='avia-image-container-inner'><div class='avia-image-overlay-wrap'><div class='av-image-caption-overlay'><div class='av-caption-image-overlay-bg' style='opacity:0.4; '><\/div><div class='av-image-caption-overlay-position'><div class='av-image-caption-overlay-center' style='color:#000000; '><div style=\"position:absolute;top:13%;left:15%;font-size:5vw;line-height:1.2;\">PH\u1ea6N C\u00d3 TH\u1ec2 TH\u1ef0C HI\u1ec6N<\/div>\n<\/div><\/div><\/div><img class='avia_image' src='https:\/\/vn.daprs.com\/m\/wp-content\/uploads\/2021\/09\/m_sk9_08.jpg' alt='' title='m_sk9_08' height=\"1048\" width=\"640\"  itemprop=\"thumbnailUrl\"  \/><\/div><\/div><\/div><\/div><\/p>\n","protected":false},"excerpt":{"rendered":"<p>\t\t\t\t<![CDATA[\n\t\t\t\t<![CDATA[]]]]><![CDATA[>\t\t]]>\t\t<\/p>\n","protected":false},"author":1,"featured_media":0,"parent":0,"menu_order":909,"comment_status":"closed","ping_status":"closed","template":"","meta":[],"_links":{"self":[{"href":"https:\/\/vn.daprs.com\/m\/wp-json\/wp\/v2\/pages\/7715"}],"collection":[{"href":"https:\/\/vn.daprs.com\/m\/wp-json\/wp\/v2\/pages"}],"about":[{"href":"https:\/\/vn.daprs.com\/m\/wp-json\/wp\/v2\/types\/page"}],"author":[{"embeddable":true,"href":"https:\/\/vn.daprs.com\/m\/wp-json\/wp\/v2\/users\/1"}],"replies":[{"embeddable":true,"href":"https:\/\/vn.daprs.com\/m\/wp-json\/wp\/v2\/comments?post=7715"}],"version-history":[{"count":21,"href":"https:\/\/vn.daprs.com\/m\/wp-json\/wp\/v2\/pages\/7715\/revisions"}],"predecessor-version":[{"id":20562,"href":"https:\/\/vn.daprs.com\/m\/wp-json\/wp\/v2\/pages\/7715\/revisions\/20562"}],"wp:attachment":[{"href":"https:\/\/vn.daprs.com\/m\/wp-json\/wp\/v2\/media?parent=7715"}],"curies":[{"name":"wp","href":"https:\/\/api.w.org\/{rel}","templated":true}]}}