{"id":7719,"date":"2021-05-07T08:18:42","date_gmt":"2021-05-07T08:18:42","guid":{"rendered":"https:\/\/jp.daprs.com\/m\/?page_id=5188"},"modified":"2023-01-05T07:40:27","modified_gmt":"2023-01-05T07:40:27","slug":"facilities","status":"publish","type":"page","link":"https:\/\/vn.daprs.com\/m\/facilities\/","title":{"rendered":"Clinic Facilities"},"content":{"rendered":"<div id='av_section_1' class='avia-section main_color avia-section-default avia-no-border-styling avia-bg-style-scroll  avia-builder-el-0  avia-builder-el-no-sibling   container_wrap fullsize' style=' '  ><div class='container' ><main  role=\"main\" itemprop=\"mainContentOfPage\"  class='template-page content  av-content-full alpha units'><div class='post-entry post-entry-type-page post-entry-7719'><div class='entry-content-wrapper clearfix'>\n<div class=\"flex_column av_one_full  flex_column_div av-zero-column-padding first  avia-builder-el-1  avia-builder-el-no-sibling  \" style='border-radius:0px; '><p><div style='padding-bottom:10px; font-size:50px;' class='av-special-heading av-special-heading-h3  blockquote modern-quote modern-centered  avia-builder-el-2  el_before_av_tab_container  avia-builder-el-first   av-inherit-size '><h3 class='av-special-heading-tag '  itemprop=\"headline\"  ><span class=\"font-w500\">V\u1ecb tr\u00ed c\u00e1c t\u1ea7ng<\/span><\/h3><div class='special-heading-border'><div class='special-heading-inner-border' ><\/div><\/div><\/div><br \/>\n<div class=\"tabcontainer   sidebar_tab sidebar_tab_left border_tabs  avia-builder-el-3  el_after_av_heading  avia-builder-el-last  \">\n\n<section class=\"av_tab_section\"  itemscope=\"itemscope\" itemtype=\"https:\/\/schema.org\/CreativeWork\" >    <div aria-controls=\"tab-id-1\" role=\"tab\" tabindex=\"0\" data-fake-id=\"#tab-id-1\" class=\"tab active_tab\"  itemprop=\"headline\" ><\/p>\n<div class=\"tab-tt\">11F-12F Ph\u00f2ng ph\u1eabu thu\u1eadt<\/div ><\/div>\n    <div id=\"tab-id-1-container\" class=\"tab_content active_tab_content\" aria-hidden=\"false\">\n        <div class=\"tab_inner_content invers-color\"  itemprop=\"text\" >\n<p><img loading=\"lazy\" class=\"alignnone size-full wp-image-5239 aligncenter\" src=\"https:\/\/vn.daprs.com\/m\/wp-content\/uploads\/2021\/05\/11f_07.jpg\" alt=\"\" width=\"900\" height=\"600\" srcset=\"https:\/\/vn.daprs.com\/m\/wp-content\/uploads\/2021\/05\/11f_07.jpg 900w, https:\/\/vn.daprs.com\/m\/wp-content\/uploads\/2021\/05\/11f_07-300x200.jpg 300w, https:\/\/vn.daprs.com\/m\/wp-content\/uploads\/2021\/05\/11f_07-768x512.jpg 768w, https:\/\/vn.daprs.com\/m\/wp-content\/uploads\/2021\/05\/11f_07-705x470.jpg 705w, https:\/\/vn.daprs.com\/m\/wp-content\/uploads\/2021\/05\/11f_07-450x300.jpg 450w\" sizes=\"(max-width: 900px) 100vw, 900px\" \/><\/p>\n<div style=\"color: #fff; background-color: #3d3d3f; padding: 30px; width: 100%; margin: -30px auto 0; font-size: 13px;\"><span style=\"font-size: 30px;\">11F-12F<\/span><br \/>\nPh\u00f2ng ph\u1eabu thu\u1eadt<br \/>\n\u0110\u01b0\u1ee3c trang b\u1ecb h\u1ec7 th\u1ed1ng kh\u1eed tr\u00f9ng, trang thi\u1ebft b\u1ecb hi\u1ec7n \u0111\u1ea1i, t\u00e2n ti\u1ebfn v\u00e0 \u0111a d\u1ea1ng,<br \/>\n\u0111\u1ea3m b\u1ea3o an to\u00e0n trong l\u00fac ph\u1eabu thu\u1eadt v\u00e0 mang l\u1ea1i k\u1ebft qu\u1ea3 m\u1ef9 m\u00e3n<\/div>\n\n        <\/div>\n    <\/div>\n<\/section>\n\n<section class=\"av_tab_section\"  itemscope=\"itemscope\" itemtype=\"https:\/\/schema.org\/CreativeWork\" >    <div aria-controls=\"tab-id-2\" role=\"tab\" tabindex=\"0\" data-fake-id=\"#tab-id-2\" class=\"tab \"  itemprop=\"headline\" ><\/p>\n<div class=\"tab-tt\">10F Ph\u00f2ng kh\u00e1m s\u1ee9c kh\u1ecfe<\/div>\n<p><\/div>\n    <div id=\"tab-id-2-container\" class=\"tab_content \" aria-hidden=\"true\">\n        <div class=\"tab_inner_content invers-color\"  itemprop=\"text\" >\n<p><img loading=\"lazy\" class=\"alignnone size-full wp-image-5230 aligncenter\" src=\"https:\/\/vn.daprs.com\/m\/wp-content\/uploads\/2021\/05\/10f_02.jpg\" alt=\"\" width=\"900\" height=\"600\" srcset=\"https:\/\/vn.daprs.com\/m\/wp-content\/uploads\/2021\/05\/10f_02.jpg 900w, https:\/\/vn.daprs.com\/m\/wp-content\/uploads\/2021\/05\/10f_02-300x200.jpg 300w, https:\/\/vn.daprs.com\/m\/wp-content\/uploads\/2021\/05\/10f_02-768x512.jpg 768w, https:\/\/vn.daprs.com\/m\/wp-content\/uploads\/2021\/05\/10f_02-705x470.jpg 705w, https:\/\/vn.daprs.com\/m\/wp-content\/uploads\/2021\/05\/10f_02-450x300.jpg 450w\" sizes=\"(max-width: 900px) 100vw, 900px\" \/><\/p>\n<div style=\"color: #fff; background-color: #3d3d3f; padding: 30px; width: 100%; margin: -30px auto 0; font-size: 13px;\"><span style=\"font-size: 30px;\">10F<\/span><br \/>\n10F<br \/>\nPh\u00f2ng kh\u00e1m s\u1ee9c kh\u1ecfe<br \/>\nPh\u00f2ng kh\u00e1m v\u00f4 tr\u00f9ng<br \/>\nv\u00e0 s\u1ea1ch s\u1ebd<\/div>\n\n        <\/div>\n    <\/div>\n<\/section>\n\n<section class=\"av_tab_section\"  itemscope=\"itemscope\" itemtype=\"https:\/\/schema.org\/CreativeWork\" >    <div aria-controls=\"tab-id-3\" role=\"tab\" tabindex=\"0\" data-fake-id=\"#tab-id-3\" class=\"tab \"  itemprop=\"headline\" ><\/p>\n<div class=\"tab-tt\">9F Ph\u00f2ng t\u01b0 v\u1ea5n, kh\u00e1m s\u1ee9c kh\u1ecfe<\/div>\n<p><\/div>\n    <div id=\"tab-id-3-container\" class=\"tab_content \" aria-hidden=\"true\">\n        <div class=\"tab_inner_content invers-color\"  itemprop=\"text\" >\n<p><img loading=\"lazy\" class=\"alignnone size-full wp-image-5227 aligncenter\" src=\"https:\/\/vn.daprs.com\/m\/wp-content\/uploads\/2021\/05\/9f_08.jpg\" alt=\"\" width=\"900\" height=\"600\" srcset=\"https:\/\/vn.daprs.com\/m\/wp-content\/uploads\/2021\/05\/9f_08.jpg 900w, https:\/\/vn.daprs.com\/m\/wp-content\/uploads\/2021\/05\/9f_08-300x200.jpg 300w, https:\/\/vn.daprs.com\/m\/wp-content\/uploads\/2021\/05\/9f_08-768x512.jpg 768w, https:\/\/vn.daprs.com\/m\/wp-content\/uploads\/2021\/05\/9f_08-705x470.jpg 705w, https:\/\/vn.daprs.com\/m\/wp-content\/uploads\/2021\/05\/9f_08-450x300.jpg 450w\" sizes=\"(max-width: 900px) 100vw, 900px\" \/><\/p>\n<div style=\"color: #fff; background-color: #3d3d3f; padding: 30px; width: 100%; margin: -30px auto 0; font-size: 13px;\"><span style=\"font-size: 30px;\">9F<\/span><br \/>\nPh\u00f2ng t\u01b0 v\u1ea5n, kh\u00e1m s\u1ee9c kh\u1ecfe<br \/>\nKh\u00f4ng gian ri\u00eang bi\u1ec7t d\u00e0nh cho t\u01b0 v\u1ea5n ng\u1ef1c \u2013 c\u01a1 th\u1ec3 \/ ch\u1ec9nh h\u00ecnh n\u1eef gi\u1edbi \/<br \/>\nkh\u00e1m ng\u1ef1c gi\u00fap c\u00e1c kh\u00e1ch h\u00e0ng tho\u1ea3i m\u00e1i h\u01a1n v\u1edbi c\u00e1c trang thi\u1ebft b\u1ecb hi\u1ec7n \u0111\u1ea1i<\/div>\n\n        <\/div>\n    <\/div>\n<\/section>\n\n<section class=\"av_tab_section\"  itemscope=\"itemscope\" itemtype=\"https:\/\/schema.org\/CreativeWork\" >    <div aria-controls=\"tab-id-4\" role=\"tab\" tabindex=\"0\" data-fake-id=\"#tab-id-4\" class=\"tab \"  itemprop=\"headline\" ><\/p>\n<div class=\"tab-tt\">8F Ph\u00f2ng t\u01b0 v\u1ea5n<\/div>\n<p><\/div>\n    <div id=\"tab-id-4-container\" class=\"tab_content \" aria-hidden=\"true\">\n        <div class=\"tab_inner_content invers-color\"  itemprop=\"text\" >\n<p><img loading=\"lazy\" class=\"alignnone size-full wp-image-5219 aligncenter\" src=\"https:\/\/vn.daprs.com\/m\/wp-content\/uploads\/2021\/05\/8f_05.jpg\" alt=\"\" width=\"900\" height=\"600\" srcset=\"https:\/\/vn.daprs.com\/m\/wp-content\/uploads\/2021\/05\/8f_05.jpg 900w, https:\/\/vn.daprs.com\/m\/wp-content\/uploads\/2021\/05\/8f_05-300x200.jpg 300w, https:\/\/vn.daprs.com\/m\/wp-content\/uploads\/2021\/05\/8f_05-768x512.jpg 768w, https:\/\/vn.daprs.com\/m\/wp-content\/uploads\/2021\/05\/8f_05-705x470.jpg 705w, https:\/\/vn.daprs.com\/m\/wp-content\/uploads\/2021\/05\/8f_05-450x300.jpg 450w\" sizes=\"(max-width: 900px) 100vw, 900px\" \/><\/p>\n<div style=\"color: #fff; background-color: #3d3d3f; padding: 30px; width: 100%; margin: -30px auto 0; font-size: 13px;\"><span style=\"font-size: 30px;\">8F<\/span><br \/>\nPh\u00f2ng t\u01b0 v\u1ea5n<br \/>\nKh\u00f4ng gian t\u01b0 v\u1ea5n v\u1edbi c\u00e1c ph\u00f2ng t\u01b0 v\u1ea5n hi\u1ec7n \u0111\u1ea1i v\u00e0 ri\u00eang<br \/>\nt\u01b0 gi\u00fap c\u00e1c kh\u00e1ch h\u00e0ng tho\u1ea3i m\u00e1i h\u01a1n<\/div>\n\n        <\/div>\n    <\/div>\n<\/section>\n\n<section class=\"av_tab_section\"  itemscope=\"itemscope\" itemtype=\"https:\/\/schema.org\/CreativeWork\" >    <div aria-controls=\"tab-id-5\" role=\"tab\" tabindex=\"0\" data-fake-id=\"#tab-id-5\" class=\"tab \"  itemprop=\"headline\" ><\/p>\n<div class=\"tab-tt\">7F Ti\u1ebfp t\u00e2n, th\u1ee7 t\u1ee5c<\/div>\n<p><\/div>\n    <div id=\"tab-id-5-container\" class=\"tab_content \" aria-hidden=\"true\">\n        <div class=\"tab_inner_content invers-color\"  itemprop=\"text\" >\n<p><img loading=\"lazy\" class=\"aligncenter wp-image-5214 size-full\" src=\"https:\/\/vn.daprs.com\/m\/wp-content\/uploads\/2021\/05\/7f_03.jpg\" alt=\"\" width=\"900\" height=\"600\" srcset=\"https:\/\/vn.daprs.com\/m\/wp-content\/uploads\/2021\/05\/7f_03.jpg 900w, https:\/\/vn.daprs.com\/m\/wp-content\/uploads\/2021\/05\/7f_03-300x200.jpg 300w, https:\/\/vn.daprs.com\/m\/wp-content\/uploads\/2021\/05\/7f_03-768x512.jpg 768w, https:\/\/vn.daprs.com\/m\/wp-content\/uploads\/2021\/05\/7f_03-705x470.jpg 705w, https:\/\/vn.daprs.com\/m\/wp-content\/uploads\/2021\/05\/7f_03-450x300.jpg 450w\" sizes=\"(max-width: 900px) 100vw, 900px\" \/><\/p>\n<div style=\"color: #fff; background-color: #3d3d3f; padding: 30px; width: 100%; margin: -30px auto 0; font-size: 13px;\"><span style=\"font-size: 30px;\">7F<\/span><br \/>\nTi\u1ebfp t\u00e2n, th\u1ee7 t\u1ee5c<br \/>\nLu\u00f4n c\u00f3 nh\u00e2n vi\u00ean th\u01b0\u1eddng tr\u1ef1c v\u00e0 h\u01b0\u1edbng d\u1eabn t\u1eadn t\u00ecnh cho c\u00e1c kh\u00e1ch h\u00e0ng<\/div>\n\n        <\/div>\n    <\/div>\n<\/section>\n\n<section class=\"av_tab_section\"  itemscope=\"itemscope\" itemtype=\"https:\/\/schema.org\/CreativeWork\" >    <div aria-controls=\"tab-id-6\" role=\"tab\" tabindex=\"0\" data-fake-id=\"#tab-id-6\" class=\"tab \"  itemprop=\"headline\" ><\/p>\n<div class=\"tab-tt\">6F Da li\u1ec5u<\/div>\n<p><\/div>\n    <div id=\"tab-id-6-container\" class=\"tab_content \" aria-hidden=\"true\">\n        <div class=\"tab_inner_content invers-color\"  itemprop=\"text\" >\n<p><img loading=\"lazy\" class=\"aligncenter wp-image-5207 size-full\" src=\"https:\/\/vn.daprs.com\/m\/wp-content\/uploads\/2021\/05\/6f_05.jpg\" alt=\"\" width=\"900\" height=\"600\" srcset=\"https:\/\/vn.daprs.com\/m\/wp-content\/uploads\/2021\/05\/6f_05.jpg 900w, https:\/\/vn.daprs.com\/m\/wp-content\/uploads\/2021\/05\/6f_05-300x200.jpg 300w, https:\/\/vn.daprs.com\/m\/wp-content\/uploads\/2021\/05\/6f_05-768x512.jpg 768w, https:\/\/vn.daprs.com\/m\/wp-content\/uploads\/2021\/05\/6f_05-705x470.jpg 705w, https:\/\/vn.daprs.com\/m\/wp-content\/uploads\/2021\/05\/6f_05-450x300.jpg 450w\" sizes=\"(max-width: 900px) 100vw, 900px\" \/><\/p>\n<div style=\"color: #fff; background-color: #3d3d3f; padding: 30px; width: 100%; margin: -30px auto 0; font-size: 13px;\"><span style=\"font-size: 30px;\">6F<\/span><br \/>\nDa li\u1ec5u<br \/>\nLu\u00f4n c\u00f3 nh\u00e2n vi\u00ean th\u01b0\u1eddng tr\u1ef1c v\u00e0 h\u01b0\u1edbng<br \/>\nd\u1eabn t\u1eadn t\u00ecnh cho c\u00e1c kh\u00e1ch h\u00e0ng<\/div>\n\n        <\/div>\n    <\/div>\n<\/section>\n\n<section class=\"av_tab_section\"  itemscope=\"itemscope\" itemtype=\"https:\/\/schema.org\/CreativeWork\" >    <div aria-controls=\"tab-id-7\" role=\"tab\" tabindex=\"0\" data-fake-id=\"#tab-id-7\" class=\"tab \"  itemprop=\"headline\" ><\/p>\n<div class=\"tab-tt\">5F Ph\u00f2ng nh\u1eadp vi\u1ec7n th\u01b0\u1eddng<\/div>\n<p><\/div>\n    <div id=\"tab-id-7-container\" class=\"tab_content \" aria-hidden=\"true\">\n        <div class=\"tab_inner_content invers-color\"  itemprop=\"text\" >\n<p><img loading=\"lazy\" class=\"aligncenter wp-image-5201 size-full\" src=\"https:\/\/vn.daprs.com\/m\/wp-content\/uploads\/2021\/05\/5f_04.jpg\" alt=\"\" width=\"900\" height=\"600\" srcset=\"https:\/\/vn.daprs.com\/m\/wp-content\/uploads\/2021\/05\/5f_04.jpg 900w, https:\/\/vn.daprs.com\/m\/wp-content\/uploads\/2021\/05\/5f_04-300x200.jpg 300w, https:\/\/vn.daprs.com\/m\/wp-content\/uploads\/2021\/05\/5f_04-768x512.jpg 768w, https:\/\/vn.daprs.com\/m\/wp-content\/uploads\/2021\/05\/5f_04-705x470.jpg 705w, https:\/\/vn.daprs.com\/m\/wp-content\/uploads\/2021\/05\/5f_04-450x300.jpg 450w\" sizes=\"(max-width: 900px) 100vw, 900px\" \/><\/p>\n<div style=\"color: #fff; background-color: #3d3d3f; padding: 30px; width: 100%; margin: -30px auto 0; font-size: 13px;\"><span style=\"font-size: 30px;\">5F<\/span><br \/>\nPh\u00f2ng nh\u1eadp vi\u1ec7n th\u01b0\u1eddng<br \/>\nKhu h\u1ed3i s\u1ee9c v\u00e0 ngh\u1ec9 ng\u01a1i sau ph\u1eabu thu\u1eadt<br \/>\nv\u1edbi c\u00e1c y t\u00e1 lu\u00f4n th\u01b0\u1eddng tr\u1ef1c<\/div>\n\n        <\/div>\n    <\/div>\n<\/section>\n\n<section class=\"av_tab_section\"  itemscope=\"itemscope\" itemtype=\"https:\/\/schema.org\/CreativeWork\" >    <div aria-controls=\"tab-id-8\" role=\"tab\" tabindex=\"0\" data-fake-id=\"#tab-id-8\" class=\"tab \"  itemprop=\"headline\" ><\/p>\n<div class=\"tab-tt\">4F nh\u1eadp vi\u1ec7n VIP<\/div>\n<p><\/div>\n    <div id=\"tab-id-8-container\" class=\"tab_content \" aria-hidden=\"true\">\n        <div class=\"tab_inner_content invers-color\"  itemprop=\"text\" >\n<p style=\"text-align: center;\"><img loading=\"lazy\" class=\"alignnone size-full wp-image-5194\" src=\"https:\/\/mn.daprs.com\/m\/wp-content\/uploads\/2021\/05\/4f_02.jpg\" alt=\"\" width=\"900\" height=\"600\" srcset=\"https:\/\/vn.daprs.com\/m\/wp-content\/uploads\/2021\/05\/4f_02.jpg 900w, https:\/\/vn.daprs.com\/m\/wp-content\/uploads\/2021\/05\/4f_02-300x200.jpg 300w, https:\/\/vn.daprs.com\/m\/wp-content\/uploads\/2021\/05\/4f_02-768x512.jpg 768w, https:\/\/vn.daprs.com\/m\/wp-content\/uploads\/2021\/05\/4f_02-705x470.jpg 705w, https:\/\/vn.daprs.com\/m\/wp-content\/uploads\/2021\/05\/4f_02-450x300.jpg 450w\" sizes=\"(max-width: 900px) 100vw, 900px\" \/><\/p>\n<div style=\"color: #fff; background-color: #3d3d3f; padding: 30px; width: 100%; margin: -30px auto 0; font-size: 13px;\"><span style=\"font-size: 30px;\">4F<\/span><br \/>\nnh\u1eadp vi\u1ec7n VIP<br \/>\nKhu nh\u1eadp vi\u1ec7n d\u00e0nh cho c\u00e1c kh\u00e1ch h\u00e0ng c\u1ea7n nhi\u1ec1u th\u1eddi gian ngh\u1ec9 ng\u01a1i ho\u1eb7c h\u1ed3i<br \/>\nph\u1ee5c, thi\u1ebft k\u1ebf nh\u01b0 kh\u00e1ch s\u1ea1n t\u1ea1o c\u1ea3m gi\u00e1c tho\u1ea3i m\u00e1i h\u01a1n<\/div>\n\n        <\/div>\n    <\/div>\n<\/section>\n\n<section class=\"av_tab_section\"  itemscope=\"itemscope\" itemtype=\"https:\/\/schema.org\/CreativeWork\" >    <div aria-controls=\"tab-id-9\" role=\"tab\" tabindex=\"0\" data-fake-id=\"#tab-id-9\" class=\"tab \"  itemprop=\"headline\" ><\/p>\n<div class=\"tab-tt\">3F Ph\u00f2ng tr\u1ecb li\u1ec7u\/ ch\u0103m s\u00f3c h\u1eadu ph\u1eabu<\/div>\n<p><\/div>\n    <div id=\"tab-id-9-container\" class=\"tab_content \" aria-hidden=\"true\">\n        <div class=\"tab_inner_content invers-color\"  itemprop=\"text\" >\n<p><img loading=\"lazy\" class=\"size-full wp-image-18955 aligncenter\" src=\"https:\/\/vn.daprs.com\/m\/wp-content\/uploads\/2023\/01\/10f_01.jpg\" alt=\"10f_01\" width=\"900\" height=\"600\" srcset=\"https:\/\/vn.daprs.com\/m\/wp-content\/uploads\/2023\/01\/10f_01.jpg 900w, https:\/\/vn.daprs.com\/m\/wp-content\/uploads\/2023\/01\/10f_01-300x200.jpg 300w, https:\/\/vn.daprs.com\/m\/wp-content\/uploads\/2023\/01\/10f_01-768x512.jpg 768w, https:\/\/vn.daprs.com\/m\/wp-content\/uploads\/2023\/01\/10f_01-705x470.jpg 705w, https:\/\/vn.daprs.com\/m\/wp-content\/uploads\/2023\/01\/10f_01-450x300.jpg 450w\" sizes=\"(max-width: 900px) 100vw, 900px\" \/><\/p>\n<div style=\"color: #fff;\nbackground-color: #3d3d3f;\npadding: 30px;\nwidth: 100%;\nmargin: -30px auto 0;\nfont-size: 13px;\"><br \/>\n<span style=\"font-size: 30px;\">3F<\/span><br \/>\nPh\u00f2ng tr\u1ecb li\u1ec7u.qu\u1ea3n l\u00fd h\u1eadu ph\u1eabu<br \/>\nTr\u1ecb li\u1ec7u v\u00e0 ch\u0103m s\u00f3c h\u1eadu ph\u1eabu trong m\u00f4i tr\u01b0\u1eddng v\u1ec7 sinh v\u00e0 tho\u1ea3i m\u00e1i<\/div>\n\n        <\/div>\n    <\/div>\n<\/section>\n\n<section class=\"av_tab_section\"  itemscope=\"itemscope\" itemtype=\"https:\/\/schema.org\/CreativeWork\" >    <div aria-controls=\"tab-id-10\" role=\"tab\" tabindex=\"0\" data-fake-id=\"#tab-id-10\" class=\"tab \"  itemprop=\"headline\" ><\/p>\n<div class=\"tab-tt\">1F Qu\u1ea7y h\u01b0\u1edbng d\u1eabn<\/div>\n<p><\/div>\n    <div id=\"tab-id-10-container\" class=\"tab_content \" aria-hidden=\"true\">\n        <div class=\"tab_inner_content invers-color\"  itemprop=\"text\" >\n<p><img loading=\"lazy\" class=\"alignnone size-full wp-image-5192 aligncenter\" src=\"https:\/\/vn.daprs.com\/m\/wp-content\/uploads\/2021\/05\/1f_01.jpg\" alt=\"\" width=\"900\" height=\"600\" srcset=\"https:\/\/vn.daprs.com\/m\/wp-content\/uploads\/2021\/05\/1f_01.jpg 900w, https:\/\/vn.daprs.com\/m\/wp-content\/uploads\/2021\/05\/1f_01-300x200.jpg 300w, https:\/\/vn.daprs.com\/m\/wp-content\/uploads\/2021\/05\/1f_01-768x512.jpg 768w, https:\/\/vn.daprs.com\/m\/wp-content\/uploads\/2021\/05\/1f_01-705x470.jpg 705w, https:\/\/vn.daprs.com\/m\/wp-content\/uploads\/2021\/05\/1f_01-450x300.jpg 450w\" sizes=\"(max-width: 900px) 100vw, 900px\" \/><\/p>\n<div style=\"color: #fff; background-color: #3d3d3f; padding: 30px; width: 100%; margin: -30px auto 0; font-size: 13px;\"><span style=\"font-size: 30px;\">1F<\/span><br \/>\nQu\u1ea7y h\u01b0\u1edbng d\u1eabn<br \/>\nLu\u00f4n c\u00f3 nh\u00e2n vi\u00ean th\u01b0\u1eddng tr\u1ef1c v\u00e0 h\u01b0\u1edbng<br \/>\nd\u1eabn t\u1eadn t\u00ecnh cho c\u00e1c kh\u00e1ch h\u00e0ng<\/div>\n\n        <\/div>\n    <\/div>\n<\/section>\n\n<\/div>\n<\/p><\/div>\n","protected":false},"excerpt":{"rendered":"<p>\t\t\t\t<![CDATA[\n\t\t\t\t<![CDATA[]]]]><![CDATA[>\t\t]]>\t\t<\/p>\n","protected":false},"author":1,"featured_media":0,"parent":0,"menu_order":106,"comment_status":"closed","ping_status":"closed","template":"","meta":[],"_links":{"self":[{"href":"https:\/\/vn.daprs.com\/m\/wp-json\/wp\/v2\/pages\/7719"}],"collection":[{"href":"https:\/\/vn.daprs.com\/m\/wp-json\/wp\/v2\/pages"}],"about":[{"href":"https:\/\/vn.daprs.com\/m\/wp-json\/wp\/v2\/types\/page"}],"author":[{"embeddable":true,"href":"https:\/\/vn.daprs.com\/m\/wp-json\/wp\/v2\/users\/1"}],"replies":[{"embeddable":true,"href":"https:\/\/vn.daprs.com\/m\/wp-json\/wp\/v2\/comments?post=7719"}],"version-history":[{"count":10,"href":"https:\/\/vn.daprs.com\/m\/wp-json\/wp\/v2\/pages\/7719\/revisions"}],"predecessor-version":[{"id":18958,"href":"https:\/\/vn.daprs.com\/m\/wp-json\/wp\/v2\/pages\/7719\/revisions\/18958"}],"wp:attachment":[{"href":"https:\/\/vn.daprs.com\/m\/wp-json\/wp\/v2\/media?parent=7719"}],"curies":[{"name":"wp","href":"https:\/\/api.w.org\/{rel}","templated":true}]}}