{"id":9563,"date":"2021-06-23T09:37:38","date_gmt":"2021-06-23T09:37:38","guid":{"rendered":"https:\/\/jp.daprs.com\/m\/?page_id=9503"},"modified":"2023-01-27T03:04:49","modified_gmt":"2023-01-27T03:04:49","slug":"tummy-tuck","status":"publish","type":"page","link":"https:\/\/vn.daprs.com\/m\/tummy-tuck\/","title":{"rendered":"DA Tummy Tuck"},"content":{"rendered":"<div id='ulthermage_wrap01' class='avia-section main_color avia-section-default avia-no-border-styling avia-bg-style-scroll  avia-builder-el-0  el_before_av_section  avia-builder-el-first    av-minimum-height av-minimum-height-custom  container_wrap fullsize' style=' '  ><div class='container' ><main  role=\"main\" itemprop=\"mainContentOfPage\"  class='template-page content  av-content-full alpha units'><div class='post-entry post-entry-type-page post-entry-9563'><div class='entry-content-wrapper clearfix'>\n<div class='avia-image-container avia_animated_image avia_animate_when_almost_visible bottom-to-top av-styling-  noHover  av-overlay-hover-deactivate   avia-builder-el-1  el_before_av_one_full  avia-builder-el-first   avia-align-center '  itemprop=\"image\" itemscope=\"itemscope\" itemtype=\"https:\/\/schema.org\/ImageObject\"  ><div class='avia-image-container-inner'><div class='avia-image-overlay-wrap'><div class='av-image-caption-overlay'><div class='av-caption-image-overlay-bg' style='opacity:0.4; '><\/div><div class='av-image-caption-overlay-position'><div class='av-image-caption-overlay-center' style='color:#ffffff; '><\/div><\/div><\/div><img class='avia_image' src='https:\/\/vn.daprs.com\/m\/wp-content\/uploads\/2023\/01\/703-m-body_tummy_01.jpg' alt='' title='703-m-body_tummy_01' height=\"628\" width=\"640\"  itemprop=\"thumbnailUrl\"  \/><\/div><\/div><\/div>\n<div class=\"flex_column av_one_full  flex_column_div first  avia-builder-el-2  el_after_av_image  avia-builder-el-last  disn \" style='margin-top:-60%; margin-bottom:0px; padding:0px 0 0px 0px ; border-radius:0px; '><section class=\"av_textblock_section \"  itemscope=\"itemscope\" itemtype=\"https:\/\/schema.org\/CreativeWork\" ><div class='avia_textblock  av_inherit_color '  style='color:#78346a; '  itemprop=\"text\" ><div class=\"font-w600\" style=\"text-align: right; font-size: 4.5vw;\">Ph\u01b0\u01a1ng ph\u00e1p ch\u1ec9nh h\u00ecnh ph\u1ea7n b\u1ee5ng t\u1ea1i DA<\/div>\n<p style=\"text-align: right;\">S\u0103n ch\u1eafc v\u00e0 thon g\u1ecdn v\u00f9ng b\u1ee5ng<\/p>\n<\/div><\/section><br \/>\n<\/p><\/div><\/div><\/div><\/main><!-- close content main element --><\/div><\/div><div id='ulthermage_wrap01' class='avia-section main_color avia-section-default avia-no-border-styling avia-bg-style-scroll  avia-builder-el-5  el_after_av_section  el_before_av_section    av-minimum-height av-minimum-height-custom  container_wrap fullsize' style='background-repeat: no-repeat; background-image: url(https:\/\/vn.daprs.com\/m\/wp-content\/uploads\/2021\/04\/702_bg_02.jpg);background-attachment: scroll; background-position: bottom center;  '  data-section-bg-repeat='no-repeat'><div class='container' ><div class='template-page content  av-content-full alpha units'><div class='post-entry post-entry-type-page post-entry-9563'><div class='entry-content-wrapper clearfix'>\n<div class=\"flex_column av_one_full  flex_column_div first  avia-builder-el-6  avia-builder-el-no-sibling   \" style='margin-top:0; margin-bottom:0px; padding:50px 0px 50px 0 ; border-radius:0px; '><div style='padding-bottom:10px; color:#ffffff;font-size:43px;' class='av-special-heading av-special-heading-h3 custom-color-heading blockquote modern-quote modern-centered  avia-builder-el-7  avia-builder-el-no-sibling   av-inherit-size '><h3 class='av-special-heading-tag '  itemprop=\"headline\"  >Ph\u01b0\u01a1ng ph\u00e1p ch\u1ec9nh h\u00ecnh<br \/>v\u00f9ng b\u1ee5ng l\u00e0 g\u00ec?<\/h3><div class ='av-subheading av-subheading_below av_custom_color ' style='font-size:18px;'><p class=\"sh_title_sub_text\" style=\"margin-top:20px;\">\n<p><span style=\"color:#eac3e6;\">L\u00e0 ph\u01b0\u01a1ng ph\u00e1p ch\u1ec9nh h\u00ecnh v\u00f9ng m\u1ee1 v\u00e0 da ch\u00f9n<br \/>\n v\u00f9ng b\u1ee5ng do qu\u00e1 tr\u00ecnh mang thai ho\u1eb7c gi\u1ea3m c\u00e2n \u0111\u1ed9t ng\u1ed9t.<br \/>\n<\/span><br \/>\n N\u1ebfu ch\u1ec9 th\u1ef1c hi\u1ec7n ph\u01b0\u01a1ng ph\u00e1p h\u00fat m\u1ee1 v\u00f9ng b\u1ee5ng<br \/>\n th\u00ec kh\u00f4ng c\u00f3 th\u1ec3 t\u1ea1o k\u1ebft qu\u1ea3 kh\u00f4ng nh\u01b0 \u00fd cho v\u00f9ng da b\u1ee5ng b\u1ecb ch\u00f9n.<\/p>\n<p>T\u1ea1i  vi\u1ec7n DA, <span style=\"color:#eac3e6;\">ph\u01b0\u01a1ng ph\u00e1p ch\u1ec9nh h\u00ecnh h\u00fat m\u1ee1<br \/>\nv\u00e0 ch\u1ec9nh h\u00ecnh th\u00e0nh b\u1ee5ng<\/span>c\u00f9ng l\u00fac s\u1ebd mang l\u1ea1i k\u1ebft qu\u1ea3 t\u1ed1t nh\u1ea5t<br \/>\n cho v\u00f9ng da ch\u1ea3y x\u1ec7 t\u1ea1o th\u00e2n h\u00ecnh thon g\u1ecdn<\/p>\n<\/div><div class='special-heading-border'><div class='special-heading-inner-border' style='border-color:#ffffff'><\/div><\/div><\/div><\/div><\/div><\/div><\/div><!-- close content main div --><\/div><\/div><div id='ulthermage_wrap01' class='avia-section main_color avia-section-default avia-no-border-styling avia-bg-style-scroll  avia-builder-el-8  el_after_av_section  el_before_av_section    av-minimum-height av-minimum-height-custom  container_wrap fullsize' style='background-color: #f8eafc;  '  ><div class='container' ><div class='template-page content  av-content-full alpha units'><div class='post-entry post-entry-type-page post-entry-9563'><div class='entry-content-wrapper clearfix'>\n<div class=\"flex_column av_one_full  flex_column_div first  avia-builder-el-9  avia-builder-el-no-sibling   \" style='margin-top:70px; margin-bottom:0px; padding:0px 0px 0px 0 ; border-radius:0px; '><div style='padding-bottom:10px; color:#742e65;font-size:7vw;' class='av-special-heading av-special-heading-h3 custom-color-heading blockquote modern-quote modern-centered  avia-builder-el-10  el_before_av_image  avia-builder-el-first   av-inherit-size '><h3 class='av-special-heading-tag '  itemprop=\"headline\"  >\u01afu \u0111i\u1ec3m Ch\u1ec9nh h\u00ecnh b\u1ee5ng DA <\/h3><div class='special-heading-border'><div class='special-heading-inner-border' style='border-color:#742e65'><\/div><\/div><\/div><br \/>\n<div class='avia-image-container  av-styling-    avia-builder-el-11  el_after_av_heading  avia-builder-el-last   avia-align-center '  itemprop=\"image\" itemscope=\"itemscope\" itemtype=\"https:\/\/schema.org\/ImageObject\"  ><div class='avia-image-container-inner'><div class='avia-image-overlay-wrap'><img class='avia_image' src='https:\/\/vn.daprs.com\/m\/wp-content\/uploads\/2021\/09\/703-m-body_tummy_03-1.jpg' alt='' title='703-m-body_tummy_03' height=\"679\" width=\"640\"  itemprop=\"thumbnailUrl\"  \/><\/div><\/div><\/div><\/p><\/div>\n<\/p>\n<\/div><\/div><\/div><!-- close content main div --><\/div><\/div><div id='ulthermage_wrap01' class='avia-section main_color avia-section-default avia-no-border-styling avia-bg-style-scroll  avia-builder-el-12  el_after_av_section  el_before_av_section    av-minimum-height av-minimum-height-custom  container_wrap fullsize' style='background-color: #f6f6f6;  margin-top:50px; margin-bottom:0px; '  ><div class='container' ><div class='template-page content  av-content-full alpha units'><div class='post-entry post-entry-type-page post-entry-9563'><div class='entry-content-wrapper clearfix'>\n<div style='padding-bottom:10px; color:#742e65;font-size:7vw;' class='av-special-heading av-special-heading-h3 custom-color-heading blockquote modern-quote modern-centered  avia-builder-el-13  avia-builder-el-no-sibling   av-inherit-size '><h3 class='av-special-heading-tag '  itemprop=\"headline\"  >H\u00fat m\u1ee1 b\u1ee5ng DA <br \/> \u0111\u1ed1i t\u01b0\u1ee3ng th\u1ef1c hi\u1ec7n <\/h3><div class='special-heading-border'><div class='special-heading-inner-border' style='border-color:#742e65'><\/div><\/div><\/div>\n\n<\/div><\/div><\/div><!-- close content main div --><\/div><\/div><div id='ulthermage_wrap01' class='avia-section main_color avia-section-default avia-no-border-styling avia-bg-style-scroll  avia-builder-el-14  el_after_av_section  avia-builder-el-last    av-minimum-height av-minimum-height-custom  container_wrap fullsize' style=' '  ><div class='container' ><div class='template-page content  av-content-full alpha units'><div class='post-entry post-entry-type-page post-entry-9563'><div class='entry-content-wrapper clearfix'>\n\n\n","protected":false},"excerpt":{"rendered":"<p>\t\t\t\t<![CDATA[\n\t\t\t\t\t\t]]>\t\t<\/p>\n","protected":false},"author":1,"featured_media":0,"parent":0,"menu_order":0,"comment_status":"closed","ping_status":"closed","template":"","meta":[],"_links":{"self":[{"href":"https:\/\/vn.daprs.com\/m\/wp-json\/wp\/v2\/pages\/9563"}],"collection":[{"href":"https:\/\/vn.daprs.com\/m\/wp-json\/wp\/v2\/pages"}],"about":[{"href":"https:\/\/vn.daprs.com\/m\/wp-json\/wp\/v2\/types\/page"}],"author":[{"embeddable":true,"href":"https:\/\/vn.daprs.com\/m\/wp-json\/wp\/v2\/users\/1"}],"replies":[{"embeddable":true,"href":"https:\/\/vn.daprs.com\/m\/wp-json\/wp\/v2\/comments?post=9563"}],"version-history":[{"count":18,"href":"https:\/\/vn.daprs.com\/m\/wp-json\/wp\/v2\/pages\/9563\/revisions"}],"predecessor-version":[{"id":20602,"href":"https:\/\/vn.daprs.com\/m\/wp-json\/wp\/v2\/pages\/9563\/revisions\/20602"}],"wp:attachment":[{"href":"https:\/\/vn.daprs.com\/m\/wp-json\/wp\/v2\/media?parent=9563"}],"curies":[{"name":"wp","href":"https:\/\/api.w.org\/{rel}","templated":true}]}}